{"id":987,"date":"2022-05-25T17:14:34","date_gmt":"2022-05-25T15:14:34","guid":{"rendered":"https:\/\/uprzyjaciol.pl\/theatrum\/?page_id=987"},"modified":"2022-07-12T13:27:49","modified_gmt":"2022-07-12T11:27:49","slug":"przedwczesny-pogrzeb","status":"publish","type":"page","link":"https:\/\/uprzyjaciol.pl\/theatrum\/spektakle\/premiery\/przedwczesny-pogrzeb\/","title":{"rendered":"Przedwczesny pogrzeb"},"content":{"rendered":"\n<p><strong>SCENA KOMEDIOWA<\/strong><br>PREMIERA: 24 marca 2006 roku<br>Czas trwania: 50 minut<br>SPEKTAKL ARCHIWALNY<\/p>\n\n\n\n<p> <\/p>\n\n\n<p><iframe loading=\"lazy\" src=\"https:\/\/www.youtube.com\/embed\/V35lNNZYwC8\" title=\"YouTube video player\" allow=\"accelerometer; autoplay; clipboard-write; encrypted-media; gyroscope; picture-in-picture\" allowfullscreen=\"\" width=\"560\" height=\"315\" frameborder=\"0\"><\/iframe><\/p>\n\n\n<p>&#8222;Nic zgo\u0142a bardziej niepokoj\u0105cego, budz\u0105cego wielk\u0105 trwog\u0119, ani\u017celi przedwczesny pogrzeb, pozorna \u015bmier\u0107, kt\u00f3ra nietrwa\u0142o\u015b\u0107 swoj\u0105 (na czas jaki\u015b) ujawnia ju\u017c po zagrzebaniu\u2026<\/p>\n\n\n\n<p>[Anzelm Basset, fragment wyk\u0142adu &#8222;Przedwczesny pogrzeb &#8211; system sygnalizacji trumiennej&#8221;] Zapraszamy na poruszaj\u0105cy \u015bwie\u017ce (b) kwestie przedwczesnych pogrzeb\u00f3w wyk\u0142ad braci Basset. Przedstawi\u0105 nam wyniki swoich wieloletnich bada\u0144 i zaprezentuj\u0105 sposoby radzenia sobie w sytuacji, gdy obudzimy si\u0119 po w\u0142asnym pogrzebie w trumnie.<\/p>\n\n\n\n<p>Po licznych sukcesach na rynku us\u0142ug pogrzebowych, za\u0142o\u017cyciele firmy Basset&amp;Basset postanowili zdecydowanie wkracza\u0107 z kolejnymi ofertami, wykorzystuj\u0105c niebywa\u0142\u0105 wprost koniunktur\u0119 w tym sektorze. Przypomnijmy, \u017ce zacz\u0119\u0142o si\u0119 od (nie zawsze bezawaryjnych) system\u00f3w sygnalizacji trumiennej (SST), po kt\u00f3rych przyszed\u0142 czas na dzia\u0142ania popularyzatorskie i edukacyjne.<\/p>\n\n\n\n<p>Teraz (wg naszych ustale\u0144) firma organizuje nowoczesn\u0105 nekropoli\u0119 z licznymi specjalistycznie wyposa\u017conymi parcelami. Na terenie tym znajd\u0105 si\u0119 m.in.: punkt apteczny, szczere pole, bassen, o\u015brodek kultury. Wszystkie parcele wyposa\u017cone b\u0119d\u0105 w sztywne \u0142\u0105cze, SST (w zale\u017cno\u015bci od ceny i lokalizacji parceli) oraz rozmaite dodatkowe udogodnienia.<\/p>\n\n\n\n<p><strong>Obsada:<\/strong><br>Anzelm Basset &#8211; Filip Borowiak<br>Heliodor Basset &#8211; Miko\u0142aj Troszczy\u0144ski<br>Mr. Truch\u0142o &#8211; Wawrzyniec D\u0105browski<\/p>\n\n\n\n<p><strong>Scenariusz:<\/strong>Krzysztof Skibski (inspiracja: E.A.Poe &#8222;Przedwczesny pogrzeb&#8221;)<\/p>\n\n\n\n<p><strong>Re\u017cyseria:<\/strong>Tomasz Zajcher<\/p>\n\n\n\n<p><strong>Scenografia:<\/strong>Tomasz Zajcher<\/p>\n\n\n\n<p><strong>Kostiumy:<\/strong>Monika Chuda<\/p>\n\n\n\n<p><strong>Charakteryzacja:<\/strong>Sylwia Pietrowiak<\/p>\n\n\n\n<p><strong>Produkcja i realizacja:<\/strong>Teatr U Przyjaci\u00f3\u0142<\/p>\n\n\n\n<figure class=\"wp-container-2 wp-block-gallery-1 wp-block-gallery has-nested-images columns-default is-cropped\">\n<figure class=\"wp-block-image size-large\"><img loading=\"lazy\" width=\"584\" height=\"1024\" data-id=\"989\"  src=\"https:\/\/uprzyjaciol.pl\/theatrum\/wp-content\/uploads\/2022\/05\/p_01-584x1024.jpg\" alt=\"\" class=\"wp-image-989\" srcset=\"https:\/\/uprzyjaciol.pl\/theatrum\/wp-content\/uploads\/2022\/05\/p_01-584x1024.jpg 584w, https:\/\/uprzyjaciol.pl\/theatrum\/wp-content\/uploads\/2022\/05\/p_01-171x300.jpg 171w, https:\/\/uprzyjaciol.pl\/theatrum\/wp-content\/uploads\/2022\/05\/p_01-768x1348.jpg 768w, https:\/\/uprzyjaciol.pl\/theatrum\/wp-content\/uploads\/2022\/05\/p_01-875x1536.jpg 875w, https:\/\/uprzyjaciol.pl\/theatrum\/wp-content\/uploads\/2022\/05\/p_01.jpg 1167w\" sizes=\"(max-width: 584px) 100vw, 584px\" \/><\/figure>\n\n\n\n<figure class=\"wp-block-image size-large\"><img loading=\"lazy\" width=\"737\" height=\"1024\" data-id=\"990\"  src=\"https:\/\/uprzyjaciol.pl\/theatrum\/wp-content\/uploads\/2022\/05\/p_02-737x1024.jpg\" alt=\"\" class=\"wp-image-990\" srcset=\"https:\/\/uprzyjaciol.pl\/theatrum\/wp-content\/uploads\/2022\/05\/p_02-737x1024.jpg 737w, https:\/\/uprzyjaciol.pl\/theatrum\/wp-content\/uploads\/2022\/05\/p_02-216x300.jpg 216w, https:\/\/uprzyjaciol.pl\/theatrum\/wp-content\/uploads\/2022\/05\/p_02-768x1067.jpg 768w, https:\/\/uprzyjaciol.pl\/theatrum\/wp-content\/uploads\/2022\/05\/p_02-1106x1536.jpg 1106w, https:\/\/uprzyjaciol.pl\/theatrum\/wp-content\/uploads\/2022\/05\/p_02.jpg 1474w\" sizes=\"(max-width: 737px) 100vw, 737px\" \/><\/figure>\n\n\n\n<figure class=\"wp-block-image size-large\"><img loading=\"lazy\" width=\"1024\" height=\"995\" data-id=\"992\"  src=\"https:\/\/uprzyjaciol.pl\/theatrum\/wp-content\/uploads\/2022\/05\/p_03-1024x995.jpg\" alt=\"\" class=\"wp-image-992\" srcset=\"https:\/\/uprzyjaciol.pl\/theatrum\/wp-content\/uploads\/2022\/05\/p_03-1024x995.jpg 1024w, https:\/\/uprzyjaciol.pl\/theatrum\/wp-content\/uploads\/2022\/05\/p_03-300x291.jpg 300w, https:\/\/uprzyjaciol.pl\/theatrum\/wp-content\/uploads\/2022\/05\/p_03-768x746.jpg 768w, https:\/\/uprzyjaciol.pl\/theatrum\/wp-content\/uploads\/2022\/05\/p_03-1536x1492.jpg 1536w, https:\/\/uprzyjaciol.pl\/theatrum\/wp-content\/uploads\/2022\/05\/p_03.jpg 2048w\" sizes=\"(max-width: 1024px) 100vw, 1024px\" \/><\/figure>\n\n\n\n<figure class=\"wp-block-image size-large\"><img loading=\"lazy\" width=\"688\" height=\"1024\" data-id=\"994\"  src=\"https:\/\/uprzyjaciol.pl\/theatrum\/wp-content\/uploads\/2022\/05\/p_04-688x1024.jpg\" alt=\"\" class=\"wp-image-994\" srcset=\"https:\/\/uprzyjaciol.pl\/theatrum\/wp-content\/uploads\/2022\/05\/p_04-688x1024.jpg 688w, https:\/\/uprzyjaciol.pl\/theatrum\/wp-content\/uploads\/2022\/05\/p_04-202x300.jpg 202w, https:\/\/uprzyjaciol.pl\/theatrum\/wp-content\/uploads\/2022\/05\/p_04-768x1143.jpg 768w, https:\/\/uprzyjaciol.pl\/theatrum\/wp-content\/uploads\/2022\/05\/p_04-1032x1536.jpg 1032w, https:\/\/uprzyjaciol.pl\/theatrum\/wp-content\/uploads\/2022\/05\/p_04.jpg 1376w\" sizes=\"(max-width: 688px) 100vw, 688px\" \/><\/figure>\n\n\n\n<figure class=\"wp-block-image size-large\"><img loading=\"lazy\" width=\"777\" height=\"1024\" data-id=\"991\"  src=\"https:\/\/uprzyjaciol.pl\/theatrum\/wp-content\/uploads\/2022\/05\/p_05-777x1024.jpg\" alt=\"\" class=\"wp-image-991\" srcset=\"https:\/\/uprzyjaciol.pl\/theatrum\/wp-content\/uploads\/2022\/05\/p_05-777x1024.jpg 777w, https:\/\/uprzyjaciol.pl\/theatrum\/wp-content\/uploads\/2022\/05\/p_05-228x300.jpg 228w, https:\/\/uprzyjaciol.pl\/theatrum\/wp-content\/uploads\/2022\/05\/p_05-768x1012.jpg 768w, https:\/\/uprzyjaciol.pl\/theatrum\/wp-content\/uploads\/2022\/05\/p_05-1166x1536.jpg 1166w, https:\/\/uprzyjaciol.pl\/theatrum\/wp-content\/uploads\/2022\/05\/p_05.jpg 1554w\" sizes=\"(max-width: 777px) 100vw, 777px\" \/><\/figure>\n\n\n\n<figure class=\"wp-block-image size-large\"><img loading=\"lazy\" width=\"1024\" height=\"884\" data-id=\"993\"  src=\"https:\/\/uprzyjaciol.pl\/theatrum\/wp-content\/uploads\/2022\/05\/p_06-1024x884.jpg\" alt=\"\" class=\"wp-image-993\" srcset=\"https:\/\/uprzyjaciol.pl\/theatrum\/wp-content\/uploads\/2022\/05\/p_06-1024x884.jpg 1024w, https:\/\/uprzyjaciol.pl\/theatrum\/wp-content\/uploads\/2022\/05\/p_06-300x259.jpg 300w, https:\/\/uprzyjaciol.pl\/theatrum\/wp-content\/uploads\/2022\/05\/p_06-768x663.jpg 768w, https:\/\/uprzyjaciol.pl\/theatrum\/wp-content\/uploads\/2022\/05\/p_06-1536x1326.jpg 1536w, https:\/\/uprzyjaciol.pl\/theatrum\/wp-content\/uploads\/2022\/05\/p_06.jpg 2048w\" sizes=\"(max-width: 1024px) 100vw, 1024px\" \/><\/figure>\n<\/figure>\n","protected":false},"excerpt":{"rendered":"<p>SCENA KOMEDIOWAPREMIERA: 24 marca 2006 rokuCzas trwania: 50 minutSPEKTAKL ARCHIWALNY &#8222;Nic zgo\u0142a bardziej niepokoj\u0105cego, budz\u0105cego wielk\u0105 trwog\u0119, ani\u017celi przedwczesny pogrzeb, pozorna \u015bmier\u0107, kt\u00f3ra nietrwa\u0142o\u015b\u0107 swoj\u0105 (na czas jaki\u015b) ujawnia ju\u017c po zagrzebaniu\u2026 [Anzelm Basset, fragment wyk\u0142adu &#8222;Przedwczesny pogrzeb &#8211; system sygnalizacji trumiennej&#8221;] Zapraszamy na poruszaj\u0105cy \u015bwie\u017ce (b) kwestie przedwczesnych pogrzeb\u00f3w wyk\u0142ad braci Basset. Przedstawi\u0105 nam<\/p>\n<div><a class=\"btn-filled btn\" href=\"https:\/\/uprzyjaciol.pl\/theatrum\/spektakle\/premiery\/przedwczesny-pogrzeb\/\" title=\"Przedwczesny pogrzeb\">Dowiedz si\u0119 wi\u0119cej<\/a><\/div>\n","protected":false},"author":3,"featured_media":0,"parent":56,"menu_order":0,"comment_status":"closed","ping_status":"closed","template":"","meta":[],"_links":{"self":[{"href":"https:\/\/uprzyjaciol.pl\/theatrum\/wp-json\/wp\/v2\/pages\/987"}],"collection":[{"href":"https:\/\/uprzyjaciol.pl\/theatrum\/wp-json\/wp\/v2\/pages"}],"about":[{"href":"https:\/\/uprzyjaciol.pl\/theatrum\/wp-json\/wp\/v2\/types\/page"}],"author":[{"embeddable":true,"href":"https:\/\/uprzyjaciol.pl\/theatrum\/wp-json\/wp\/v2\/users\/3"}],"replies":[{"embeddable":true,"href":"https:\/\/uprzyjaciol.pl\/theatrum\/wp-json\/wp\/v2\/comments?post=987"}],"version-history":[{"count":2,"href":"https:\/\/uprzyjaciol.pl\/theatrum\/wp-json\/wp\/v2\/pages\/987\/revisions"}],"predecessor-version":[{"id":1287,"href":"https:\/\/uprzyjaciol.pl\/theatrum\/wp-json\/wp\/v2\/pages\/987\/revisions\/1287"}],"up":[{"embeddable":true,"href":"https:\/\/uprzyjaciol.pl\/theatrum\/wp-json\/wp\/v2\/pages\/56"}],"wp:attachment":[{"href":"https:\/\/uprzyjaciol.pl\/theatrum\/wp-json\/wp\/v2\/media?parent=987"}],"curies":[{"name":"wp","href":"https:\/\/api.w.org\/{rel}","templated":true}]}}