{"id":969,"date":"2022-05-25T17:08:52","date_gmt":"2022-05-25T15:08:52","guid":{"rendered":"https:\/\/uprzyjaciol.pl\/theatrum\/?page_id=969"},"modified":"2022-05-25T17:08:54","modified_gmt":"2022-05-25T15:08:54","slug":"pasje-i-obsesje-teodora-astray","status":"publish","type":"page","link":"https:\/\/uprzyjaciol.pl\/theatrum\/spektakle\/premiery\/pasje-i-obsesje-teodora-astray\/","title":{"rendered":"Pasje i obsesje Teodora Astray"},"content":{"rendered":"\n<p>\u201ePasje i obsesje Teodora Astray\u201d to opowie\u015b\u0107 teatralna pe\u0142na absurdalnych sposob\u00f3w na odebranie sobie \u017cycia. Teodor, ostatni potomek ekscentrycznej rodziny Astray, bezskutecznie pr\u00f3buje znale\u017a\u0107 si\u0119 na tamtym (podobno lepszym) \u015bwiecie. Przyczyn\u0119 tych jak\u017ce dziwnych zachowa\u0144 Teodora, odkrywa niespodziewanie szacowny go\u015b\u0107 i badacz zawik\u0142anych rodzinnych los\u00f3w profesor Bohumil Aphront Nieznalsky. Rozwodzi si\u0119 on rozwlekle, by zaraz zej\u015b\u0107 si\u0119 ponownie, nad ciotkami i wujami Teodora, doprawiaj\u0105c to wszystko uroczymi anegdotami o mi\u0142ostkach potomka Astray\u00f3w. Tym nieprawdopodobnym historiom przygrywa, jak zawsze odpowiednio zad\u0119ta, orkiestra d\u0119ta &#8222;M\u0119tny Tryton&#8221;, w zawsze zmiennym sk\u0142adzie osobowym.<\/p>\n\n\n\n<p><strong>Obsada:<br><\/strong><strong>prof. Bohumil Aphront Nieznalsky \u2013 Borys Szuma\u0144ski<br>Gospodarz cyklu spotka\u0144 &#8222;Modelowe portrety&#8221;, Pan Stanis\u0142aw &#8211; Tomasz Zajcher<br><br>Orkiestra &#8222;M\u0119tny Tryton&#8221;:<br>puzon \u2013 Kacper Koteras<br>tr\u0105bka \u2013 Filip Borowiak<\/strong><\/p>\n\n\n\n<p><strong>scenariusz:<\/strong><br>Krzysztof Skibski<\/p>\n\n\n\n<p><strong>re\u017cyseria:<\/strong><br>Tomasz Zajcher<\/p>\n\n\n\n<p><strong>kostiumy:<\/strong><br>Monika Chuda<\/p>\n","protected":false},"excerpt":{"rendered":"<p>\u201ePasje i obsesje Teodora Astray\u201d to opowie\u015b\u0107 teatralna pe\u0142na absurdalnych sposob\u00f3w na odebranie sobie \u017cycia. Teodor, ostatni potomek ekscentrycznej rodziny Astray, bezskutecznie pr\u00f3buje znale\u017a\u0107 si\u0119 na tamtym (podobno lepszym) \u015bwiecie. Przyczyn\u0119 tych jak\u017ce dziwnych zachowa\u0144 Teodora, odkrywa niespodziewanie szacowny go\u015b\u0107 i badacz zawik\u0142anych rodzinnych los\u00f3w profesor Bohumil Aphront Nieznalsky. Rozwodzi si\u0119 on rozwlekle, by zaraz<\/p>\n<div><a class=\"btn-filled btn\" href=\"https:\/\/uprzyjaciol.pl\/theatrum\/spektakle\/premiery\/pasje-i-obsesje-teodora-astray\/\" title=\"Pasje i obsesje Teodora Astray\">Dowiedz si\u0119 wi\u0119cej<\/a><\/div>\n","protected":false},"author":3,"featured_media":0,"parent":56,"menu_order":0,"comment_status":"closed","ping_status":"closed","template":"","meta":[],"_links":{"self":[{"href":"https:\/\/uprzyjaciol.pl\/theatrum\/wp-json\/wp\/v2\/pages\/969"}],"collection":[{"href":"https:\/\/uprzyjaciol.pl\/theatrum\/wp-json\/wp\/v2\/pages"}],"about":[{"href":"https:\/\/uprzyjaciol.pl\/theatrum\/wp-json\/wp\/v2\/types\/page"}],"author":[{"embeddable":true,"href":"https:\/\/uprzyjaciol.pl\/theatrum\/wp-json\/wp\/v2\/users\/3"}],"replies":[{"embeddable":true,"href":"https:\/\/uprzyjaciol.pl\/theatrum\/wp-json\/wp\/v2\/comments?post=969"}],"version-history":[{"count":2,"href":"https:\/\/uprzyjaciol.pl\/theatrum\/wp-json\/wp\/v2\/pages\/969\/revisions"}],"predecessor-version":[{"id":1171,"href":"https:\/\/uprzyjaciol.pl\/theatrum\/wp-json\/wp\/v2\/pages\/969\/revisions\/1171"}],"up":[{"embeddable":true,"href":"https:\/\/uprzyjaciol.pl\/theatrum\/wp-json\/wp\/v2\/pages\/56"}],"wp:attachment":[{"href":"https:\/\/uprzyjaciol.pl\/theatrum\/wp-json\/wp\/v2\/media?parent=969"}],"curies":[{"name":"wp","href":"https:\/\/api.w.org\/{rel}","templated":true}]}}