{"id":939,"date":"2022-05-25T16:58:37","date_gmt":"2022-05-25T14:58:37","guid":{"rendered":"https:\/\/uprzyjaciol.pl\/theatrum\/?page_id=939"},"modified":"2022-07-12T15:00:09","modified_gmt":"2022-07-12T13:00:09","slug":"niebostrzyg","status":"publish","type":"page","link":"https:\/\/uprzyjaciol.pl\/theatrum\/spektakle\/premiery\/niebostrzyg\/","title":{"rendered":"Niebostrzyg"},"content":{"rendered":"\n<p><strong>SCENA KOMEDIOWA<\/strong><\/p>\n\n\n\n<p>PREMIERA: 31 pa\u017adziernika 2012 roku<\/p>\n\n\n\n<p>Czas trwania: 80 minut<\/p>\n\n\n\n<p><strong>UWAGA: W SPEKTAKLU U\u017bYWANE S\u0104 \u015aWIAT\u0141A STROBOSKOPOWE<\/strong> <\/p>\n\n\n\n<p>SPEKTAKL W STA\u0141YM REPERTUARZE<\/p>\n\n\n<p><iframe loading=\"lazy\" src=\"https:\/\/www.youtube.com\/embed\/j9HuuIY7BHk\" title=\"YouTube video player\" allow=\"accelerometer; autoplay; clipboard-write; encrypted-media; gyroscope; picture-in-picture\" allowfullscreen=\"\" width=\"560\" height=\"315\" frameborder=\"0\"><\/iframe><\/p>\n\n\n<p>W \u017cyciu ka\u017cdego cz\u0142owieka pojawia si\u0119 ten k\u0142opotliwy moment, w kt\u00f3rym przychodzi mu umrze\u0107. M\u00f3wi si\u0119, \u017ce \u015bmier\u0107 to dopiero pocz\u0105tek, ale czego? Wielu przeb\u0105kuje, \u017ce prawdziwych problem\u00f3w. \u015awie\u017cy nieboszczyk nie do ko\u0144ca wie, co ma ze sob\u0105 zrobi\u0107, gdzie si\u0119 podzia\u0107 i czy jego oczy w ko\u0144cu przyzwyczaj\u0105 si\u0119 do ciemno\u015bci. Perspektywa wiecznego snu mo\u017ce przera\u017ca\u0107, zw\u0142aszcza tych, kt\u00f3rzy maj\u0105 k\u0142opoty z zasypianiem. Co wtedy pocz\u0105\u0107 z nieko\u0144cz\u0105c\u0105 si\u0119 noc\u0105?<\/p>\n\n\n\n<p>&#8222;Niebostrzyg&#8221;, to spektakl z\u0142o\u017cony z trzech miniatur teatralnych, w kt\u00f3rych pr\u00f3bujemy zmaga\u0107 si\u0119 z tematem po\u015bmiertnego trwania umrzyk\u00f3w. Utrzymana w groteskowej konwencji ca\u0142o\u015b\u0107 ma przedstawi\u0107 nasze wyobra\u017cenie o tym, jak wygl\u0105da &#8222;\u017cycie po \u017cyciu&#8221; w dziedzinie, kt\u00f3ra w prawdzie nie jest piek\u0142em, ale kt\u00f3rej i do nieba raczej daleko; st\u0105d m\u00f3wimy o &#8222;niebie strzyg&#8221;, czyli zak\u0105tku cmentarza zwieszonym poza czasem i przestrzeni\u0105. Cho\u0107 inspiracj\u0105 do stworzenia spektaklu by\u0142 konkretny utw\u00f3r Boles\u0142awa Le\u015bmiana (do kt\u00f3rego odwo\u0142uje si\u0119 po\u015brednio jedna z miniatur), to jednak spektakl nie bazuje na \u017cadnym, konkretnym utworze, a raczej czerpie z najr\u00f3\u017cniejszych wyobra\u017ce\u0144 &#8222;za\u015bwiata&#8221;, kt\u00f3re dot\u0105d pojawi\u0142y si\u0119 w literaturze, czy szerzej, kulturze. Asekuracyjnie &#8211; bo z przymru\u017ceniem oka &#8211; postanowili\u015bmy odkurzy\u0107 nieco strychowe trumny i tchn\u0105\u0107 nieco \u015bwie\u017co\u015bci w &#8222;\u017cycie&#8221; ich lokator\u00f3w, stad na deskach naszego teatru b\u0119dzie mo\u017cna zobaczy\u0107, zar\u00f3wno wieloletnich mieszka\u0144c\u00f3w cmentarnych parceli, jaki i tych, kt\u00f3rzy dopiero my\u015bl\u0105, jak u\u0142o\u017cy\u0107 sobie nie-\u017cycie: duchy, strzygi i upiory, chcieliby\u015bmy ukaza\u0107 w krzywym zwierciadle (to jest takim, w kt\u00f3rym nawet wampir mo\u017ce si\u0119 przejrze\u0107).<\/p>\n\n\n\n<p>Zapewniamy, \u017ce na scenie trup b\u0119dzie \u015bcieli\u0142 si\u0119 g\u0119sto &#8211; ale jedynie w koronkowej po\u015bcieli.<\/p>\n\n\n\n<p><strong>Obsada:<\/strong><\/p>\n\n\n\n<p>Martwy d\u017centelmen drugi &#8211; Pawe\u0142 Kolasa<\/p>\n\n\n\n<p>Martwy d\u017centelmen pierwszy &#8211; Stanis\u0142aw Przewo\u017any<\/p>\n\n\n\n<p>Anastazy\/Mnich Marcel &#8211; Borys Szuma\u0144ski<\/p>\n\n\n\n<p>Vladimir, Grabarz Roman &#8211; Miko\u0142aj Troszczy\u0144ski<\/p>\n\n\n\n<p>Wera\/Maria z Bz\u00f3wka- Monika Chuda<\/p>\n\n\n\n<p>Panna Anna &#8211; Emilia Kucz<\/p>\n\n\n\n<p>Doktor Letalia &#8211; Alicja Gotowa\u0142a<\/p>\n\n\n\n<p><strong>scenariusz:<\/strong><br>Borys Szuma\u0144ski<\/p>\n\n\n\n<p><strong>re\u017cyseria:<\/strong><br>Tomasz Zajcher<\/p>\n\n\n\n<p><strong>scenografia:<\/strong><br>Sylwia Pietrowiak<br>Tomasz Zajcher<\/p>\n\n\n\n<p><strong>oprawa plastyczna, charakteryzacja:<\/strong><br>Sylwia Pietrowiak<\/p>\n\n\n\n<p><strong>kostiumy:<\/strong><br>Monika Chuda<\/p>\n\n\n\n<p><strong>muzyka:<\/strong><br>Bartek Krywczuk<\/p>\n\n\n<style type=\"text\/css\">\r\n\t#foogallery-gallery-1344 .fg-image {\r\n        width: 200px;\r\n    }\r\n<\/style>\r\n\t\t\t\t<div class=\"foogallery foogallery-container foogallery-default foogallery-lightbox-foobox fg-gutter-10 fg-center fg-default fg-dark fg-border-thin fg-shadow-outline fg-loading-bars fg-loaded-fade-in fg-caption-hover fg-hover-fade fg-hover-zoom fg-ready\" id=\"foogallery-gallery-1344\" data-foogallery=\"{&quot;item&quot;:{&quot;showCaptionTitle&quot;:true,&quot;showCaptionDescription&quot;:true},&quot;lazy&quot;:true}\" >\r\n\t<div class=\"fg-item fg-type-image fg-idle\"><figure class=\"fg-item-inner\"><a href=\"https:\/\/uprzyjaciol.pl\/theatrum\/wp-content\/uploads\/2022\/05\/n_11.jpg\" data-attachment-id=\"952\" class=\"fg-thumb\"><span class=\"fg-image-wrap\"><img width=\"200\" height=\"160\" class=\"skip-lazy fg-image\" data-src-fg=\"https:\/\/uprzyjaciol.pl\/theatrum\/wp-content\/uploads\/cache\/2022\/05\/n_11\/421509786.jpg\" src=\"data:image\/svg+xml,%3Csvg%20xmlns%3D%22http%3A%2F%2Fwww.w3.org%2F2000%2Fsvg%22%20width%3D%22200%22%20height%3D%22160%22%20viewBox%3D%220%200%20200%20160%22%3E%3C%2Fsvg%3E\" loading=\"eager\"><\/span><span class=\"fg-image-overlay\"><\/span><\/a><figcaption class=\"fg-caption\"><div class=\"fg-caption-inner\"><\/div><\/figcaption><\/figure><div class=\"fg-loader\"><\/div><\/div><div class=\"fg-item fg-type-image fg-idle\"><figure class=\"fg-item-inner\"><a href=\"https:\/\/uprzyjaciol.pl\/theatrum\/wp-content\/uploads\/2022\/05\/n_12.jpg\" data-attachment-id=\"951\" class=\"fg-thumb\"><span class=\"fg-image-wrap\"><img width=\"200\" height=\"160\" class=\"skip-lazy fg-image\" data-src-fg=\"https:\/\/uprzyjaciol.pl\/theatrum\/wp-content\/uploads\/cache\/2022\/05\/n_12\/743515521.jpg\" src=\"data:image\/svg+xml,%3Csvg%20xmlns%3D%22http%3A%2F%2Fwww.w3.org%2F2000%2Fsvg%22%20width%3D%22200%22%20height%3D%22160%22%20viewBox%3D%220%200%20200%20160%22%3E%3C%2Fsvg%3E\" loading=\"eager\"><\/span><span class=\"fg-image-overlay\"><\/span><\/a><figcaption class=\"fg-caption\"><div class=\"fg-caption-inner\"><\/div><\/figcaption><\/figure><div class=\"fg-loader\"><\/div><\/div><div class=\"fg-item fg-type-image fg-idle\"><figure class=\"fg-item-inner\"><a href=\"https:\/\/uprzyjaciol.pl\/theatrum\/wp-content\/uploads\/2022\/05\/n_10.jpg\" data-attachment-id=\"950\" class=\"fg-thumb\"><span class=\"fg-image-wrap\"><img width=\"200\" height=\"160\" class=\"skip-lazy fg-image\" data-src-fg=\"https:\/\/uprzyjaciol.pl\/theatrum\/wp-content\/uploads\/cache\/2022\/05\/n_10\/2984531819.jpg\" src=\"data:image\/svg+xml,%3Csvg%20xmlns%3D%22http%3A%2F%2Fwww.w3.org%2F2000%2Fsvg%22%20width%3D%22200%22%20height%3D%22160%22%20viewBox%3D%220%200%20200%20160%22%3E%3C%2Fsvg%3E\" loading=\"eager\"><\/span><span class=\"fg-image-overlay\"><\/span><\/a><figcaption class=\"fg-caption\"><div class=\"fg-caption-inner\"><\/div><\/figcaption><\/figure><div class=\"fg-loader\"><\/div><\/div><div class=\"fg-item fg-type-image fg-idle\"><figure class=\"fg-item-inner\"><a href=\"https:\/\/uprzyjaciol.pl\/theatrum\/wp-content\/uploads\/2022\/05\/n_08.jpg\" data-attachment-id=\"949\" class=\"fg-thumb\"><span class=\"fg-image-wrap\"><img width=\"200\" height=\"160\" class=\"skip-lazy fg-image\" data-src-fg=\"https:\/\/uprzyjaciol.pl\/theatrum\/wp-content\/uploads\/cache\/2022\/05\/n_08\/2389182565.jpg\" src=\"data:image\/svg+xml,%3Csvg%20xmlns%3D%22http%3A%2F%2Fwww.w3.org%2F2000%2Fsvg%22%20width%3D%22200%22%20height%3D%22160%22%20viewBox%3D%220%200%20200%20160%22%3E%3C%2Fsvg%3E\" loading=\"eager\"><\/span><span class=\"fg-image-overlay\"><\/span><\/a><figcaption class=\"fg-caption\"><div class=\"fg-caption-inner\"><\/div><\/figcaption><\/figure><div class=\"fg-loader\"><\/div><\/div><div class=\"fg-item fg-type-image fg-idle\"><figure class=\"fg-item-inner\"><a href=\"https:\/\/uprzyjaciol.pl\/theatrum\/wp-content\/uploads\/2022\/05\/n_07.jpg\" data-attachment-id=\"948\" class=\"fg-thumb\"><span class=\"fg-image-wrap\"><img width=\"200\" height=\"160\" class=\"skip-lazy fg-image\" data-src-fg=\"https:\/\/uprzyjaciol.pl\/theatrum\/wp-content\/uploads\/cache\/2022\/05\/n_07\/2295885662.jpg\" src=\"data:image\/svg+xml,%3Csvg%20xmlns%3D%22http%3A%2F%2Fwww.w3.org%2F2000%2Fsvg%22%20width%3D%22200%22%20height%3D%22160%22%20viewBox%3D%220%200%20200%20160%22%3E%3C%2Fsvg%3E\" loading=\"eager\"><\/span><span class=\"fg-image-overlay\"><\/span><\/a><figcaption class=\"fg-caption\"><div class=\"fg-caption-inner\"><\/div><\/figcaption><\/figure><div class=\"fg-loader\"><\/div><\/div><div class=\"fg-item fg-type-image fg-idle\"><figure class=\"fg-item-inner\"><a href=\"https:\/\/uprzyjaciol.pl\/theatrum\/wp-content\/uploads\/2022\/05\/n_09.jpg\" data-attachment-id=\"947\" class=\"fg-thumb\"><span class=\"fg-image-wrap\"><img width=\"200\" height=\"160\" class=\"skip-lazy fg-image\" data-src-fg=\"https:\/\/uprzyjaciol.pl\/theatrum\/wp-content\/uploads\/cache\/2022\/05\/n_09\/2751892663.jpg\" src=\"data:image\/svg+xml,%3Csvg%20xmlns%3D%22http%3A%2F%2Fwww.w3.org%2F2000%2Fsvg%22%20width%3D%22200%22%20height%3D%22160%22%20viewBox%3D%220%200%20200%20160%22%3E%3C%2Fsvg%3E\" loading=\"eager\"><\/span><span class=\"fg-image-overlay\"><\/span><\/a><figcaption class=\"fg-caption\"><div class=\"fg-caption-inner\"><\/div><\/figcaption><\/figure><div class=\"fg-loader\"><\/div><\/div><div class=\"fg-item fg-type-image fg-idle\"><figure class=\"fg-item-inner\"><a href=\"https:\/\/uprzyjaciol.pl\/theatrum\/wp-content\/uploads\/2022\/05\/n_3.jpg\" data-attachment-id=\"946\" class=\"fg-thumb\"><span class=\"fg-image-wrap\"><img width=\"200\" height=\"160\" class=\"skip-lazy fg-image\" data-src-fg=\"https:\/\/uprzyjaciol.pl\/theatrum\/wp-content\/uploads\/cache\/2022\/05\/n_3\/2343911653.jpg\" src=\"data:image\/svg+xml,%3Csvg%20xmlns%3D%22http%3A%2F%2Fwww.w3.org%2F2000%2Fsvg%22%20width%3D%22200%22%20height%3D%22160%22%20viewBox%3D%220%200%20200%20160%22%3E%3C%2Fsvg%3E\" loading=\"eager\"><\/span><span class=\"fg-image-overlay\"><\/span><\/a><figcaption class=\"fg-caption\"><div class=\"fg-caption-inner\"><\/div><\/figcaption><\/figure><div class=\"fg-loader\"><\/div><\/div><div class=\"fg-item fg-type-image fg-idle\"><figure class=\"fg-item-inner\"><a href=\"https:\/\/uprzyjaciol.pl\/theatrum\/wp-content\/uploads\/2022\/05\/n_06.jpg\" data-attachment-id=\"945\" class=\"fg-thumb\"><span class=\"fg-image-wrap\"><img width=\"200\" height=\"160\" class=\"skip-lazy fg-image\" data-src-fg=\"https:\/\/uprzyjaciol.pl\/theatrum\/wp-content\/uploads\/cache\/2022\/05\/n_06\/427258740.jpg\" src=\"data:image\/svg+xml,%3Csvg%20xmlns%3D%22http%3A%2F%2Fwww.w3.org%2F2000%2Fsvg%22%20width%3D%22200%22%20height%3D%22160%22%20viewBox%3D%220%200%20200%20160%22%3E%3C%2Fsvg%3E\" loading=\"eager\"><\/span><span class=\"fg-image-overlay\"><\/span><\/a><figcaption class=\"fg-caption\"><div class=\"fg-caption-inner\"><\/div><\/figcaption><\/figure><div class=\"fg-loader\"><\/div><\/div><div class=\"fg-item fg-type-image fg-idle\"><figure class=\"fg-item-inner\"><a href=\"https:\/\/uprzyjaciol.pl\/theatrum\/wp-content\/uploads\/2022\/05\/n_02.jpg\" data-attachment-id=\"944\" class=\"fg-thumb\"><span class=\"fg-image-wrap\"><img width=\"200\" height=\"160\" class=\"skip-lazy fg-image\" data-src-fg=\"https:\/\/uprzyjaciol.pl\/theatrum\/wp-content\/uploads\/cache\/2022\/05\/n_02\/1118636057.jpg\" src=\"data:image\/svg+xml,%3Csvg%20xmlns%3D%22http%3A%2F%2Fwww.w3.org%2F2000%2Fsvg%22%20width%3D%22200%22%20height%3D%22160%22%20viewBox%3D%220%200%20200%20160%22%3E%3C%2Fsvg%3E\" loading=\"eager\"><\/span><span class=\"fg-image-overlay\"><\/span><\/a><figcaption class=\"fg-caption\"><div class=\"fg-caption-inner\"><\/div><\/figcaption><\/figure><div class=\"fg-loader\"><\/div><\/div><div class=\"fg-item fg-type-image fg-idle\"><figure class=\"fg-item-inner\"><a href=\"https:\/\/uprzyjaciol.pl\/theatrum\/wp-content\/uploads\/2022\/05\/n_05.jpg\" data-attachment-id=\"943\" class=\"fg-thumb\"><span class=\"fg-image-wrap\"><img width=\"200\" height=\"160\" class=\"skip-lazy fg-image\" data-src-fg=\"https:\/\/uprzyjaciol.pl\/theatrum\/wp-content\/uploads\/cache\/2022\/05\/n_05\/990528294.jpg\" src=\"data:image\/svg+xml,%3Csvg%20xmlns%3D%22http%3A%2F%2Fwww.w3.org%2F2000%2Fsvg%22%20width%3D%22200%22%20height%3D%22160%22%20viewBox%3D%220%200%20200%20160%22%3E%3C%2Fsvg%3E\" loading=\"eager\"><\/span><span class=\"fg-image-overlay\"><\/span><\/a><figcaption class=\"fg-caption\"><div class=\"fg-caption-inner\"><\/div><\/figcaption><\/figure><div class=\"fg-loader\"><\/div><\/div><div class=\"fg-item fg-type-image fg-idle\"><figure class=\"fg-item-inner\"><a href=\"https:\/\/uprzyjaciol.pl\/theatrum\/wp-content\/uploads\/2022\/05\/n_04.jpg\" data-attachment-id=\"942\" class=\"fg-thumb\"><span class=\"fg-image-wrap\"><img width=\"200\" height=\"160\" class=\"skip-lazy fg-image\" data-src-fg=\"https:\/\/uprzyjaciol.pl\/theatrum\/wp-content\/uploads\/cache\/2022\/05\/n_04\/674248239.jpg\" src=\"data:image\/svg+xml,%3Csvg%20xmlns%3D%22http%3A%2F%2Fwww.w3.org%2F2000%2Fsvg%22%20width%3D%22200%22%20height%3D%22160%22%20viewBox%3D%220%200%20200%20160%22%3E%3C%2Fsvg%3E\" loading=\"eager\"><\/span><span class=\"fg-image-overlay\"><\/span><\/a><figcaption class=\"fg-caption\"><div class=\"fg-caption-inner\"><\/div><\/figcaption><\/figure><div class=\"fg-loader\"><\/div><\/div><div class=\"fg-item fg-type-image fg-idle\"><figure class=\"fg-item-inner\"><a href=\"https:\/\/uprzyjaciol.pl\/theatrum\/wp-content\/uploads\/2022\/05\/n_01.jpg\" data-attachment-id=\"941\" class=\"fg-thumb\"><span class=\"fg-image-wrap\"><img width=\"200\" height=\"160\" class=\"skip-lazy fg-image\" data-src-fg=\"https:\/\/uprzyjaciol.pl\/theatrum\/wp-content\/uploads\/cache\/2022\/05\/n_01\/3675365555.jpg\" src=\"data:image\/svg+xml,%3Csvg%20xmlns%3D%22http%3A%2F%2Fwww.w3.org%2F2000%2Fsvg%22%20width%3D%22200%22%20height%3D%22160%22%20viewBox%3D%220%200%20200%20160%22%3E%3C%2Fsvg%3E\" loading=\"eager\"><\/span><span class=\"fg-image-overlay\"><\/span><\/a><figcaption class=\"fg-caption\"><div class=\"fg-caption-inner\"><\/div><\/figcaption><\/figure><div class=\"fg-loader\"><\/div><\/div><\/div>\r\n","protected":false},"excerpt":{"rendered":"<p>SCENA KOMEDIOWA PREMIERA: 31 pa\u017adziernika 2012 roku Czas trwania: 80 minut UWAGA: W SPEKTAKLU U\u017bYWANE S\u0104 \u015aWIAT\u0141A STROBOSKOPOWE SPEKTAKL W STA\u0141YM REPERTUARZE W \u017cyciu ka\u017cdego cz\u0142owieka pojawia si\u0119 ten k\u0142opotliwy moment, w kt\u00f3rym przychodzi mu umrze\u0107. M\u00f3wi si\u0119, \u017ce \u015bmier\u0107 to dopiero pocz\u0105tek, ale czego? Wielu przeb\u0105kuje, \u017ce prawdziwych problem\u00f3w. \u015awie\u017cy nieboszczyk nie do ko\u0144ca<\/p>\n<div><a class=\"btn-filled btn\" href=\"https:\/\/uprzyjaciol.pl\/theatrum\/spektakle\/premiery\/niebostrzyg\/\" title=\"Niebostrzyg\">Dowiedz si\u0119 wi\u0119cej<\/a><\/div>\n","protected":false},"author":3,"featured_media":0,"parent":56,"menu_order":0,"comment_status":"closed","ping_status":"closed","template":"","meta":[],"_links":{"self":[{"href":"https:\/\/uprzyjaciol.pl\/theatrum\/wp-json\/wp\/v2\/pages\/939"}],"collection":[{"href":"https:\/\/uprzyjaciol.pl\/theatrum\/wp-json\/wp\/v2\/pages"}],"about":[{"href":"https:\/\/uprzyjaciol.pl\/theatrum\/wp-json\/wp\/v2\/types\/page"}],"author":[{"embeddable":true,"href":"https:\/\/uprzyjaciol.pl\/theatrum\/wp-json\/wp\/v2\/users\/3"}],"replies":[{"embeddable":true,"href":"https:\/\/uprzyjaciol.pl\/theatrum\/wp-json\/wp\/v2\/comments?post=939"}],"version-history":[{"count":5,"href":"https:\/\/uprzyjaciol.pl\/theatrum\/wp-json\/wp\/v2\/pages\/939\/revisions"}],"predecessor-version":[{"id":1350,"href":"https:\/\/uprzyjaciol.pl\/theatrum\/wp-json\/wp\/v2\/pages\/939\/revisions\/1350"}],"up":[{"embeddable":true,"href":"https:\/\/uprzyjaciol.pl\/theatrum\/wp-json\/wp\/v2\/pages\/56"}],"wp:attachment":[{"href":"https:\/\/uprzyjaciol.pl\/theatrum\/wp-json\/wp\/v2\/media?parent=939"}],"curies":[{"name":"wp","href":"https:\/\/api.w.org\/{rel}","templated":true}]}}