{"id":929,"date":"2022-05-25T16:56:48","date_gmt":"2022-05-25T14:56:48","guid":{"rendered":"https:\/\/uprzyjaciol.pl\/theatrum\/?page_id=929"},"modified":"2022-05-26T17:20:48","modified_gmt":"2022-05-26T15:20:48","slug":"legenda-o-swietym-patryku","status":"publish","type":"page","link":"https:\/\/uprzyjaciol.pl\/theatrum\/spektakle\/premiery\/legenda-o-swietym-patryku\/","title":{"rendered":"Legenda o \u015bwi\u0119tym Patryku"},"content":{"rendered":"\n<p><strong>SCENA MA\u0141EGO WIDZA<\/strong><\/p>\n\n\n\n<p>PREMIERA 17 marca 2005<br>WZNOWIENIE: 16 marca 2018<br>Czas trwania: 35 minut<br><strong>Spektakl zar\u00f3wno dla dzieci jak i doros\u0142ych!<\/strong><\/p>\n\n\n\n<p>SPEKTAKL ARCHIWALNY<strong><br><\/strong><\/p>\n\n\n\n<p><em>S\u0142uchajcie! S\u0142uchajcie! Oto przed Waszymi oczami rozegra si\u0119 prawdziwa historia \u017cywota \u015bw. Patryka. M\u0119\u017ca prawego, kt\u00f3ry czynami swymi i bogobojnym \u017cyciem uratowa\u0142 ludno\u015b\u0107 ziemi irlandzkiej od m\u0105k piekielnych. S\u0142uchajcie, jak obja\u015bnia tajemnic\u0119 Tr\u00f3jcy Przenaj\u015bwi\u0119tszej. S\u0142uchajcie, jak gromi straszliwe potwory morskie, jak opiera si\u0119 w\u0119\u017cowej mowie Szatana. S\u0142uchajcie i patrzcie, oto si\u0119 zaczyna&#8230;<\/em><\/p>\n\n\n\n<figure class=\"wp-block-embed is-type-rich is-provider-obsluga-osadzania wp-block-embed-obsluga-osadzania wp-embed-aspect-4-3 wp-has-aspect-ratio\"><div class=\"wp-block-embed__wrapper\">\n<iframe loading=\"lazy\" title=\"Legenda o \u015bwi\u0119tym Patryku | Teatr U Przyjaci\u00f3\u0142 Archiwum\" width=\"1140\" height=\"855\" src=\"https:\/\/www.youtube.com\/embed\/Ci0u1EkDeA8?feature=oembed\" frameborder=\"0\" allow=\"accelerometer; autoplay; clipboard-write; encrypted-media; gyroscope; picture-in-picture\" allowfullscreen><\/iframe>\n<\/div><\/figure>\n\n\n\n<p>Teatr &#8222;U Przyjaci\u00f3\u0142&#8221; wraz z <a href=\"http:\/\/www.fki.home.pl\/\">Fundacj\u0105 Kultury Irlandzkiej<\/a> zapraszaj\u0105 raz do roku na spektakl inspirowany \u015bredniowieczn\u0105 legend\u0105 o patronie Irlandii, \u015bwi\u0119tym Patryku. To radosne i porywaj\u0105ce do skocznego ta\u0144ca i zabawy przedstawienie utrzymane jest w konwencji teatru cieni. Weso\u0142a trupa Teatru u Przyjaci\u00f3\u0142 zabiera widz\u00f3w w krain\u0119 zielon\u0105, gdzie \u015bwi\u0119ty Patryk, m\u0105\u017c prawy, nawraca pogan i gromi stwory piekielne, by szerzy\u0107 wiar\u0119 chrze\u015bcija\u0144sk\u0105.<\/p>\n\n\n\n<p><strong>Za kszta\u0142ty owiec, \u015bwi\u0144, w\u0119\u017cy, i innych tekturowych bohater\u00f3w wyci\u0119tych na ploterze<\/strong><\/p>\n\n\n\n<p><strong>dzi\u0119kujemy firmie Edica Sp. z o.o.<\/strong><\/p>\n\n\n\n<figure class=\"wp-block-image size-full\"><img loading=\"lazy\" width=\"508\" height=\"436\" src=\"https:\/\/uprzyjaciol.pl\/theatrum\/wp-content\/uploads\/2022\/05\/EDICA-logo11.jpg\" alt=\"\" class=\"wp-image-931\" srcset=\"https:\/\/uprzyjaciol.pl\/theatrum\/wp-content\/uploads\/2022\/05\/EDICA-logo11.jpg 508w, https:\/\/uprzyjaciol.pl\/theatrum\/wp-content\/uploads\/2022\/05\/EDICA-logo11-300x257.jpg 300w, https:\/\/uprzyjaciol.pl\/theatrum\/wp-content\/uploads\/2022\/05\/EDICA-logo11-350x300.jpg 350w\" sizes=\"(max-width: 508px) 100vw, 508px\" \/><\/figure>\n\n\n\n<p><a href=\"http:\/\/www.edica.pl\/\"><\/a><\/p>\n\n\n\n<p>Obsada: Filip Borowiak; Pamela Kokot; Alicja Gotowa\u0142a; Karolina Wensierska; Monika Chuda; Tomasz Zajcher; Sylwia Pietrowiak<\/p>\n\n\n\n<p>Scenariusz: Marta Zap\u0119dowska<\/p>\n\n\n\n<p>Re\u017cyseria: Tomasz Zajcher<\/p>\n\n\n\n<p>Scenografia: Sylwia Pietrowiak; Tomasz Zajcher<\/p>\n\n\n\n<p>Realizacja \u015bwiat\u0142a\/d\u017awi\u0119ku: Mi\u0142osz Loba<\/p>\n\n\n\n<p>Muzyka: Basia Karlik<\/p>\n\n\n\n<p>Produkcja: Teatr &#8222;U Przyjaci\u00f3\u0142&#8221;<\/p>\n\n\n\n<figure class=\"wp-container-2 wp-block-gallery-1 wp-block-gallery has-nested-images columns-default is-cropped\">\n<figure class=\"wp-block-image size-large\"><img loading=\"lazy\" width=\"800\" height=\"533\" data-id=\"934\"  src=\"https:\/\/uprzyjaciol.pl\/theatrum\/wp-content\/uploads\/2022\/05\/patr_01.jpg\" alt=\"\" class=\"wp-image-934\" srcset=\"https:\/\/uprzyjaciol.pl\/theatrum\/wp-content\/uploads\/2022\/05\/patr_01.jpg 800w, https:\/\/uprzyjaciol.pl\/theatrum\/wp-content\/uploads\/2022\/05\/patr_01-300x200.jpg 300w, https:\/\/uprzyjaciol.pl\/theatrum\/wp-content\/uploads\/2022\/05\/patr_01-768x512.jpg 768w\" sizes=\"(max-width: 800px) 100vw, 800px\" \/><\/figure>\n\n\n\n<figure class=\"wp-block-image size-large\"><img loading=\"lazy\" width=\"800\" height=\"533\" data-id=\"937\"  src=\"https:\/\/uprzyjaciol.pl\/theatrum\/wp-content\/uploads\/2022\/05\/patr_02.jpg\" alt=\"\" class=\"wp-image-937\" srcset=\"https:\/\/uprzyjaciol.pl\/theatrum\/wp-content\/uploads\/2022\/05\/patr_02.jpg 800w, https:\/\/uprzyjaciol.pl\/theatrum\/wp-content\/uploads\/2022\/05\/patr_02-300x200.jpg 300w, https:\/\/uprzyjaciol.pl\/theatrum\/wp-content\/uploads\/2022\/05\/patr_02-768x512.jpg 768w\" sizes=\"(max-width: 800px) 100vw, 800px\" \/><\/figure>\n\n\n\n<figure class=\"wp-block-image size-large\"><img loading=\"lazy\" width=\"800\" height=\"533\" data-id=\"936\"  src=\"https:\/\/uprzyjaciol.pl\/theatrum\/wp-content\/uploads\/2022\/05\/patr_03.jpg\" alt=\"\" class=\"wp-image-936\" srcset=\"https:\/\/uprzyjaciol.pl\/theatrum\/wp-content\/uploads\/2022\/05\/patr_03.jpg 800w, https:\/\/uprzyjaciol.pl\/theatrum\/wp-content\/uploads\/2022\/05\/patr_03-300x200.jpg 300w, https:\/\/uprzyjaciol.pl\/theatrum\/wp-content\/uploads\/2022\/05\/patr_03-768x512.jpg 768w\" sizes=\"(max-width: 800px) 100vw, 800px\" \/><\/figure>\n\n\n\n<figure class=\"wp-block-image size-large\"><img loading=\"lazy\" width=\"800\" height=\"533\" data-id=\"935\"  src=\"https:\/\/uprzyjaciol.pl\/theatrum\/wp-content\/uploads\/2022\/05\/patr_05.jpg\" alt=\"\" class=\"wp-image-935\" srcset=\"https:\/\/uprzyjaciol.pl\/theatrum\/wp-content\/uploads\/2022\/05\/patr_05.jpg 800w, https:\/\/uprzyjaciol.pl\/theatrum\/wp-content\/uploads\/2022\/05\/patr_05-300x200.jpg 300w, https:\/\/uprzyjaciol.pl\/theatrum\/wp-content\/uploads\/2022\/05\/patr_05-768x512.jpg 768w\" sizes=\"(max-width: 800px) 100vw, 800px\" \/><\/figure>\n\n\n\n<figure class=\"wp-block-image size-large\"><img loading=\"lazy\" width=\"800\" height=\"533\" data-id=\"932\"  src=\"https:\/\/uprzyjaciol.pl\/theatrum\/wp-content\/uploads\/2022\/05\/patr_06.jpg\" alt=\"\" class=\"wp-image-932\" srcset=\"https:\/\/uprzyjaciol.pl\/theatrum\/wp-content\/uploads\/2022\/05\/patr_06.jpg 800w, https:\/\/uprzyjaciol.pl\/theatrum\/wp-content\/uploads\/2022\/05\/patr_06-300x200.jpg 300w, https:\/\/uprzyjaciol.pl\/theatrum\/wp-content\/uploads\/2022\/05\/patr_06-768x512.jpg 768w\" sizes=\"(max-width: 800px) 100vw, 800px\" \/><\/figure>\n\n\n\n<figure class=\"wp-block-image size-large\"><img loading=\"lazy\" width=\"640\" height=\"480\" data-id=\"933\"  src=\"https:\/\/uprzyjaciol.pl\/theatrum\/wp-content\/uploads\/2022\/05\/patr_07.jpg\" alt=\"\" class=\"wp-image-933\" srcset=\"https:\/\/uprzyjaciol.pl\/theatrum\/wp-content\/uploads\/2022\/05\/patr_07.jpg 640w, https:\/\/uprzyjaciol.pl\/theatrum\/wp-content\/uploads\/2022\/05\/patr_07-300x225.jpg 300w\" sizes=\"(max-width: 640px) 100vw, 640px\" \/><\/figure>\n<\/figure>\n","protected":false},"excerpt":{"rendered":"<p>SCENA MA\u0141EGO WIDZA PREMIERA 17 marca 2005WZNOWIENIE: 16 marca 2018Czas trwania: 35 minutSpektakl zar\u00f3wno dla dzieci jak i doros\u0142ych! SPEKTAKL ARCHIWALNY S\u0142uchajcie! S\u0142uchajcie! Oto przed Waszymi oczami rozegra si\u0119 prawdziwa historia \u017cywota \u015bw. Patryka. M\u0119\u017ca prawego, kt\u00f3ry czynami swymi i bogobojnym \u017cyciem uratowa\u0142 ludno\u015b\u0107 ziemi irlandzkiej od m\u0105k piekielnych. S\u0142uchajcie, jak obja\u015bnia tajemnic\u0119 Tr\u00f3jcy Przenaj\u015bwi\u0119tszej.<\/p>\n<div><a class=\"btn-filled btn\" href=\"https:\/\/uprzyjaciol.pl\/theatrum\/spektakle\/premiery\/legenda-o-swietym-patryku\/\" title=\"Legenda o \u015bwi\u0119tym Patryku\">Dowiedz si\u0119 wi\u0119cej<\/a><\/div>\n","protected":false},"author":3,"featured_media":0,"parent":56,"menu_order":0,"comment_status":"closed","ping_status":"closed","template":"","meta":[],"_links":{"self":[{"href":"https:\/\/uprzyjaciol.pl\/theatrum\/wp-json\/wp\/v2\/pages\/929"}],"collection":[{"href":"https:\/\/uprzyjaciol.pl\/theatrum\/wp-json\/wp\/v2\/pages"}],"about":[{"href":"https:\/\/uprzyjaciol.pl\/theatrum\/wp-json\/wp\/v2\/types\/page"}],"author":[{"embeddable":true,"href":"https:\/\/uprzyjaciol.pl\/theatrum\/wp-json\/wp\/v2\/users\/3"}],"replies":[{"embeddable":true,"href":"https:\/\/uprzyjaciol.pl\/theatrum\/wp-json\/wp\/v2\/comments?post=929"}],"version-history":[{"count":3,"href":"https:\/\/uprzyjaciol.pl\/theatrum\/wp-json\/wp\/v2\/pages\/929\/revisions"}],"predecessor-version":[{"id":1174,"href":"https:\/\/uprzyjaciol.pl\/theatrum\/wp-json\/wp\/v2\/pages\/929\/revisions\/1174"}],"up":[{"embeddable":true,"href":"https:\/\/uprzyjaciol.pl\/theatrum\/wp-json\/wp\/v2\/pages\/56"}],"wp:attachment":[{"href":"https:\/\/uprzyjaciol.pl\/theatrum\/wp-json\/wp\/v2\/media?parent=929"}],"curies":[{"name":"wp","href":"https:\/\/api.w.org\/{rel}","templated":true}]}}