{"id":854,"date":"2022-05-25T16:35:59","date_gmt":"2022-05-25T14:35:59","guid":{"rendered":"https:\/\/uprzyjaciol.pl\/theatrum\/?page_id=854"},"modified":"2023-12-05T10:03:33","modified_gmt":"2023-12-05T09:03:33","slug":"gomber","status":"publish","type":"page","link":"https:\/\/uprzyjaciol.pl\/theatrum\/spektakle\/premiery\/gomber\/","title":{"rendered":"Gomber"},"content":{"rendered":"\n<p><strong>SCENA KOMEDIODRAMATYCZNA<\/strong><\/p>\n\n\n\n<p>PREMIERA 23 maja 2013 roku<\/p>\n\n\n\n<p>Czas trwania: 45 minut<\/p>\n\n\n\n<p>Ograniczenia wiekowe: 16+ <\/p>\n\n\n\n<p>SPEKTAKL ARCHIWALNY<\/p>\n\n\n\n<p><\/p>\n\n\n\n<p><em>Na imi\u0119 mu by\u0142o Witold, nazwisko &#8211; Gombrowicz<\/em><br><em>Z pozoru by\u0142 to sobie zwyk\u0142y spacerowicz<\/em><br><em>Lecz tkwi\u0142a w nim dzika dziwno\u015b\u0107 nie\u015bwiadoma siebie<\/em><br><em>Z tego konia b\u0119dzie kiedy\u015b niez\u0142e \u017arebi\u0119!<\/em><\/p>\n\n\n\n<p>S. I. Witkiewicz<\/p>\n\n\n<p><iframe loading=\"lazy\" src=\"https:\/\/www.youtube.com\/embed\/1hfxzWX051I\" title=\"YouTube video player\" allow=\"accelerometer; autoplay; clipboard-write; encrypted-media; gyroscope; picture-in-picture\" allowfullscreen=\"\" width=\"560\" height=\"315\" frameborder=\"0\"><\/iframe><\/p>\n\n\n<p><br>Spektakl &#8222;Gomber&#8221; to pr\u00f3ba zmierzenia si\u0119 z g\u0142\u00f3wnym problemem dorobku pisarskiego Witolda Gombrowicza &#8211; tematem formy. Przyjrzymy si\u0119 normom i relacjom mi\u0119dzyludzkim, w dw\u00f3ch aspektach: spo\u0142ecznym i filozoficznym. Czy jest mo\u017cliwe wyzwolenie si\u0119 z formy? Je\u015bli tak, to jakim kosztem? Czy kiedykolwiek mo\u017cemy by\u0107 sob\u0105? Czy cz\u0142owiek istnieje bez formy?<\/p>\n\n\n\n<p>Spektakl otrzyma\u0142 cztery wyr\u00f3\u017cnienia aktorskie w 15. konkursie teatr\u00f3w amatorskich Melpomena 2018.<\/p>\n\n\n\n<p><strong>OBSADA:<\/strong><\/p>\n\n\n\n<p>JA &#8211; Monika Chuda<\/p>\n\n\n\n<p>JA &#8211; Alicja Kalemba<\/p>\n\n\n\n<p>JA &#8211; Filip Borowiak<\/p>\n\n\n\n<p>JA &#8211; Miko\u0142aj Troszczy\u0144ski<\/p>\n\n\n\n<p><strong>scenariusz:<\/strong><br>Monika Chuda<\/p>\n\n\n\n<p><strong>re\u017cyseria:<\/strong><br>Tomasz Zajcher<\/p>\n\n\n\n<p><strong>realizacja \u015bwiat\u0142a-d\u017awi\u0119ku:<\/strong><br>Sylwia Pietrowiak<\/p>\n\n\n\n<p><strong>kostiumy:<\/strong><br>Monika Chuda<\/p>\n\n\n\n<p><strong>muzyka:<\/strong><br>Bartek Krywczuk<\/p>\n\n\n\n<p><\/p>\n\n\n\n<p><a href=\"https:\/\/soundcloud.com\/krywczuk\" target=\"_blank\" rel=\"noreferrer noopener\">Krywczuk<\/a> \u00b7 <a href=\"https:\/\/soundcloud.com\/krywczuk\/gomber-transatlantyk\" target=\"_blank\" rel=\"noreferrer noopener\">Gomber -Transatlantyk<\/a><\/p>\n\n\n<style type=\"text\/css\">\r\n\t#foogallery-gallery-1365 .fg-image {\r\n        width: 200px;\r\n    }\r\n<\/style>\r\n\t\t\t\t<div class=\"foogallery foogallery-container foogallery-default foogallery-lightbox-foobox fg-gutter-10 fg-center fg-default fg-dark fg-border-thin fg-shadow-outline fg-loading-bars fg-loaded-fade-in fg-caption-hover fg-hover-fade fg-hover-zoom fg-ready\" id=\"foogallery-gallery-1365\" data-foogallery=\"{&quot;item&quot;:{&quot;showCaptionTitle&quot;:true,&quot;showCaptionDescription&quot;:true},&quot;lazy&quot;:true}\" >\r\n\t<div class=\"fg-item fg-type-image fg-idle\"><figure class=\"fg-item-inner\"><a href=\"https:\/\/uprzyjaciol.pl\/theatrum\/wp-content\/uploads\/2022\/05\/Gomber10.jpg\" data-attachment-id=\"868\" class=\"fg-thumb\"><span class=\"fg-image-wrap\"><img width=\"200\" height=\"160\" class=\"skip-lazy fg-image\" data-src-fg=\"https:\/\/uprzyjaciol.pl\/theatrum\/wp-content\/uploads\/cache\/2022\/05\/Gomber10\/5670577.jpg\" src=\"data:image\/svg+xml,%3Csvg%20xmlns%3D%22http%3A%2F%2Fwww.w3.org%2F2000%2Fsvg%22%20width%3D%22200%22%20height%3D%22160%22%20viewBox%3D%220%200%20200%20160%22%3E%3C%2Fsvg%3E\" loading=\"eager\"><\/span><span class=\"fg-image-overlay\"><\/span><\/a><figcaption class=\"fg-caption\"><div class=\"fg-caption-inner\"><\/div><\/figcaption><\/figure><div class=\"fg-loader\"><\/div><\/div><div class=\"fg-item fg-type-image fg-idle\"><figure class=\"fg-item-inner\"><a href=\"https:\/\/uprzyjaciol.pl\/theatrum\/wp-content\/uploads\/2022\/05\/gomber-banner.jpg\" data-attachment-id=\"866\" class=\"fg-thumb\"><span class=\"fg-image-wrap\"><img width=\"200\" height=\"160\" class=\"skip-lazy fg-image\" data-src-fg=\"https:\/\/uprzyjaciol.pl\/theatrum\/wp-content\/uploads\/cache\/2022\/05\/gomber-banner\/2339077536.jpg\" src=\"data:image\/svg+xml,%3Csvg%20xmlns%3D%22http%3A%2F%2Fwww.w3.org%2F2000%2Fsvg%22%20width%3D%22200%22%20height%3D%22160%22%20viewBox%3D%220%200%20200%20160%22%3E%3C%2Fsvg%3E\" loading=\"eager\"><\/span><span class=\"fg-image-overlay\"><\/span><\/a><figcaption class=\"fg-caption\"><div class=\"fg-caption-inner\"><\/div><\/figcaption><\/figure><div class=\"fg-loader\"><\/div><\/div><div class=\"fg-item fg-type-image fg-idle\"><figure class=\"fg-item-inner\"><a href=\"https:\/\/uprzyjaciol.pl\/theatrum\/wp-content\/uploads\/2022\/05\/g_06.jpg\" data-attachment-id=\"865\" class=\"fg-thumb\"><span class=\"fg-image-wrap\"><img width=\"200\" height=\"160\" class=\"skip-lazy fg-image\" data-src-fg=\"https:\/\/uprzyjaciol.pl\/theatrum\/wp-content\/uploads\/cache\/2022\/05\/g_06\/1070504306.jpg\" src=\"data:image\/svg+xml,%3Csvg%20xmlns%3D%22http%3A%2F%2Fwww.w3.org%2F2000%2Fsvg%22%20width%3D%22200%22%20height%3D%22160%22%20viewBox%3D%220%200%20200%20160%22%3E%3C%2Fsvg%3E\" loading=\"eager\"><\/span><span class=\"fg-image-overlay\"><\/span><\/a><figcaption class=\"fg-caption\"><div class=\"fg-caption-inner\"><\/div><\/figcaption><\/figure><div class=\"fg-loader\"><\/div><\/div><div class=\"fg-item fg-type-image fg-idle\"><figure class=\"fg-item-inner\"><a href=\"https:\/\/uprzyjaciol.pl\/theatrum\/wp-content\/uploads\/2022\/05\/g_05.jpg\" data-attachment-id=\"864\" class=\"fg-thumb\"><span class=\"fg-image-wrap\"><img width=\"200\" height=\"160\" class=\"skip-lazy fg-image\" data-src-fg=\"https:\/\/uprzyjaciol.pl\/theatrum\/wp-content\/uploads\/cache\/2022\/05\/g_05\/1859250950.jpg\" src=\"data:image\/svg+xml,%3Csvg%20xmlns%3D%22http%3A%2F%2Fwww.w3.org%2F2000%2Fsvg%22%20width%3D%22200%22%20height%3D%22160%22%20viewBox%3D%220%200%20200%20160%22%3E%3C%2Fsvg%3E\" loading=\"eager\"><\/span><span class=\"fg-image-overlay\"><\/span><\/a><figcaption class=\"fg-caption\"><div class=\"fg-caption-inner\"><\/div><\/figcaption><\/figure><div class=\"fg-loader\"><\/div><\/div><div class=\"fg-item fg-type-image fg-idle\"><figure class=\"fg-item-inner\"><a href=\"https:\/\/uprzyjaciol.pl\/theatrum\/wp-content\/uploads\/2022\/05\/g_02.jpg\" data-attachment-id=\"863\" class=\"fg-thumb\"><span class=\"fg-image-wrap\"><img width=\"200\" height=\"160\" class=\"skip-lazy fg-image\" data-src-fg=\"https:\/\/uprzyjaciol.pl\/theatrum\/wp-content\/uploads\/cache\/2022\/05\/g_02\/393650233.jpg\" src=\"data:image\/svg+xml,%3Csvg%20xmlns%3D%22http%3A%2F%2Fwww.w3.org%2F2000%2Fsvg%22%20width%3D%22200%22%20height%3D%22160%22%20viewBox%3D%220%200%20200%20160%22%3E%3C%2Fsvg%3E\" loading=\"eager\"><\/span><span class=\"fg-image-overlay\"><\/span><\/a><figcaption class=\"fg-caption\"><div class=\"fg-caption-inner\"><\/div><\/figcaption><\/figure><div class=\"fg-loader\"><\/div><\/div><div class=\"fg-item fg-type-image fg-idle\"><figure class=\"fg-item-inner\"><a href=\"https:\/\/uprzyjaciol.pl\/theatrum\/wp-content\/uploads\/2022\/05\/g_04.jpg\" data-attachment-id=\"862\" class=\"fg-thumb\"><span class=\"fg-image-wrap\"><img width=\"200\" height=\"160\" class=\"skip-lazy fg-image\" data-src-fg=\"https:\/\/uprzyjaciol.pl\/theatrum\/wp-content\/uploads\/cache\/2022\/05\/g_04\/243915817.jpg\" src=\"data:image\/svg+xml,%3Csvg%20xmlns%3D%22http%3A%2F%2Fwww.w3.org%2F2000%2Fsvg%22%20width%3D%22200%22%20height%3D%22160%22%20viewBox%3D%220%200%20200%20160%22%3E%3C%2Fsvg%3E\" loading=\"eager\"><\/span><span class=\"fg-image-overlay\"><\/span><\/a><figcaption class=\"fg-caption\"><div class=\"fg-caption-inner\"><\/div><\/figcaption><\/figure><div class=\"fg-loader\"><\/div><\/div><div class=\"fg-item fg-type-image fg-idle\"><figure class=\"fg-item-inner\"><a href=\"https:\/\/uprzyjaciol.pl\/theatrum\/wp-content\/uploads\/2022\/05\/g_01.jpg\" data-attachment-id=\"861\" class=\"fg-thumb\"><span class=\"fg-image-wrap\"><img width=\"200\" height=\"160\" class=\"skip-lazy fg-image\" data-src-fg=\"https:\/\/uprzyjaciol.pl\/theatrum\/wp-content\/uploads\/cache\/2022\/05\/g_01\/4255664821.jpg\" src=\"data:image\/svg+xml,%3Csvg%20xmlns%3D%22http%3A%2F%2Fwww.w3.org%2F2000%2Fsvg%22%20width%3D%22200%22%20height%3D%22160%22%20viewBox%3D%220%200%20200%20160%22%3E%3C%2Fsvg%3E\" loading=\"eager\"><\/span><span class=\"fg-image-overlay\"><\/span><\/a><figcaption class=\"fg-caption\"><div class=\"fg-caption-inner\"><\/div><\/figcaption><\/figure><div class=\"fg-loader\"><\/div><\/div><div class=\"fg-item fg-type-image fg-idle\"><figure class=\"fg-item-inner\"><a href=\"https:\/\/uprzyjaciol.pl\/theatrum\/wp-content\/uploads\/2022\/05\/80470635_2944761168889202_4367492234019340288_o.jpg\" data-attachment-id=\"860\" class=\"fg-thumb\"><span class=\"fg-image-wrap\"><img width=\"200\" height=\"160\" class=\"skip-lazy fg-image\" data-src-fg=\"https:\/\/uprzyjaciol.pl\/theatrum\/wp-content\/uploads\/cache\/2022\/05\/80470635_2944761168889202_4367492234019340288_o\/3882367562.jpg\" src=\"data:image\/svg+xml,%3Csvg%20xmlns%3D%22http%3A%2F%2Fwww.w3.org%2F2000%2Fsvg%22%20width%3D%22200%22%20height%3D%22160%22%20viewBox%3D%220%200%20200%20160%22%3E%3C%2Fsvg%3E\" loading=\"eager\"><\/span><span class=\"fg-image-overlay\"><\/span><\/a><figcaption class=\"fg-caption\"><div class=\"fg-caption-inner\"><\/div><\/figcaption><\/figure><div class=\"fg-loader\"><\/div><\/div><div class=\"fg-item fg-type-image fg-idle\"><figure class=\"fg-item-inner\"><a href=\"https:\/\/uprzyjaciol.pl\/theatrum\/wp-content\/uploads\/2022\/05\/80602133_2944761322222520_3564597713494343680_o.jpg\" data-attachment-id=\"859\" class=\"fg-thumb\"><span class=\"fg-image-wrap\"><img width=\"200\" height=\"160\" class=\"skip-lazy fg-image\" data-src-fg=\"https:\/\/uprzyjaciol.pl\/theatrum\/wp-content\/uploads\/cache\/2022\/05\/80602133_2944761322222520_3564597713494343680_o\/3361040489.jpg\" src=\"data:image\/svg+xml,%3Csvg%20xmlns%3D%22http%3A%2F%2Fwww.w3.org%2F2000%2Fsvg%22%20width%3D%22200%22%20height%3D%22160%22%20viewBox%3D%220%200%20200%20160%22%3E%3C%2Fsvg%3E\" loading=\"eager\"><\/span><span class=\"fg-image-overlay\"><\/span><\/a><figcaption class=\"fg-caption\"><div class=\"fg-caption-inner\"><\/div><\/figcaption><\/figure><div class=\"fg-loader\"><\/div><\/div><div class=\"fg-item fg-type-image fg-idle\"><figure class=\"fg-item-inner\"><a href=\"https:\/\/uprzyjaciol.pl\/theatrum\/wp-content\/uploads\/2022\/05\/80494443_2944760725555913_3883000763181432832_o.jpg\" data-attachment-id=\"858\" class=\"fg-thumb\"><span class=\"fg-image-wrap\"><img width=\"200\" height=\"160\" class=\"skip-lazy fg-image\" data-src-fg=\"https:\/\/uprzyjaciol.pl\/theatrum\/wp-content\/uploads\/cache\/2022\/05\/80494443_2944760725555913_3883000763181432832_o\/3636971741.jpg\" src=\"data:image\/svg+xml,%3Csvg%20xmlns%3D%22http%3A%2F%2Fwww.w3.org%2F2000%2Fsvg%22%20width%3D%22200%22%20height%3D%22160%22%20viewBox%3D%220%200%20200%20160%22%3E%3C%2Fsvg%3E\" loading=\"eager\"><\/span><span class=\"fg-image-overlay\"><\/span><\/a><figcaption class=\"fg-caption\"><div class=\"fg-caption-inner\"><\/div><\/figcaption><\/figure><div class=\"fg-loader\"><\/div><\/div><div class=\"fg-item fg-type-image fg-idle\"><figure class=\"fg-item-inner\"><a href=\"https:\/\/uprzyjaciol.pl\/theatrum\/wp-content\/uploads\/2022\/05\/15532710.jpg\" data-attachment-id=\"857\" class=\"fg-thumb\"><span class=\"fg-image-wrap\"><img width=\"200\" height=\"160\" class=\"skip-lazy fg-image\" data-src-fg=\"https:\/\/uprzyjaciol.pl\/theatrum\/wp-content\/uploads\/cache\/2022\/05\/15532710\/1608515873.jpg\" src=\"data:image\/svg+xml,%3Csvg%20xmlns%3D%22http%3A%2F%2Fwww.w3.org%2F2000%2Fsvg%22%20width%3D%22200%22%20height%3D%22160%22%20viewBox%3D%220%200%20200%20160%22%3E%3C%2Fsvg%3E\" loading=\"eager\"><\/span><span class=\"fg-image-overlay\"><\/span><\/a><figcaption class=\"fg-caption\"><div class=\"fg-caption-inner\"><\/div><\/figcaption><\/figure><div class=\"fg-loader\"><\/div><\/div><div class=\"fg-item fg-type-image fg-idle\"><figure class=\"fg-item-inner\"><a href=\"https:\/\/uprzyjaciol.pl\/theatrum\/wp-content\/uploads\/2022\/05\/12370789_1535115203446680_886808364720624394_o.jpg\" data-attachment-id=\"855\" class=\"fg-thumb\"><span class=\"fg-image-wrap\"><img width=\"200\" height=\"160\" class=\"skip-lazy fg-image\" data-src-fg=\"https:\/\/uprzyjaciol.pl\/theatrum\/wp-content\/uploads\/cache\/2022\/05\/12370789_1535115203446680_886808364720624394_o\/458185551.jpg\" src=\"data:image\/svg+xml,%3Csvg%20xmlns%3D%22http%3A%2F%2Fwww.w3.org%2F2000%2Fsvg%22%20width%3D%22200%22%20height%3D%22160%22%20viewBox%3D%220%200%20200%20160%22%3E%3C%2Fsvg%3E\" loading=\"eager\"><\/span><span class=\"fg-image-overlay\"><\/span><\/a><figcaption class=\"fg-caption\"><div class=\"fg-caption-inner\"><\/div><\/figcaption><\/figure><div class=\"fg-loader\"><\/div><\/div><\/div>\r\n","protected":false},"excerpt":{"rendered":"<p>SCENA KOMEDIODRAMATYCZNA PREMIERA 23 maja 2013 roku Czas trwania: 45 minut Ograniczenia wiekowe: 16+ SPEKTAKL ARCHIWALNY Na imi\u0119 mu by\u0142o Witold, nazwisko &#8211; GombrowiczZ pozoru by\u0142 to sobie zwyk\u0142y spacerowiczLecz tkwi\u0142a w nim dzika dziwno\u015b\u0107 nie\u015bwiadoma siebieZ tego konia b\u0119dzie kiedy\u015b niez\u0142e \u017arebi\u0119! S. I. Witkiewicz Spektakl &#8222;Gomber&#8221; to pr\u00f3ba zmierzenia si\u0119 z g\u0142\u00f3wnym problemem<\/p>\n<div><a class=\"btn-filled btn\" href=\"https:\/\/uprzyjaciol.pl\/theatrum\/spektakle\/premiery\/gomber\/\" title=\"Gomber\">Dowiedz si\u0119 wi\u0119cej<\/a><\/div>\n","protected":false},"author":3,"featured_media":0,"parent":56,"menu_order":0,"comment_status":"closed","ping_status":"closed","template":"","meta":[],"_links":{"self":[{"href":"https:\/\/uprzyjaciol.pl\/theatrum\/wp-json\/wp\/v2\/pages\/854"}],"collection":[{"href":"https:\/\/uprzyjaciol.pl\/theatrum\/wp-json\/wp\/v2\/pages"}],"about":[{"href":"https:\/\/uprzyjaciol.pl\/theatrum\/wp-json\/wp\/v2\/types\/page"}],"author":[{"embeddable":true,"href":"https:\/\/uprzyjaciol.pl\/theatrum\/wp-json\/wp\/v2\/users\/3"}],"replies":[{"embeddable":true,"href":"https:\/\/uprzyjaciol.pl\/theatrum\/wp-json\/wp\/v2\/comments?post=854"}],"version-history":[{"count":6,"href":"https:\/\/uprzyjaciol.pl\/theatrum\/wp-json\/wp\/v2\/pages\/854\/revisions"}],"predecessor-version":[{"id":1965,"href":"https:\/\/uprzyjaciol.pl\/theatrum\/wp-json\/wp\/v2\/pages\/854\/revisions\/1965"}],"up":[{"embeddable":true,"href":"https:\/\/uprzyjaciol.pl\/theatrum\/wp-json\/wp\/v2\/pages\/56"}],"wp:attachment":[{"href":"https:\/\/uprzyjaciol.pl\/theatrum\/wp-json\/wp\/v2\/media?parent=854"}],"curies":[{"name":"wp","href":"https:\/\/api.w.org\/{rel}","templated":true}]}}