{"id":844,"date":"2022-05-25T16:27:22","date_gmt":"2022-05-25T14:27:22","guid":{"rendered":"https:\/\/uprzyjaciol.pl\/theatrum\/?page_id=844"},"modified":"2022-05-26T12:04:21","modified_gmt":"2022-05-26T10:04:21","slug":"fobie","status":"publish","type":"page","link":"https:\/\/uprzyjaciol.pl\/theatrum\/spektakle\/premiery\/fobie\/","title":{"rendered":"Fobie"},"content":{"rendered":"\n<p><strong>SCENA KOMEDIODRAMATYCZNA<\/strong><br>PREMIERA 17 maja 2012 roku<br>WZNOWIENIE TYTU\u0141U: 8 marca 2019 roku<br>Czas trwania: 55 minut<\/p>\n\n\n\n<p>SPEKTAKL W BIE\u017b\u0104CYM REPERTUARZE<\/p>\n\n\n\n<p><strong>Fobie ka\u017cdy jakie\u015b ma!<\/strong><\/p>\n\n\n\n<p>Zapraszamy na teatralne laboratorium, gdzie w sterylnych warunkach scenicznych zmierzymy si\u0119 z naszymi kompleksami, dystansuj\u0105c si\u0119 do w\u0142asnych l\u0119k\u00f3w i obsesji. W statystyczno-satyrycznych scenkach, b\u0119dziemy starali si\u0119 obra\u017ca\u0107 wszystkich i siebie nawzajem&#8230;<\/p>\n\n\n\n<p>(Po spektaklu odb\u0119dzie si\u0119 licytacja kostium\u00f3w u\u017cytych przy produkcji spektaklu).<\/p>\n\n\n\n<figure class=\"wp-block-image size-full\"><img loading=\"lazy\" width=\"960\" height=\"942\" src=\"https:\/\/uprzyjaciol.pl\/theatrum\/wp-content\/uploads\/2022\/05\/fobie_logo.negatyw.jpg\" alt=\"\" class=\"wp-image-850\" srcset=\"https:\/\/uprzyjaciol.pl\/theatrum\/wp-content\/uploads\/2022\/05\/fobie_logo.negatyw.jpg 960w, https:\/\/uprzyjaciol.pl\/theatrum\/wp-content\/uploads\/2022\/05\/fobie_logo.negatyw-300x294.jpg 300w, https:\/\/uprzyjaciol.pl\/theatrum\/wp-content\/uploads\/2022\/05\/fobie_logo.negatyw-768x754.jpg 768w\" sizes=\"(max-width: 960px) 100vw, 960px\" \/><\/figure>\n\n\n\n<p>Fobie \u2013 wyniki oblicze\u0144, kt\u00f3re powsta\u0142y przy za\u0142o\u017ceniu, \u017ce <em>Matematyka<\/em> jest czym\u015b namacalnym.<\/p>\n\n\n\n<p><br>W trakcie tego macania, na przestrzeni dziej\u00f3w, postawiono sobie kilka hipotez, kt\u00f3re \u2013 niepilnowane \u2013 wyros\u0142y ca\u0142kiem bezwstydnie, cho\u0107 ekologicznie. Dzi\u0119ki temu mamy pojemniki na wszystko, ale dlaczego wrzucamy \u2013 nie wiadomo. Podobno <em>Fizyka<\/em> ma kiedy\u015b zabra\u0107 g\u0142os w tej sprawie, ale si\u0119 waha (czy l\u0119ka).<\/p>\n\n\n\n<p>Mamy tu urz\u0105d statystyczny, czyli wyliczony, u\u015bredniony, przeci\u0119tny\u2026 jak Wy.<\/p>\n\n\n\n<p>Podobno w statystykach jest jaka\u015b szansa. Wi\u0119c do dzie\u0142a!<\/p>\n\n\n\n<p>OBSADA:<br>Lampe, David, Martin, Sprzedawca, Fl\u0105dra, Alfred &#8211; Tomasz Zajcher<br>\u015aled\u017a, Alfons, Ksi\u0119gowy I, Kapral &#8211;&nbsp; Stanis\u0142aw Przewo\u017any<br>Lola, Dziewczyna ucz\u0105ca si\u0119 \u2013 Monika Chuda<br>Leszcz, Pleszewska \u2013 Karolina Mingielewicz<br>Kasjer, Fiszman, Ksi\u0119gowy II &#8211; Pawe\u0142 Kolasa<\/p>\n\n\n\n<p>scenariusz: Krzysztof Skibski<br>re\u017cyseria \/ scenografia \/ kostiumy: Tomasz Zajcher<br>muzyka: Bartek Krywczuk<br>opracowanie plastyczne \/ charakteryzacja: Sylwia Pietrowiak<br>realizacja \u015bwiat\u0142a \/ d\u017awi\u0119ku: Mi\u0142osz Loba<br>produkcja i realizacja: Teatr &#8222;U Przyjaci\u00f3\u0142&#8221;<\/p>\n\n\n\n<figure class=\"wp-container-2 wp-block-gallery-1 wp-block-gallery has-nested-images columns-default is-cropped\">\n<figure class=\"wp-block-image size-large\"><img loading=\"lazy\" width=\"960\" height=\"942\" data-id=\"845\"  src=\"https:\/\/uprzyjaciol.pl\/theatrum\/wp-content\/uploads\/2022\/05\/fob_00.jpg\" alt=\"\" class=\"wp-image-845\" srcset=\"https:\/\/uprzyjaciol.pl\/theatrum\/wp-content\/uploads\/2022\/05\/fob_00.jpg 960w, https:\/\/uprzyjaciol.pl\/theatrum\/wp-content\/uploads\/2022\/05\/fob_00-300x294.jpg 300w, https:\/\/uprzyjaciol.pl\/theatrum\/wp-content\/uploads\/2022\/05\/fob_00-768x754.jpg 768w\" sizes=\"(max-width: 960px) 100vw, 960px\" \/><\/figure>\n\n\n\n<figure class=\"wp-block-image size-large\"><img loading=\"lazy\" width=\"489\" height=\"640\" data-id=\"846\"  src=\"https:\/\/uprzyjaciol.pl\/theatrum\/wp-content\/uploads\/2022\/05\/fob_01.jpg\" alt=\"\" class=\"wp-image-846\" srcset=\"https:\/\/uprzyjaciol.pl\/theatrum\/wp-content\/uploads\/2022\/05\/fob_01.jpg 489w, https:\/\/uprzyjaciol.pl\/theatrum\/wp-content\/uploads\/2022\/05\/fob_01-229x300.jpg 229w\" sizes=\"(max-width: 489px) 100vw, 489px\" \/><\/figure>\n\n\n\n<figure class=\"wp-block-image size-large\"><img loading=\"lazy\" width=\"640\" height=\"640\" data-id=\"848\"  src=\"https:\/\/uprzyjaciol.pl\/theatrum\/wp-content\/uploads\/2022\/05\/fob_02.jpg\" alt=\"\" class=\"wp-image-848\" srcset=\"https:\/\/uprzyjaciol.pl\/theatrum\/wp-content\/uploads\/2022\/05\/fob_02.jpg 640w, https:\/\/uprzyjaciol.pl\/theatrum\/wp-content\/uploads\/2022\/05\/fob_02-300x300.jpg 300w, https:\/\/uprzyjaciol.pl\/theatrum\/wp-content\/uploads\/2022\/05\/fob_02-150x150.jpg 150w\" sizes=\"(max-width: 640px) 100vw, 640px\" \/><\/figure>\n\n\n\n<figure class=\"wp-block-image size-large\"><img loading=\"lazy\" width=\"379\" height=\"640\" data-id=\"849\"  src=\"https:\/\/uprzyjaciol.pl\/theatrum\/wp-content\/uploads\/2022\/05\/fob_03.jpg\" alt=\"\" class=\"wp-image-849\" srcset=\"https:\/\/uprzyjaciol.pl\/theatrum\/wp-content\/uploads\/2022\/05\/fob_03.jpg 379w, https:\/\/uprzyjaciol.pl\/theatrum\/wp-content\/uploads\/2022\/05\/fob_03-178x300.jpg 178w\" sizes=\"(max-width: 379px) 100vw, 379px\" \/><\/figure>\n\n\n\n<figure class=\"wp-block-image size-large\"><img loading=\"lazy\" width=\"640\" height=\"583\" data-id=\"847\"  src=\"https:\/\/uprzyjaciol.pl\/theatrum\/wp-content\/uploads\/2022\/05\/fob_04.jpg\" alt=\"\" class=\"wp-image-847\" srcset=\"https:\/\/uprzyjaciol.pl\/theatrum\/wp-content\/uploads\/2022\/05\/fob_04.jpg 640w, https:\/\/uprzyjaciol.pl\/theatrum\/wp-content\/uploads\/2022\/05\/fob_04-300x273.jpg 300w\" sizes=\"(max-width: 640px) 100vw, 640px\" \/><\/figure>\n\n\n\n<figure class=\"wp-block-image size-large\"><img loading=\"lazy\" width=\"960\" height=\"942\" data-id=\"850\"  src=\"https:\/\/uprzyjaciol.pl\/theatrum\/wp-content\/uploads\/2022\/05\/fobie_logo.negatyw.jpg\" alt=\"\" class=\"wp-image-850\" srcset=\"https:\/\/uprzyjaciol.pl\/theatrum\/wp-content\/uploads\/2022\/05\/fobie_logo.negatyw.jpg 960w, https:\/\/uprzyjaciol.pl\/theatrum\/wp-content\/uploads\/2022\/05\/fobie_logo.negatyw-300x294.jpg 300w, https:\/\/uprzyjaciol.pl\/theatrum\/wp-content\/uploads\/2022\/05\/fobie_logo.negatyw-768x754.jpg 768w\" sizes=\"(max-width: 960px) 100vw, 960px\" \/><\/figure>\n<\/figure>\n","protected":false},"excerpt":{"rendered":"<p>SCENA KOMEDIODRAMATYCZNAPREMIERA 17 maja 2012 rokuWZNOWIENIE TYTU\u0141U: 8 marca 2019 rokuCzas trwania: 55 minut SPEKTAKL W BIE\u017b\u0104CYM REPERTUARZE Fobie ka\u017cdy jakie\u015b ma! Zapraszamy na teatralne laboratorium, gdzie w sterylnych warunkach scenicznych zmierzymy si\u0119 z naszymi kompleksami, dystansuj\u0105c si\u0119 do w\u0142asnych l\u0119k\u00f3w i obsesji. W statystyczno-satyrycznych scenkach, b\u0119dziemy starali si\u0119 obra\u017ca\u0107 wszystkich i siebie nawzajem&#8230; (Po<\/p>\n<div><a class=\"btn-filled btn\" href=\"https:\/\/uprzyjaciol.pl\/theatrum\/spektakle\/premiery\/fobie\/\" title=\"Fobie\">Dowiedz si\u0119 wi\u0119cej<\/a><\/div>\n","protected":false},"author":3,"featured_media":0,"parent":56,"menu_order":0,"comment_status":"closed","ping_status":"closed","template":"","meta":[],"_links":{"self":[{"href":"https:\/\/uprzyjaciol.pl\/theatrum\/wp-json\/wp\/v2\/pages\/844"}],"collection":[{"href":"https:\/\/uprzyjaciol.pl\/theatrum\/wp-json\/wp\/v2\/pages"}],"about":[{"href":"https:\/\/uprzyjaciol.pl\/theatrum\/wp-json\/wp\/v2\/types\/page"}],"author":[{"embeddable":true,"href":"https:\/\/uprzyjaciol.pl\/theatrum\/wp-json\/wp\/v2\/users\/3"}],"replies":[{"embeddable":true,"href":"https:\/\/uprzyjaciol.pl\/theatrum\/wp-json\/wp\/v2\/comments?post=844"}],"version-history":[{"count":3,"href":"https:\/\/uprzyjaciol.pl\/theatrum\/wp-json\/wp\/v2\/pages\/844\/revisions"}],"predecessor-version":[{"id":1161,"href":"https:\/\/uprzyjaciol.pl\/theatrum\/wp-json\/wp\/v2\/pages\/844\/revisions\/1161"}],"up":[{"embeddable":true,"href":"https:\/\/uprzyjaciol.pl\/theatrum\/wp-json\/wp\/v2\/pages\/56"}],"wp:attachment":[{"href":"https:\/\/uprzyjaciol.pl\/theatrum\/wp-json\/wp\/v2\/media?parent=844"}],"curies":[{"name":"wp","href":"https:\/\/api.w.org\/{rel}","templated":true}]}}