{"id":781,"date":"2022-05-25T16:21:07","date_gmt":"2022-05-25T14:21:07","guid":{"rendered":"https:\/\/uprzyjaciol.pl\/theatrum\/?page_id=781"},"modified":"2025-04-03T13:39:29","modified_gmt":"2025-04-03T11:39:29","slug":"dzisiaj-wyjezdzam","status":"publish","type":"page","link":"https:\/\/uprzyjaciol.pl\/theatrum\/spektakle\/premiery\/dzisiaj-wyjezdzam\/","title":{"rendered":"Dzisiaj wyje\u017cd\u017cam. Manifest futurysty"},"content":{"rendered":"\n<p><strong>SCENA DRAMATYCZNA<\/strong><\/p>\n\n\n\n<p>PREMIERA: 25 pa\u017adziernika 2018 roku<\/p>\n\n\n\n<p>WZNOWIENIE: 5 listopada 2020 roku<\/p>\n\n\n\n<p>Czas trwania: 55 minut<\/p>\n\n\n\n<p>Ograniczenia wiekowe: 16+<\/p>\n\n\n\n<p>UWAGA! W spektaklu u\u017cywane s\u0105 \u015bwiat\u0142a stroboskopowe! <\/p>\n\n\n\n<figure class=\"wp-block-image size-large\"><img loading=\"lazy\" width=\"1024\" height=\"550\" src=\"https:\/\/uprzyjaciol.pl\/theatrum\/wp-content\/uploads\/2022\/05\/123658278_395108074861830_8200047582147536786_n-1024x550.jpg\" alt=\"\" class=\"wp-image-817\" srcset=\"https:\/\/uprzyjaciol.pl\/theatrum\/wp-content\/uploads\/2022\/05\/123658278_395108074861830_8200047582147536786_n-1024x550.jpg 1024w, https:\/\/uprzyjaciol.pl\/theatrum\/wp-content\/uploads\/2022\/05\/123658278_395108074861830_8200047582147536786_n-300x161.jpg 300w, https:\/\/uprzyjaciol.pl\/theatrum\/wp-content\/uploads\/2022\/05\/123658278_395108074861830_8200047582147536786_n-768x413.jpg 768w, https:\/\/uprzyjaciol.pl\/theatrum\/wp-content\/uploads\/2022\/05\/123658278_395108074861830_8200047582147536786_n-1536x825.jpg 1536w, https:\/\/uprzyjaciol.pl\/theatrum\/wp-content\/uploads\/2022\/05\/123658278_395108074861830_8200047582147536786_n.jpg 2048w\" sizes=\"(max-width: 1024px) 100vw, 1024px\" \/><\/figure>\n\n\n\n<p><strong>Obywatele do teatr\u00f3!<\/strong><\/p>\n\n\n\n<p>Pomurzcie nam zed\u017ce\u0107 z Was znoszone od codziennego \u00f3\u017cytku skury!<\/p>\n\n\n\n<p>Karzdy z Was morze sta\u0107 \u015b\u0119 \u015bwiadkiem wszechpszenikaj\u0105cego, z nug wal\u0105cego WIDOWISKA!<\/p>\n\n\n\n<p>Oguaszamy wielkie ogulnonarodowe panopticum!<\/p>\n\n\n\n<p>P\u00f3bliczno\u015b\u0107 zrewoltowana zdemoluje dotyhczasow\u0105 scen\u0119.<\/p>\n\n\n\n<p>Miasto og\u0142usz\u0105 marsze, wiwaty i policyjne gwizdki!<\/p>\n\n\n\n<p>Scena \u015b\u0119 p\u017cekr\u0119ci!<\/p>\n\n\n\n<p>Karzdy stanie \u015b\u0119 Futuryst\u0105!<\/p>\n\n\n\n<p>Cz\u0142owiek nowoczesny, kt\u00f3rego 3\/4 energii poch\u0142ania praca fachowa, potrzebuje mocnego i zdrowego pokarmu, nowych, ostrych, syntetycznych wra\u017ce\u0144.<\/p>\n\n\n\n<p>&#8222;Stworz\u0119 wam sztuk\u0119 now\u0105, sztuk\u0119 czarnych miast.<br>B\u0119dzie mocna jak w\u00f3dka i dobra jak piernik.<br>Zdziwicie si\u0119, \u017ce tyle jest na niebie gwiazd,<br>kt\u00f3rych \u017caden wam przedtem nie odkry\u0142 Kopernik.&#8221;<br>\/B. Jasie\u0144ski\/<\/p>\n\n\n\n<p>Spektakl na podstawie utwor\u00f3w Brunona Jasie\u0144skiego: &#8222;Nogi Izoldy Morgan&#8221; oraz &#8222;Pie\u015b\u0144 o g\u0142odzie&#8221;.<\/p>\n\n\n\n<p>Spektakl bra\u0142 udzia\u0142 w XXI Og\u00f3lnopolskim Festiwalu Sztuk Autorskich i Adaptacji &#8222;Windowisko&#8221;. <\/p>\n\n\n\n<figure class=\"wp-block-embed is-type-rich is-provider-obsluga-osadzania wp-block-embed-obsluga-osadzania wp-embed-aspect-16-9 wp-has-aspect-ratio\"><div class=\"wp-block-embed__wrapper\">\n<iframe loading=\"lazy\" title=\"Dzisiaj wyje\u017cd\u017cam I Teatr U Przyjaci\u00f3\u0142\" width=\"1140\" height=\"641\" src=\"https:\/\/www.youtube.com\/embed\/Rqdf9sgxAbY?feature=oembed\" frameborder=\"0\" allow=\"accelerometer; autoplay; clipboard-write; encrypted-media; gyroscope; picture-in-picture; web-share\" referrerpolicy=\"strict-origin-when-cross-origin\" allowfullscreen><\/iframe>\n<\/div><\/figure>\n\n\n\n<p><strong>obsada:<\/strong> Tomasz Zajcher<br><strong>re\u017cyseria\/dramaturgia:<\/strong> Monika Chuda<br><strong>realizacja \u015bwiat\u0142a\/d\u017awi\u0119ku:<\/strong> Monika Chuda<br><strong>muzyka: <\/strong>Artur Pacak<br><strong>kostiumy: <\/strong>Monika Chuda, Matusz Paszkiewicz<br><strong>zwiastun: <\/strong>Rados\u0142aw Salamo\u0144czyk \/ Krzysztof Kawula<strong><br>produkcja:<\/strong> Teatr &#8222;U Przyjaci\u00f3\u0142&#8221;<\/p>\n\n\n\n<p><strong>zdj\u0119cia\/projekt graficzny plakatu premierowego: <\/strong>Weronika \u0141ab\u0119dzka<\/p>\n\n\n\n<p><strong>RECENZJE:<\/strong><\/p>\n\n\n\n<p><a href=\"http:\/\/www.dziennikteatralny.pl\/artykuly\/ukamienowanie.html\">&#8222;Ukamienioweanie&#8221;, Aleksandra Sierka, Dziennik Teatralny Wielkopolska<\/a><\/p>\n\n\n\n<figure class=\"wp-block-embed is-type-rich is-provider-obsluga-osadzania wp-block-embed-obsluga-osadzania wp-embed-aspect-16-9 wp-has-aspect-ratio\"><div class=\"wp-block-embed__wrapper\">\n<iframe loading=\"lazy\" title=\"Dzisiaj wyje\u017cd\u017cam I Teatr U Przyjaci\u00f3\u0142 2018\" width=\"1140\" height=\"641\" src=\"https:\/\/www.youtube.com\/embed\/KHChNB4ypzo?feature=oembed\" frameborder=\"0\" allow=\"accelerometer; autoplay; clipboard-write; encrypted-media; gyroscope; picture-in-picture; web-share\" referrerpolicy=\"strict-origin-when-cross-origin\" allowfullscreen><\/iframe>\n<\/div><\/figure>\n\n\n<style type=\"text\/css\">\r\n\t#foogallery-gallery-1311 .fg-image {\r\n        width: 200px;\r\n    }\r\n<\/style>\r\n\t\t\t\t<div class=\"foogallery foogallery-container foogallery-default foogallery-lightbox-foobox fg-gutter-10 fg-center fg-default fg-dark fg-border-thin fg-shadow-outline fg-loading-bars fg-loaded-fade-in fg-caption-hover fg-hover-fade fg-hover-zoom fg-ready\" id=\"foogallery-gallery-1311\" data-foogallery=\"{&quot;item&quot;:{&quot;showCaptionTitle&quot;:true,&quot;showCaptionDescription&quot;:true},&quot;lazy&quot;:true}\" >\r\n\t<div class=\"fg-item fg-type-image fg-idle\"><figure class=\"fg-item-inner\"><a href=\"https:\/\/uprzyjaciol.pl\/theatrum\/wp-content\/uploads\/2022\/05\/jas_plakat.jpg\" data-attachment-id=\"819\" class=\"fg-thumb\"><span class=\"fg-image-wrap\"><img width=\"200\" height=\"160\" class=\"skip-lazy fg-image\" data-src-fg=\"https:\/\/uprzyjaciol.pl\/theatrum\/wp-content\/uploads\/cache\/2022\/05\/jas_plakat\/1269460216.jpg\" src=\"data:image\/svg+xml,%3Csvg%20xmlns%3D%22http%3A%2F%2Fwww.w3.org%2F2000%2Fsvg%22%20width%3D%22200%22%20height%3D%22160%22%20viewBox%3D%220%200%20200%20160%22%3E%3C%2Fsvg%3E\" loading=\"eager\"><\/span><span class=\"fg-image-overlay\"><\/span><\/a><figcaption class=\"fg-caption\"><div class=\"fg-caption-inner\"><\/div><\/figcaption><\/figure><div class=\"fg-loader\"><\/div><\/div><div class=\"fg-item fg-type-image fg-idle\"><figure class=\"fg-item-inner\"><a href=\"https:\/\/uprzyjaciol.pl\/theatrum\/wp-content\/uploads\/2022\/05\/baner.jpg\" data-caption-title=\"SONY DSC\" data-attachment-id=\"818\" class=\"fg-thumb\"><span class=\"fg-image-wrap\"><img title=\"SONY DSC\" width=\"200\" height=\"160\" class=\"skip-lazy fg-image\" data-src-fg=\"https:\/\/uprzyjaciol.pl\/theatrum\/wp-content\/uploads\/cache\/2022\/05\/baner\/3443236925.jpg\" src=\"data:image\/svg+xml,%3Csvg%20xmlns%3D%22http%3A%2F%2Fwww.w3.org%2F2000%2Fsvg%22%20width%3D%22200%22%20height%3D%22160%22%20viewBox%3D%220%200%20200%20160%22%3E%3C%2Fsvg%3E\" loading=\"eager\"><\/span><span class=\"fg-image-overlay\"><\/span><\/a><figcaption class=\"fg-caption\"><div class=\"fg-caption-inner\"><div class=\"fg-caption-title\">SONY DSC<\/div><\/div><\/figcaption><\/figure><div class=\"fg-loader\"><\/div><\/div><div class=\"fg-item fg-type-image fg-idle\"><figure class=\"fg-item-inner\"><a href=\"https:\/\/uprzyjaciol.pl\/theatrum\/wp-content\/uploads\/2022\/05\/123658278_395108074861830_8200047582147536786_n.jpg\" data-attachment-id=\"817\" class=\"fg-thumb\"><span class=\"fg-image-wrap\"><img width=\"200\" height=\"160\" class=\"skip-lazy fg-image\" data-src-fg=\"https:\/\/uprzyjaciol.pl\/theatrum\/wp-content\/uploads\/cache\/2022\/05\/123658278_395108074861830_8200047582147536786_n\/550519123.jpg\" src=\"data:image\/svg+xml,%3Csvg%20xmlns%3D%22http%3A%2F%2Fwww.w3.org%2F2000%2Fsvg%22%20width%3D%22200%22%20height%3D%22160%22%20viewBox%3D%220%200%20200%20160%22%3E%3C%2Fsvg%3E\" loading=\"eager\"><\/span><span class=\"fg-image-overlay\"><\/span><\/a><figcaption class=\"fg-caption\"><div class=\"fg-caption-inner\"><\/div><\/figcaption><\/figure><div class=\"fg-loader\"><\/div><\/div><div class=\"fg-item fg-type-image fg-idle\"><figure class=\"fg-item-inner\"><a href=\"https:\/\/uprzyjaciol.pl\/theatrum\/wp-content\/uploads\/2022\/05\/123618675_370911154126461_2260805199305630206_n.jpg\" data-attachment-id=\"816\" class=\"fg-thumb\"><span class=\"fg-image-wrap\"><img width=\"200\" height=\"160\" class=\"skip-lazy fg-image\" data-src-fg=\"https:\/\/uprzyjaciol.pl\/theatrum\/wp-content\/uploads\/cache\/2022\/05\/123618675_370911154126461_2260805199305630206_n\/621778725.jpg\" src=\"data:image\/svg+xml,%3Csvg%20xmlns%3D%22http%3A%2F%2Fwww.w3.org%2F2000%2Fsvg%22%20width%3D%22200%22%20height%3D%22160%22%20viewBox%3D%220%200%20200%20160%22%3E%3C%2Fsvg%3E\" loading=\"eager\"><\/span><span class=\"fg-image-overlay\"><\/span><\/a><figcaption class=\"fg-caption\"><div class=\"fg-caption-inner\"><\/div><\/figcaption><\/figure><div class=\"fg-loader\"><\/div><\/div><div class=\"fg-item fg-type-image fg-idle\"><figure class=\"fg-item-inner\"><a href=\"https:\/\/uprzyjaciol.pl\/theatrum\/wp-content\/uploads\/2022\/05\/123562518_807427583415304_5049687590292142517_n.jpg\" data-attachment-id=\"815\" class=\"fg-thumb\"><span class=\"fg-image-wrap\"><img width=\"200\" height=\"160\" class=\"skip-lazy fg-image\" data-src-fg=\"https:\/\/uprzyjaciol.pl\/theatrum\/wp-content\/uploads\/cache\/2022\/05\/123562518_807427583415304_5049687590292142517_n\/3634058580.jpg\" src=\"data:image\/svg+xml,%3Csvg%20xmlns%3D%22http%3A%2F%2Fwww.w3.org%2F2000%2Fsvg%22%20width%3D%22200%22%20height%3D%22160%22%20viewBox%3D%220%200%20200%20160%22%3E%3C%2Fsvg%3E\" loading=\"eager\"><\/span><span class=\"fg-image-overlay\"><\/span><\/a><figcaption class=\"fg-caption\"><div class=\"fg-caption-inner\"><\/div><\/figcaption><\/figure><div class=\"fg-loader\"><\/div><\/div><div class=\"fg-item fg-type-image fg-idle\"><figure class=\"fg-item-inner\"><a href=\"https:\/\/uprzyjaciol.pl\/theatrum\/wp-content\/uploads\/2022\/05\/26.jpg\" data-attachment-id=\"813\" class=\"fg-thumb\"><span class=\"fg-image-wrap\"><img width=\"200\" height=\"160\" class=\"skip-lazy fg-image\" data-src-fg=\"https:\/\/uprzyjaciol.pl\/theatrum\/wp-content\/uploads\/cache\/2022\/05\/26\/3771769401.jpg\" src=\"data:image\/svg+xml,%3Csvg%20xmlns%3D%22http%3A%2F%2Fwww.w3.org%2F2000%2Fsvg%22%20width%3D%22200%22%20height%3D%22160%22%20viewBox%3D%220%200%20200%20160%22%3E%3C%2Fsvg%3E\" loading=\"eager\"><\/span><span class=\"fg-image-overlay\"><\/span><\/a><figcaption class=\"fg-caption\"><div class=\"fg-caption-inner\"><\/div><\/figcaption><\/figure><div class=\"fg-loader\"><\/div><\/div><div class=\"fg-item fg-type-image fg-idle\"><figure class=\"fg-item-inner\"><a href=\"https:\/\/uprzyjaciol.pl\/theatrum\/wp-content\/uploads\/2022\/05\/24.jpg\" data-caption-title=\"SONY DSC\" data-attachment-id=\"812\" class=\"fg-thumb\"><span class=\"fg-image-wrap\"><img title=\"SONY DSC\" width=\"200\" height=\"160\" class=\"skip-lazy fg-image\" data-src-fg=\"https:\/\/uprzyjaciol.pl\/theatrum\/wp-content\/uploads\/cache\/2022\/05\/24\/926043604.jpg\" src=\"data:image\/svg+xml,%3Csvg%20xmlns%3D%22http%3A%2F%2Fwww.w3.org%2F2000%2Fsvg%22%20width%3D%22200%22%20height%3D%22160%22%20viewBox%3D%220%200%20200%20160%22%3E%3C%2Fsvg%3E\" loading=\"eager\"><\/span><span class=\"fg-image-overlay\"><\/span><\/a><figcaption class=\"fg-caption\"><div class=\"fg-caption-inner\"><div class=\"fg-caption-title\">SONY DSC<\/div><\/div><\/figcaption><\/figure><div class=\"fg-loader\"><\/div><\/div><div class=\"fg-item fg-type-image fg-idle\"><figure class=\"fg-item-inner\"><a href=\"https:\/\/uprzyjaciol.pl\/theatrum\/wp-content\/uploads\/2022\/05\/23.jpg\" data-caption-title=\"SONY DSC\" data-attachment-id=\"811\" class=\"fg-thumb\"><span class=\"fg-image-wrap\"><img title=\"SONY DSC\" width=\"200\" height=\"160\" class=\"skip-lazy fg-image\" data-src-fg=\"https:\/\/uprzyjaciol.pl\/theatrum\/wp-content\/uploads\/cache\/2022\/05\/23\/1489926972.jpg\" src=\"data:image\/svg+xml,%3Csvg%20xmlns%3D%22http%3A%2F%2Fwww.w3.org%2F2000%2Fsvg%22%20width%3D%22200%22%20height%3D%22160%22%20viewBox%3D%220%200%20200%20160%22%3E%3C%2Fsvg%3E\" loading=\"eager\"><\/span><span class=\"fg-image-overlay\"><\/span><\/a><figcaption class=\"fg-caption\"><div class=\"fg-caption-inner\"><div class=\"fg-caption-title\">SONY DSC<\/div><\/div><\/figcaption><\/figure><div class=\"fg-loader\"><\/div><\/div><div class=\"fg-item fg-type-image fg-idle\"><figure class=\"fg-item-inner\"><a href=\"https:\/\/uprzyjaciol.pl\/theatrum\/wp-content\/uploads\/2022\/05\/18.jpg\" data-caption-title=\"SONY DSC\" data-attachment-id=\"808\" class=\"fg-thumb\"><span class=\"fg-image-wrap\"><img title=\"SONY DSC\" width=\"200\" height=\"160\" class=\"skip-lazy fg-image\" data-src-fg=\"https:\/\/uprzyjaciol.pl\/theatrum\/wp-content\/uploads\/cache\/2022\/05\/18\/745387669.jpg\" src=\"data:image\/svg+xml,%3Csvg%20xmlns%3D%22http%3A%2F%2Fwww.w3.org%2F2000%2Fsvg%22%20width%3D%22200%22%20height%3D%22160%22%20viewBox%3D%220%200%20200%20160%22%3E%3C%2Fsvg%3E\" loading=\"eager\"><\/span><span class=\"fg-image-overlay\"><\/span><\/a><figcaption class=\"fg-caption\"><div class=\"fg-caption-inner\"><div class=\"fg-caption-title\">SONY DSC<\/div><\/div><\/figcaption><\/figure><div class=\"fg-loader\"><\/div><\/div><div class=\"fg-item fg-type-image fg-idle\"><figure class=\"fg-item-inner\"><a href=\"https:\/\/uprzyjaciol.pl\/theatrum\/wp-content\/uploads\/2022\/05\/13.jpg\" data-caption-title=\"SONY DSC\" data-attachment-id=\"803\" class=\"fg-thumb\"><span class=\"fg-image-wrap\"><img title=\"SONY DSC\" width=\"200\" height=\"160\" class=\"skip-lazy fg-image\" data-src-fg=\"https:\/\/uprzyjaciol.pl\/theatrum\/wp-content\/uploads\/cache\/2022\/05\/13\/1629996084.jpg\" src=\"data:image\/svg+xml,%3Csvg%20xmlns%3D%22http%3A%2F%2Fwww.w3.org%2F2000%2Fsvg%22%20width%3D%22200%22%20height%3D%22160%22%20viewBox%3D%220%200%20200%20160%22%3E%3C%2Fsvg%3E\" loading=\"eager\"><\/span><span class=\"fg-image-overlay\"><\/span><\/a><figcaption class=\"fg-caption\"><div class=\"fg-caption-inner\"><div class=\"fg-caption-title\">SONY DSC<\/div><\/div><\/figcaption><\/figure><div class=\"fg-loader\"><\/div><\/div><div class=\"fg-item fg-type-image fg-idle\"><figure class=\"fg-item-inner\"><a href=\"https:\/\/uprzyjaciol.pl\/theatrum\/wp-content\/uploads\/2022\/05\/12.jpg\" data-caption-title=\"SONY DSC\" data-attachment-id=\"802\" class=\"fg-thumb\"><span class=\"fg-image-wrap\"><img title=\"SONY DSC\" width=\"200\" height=\"160\" class=\"skip-lazy fg-image\" data-src-fg=\"https:\/\/uprzyjaciol.pl\/theatrum\/wp-content\/uploads\/cache\/2022\/05\/12\/944385082.jpg\" src=\"data:image\/svg+xml,%3Csvg%20xmlns%3D%22http%3A%2F%2Fwww.w3.org%2F2000%2Fsvg%22%20width%3D%22200%22%20height%3D%22160%22%20viewBox%3D%220%200%20200%20160%22%3E%3C%2Fsvg%3E\" loading=\"eager\"><\/span><span class=\"fg-image-overlay\"><\/span><\/a><figcaption class=\"fg-caption\"><div class=\"fg-caption-inner\"><div class=\"fg-caption-title\">SONY DSC<\/div><\/div><\/figcaption><\/figure><div class=\"fg-loader\"><\/div><\/div><div class=\"fg-item fg-type-image fg-idle\"><figure class=\"fg-item-inner\"><a href=\"https:\/\/uprzyjaciol.pl\/theatrum\/wp-content\/uploads\/2022\/05\/09.jpg\" data-caption-title=\"SONY DSC\" data-attachment-id=\"799\" class=\"fg-thumb\"><span class=\"fg-image-wrap\"><img title=\"SONY DSC\" width=\"200\" height=\"160\" class=\"skip-lazy fg-image\" data-src-fg=\"https:\/\/uprzyjaciol.pl\/theatrum\/wp-content\/uploads\/cache\/2022\/05\/09\/1118000075.jpg\" src=\"data:image\/svg+xml,%3Csvg%20xmlns%3D%22http%3A%2F%2Fwww.w3.org%2F2000%2Fsvg%22%20width%3D%22200%22%20height%3D%22160%22%20viewBox%3D%220%200%20200%20160%22%3E%3C%2Fsvg%3E\" loading=\"eager\"><\/span><span class=\"fg-image-overlay\"><\/span><\/a><figcaption class=\"fg-caption\"><div class=\"fg-caption-inner\"><div class=\"fg-caption-title\">SONY DSC<\/div><\/div><\/figcaption><\/figure><div class=\"fg-loader\"><\/div><\/div><div class=\"fg-item fg-type-image fg-idle\"><figure class=\"fg-item-inner\"><a href=\"https:\/\/uprzyjaciol.pl\/theatrum\/wp-content\/uploads\/2022\/05\/05.jpg\" data-caption-title=\"SONY DSC\" data-attachment-id=\"796\" class=\"fg-thumb\"><span class=\"fg-image-wrap\"><img title=\"SONY DSC\" width=\"200\" height=\"160\" class=\"skip-lazy fg-image\" data-src-fg=\"https:\/\/uprzyjaciol.pl\/theatrum\/wp-content\/uploads\/cache\/2022\/05\/05\/1067483376.jpg\" src=\"data:image\/svg+xml,%3Csvg%20xmlns%3D%22http%3A%2F%2Fwww.w3.org%2F2000%2Fsvg%22%20width%3D%22200%22%20height%3D%22160%22%20viewBox%3D%220%200%20200%20160%22%3E%3C%2Fsvg%3E\" loading=\"eager\"><\/span><span class=\"fg-image-overlay\"><\/span><\/a><figcaption class=\"fg-caption\"><div class=\"fg-caption-inner\"><div class=\"fg-caption-title\">SONY DSC<\/div><\/div><\/figcaption><\/figure><div class=\"fg-loader\"><\/div><\/div><div class=\"fg-item fg-type-image fg-idle\"><figure class=\"fg-item-inner\"><a href=\"https:\/\/uprzyjaciol.pl\/theatrum\/wp-content\/uploads\/2022\/05\/3.2022.jpg\" data-attachment-id=\"794\" class=\"fg-thumb\"><span class=\"fg-image-wrap\"><img width=\"200\" height=\"160\" class=\"skip-lazy fg-image\" data-src-fg=\"https:\/\/uprzyjaciol.pl\/theatrum\/wp-content\/uploads\/cache\/2022\/05\/3_2022\/2344710503.jpg\" src=\"data:image\/svg+xml,%3Csvg%20xmlns%3D%22http%3A%2F%2Fwww.w3.org%2F2000%2Fsvg%22%20width%3D%22200%22%20height%3D%22160%22%20viewBox%3D%220%200%20200%20160%22%3E%3C%2Fsvg%3E\" loading=\"eager\"><\/span><span class=\"fg-image-overlay\"><\/span><\/a><figcaption class=\"fg-caption\"><div class=\"fg-caption-inner\"><\/div><\/figcaption><\/figure><div class=\"fg-loader\"><\/div><\/div><div class=\"fg-item fg-type-image fg-idle\"><figure class=\"fg-item-inner\"><a href=\"https:\/\/uprzyjaciol.pl\/theatrum\/wp-content\/uploads\/2022\/05\/01e.jpg\" data-attachment-id=\"790\" class=\"fg-thumb\"><span class=\"fg-image-wrap\"><img width=\"200\" height=\"160\" class=\"skip-lazy fg-image\" data-src-fg=\"https:\/\/uprzyjaciol.pl\/theatrum\/wp-content\/uploads\/cache\/2022\/05\/01e\/430464808.jpg\" src=\"data:image\/svg+xml,%3Csvg%20xmlns%3D%22http%3A%2F%2Fwww.w3.org%2F2000%2Fsvg%22%20width%3D%22200%22%20height%3D%22160%22%20viewBox%3D%220%200%20200%20160%22%3E%3C%2Fsvg%3E\" loading=\"eager\"><\/span><span class=\"fg-image-overlay\"><\/span><\/a><figcaption class=\"fg-caption\"><div class=\"fg-caption-inner\"><\/div><\/figcaption><\/figure><div class=\"fg-loader\"><\/div><\/div><div class=\"fg-item fg-type-image fg-idle\"><figure class=\"fg-item-inner\"><a href=\"https:\/\/uprzyjaciol.pl\/theatrum\/wp-content\/uploads\/2022\/05\/01h.jpg\" data-attachment-id=\"791\" class=\"fg-thumb\"><span class=\"fg-image-wrap\"><img width=\"200\" height=\"160\" class=\"skip-lazy fg-image\" data-src-fg=\"https:\/\/uprzyjaciol.pl\/theatrum\/wp-content\/uploads\/cache\/2022\/05\/01h\/1916214869.jpg\" src=\"data:image\/svg+xml,%3Csvg%20xmlns%3D%22http%3A%2F%2Fwww.w3.org%2F2000%2Fsvg%22%20width%3D%22200%22%20height%3D%22160%22%20viewBox%3D%220%200%20200%20160%22%3E%3C%2Fsvg%3E\" loading=\"eager\"><\/span><span class=\"fg-image-overlay\"><\/span><\/a><figcaption class=\"fg-caption\"><div class=\"fg-caption-inner\"><\/div><\/figcaption><\/figure><div class=\"fg-loader\"><\/div><\/div><div class=\"fg-item fg-type-image fg-idle\"><figure class=\"fg-item-inner\"><a href=\"https:\/\/uprzyjaciol.pl\/theatrum\/wp-content\/uploads\/2022\/05\/02.2022.jpg\" data-attachment-id=\"792\" class=\"fg-thumb\"><span class=\"fg-image-wrap\"><img width=\"200\" height=\"160\" class=\"skip-lazy fg-image\" data-src-fg=\"https:\/\/uprzyjaciol.pl\/theatrum\/wp-content\/uploads\/cache\/2022\/05\/02_2022\/2309065739.jpg\" src=\"data:image\/svg+xml,%3Csvg%20xmlns%3D%22http%3A%2F%2Fwww.w3.org%2F2000%2Fsvg%22%20width%3D%22200%22%20height%3D%22160%22%20viewBox%3D%220%200%20200%20160%22%3E%3C%2Fsvg%3E\" loading=\"eager\"><\/span><span class=\"fg-image-overlay\"><\/span><\/a><figcaption class=\"fg-caption\"><div class=\"fg-caption-inner\"><\/div><\/figcaption><\/figure><div class=\"fg-loader\"><\/div><\/div><div class=\"fg-item fg-type-image fg-idle\"><figure class=\"fg-item-inner\"><a href=\"https:\/\/uprzyjaciol.pl\/theatrum\/wp-content\/uploads\/2022\/05\/01b.jpg\" data-attachment-id=\"787\" class=\"fg-thumb\"><span class=\"fg-image-wrap\"><img width=\"200\" height=\"160\" class=\"skip-lazy fg-image\" data-src-fg=\"https:\/\/uprzyjaciol.pl\/theatrum\/wp-content\/uploads\/cache\/2022\/05\/01b\/1923712545.jpg\" src=\"data:image\/svg+xml,%3Csvg%20xmlns%3D%22http%3A%2F%2Fwww.w3.org%2F2000%2Fsvg%22%20width%3D%22200%22%20height%3D%22160%22%20viewBox%3D%220%200%20200%20160%22%3E%3C%2Fsvg%3E\" loading=\"eager\"><\/span><span class=\"fg-image-overlay\"><\/span><\/a><figcaption class=\"fg-caption\"><div class=\"fg-caption-inner\"><\/div><\/figcaption><\/figure><div class=\"fg-loader\"><\/div><\/div><div class=\"fg-item fg-type-image fg-idle\"><figure class=\"fg-item-inner\"><a href=\"https:\/\/uprzyjaciol.pl\/theatrum\/wp-content\/uploads\/2022\/05\/01.2022.jpg\" data-attachment-id=\"786\" class=\"fg-thumb\"><span class=\"fg-image-wrap\"><img width=\"200\" height=\"160\" class=\"skip-lazy fg-image\" data-src-fg=\"https:\/\/uprzyjaciol.pl\/theatrum\/wp-content\/uploads\/cache\/2022\/05\/01_2022\/2465468681.jpg\" src=\"data:image\/svg+xml,%3Csvg%20xmlns%3D%22http%3A%2F%2Fwww.w3.org%2F2000%2Fsvg%22%20width%3D%22200%22%20height%3D%22160%22%20viewBox%3D%220%200%20200%20160%22%3E%3C%2Fsvg%3E\" loading=\"eager\"><\/span><span class=\"fg-image-overlay\"><\/span><\/a><figcaption class=\"fg-caption\"><div class=\"fg-caption-inner\"><\/div><\/figcaption><\/figure><div class=\"fg-loader\"><\/div><\/div><div class=\"fg-item fg-type-image fg-idle\"><figure class=\"fg-item-inner\"><a href=\"https:\/\/uprzyjaciol.pl\/theatrum\/wp-content\/uploads\/2022\/05\/07.jpg\" data-caption-title=\"SONY DSC\" data-attachment-id=\"797\" class=\"fg-thumb\"><span class=\"fg-image-wrap\"><img title=\"SONY DSC\" width=\"200\" height=\"160\" class=\"skip-lazy fg-image\" data-src-fg=\"https:\/\/uprzyjaciol.pl\/theatrum\/wp-content\/uploads\/cache\/2022\/05\/07\/3896667933.jpg\" src=\"data:image\/svg+xml,%3Csvg%20xmlns%3D%22http%3A%2F%2Fwww.w3.org%2F2000%2Fsvg%22%20width%3D%22200%22%20height%3D%22160%22%20viewBox%3D%220%200%20200%20160%22%3E%3C%2Fsvg%3E\" loading=\"eager\"><\/span><span class=\"fg-image-overlay\"><\/span><\/a><figcaption class=\"fg-caption\"><div class=\"fg-caption-inner\"><div class=\"fg-caption-title\">SONY DSC<\/div><\/div><\/figcaption><\/figure><div class=\"fg-loader\"><\/div><\/div><div class=\"fg-item fg-type-image fg-idle\"><figure class=\"fg-item-inner\"><a href=\"https:\/\/uprzyjaciol.pl\/theatrum\/wp-content\/uploads\/2022\/05\/01d.jpg\" data-attachment-id=\"789\" class=\"fg-thumb\"><span class=\"fg-image-wrap\"><img width=\"200\" height=\"160\" class=\"skip-lazy fg-image\" data-src-fg=\"https:\/\/uprzyjaciol.pl\/theatrum\/wp-content\/uploads\/cache\/2022\/05\/01d\/320783081.jpg\" src=\"data:image\/svg+xml,%3Csvg%20xmlns%3D%22http%3A%2F%2Fwww.w3.org%2F2000%2Fsvg%22%20width%3D%22200%22%20height%3D%22160%22%20viewBox%3D%220%200%20200%20160%22%3E%3C%2Fsvg%3E\" loading=\"eager\"><\/span><span class=\"fg-image-overlay\"><\/span><\/a><figcaption class=\"fg-caption\"><div class=\"fg-caption-inner\"><\/div><\/figcaption><\/figure><div class=\"fg-loader\"><\/div><\/div><\/div>\r\n\n\n\n<p><\/p>\n","protected":false},"excerpt":{"rendered":"<p>SCENA DRAMATYCZNA PREMIERA: 25 pa\u017adziernika 2018 roku WZNOWIENIE: 5 listopada 2020 roku Czas trwania: 55 minut Ograniczenia wiekowe: 16+ UWAGA! W spektaklu u\u017cywane s\u0105 \u015bwiat\u0142a stroboskopowe! Obywatele do teatr\u00f3! Pomurzcie nam zed\u017ce\u0107 z Was znoszone od codziennego \u00f3\u017cytku skury! Karzdy z Was morze sta\u0107 \u015b\u0119 \u015bwiadkiem wszechpszenikaj\u0105cego, z nug wal\u0105cego WIDOWISKA! Oguaszamy wielkie ogulnonarodowe panopticum!<\/p>\n<div><a class=\"btn-filled btn\" href=\"https:\/\/uprzyjaciol.pl\/theatrum\/spektakle\/premiery\/dzisiaj-wyjezdzam\/\" title=\"Dzisiaj wyje\u017cd\u017cam. Manifest futurysty\">Dowiedz si\u0119 wi\u0119cej<\/a><\/div>\n","protected":false},"author":3,"featured_media":0,"parent":56,"menu_order":0,"comment_status":"closed","ping_status":"closed","template":"","meta":[],"_links":{"self":[{"href":"https:\/\/uprzyjaciol.pl\/theatrum\/wp-json\/wp\/v2\/pages\/781"}],"collection":[{"href":"https:\/\/uprzyjaciol.pl\/theatrum\/wp-json\/wp\/v2\/pages"}],"about":[{"href":"https:\/\/uprzyjaciol.pl\/theatrum\/wp-json\/wp\/v2\/types\/page"}],"author":[{"embeddable":true,"href":"https:\/\/uprzyjaciol.pl\/theatrum\/wp-json\/wp\/v2\/users\/3"}],"replies":[{"embeddable":true,"href":"https:\/\/uprzyjaciol.pl\/theatrum\/wp-json\/wp\/v2\/comments?post=781"}],"version-history":[{"count":11,"href":"https:\/\/uprzyjaciol.pl\/theatrum\/wp-json\/wp\/v2\/pages\/781\/revisions"}],"predecessor-version":[{"id":2264,"href":"https:\/\/uprzyjaciol.pl\/theatrum\/wp-json\/wp\/v2\/pages\/781\/revisions\/2264"}],"up":[{"embeddable":true,"href":"https:\/\/uprzyjaciol.pl\/theatrum\/wp-json\/wp\/v2\/pages\/56"}],"wp:attachment":[{"href":"https:\/\/uprzyjaciol.pl\/theatrum\/wp-json\/wp\/v2\/media?parent=781"}],"curies":[{"name":"wp","href":"https:\/\/api.w.org\/{rel}","templated":true}]}}