{"id":773,"date":"2022-05-25T16:12:17","date_gmt":"2022-05-25T14:12:17","guid":{"rendered":"https:\/\/uprzyjaciol.pl\/theatrum\/?page_id=773"},"modified":"2022-07-12T15:01:51","modified_gmt":"2022-07-12T13:01:51","slug":"bywalcy-absurdutu","status":"publish","type":"page","link":"https:\/\/uprzyjaciol.pl\/theatrum\/spektakle\/premiery\/bywalcy-absurdutu\/","title":{"rendered":"Bywalcy Absurdutu"},"content":{"rendered":"\n<p><strong>SCENA KOMEDIOWA<\/strong><\/p>\n\n\n\n<p>PREMIERA 14 maja 2011 roku<\/p>\n\n\n\n<p>Czas trwania: 75 minut <\/p>\n\n\n<p><iframe loading=\"lazy\" src=\"https:\/\/www.youtube.com\/embed\/go9FYfKZS4A\" title=\"YouTube video player\" allow=\"accelerometer; autoplay; clipboard-write; encrypted-media; gyroscope; picture-in-picture\" allowfullscreen=\"\" width=\"560\" height=\"315\" frameborder=\"0\"><\/iframe><\/p>\n\n\n<p>Wielkim architektem Absurdutu by\u0142 Ambro\u017cy. Geometri\u0105 si\u0119 nie interesowa\u0142, a cyrkiel s\u0142u\u017cy\u0142 mu wy\u0142\u0105cznie do rysowania kr\u0119g\u00f3w. Te rysunki z pietyzmem gromadzi\u0142 Skrobol Alojzy &#8211; tacmistrz. Nie wspomina\u0142 o tym nigdy bywalcom. Jedynie Kryspin zna\u0142 wszystkie tajemnice tego miejsca. Paradoksalnie jednak przyschni\u0119cie do kredensu nie uchroni\u0142o Absurdutu przed padaj\u0105cym deszczem.<\/p>\n\n\n\n<p>Spektakl &#8222;Bywalcy Absurdutu&#8221; pozwala na uczestnictwo w tym, o czym od dawna pisze si\u0119 w &#8222;Ok\u00f3lniku Wolnych Malarzy i Fason\u00f3w&#8221;. Widz, zasiad\u0142szy przy stoliku, b\u0119dzie obserwowa\u0142 rozw\u00f3j sytuacji w niejakim zwi\u0105zku z tymi, kt\u00f3rzy te\u017c b\u0119d\u0105 tam siedzieli. Tylko czujno\u015b\u0107 pozwoli mu wnikn\u0105\u0107 w t\u0119 histori\u0119. Byle nie da\u0142 si\u0119 zwie\u015b\u0107 tr\u00f3jk\u0105tnej logice. Niech sam najlepiej spr\u00f3buje rozk\u0142ada\u0107 karty.<\/p>\n\n\n\n<p><strong>Obsada:<\/strong><\/p>\n\n\n\n<p>ABSURDUT:<\/p>\n\n\n\n<p>Ambro\u017cy B. Surdut &#8211; wielki architekt Absurdutu &#8211; Krzysztof Skibski<br>Skrobol Alojzy &#8211; kelner totalny (tacmistrz)- Stanis\u0142aw Przewo\u017any<br>Prymarny Wies\u0142aw &#8211; portier Absurdutu &#8211; Pawe\u0142 Kolasa<\/p>\n\n\n\n<p>BYWALCY:<\/p>\n\n\n\n<p>Huczny Kryspin &#8211; przyschni\u0119ty do kredensu &#8211; Mi\u0142osz Loba \/ Miko\u0142aj Makowski<br>Morfi\u0144ska Eulalia &#8211; szansonistka &#8211; Emilia Kucz<br>Waleriana Boudoir &#8211; artystka wszech talent\u00f3w &#8211; Dorota Salamo\u0144czyk-Szpalik<br>Sprawny Witold &#8211; urz\u0119dnik drugiej specjalno\u015bci &#8211; Tomasz Zajcher<br>Amputny Boles\u0142aw &#8211; cyrulik, radioesteta &#8211; Rados\u0142aw Salamo\u0144czyk<br>Zgrzebny Egon &#8211; pracownik firmy pogrzebowej &#8211; Filip Borowiak<br>Bywalec nieproszony &#8211; Prytu\u0142ko, Pazuch, B. BKP &#8211; Borys Szuma\u0144ski<\/p>\n\n\n\n<p><strong>scenariusz:<\/strong><br>Krzysztof Skibski<\/p>\n\n\n\n<p><strong>re\u017cyseria:<\/strong><br>Tomasz Zajcher<br>Krzysztof Skibski<\/p>\n\n\n\n<p><strong>muzyka:<\/strong><br>Bartosz Krywczuk<\/p>\n\n\n\n<p><strong>realizacja \u015bwiat\u0142a-d\u017awi\u0119ku:<\/strong><br>Sylwia Pietrowiak<\/p>\n\n\n\n<p><strong>scenografia:<\/strong><br>Sylwia Pietrowiak,Tomasz Zajcher, Daria Mielcarzewicz<\/p>\n\n\n\n<p><strong>kostiumy:<\/strong><br>Sylwia Pietrowiak,Tomasz Zajcher, Daria Mielcarzewicz<\/p>\n\n\n<style type=\"text\/css\">\r\n\t#foogallery-gallery-1351 .fg-image {\r\n        width: 200px;\r\n    }\r\n<\/style>\r\n\t\t\t\t<div class=\"foogallery foogallery-container foogallery-default foogallery-lightbox-foobox fg-gutter-10 fg-center fg-default fg-dark fg-border-thin fg-shadow-outline fg-loading-bars fg-loaded-fade-in fg-caption-hover fg-hover-fade fg-hover-zoom fg-ready\" id=\"foogallery-gallery-1351\" data-foogallery=\"{&quot;item&quot;:{&quot;showCaptionTitle&quot;:true,&quot;showCaptionDescription&quot;:true},&quot;lazy&quot;:true}\" >\r\n\t<div class=\"fg-item fg-type-image fg-idle\"><figure class=\"fg-item-inner\"><a href=\"https:\/\/uprzyjaciol.pl\/theatrum\/wp-content\/uploads\/2022\/07\/50768143352_73e5ddeb1f_c.jpg\" data-attachment-id=\"1346\" class=\"fg-thumb\"><span class=\"fg-image-wrap\"><img width=\"200\" height=\"160\" class=\"skip-lazy fg-image\" data-src-fg=\"https:\/\/uprzyjaciol.pl\/theatrum\/wp-content\/uploads\/cache\/2022\/07\/50768143352_73e5ddeb1f_c\/3952392158.jpg\" src=\"data:image\/svg+xml,%3Csvg%20xmlns%3D%22http%3A%2F%2Fwww.w3.org%2F2000%2Fsvg%22%20width%3D%22200%22%20height%3D%22160%22%20viewBox%3D%220%200%20200%20160%22%3E%3C%2Fsvg%3E\" loading=\"eager\"><\/span><span class=\"fg-image-overlay\"><\/span><\/a><figcaption class=\"fg-caption\"><div class=\"fg-caption-inner\"><\/div><\/figcaption><\/figure><div class=\"fg-loader\"><\/div><\/div><div class=\"fg-item fg-type-image fg-idle\"><figure class=\"fg-item-inner\"><a href=\"https:\/\/uprzyjaciol.pl\/theatrum\/wp-content\/uploads\/2022\/07\/50767284063_84f346a16d_c.jpg\" data-attachment-id=\"1345\" class=\"fg-thumb\"><span class=\"fg-image-wrap\"><img width=\"200\" height=\"160\" class=\"skip-lazy fg-image\" data-src-fg=\"https:\/\/uprzyjaciol.pl\/theatrum\/wp-content\/uploads\/cache\/2022\/07\/50767284063_84f346a16d_c\/133379810.jpg\" src=\"data:image\/svg+xml,%3Csvg%20xmlns%3D%22http%3A%2F%2Fwww.w3.org%2F2000%2Fsvg%22%20width%3D%22200%22%20height%3D%22160%22%20viewBox%3D%220%200%20200%20160%22%3E%3C%2Fsvg%3E\" loading=\"eager\"><\/span><span class=\"fg-image-overlay\"><\/span><\/a><figcaption class=\"fg-caption\"><div class=\"fg-caption-inner\"><\/div><\/figcaption><\/figure><div class=\"fg-loader\"><\/div><\/div><div class=\"fg-item fg-type-image fg-idle\"><figure class=\"fg-item-inner\"><a href=\"https:\/\/uprzyjaciol.pl\/theatrum\/wp-content\/uploads\/2022\/05\/Bywalcy.jpg\" data-attachment-id=\"776\" class=\"fg-thumb\"><span class=\"fg-image-wrap\"><img width=\"200\" height=\"160\" class=\"skip-lazy fg-image\" data-src-fg=\"https:\/\/uprzyjaciol.pl\/theatrum\/wp-content\/uploads\/cache\/2022\/05\/Bywalcy\/169903368.jpg\" src=\"data:image\/svg+xml,%3Csvg%20xmlns%3D%22http%3A%2F%2Fwww.w3.org%2F2000%2Fsvg%22%20width%3D%22200%22%20height%3D%22160%22%20viewBox%3D%220%200%20200%20160%22%3E%3C%2Fsvg%3E\" loading=\"eager\"><\/span><span class=\"fg-image-overlay\"><\/span><\/a><figcaption class=\"fg-caption\"><div class=\"fg-caption-inner\"><\/div><\/figcaption><\/figure><div class=\"fg-loader\"><\/div><\/div><div class=\"fg-item fg-type-image fg-idle\"><figure class=\"fg-item-inner\"><a href=\"https:\/\/uprzyjaciol.pl\/theatrum\/wp-content\/uploads\/2022\/05\/b_03.jpg\" data-attachment-id=\"777\" class=\"fg-thumb\"><span class=\"fg-image-wrap\"><img width=\"200\" height=\"160\" class=\"skip-lazy fg-image\" data-src-fg=\"https:\/\/uprzyjaciol.pl\/theatrum\/wp-content\/uploads\/cache\/2022\/05\/b_03\/3141676016.jpg\" src=\"data:image\/svg+xml,%3Csvg%20xmlns%3D%22http%3A%2F%2Fwww.w3.org%2F2000%2Fsvg%22%20width%3D%22200%22%20height%3D%22160%22%20viewBox%3D%220%200%20200%20160%22%3E%3C%2Fsvg%3E\" loading=\"eager\"><\/span><span class=\"fg-image-overlay\"><\/span><\/a><figcaption class=\"fg-caption\"><div class=\"fg-caption-inner\"><\/div><\/figcaption><\/figure><div class=\"fg-loader\"><\/div><\/div><div class=\"fg-item fg-type-image fg-idle\"><figure class=\"fg-item-inner\"><a href=\"https:\/\/uprzyjaciol.pl\/theatrum\/wp-content\/uploads\/2022\/05\/b_05.jpg\" data-attachment-id=\"778\" class=\"fg-thumb\"><span class=\"fg-image-wrap\"><img width=\"200\" height=\"160\" class=\"skip-lazy fg-image\" data-src-fg=\"https:\/\/uprzyjaciol.pl\/theatrum\/wp-content\/uploads\/cache\/2022\/05\/b_05\/1148834732.jpg\" src=\"data:image\/svg+xml,%3Csvg%20xmlns%3D%22http%3A%2F%2Fwww.w3.org%2F2000%2Fsvg%22%20width%3D%22200%22%20height%3D%22160%22%20viewBox%3D%220%200%20200%20160%22%3E%3C%2Fsvg%3E\" loading=\"eager\"><\/span><span class=\"fg-image-overlay\"><\/span><\/a><figcaption class=\"fg-caption\"><div class=\"fg-caption-inner\"><\/div><\/figcaption><\/figure><div class=\"fg-loader\"><\/div><\/div><div class=\"fg-item fg-type-image fg-idle\"><figure class=\"fg-item-inner\"><a href=\"https:\/\/uprzyjaciol.pl\/theatrum\/wp-content\/uploads\/2022\/05\/b_06.jpg\" data-attachment-id=\"779\" class=\"fg-thumb\"><span class=\"fg-image-wrap\"><img width=\"200\" height=\"160\" class=\"skip-lazy fg-image\" data-src-fg=\"https:\/\/uprzyjaciol.pl\/theatrum\/wp-content\/uploads\/cache\/2022\/05\/b_06\/359047640.jpg\" src=\"data:image\/svg+xml,%3Csvg%20xmlns%3D%22http%3A%2F%2Fwww.w3.org%2F2000%2Fsvg%22%20width%3D%22200%22%20height%3D%22160%22%20viewBox%3D%220%200%20200%20160%22%3E%3C%2Fsvg%3E\" loading=\"eager\"><\/span><span class=\"fg-image-overlay\"><\/span><\/a><figcaption class=\"fg-caption\"><div class=\"fg-caption-inner\"><\/div><\/figcaption><\/figure><div class=\"fg-loader\"><\/div><\/div><div class=\"fg-item fg-type-image fg-idle\"><figure class=\"fg-item-inner\"><a href=\"https:\/\/uprzyjaciol.pl\/theatrum\/wp-content\/uploads\/2022\/05\/b_02.jpg\" data-attachment-id=\"775\" class=\"fg-thumb\"><span class=\"fg-image-wrap\"><img width=\"200\" height=\"160\" class=\"skip-lazy fg-image\" data-src-fg=\"https:\/\/uprzyjaciol.pl\/theatrum\/wp-content\/uploads\/cache\/2022\/05\/b_02\/330941953.jpg\" src=\"data:image\/svg+xml,%3Csvg%20xmlns%3D%22http%3A%2F%2Fwww.w3.org%2F2000%2Fsvg%22%20width%3D%22200%22%20height%3D%22160%22%20viewBox%3D%220%200%20200%20160%22%3E%3C%2Fsvg%3E\" loading=\"eager\"><\/span><span class=\"fg-image-overlay\"><\/span><\/a><figcaption class=\"fg-caption\"><div class=\"fg-caption-inner\"><\/div><\/figcaption><\/figure><div class=\"fg-loader\"><\/div><\/div><div class=\"fg-item fg-type-image fg-idle\"><figure class=\"fg-item-inner\"><a href=\"https:\/\/uprzyjaciol.pl\/theatrum\/wp-content\/uploads\/2022\/05\/b_01.jpg\" data-attachment-id=\"774\" class=\"fg-thumb\"><span class=\"fg-image-wrap\"><img width=\"200\" height=\"160\" class=\"skip-lazy fg-image\" data-src-fg=\"https:\/\/uprzyjaciol.pl\/theatrum\/wp-content\/uploads\/cache\/2022\/05\/b_01\/1118221429.jpg\" src=\"data:image\/svg+xml,%3Csvg%20xmlns%3D%22http%3A%2F%2Fwww.w3.org%2F2000%2Fsvg%22%20width%3D%22200%22%20height%3D%22160%22%20viewBox%3D%220%200%20200%20160%22%3E%3C%2Fsvg%3E\" loading=\"eager\"><\/span><span class=\"fg-image-overlay\"><\/span><\/a><figcaption class=\"fg-caption\"><div class=\"fg-caption-inner\"><\/div><\/figcaption><\/figure><div class=\"fg-loader\"><\/div><\/div><\/div>\r\n","protected":false},"excerpt":{"rendered":"<p>SCENA KOMEDIOWA PREMIERA 14 maja 2011 roku Czas trwania: 75 minut Wielkim architektem Absurdutu by\u0142 Ambro\u017cy. Geometri\u0105 si\u0119 nie interesowa\u0142, a cyrkiel s\u0142u\u017cy\u0142 mu wy\u0142\u0105cznie do rysowania kr\u0119g\u00f3w. Te rysunki z pietyzmem gromadzi\u0142 Skrobol Alojzy &#8211; tacmistrz. Nie wspomina\u0142 o tym nigdy bywalcom. Jedynie Kryspin zna\u0142 wszystkie tajemnice tego miejsca. Paradoksalnie jednak przyschni\u0119cie do kredensu<\/p>\n<div><a class=\"btn-filled btn\" href=\"https:\/\/uprzyjaciol.pl\/theatrum\/spektakle\/premiery\/bywalcy-absurdutu\/\" title=\"Bywalcy Absurdutu\">Dowiedz si\u0119 wi\u0119cej<\/a><\/div>\n","protected":false},"author":3,"featured_media":0,"parent":56,"menu_order":0,"comment_status":"closed","ping_status":"closed","template":"","meta":[],"_links":{"self":[{"href":"https:\/\/uprzyjaciol.pl\/theatrum\/wp-json\/wp\/v2\/pages\/773"}],"collection":[{"href":"https:\/\/uprzyjaciol.pl\/theatrum\/wp-json\/wp\/v2\/pages"}],"about":[{"href":"https:\/\/uprzyjaciol.pl\/theatrum\/wp-json\/wp\/v2\/types\/page"}],"author":[{"embeddable":true,"href":"https:\/\/uprzyjaciol.pl\/theatrum\/wp-json\/wp\/v2\/users\/3"}],"replies":[{"embeddable":true,"href":"https:\/\/uprzyjaciol.pl\/theatrum\/wp-json\/wp\/v2\/comments?post=773"}],"version-history":[{"count":5,"href":"https:\/\/uprzyjaciol.pl\/theatrum\/wp-json\/wp\/v2\/pages\/773\/revisions"}],"predecessor-version":[{"id":1352,"href":"https:\/\/uprzyjaciol.pl\/theatrum\/wp-json\/wp\/v2\/pages\/773\/revisions\/1352"}],"up":[{"embeddable":true,"href":"https:\/\/uprzyjaciol.pl\/theatrum\/wp-json\/wp\/v2\/pages\/56"}],"wp:attachment":[{"href":"https:\/\/uprzyjaciol.pl\/theatrum\/wp-json\/wp\/v2\/media?parent=773"}],"curies":[{"name":"wp","href":"https:\/\/api.w.org\/{rel}","templated":true}]}}