{"id":758,"date":"2022-05-25T15:33:34","date_gmt":"2022-05-25T13:33:34","guid":{"rendered":"https:\/\/uprzyjaciol.pl\/theatrum\/?page_id=758"},"modified":"2022-07-12T13:00:01","modified_gmt":"2022-07-12T11:00:01","slug":"appendix","status":"publish","type":"page","link":"https:\/\/uprzyjaciol.pl\/theatrum\/spektakle\/premiery\/appendix\/","title":{"rendered":"Appendix"},"content":{"rendered":"\n<p><strong>SCENA KOMEDIOWA<\/strong><\/p>\n\n\n\n<p>PREMIERA: 15 maja 2008 roku<\/p>\n\n\n\n<p>Czas trwania: 60 minut<\/p>\n\n\n\n<p>Ograniczenia wiekowe: 14+<\/p>\n\n\n\n<p>SPEKTAKL ARCHIWALNY<\/p>\n\n\n<p><iframe loading=\"lazy\" src=\"https:\/\/www.youtube.com\/embed\/sxRBTXKJY9k\" title=\"YouTube video player\" allow=\"accelerometer; autoplay; clipboard-write; encrypted-media; gyroscope; picture-in-picture\" allowfullscreen=\"\" width=\"560\" height=\"315\" frameborder=\"0\"><\/iframe><\/p>\n\n\n<p>Spektakl stanowi rodzaj syntezy tw\u00f3rczo\u015bci Witkacego jako pisarza, poety i malarza-portrecisty. W scenografii \u0142a\u017ani miejskiej, w kawiarni, na gwarnych ulicach Zakopanego, mijaj\u0105 si\u0119 kolorowe postaci, z kt\u00f3rych ka\u017cda zmaga si\u0119 ze zwyk\u0142ymi bol\u0105czkami codzienno\u015bci: jak goli\u0107 si\u0119 porz\u0105dnie? kiedy nale\u017cy zacz\u0105\u0107 chodzi\u0107 do \u0142a\u017ani? po co nam poranna gimnastyka? czemu nie warto pali\u0107, ani za\u017cywa\u0107 \u015brodk\u00f3w odurzaj\u0105cych? jak ustrzec si\u0119 malatury? czym grozi nadmierne puszenie si\u0119? jak \u017cy\u0107 z kretynami? co za\u0142o\u017cy\u0107 na narty? jak nie zwariowa\u0107, gdy s\u0105siedzi &#8222;zapuszczaj\u0105&#8221; od bladego \u015bwitu radio?<\/p>\n\n\n\n<p>Witkacy-b\u0142azen, Witkacy-obserwator, Witkacy-smutny Sta\u0144czyk ko\u0144cz\u0105cego si\u0119 porz\u0105dku \u015bwiata&#8230;<\/p>\n\n\n\n<p>Zapraszamy wi\u0119c na wiecz\u00f3r pe\u0142en krytyki, w kt\u00f3rym dla nikogo nie zabraknie z\u0142o\u015bliwo\u015bci w najczystszej postaci.<\/p>\n\n\n\n<p>Spektaklowi towarzyszy film paradokumentalny o Witkacym, zrealizowany w Zakopanem (sierpie\u0144 2003 roku).<\/p>\n\n\n\n<p><strong>OBSADA:<\/strong><\/p>\n\n\n\n<p>DUSZE NIEMYTE<\/p>\n\n\n\n<p>Twierdzaca &#8211; Emilia Kucz<\/p>\n\n\n\n<p>Wyszminkowana &#8211; Sylwia Pietrowiak<\/p>\n\n\n\n<p>Napuszona &#8211; Filip Borowiak \/ Borys Szuma\u0144ski<\/p>\n\n\n\n<p>Niepal\u0105ca &#8211; Tomasz Zajcher<\/p>\n\n\n\n<p>Krety\u0144ska &#8211; Pawe\u0142 Kolasa<\/p>\n\n\n\n<p><strong>scenariusz:<\/strong><br>(na podstawie &#8222;Niemytych Dusz&#8221; Stanis\u0142awa Ignacego Witkiewicza):<br>Monika Chuda, Tomasz Zajcher<\/p>\n\n\n\n<p><strong>re\u017cyseria:<\/strong><br>Tomasz Zajcher<\/p>\n\n\n\n<p><strong>scenografia:<\/strong><br>Sylwia Pietrowiak<br>Tomasz Zajcher<\/p>\n\n\n\n<p><strong>portrety a&#8217;la Witkacy:<\/strong><br>Sylwia Pietrowiak<\/p>\n\n\n\n<p><strong>muzyka:<\/strong><br>Bartosz Krywczuk<\/p>\n\n\n\n<figure class=\"wp-container-2 wp-block-gallery-1 wp-block-gallery has-nested-images columns-default is-cropped\">\n<figure class=\"wp-block-image size-large\"><img loading=\"lazy\" width=\"1024\" height=\"904\" data-id=\"759\"  src=\"https:\/\/uprzyjaciol.pl\/theatrum\/wp-content\/uploads\/2022\/05\/a_01-1024x904.jpg\" alt=\"\" class=\"wp-image-759\" srcset=\"https:\/\/uprzyjaciol.pl\/theatrum\/wp-content\/uploads\/2022\/05\/a_01-1024x904.jpg 1024w, https:\/\/uprzyjaciol.pl\/theatrum\/wp-content\/uploads\/2022\/05\/a_01-300x265.jpg 300w, https:\/\/uprzyjaciol.pl\/theatrum\/wp-content\/uploads\/2022\/05\/a_01-768x678.jpg 768w, https:\/\/uprzyjaciol.pl\/theatrum\/wp-content\/uploads\/2022\/05\/a_01-1536x1355.jpg 1536w, https:\/\/uprzyjaciol.pl\/theatrum\/wp-content\/uploads\/2022\/05\/a_01.jpg 2048w\" sizes=\"(max-width: 1024px) 100vw, 1024px\" \/><\/figure>\n\n\n\n<figure class=\"wp-block-image size-large\"><img loading=\"lazy\" width=\"1024\" height=\"696\" data-id=\"761\"  src=\"https:\/\/uprzyjaciol.pl\/theatrum\/wp-content\/uploads\/2022\/05\/a_02-1024x696.jpg\" alt=\"\" class=\"wp-image-761\" srcset=\"https:\/\/uprzyjaciol.pl\/theatrum\/wp-content\/uploads\/2022\/05\/a_02-1024x696.jpg 1024w, https:\/\/uprzyjaciol.pl\/theatrum\/wp-content\/uploads\/2022\/05\/a_02-300x204.jpg 300w, https:\/\/uprzyjaciol.pl\/theatrum\/wp-content\/uploads\/2022\/05\/a_02-768x522.jpg 768w, https:\/\/uprzyjaciol.pl\/theatrum\/wp-content\/uploads\/2022\/05\/a_02-1536x1044.jpg 1536w, https:\/\/uprzyjaciol.pl\/theatrum\/wp-content\/uploads\/2022\/05\/a_02.jpg 2048w\" sizes=\"(max-width: 1024px) 100vw, 1024px\" \/><\/figure>\n\n\n\n<figure class=\"wp-block-image size-large\"><img loading=\"lazy\" width=\"1024\" height=\"846\" data-id=\"763\"  src=\"https:\/\/uprzyjaciol.pl\/theatrum\/wp-content\/uploads\/2022\/05\/a_03-1024x846.jpg\" alt=\"\" class=\"wp-image-763\" srcset=\"https:\/\/uprzyjaciol.pl\/theatrum\/wp-content\/uploads\/2022\/05\/a_03-1024x846.jpg 1024w, https:\/\/uprzyjaciol.pl\/theatrum\/wp-content\/uploads\/2022\/05\/a_03-300x248.jpg 300w, https:\/\/uprzyjaciol.pl\/theatrum\/wp-content\/uploads\/2022\/05\/a_03-768x635.jpg 768w, https:\/\/uprzyjaciol.pl\/theatrum\/wp-content\/uploads\/2022\/05\/a_03-1536x1269.jpg 1536w, https:\/\/uprzyjaciol.pl\/theatrum\/wp-content\/uploads\/2022\/05\/a_03.jpg 2048w\" sizes=\"(max-width: 1024px) 100vw, 1024px\" \/><\/figure>\n\n\n\n<figure class=\"wp-block-image size-large\"><img loading=\"lazy\" width=\"1024\" height=\"992\" data-id=\"762\"  src=\"https:\/\/uprzyjaciol.pl\/theatrum\/wp-content\/uploads\/2022\/05\/a_04-1024x992.jpg\" alt=\"\" class=\"wp-image-762\" srcset=\"https:\/\/uprzyjaciol.pl\/theatrum\/wp-content\/uploads\/2022\/05\/a_04-1024x992.jpg 1024w, https:\/\/uprzyjaciol.pl\/theatrum\/wp-content\/uploads\/2022\/05\/a_04-300x291.jpg 300w, https:\/\/uprzyjaciol.pl\/theatrum\/wp-content\/uploads\/2022\/05\/a_04-768x744.jpg 768w, https:\/\/uprzyjaciol.pl\/theatrum\/wp-content\/uploads\/2022\/05\/a_04-1536x1488.jpg 1536w, https:\/\/uprzyjaciol.pl\/theatrum\/wp-content\/uploads\/2022\/05\/a_04.jpg 2048w\" sizes=\"(max-width: 1024px) 100vw, 1024px\" \/><\/figure>\n\n\n\n<figure class=\"wp-block-image size-large\"><img loading=\"lazy\" width=\"787\" height=\"1024\" data-id=\"760\"  src=\"https:\/\/uprzyjaciol.pl\/theatrum\/wp-content\/uploads\/2022\/05\/a_05-787x1024.jpg\" alt=\"\" class=\"wp-image-760\" srcset=\"https:\/\/uprzyjaciol.pl\/theatrum\/wp-content\/uploads\/2022\/05\/a_05-787x1024.jpg 787w, https:\/\/uprzyjaciol.pl\/theatrum\/wp-content\/uploads\/2022\/05\/a_05-230x300.jpg 230w, https:\/\/uprzyjaciol.pl\/theatrum\/wp-content\/uploads\/2022\/05\/a_05-768x1000.jpg 768w, https:\/\/uprzyjaciol.pl\/theatrum\/wp-content\/uploads\/2022\/05\/a_05-1180x1536.jpg 1180w, https:\/\/uprzyjaciol.pl\/theatrum\/wp-content\/uploads\/2022\/05\/a_05.jpg 1573w\" sizes=\"(max-width: 787px) 100vw, 787px\" \/><\/figure>\n<\/figure>\n","protected":false},"excerpt":{"rendered":"<p>SCENA KOMEDIOWA PREMIERA: 15 maja 2008 roku Czas trwania: 60 minut Ograniczenia wiekowe: 14+ SPEKTAKL ARCHIWALNY Spektakl stanowi rodzaj syntezy tw\u00f3rczo\u015bci Witkacego jako pisarza, poety i malarza-portrecisty. W scenografii \u0142a\u017ani miejskiej, w kawiarni, na gwarnych ulicach Zakopanego, mijaj\u0105 si\u0119 kolorowe postaci, z kt\u00f3rych ka\u017cda zmaga si\u0119 ze zwyk\u0142ymi bol\u0105czkami codzienno\u015bci: jak goli\u0107 si\u0119 porz\u0105dnie? kiedy<\/p>\n<div><a class=\"btn-filled btn\" href=\"https:\/\/uprzyjaciol.pl\/theatrum\/spektakle\/premiery\/appendix\/\" title=\"Appendix\">Dowiedz si\u0119 wi\u0119cej<\/a><\/div>\n","protected":false},"author":3,"featured_media":0,"parent":56,"menu_order":0,"comment_status":"closed","ping_status":"closed","template":"","meta":[],"_links":{"self":[{"href":"https:\/\/uprzyjaciol.pl\/theatrum\/wp-json\/wp\/v2\/pages\/758"}],"collection":[{"href":"https:\/\/uprzyjaciol.pl\/theatrum\/wp-json\/wp\/v2\/pages"}],"about":[{"href":"https:\/\/uprzyjaciol.pl\/theatrum\/wp-json\/wp\/v2\/types\/page"}],"author":[{"embeddable":true,"href":"https:\/\/uprzyjaciol.pl\/theatrum\/wp-json\/wp\/v2\/users\/3"}],"replies":[{"embeddable":true,"href":"https:\/\/uprzyjaciol.pl\/theatrum\/wp-json\/wp\/v2\/comments?post=758"}],"version-history":[{"count":4,"href":"https:\/\/uprzyjaciol.pl\/theatrum\/wp-json\/wp\/v2\/pages\/758\/revisions"}],"predecessor-version":[{"id":1258,"href":"https:\/\/uprzyjaciol.pl\/theatrum\/wp-json\/wp\/v2\/pages\/758\/revisions\/1258"}],"up":[{"embeddable":true,"href":"https:\/\/uprzyjaciol.pl\/theatrum\/wp-json\/wp\/v2\/pages\/56"}],"wp:attachment":[{"href":"https:\/\/uprzyjaciol.pl\/theatrum\/wp-json\/wp\/v2\/media?parent=758"}],"curies":[{"name":"wp","href":"https:\/\/api.w.org\/{rel}","templated":true}]}}