{"id":749,"date":"2022-05-25T15:23:40","date_gmt":"2022-05-25T13:23:40","guid":{"rendered":"https:\/\/uprzyjaciol.pl\/theatrum\/?page_id=749"},"modified":"2022-07-12T13:34:36","modified_gmt":"2022-07-12T11:34:36","slug":"alicja-w-lustrach","status":"publish","type":"page","link":"https:\/\/uprzyjaciol.pl\/theatrum\/spektakle\/premiery\/alicja-w-lustrach\/","title":{"rendered":"Alicja w lustrach"},"content":{"rendered":"\n<p><\/p>\n\n\n\n<p><strong>SCENA KOMEDIOWA \/ SPEKTAKL PLENEROWY<\/strong><\/p>\n\n\n\n<p>PREMIERA: 2 czerwca 2012 roku<\/p>\n\n\n\n<p>Czas trwania: 50 minut<\/p>\n\n\n\n<p>SPEKTAKL ARCHIWALNY<\/p>\n\n\n\n<p class=\"has-text-align-left\"><\/p>\n\n\n<p><iframe loading=\"lazy\" src=\"https:\/\/www.youtube.com\/embed\/Nxh3hOcn1X0\" title=\"YouTube video player\" allow=\"accelerometer; autoplay; clipboard-write; encrypted-media; gyroscope; picture-in-picture\" allowfullscreen=\"\" width=\"560\" height=\"315\" frameborder=\"0\"><\/iframe><\/p>\n\n\n<p>&#8222;Alicja w lustrach&#8221; W scenicznej adaptacji powie\u015bci Lewisa Carrola, \u201eTeatr U Przyjaci\u00f3\u0142\u201d stara si\u0119 prze\u015bledzi\u0107 kolejne oblicza b\u0142\u0105kaj\u0105cej si\u0119 po Krainie Czar\u00f3w Alicji.<\/p>\n\n\n\n<p>Bior\u0105c dziewczynk\u0119 w ogie\u0144 krzy\u017cowy luster, chce popuszcza\u0107 z ni\u0105 marcowe zaj\u0105ce, odda\u0107 jej parti\u0119 szach\u00f3w, przejrze\u0107 j\u0105 na wylot (kr\u00f3liczej nory) i odzwierciedli\u0107 wszelkie jej odbicia, pojawiaj\u0105ce si\u0119 nie tylko podczas szalonego podwieczorku. Na spektakl, kt\u00f3ry odb\u0119dzie na wolnym powietrzu, zaproszeni mog\u0105 czu\u0107 si\u0119 wszyscy o nieskr\u0119powanej wyobra\u017ani.<\/p>\n\n\n\n<p><\/p>\n\n\n\n<p>Alicja &#8211; Dorota Salamo\u0144czyk<br>Szalony Kapelusznik &#8211; Marcin Kluczykowski<br>Zaj\u0105c Marcowy\/Bia\u0142y Kr\u00f3lik &#8211; Borys Szuma\u0144ski<br>Suse\u0142 &#8211; Filip Borowiak<br>Kr\u00f3l &#8211; Krzysztof Iliasz<br>Czerwona Kr\u00f3lowa &#8211; Emilia Kucz<br>Bia\u0142a Kr\u00f3lowa &#8211; Karolina Mingielewicz<br>Konduktor\/Walet &#8211; Pawe\u0142 Kolasa<br>Kucharka &#8211; Miriam Namiotko<br>Tirli Bom &#8211; Miko\u0142aj Troszczy\u0144ski<br>Tirli Bim &#8211; Rados\u0142aw Salamo\u0144czyk<\/p>\n\n\n\n<p><\/p>\n\n\n\n<p>scenariusz: Monika Chuda\/Borys Szuma\u0144ski<br>re\u017cyseria: Tomasz Zajcher<br>charakteryzacja: Sylviusz<br>kostiumy: Monika Chuda<br>muzyka: Bartek Krywczuk<br>zdj\u0119cia: Tomasz Zajcher<\/p>\n\n\n\n<p><\/p>\n\n\n\n<figure class=\"wp-container-2 wp-block-gallery-1 wp-block-gallery has-nested-images columns-default is-cropped\">\n<figure class=\"wp-block-image size-large\"><img loading=\"lazy\" width=\"960\" height=\"640\" data-id=\"752\"  src=\"https:\/\/uprzyjaciol.pl\/theatrum\/wp-content\/uploads\/2022\/05\/251797_361659060568495_468618809_n.jpg\" alt=\"\" class=\"wp-image-752\" srcset=\"https:\/\/uprzyjaciol.pl\/theatrum\/wp-content\/uploads\/2022\/05\/251797_361659060568495_468618809_n.jpg 960w, https:\/\/uprzyjaciol.pl\/theatrum\/wp-content\/uploads\/2022\/05\/251797_361659060568495_468618809_n-300x200.jpg 300w, https:\/\/uprzyjaciol.pl\/theatrum\/wp-content\/uploads\/2022\/05\/251797_361659060568495_468618809_n-768x512.jpg 768w\" sizes=\"(max-width: 960px) 100vw, 960px\" \/><\/figure>\n\n\n\n<figure class=\"wp-block-image size-large\"><img loading=\"lazy\" width=\"960\" height=\"640\" data-id=\"753\"  src=\"https:\/\/uprzyjaciol.pl\/theatrum\/wp-content\/uploads\/2022\/05\/542947_361155717285496_578884889_n.jpg\" alt=\"\" class=\"wp-image-753\" srcset=\"https:\/\/uprzyjaciol.pl\/theatrum\/wp-content\/uploads\/2022\/05\/542947_361155717285496_578884889_n.jpg 960w, https:\/\/uprzyjaciol.pl\/theatrum\/wp-content\/uploads\/2022\/05\/542947_361155717285496_578884889_n-300x200.jpg 300w, https:\/\/uprzyjaciol.pl\/theatrum\/wp-content\/uploads\/2022\/05\/542947_361155717285496_578884889_n-768x512.jpg 768w\" sizes=\"(max-width: 960px) 100vw, 960px\" \/><\/figure>\n\n\n\n<figure class=\"wp-block-image size-large\"><img loading=\"lazy\" width=\"625\" height=\"417\" data-id=\"751\"  src=\"https:\/\/uprzyjaciol.pl\/theatrum\/wp-content\/uploads\/2022\/05\/554336_361758273891907_1565635133_n.jpg\" alt=\"\" class=\"wp-image-751\" srcset=\"https:\/\/uprzyjaciol.pl\/theatrum\/wp-content\/uploads\/2022\/05\/554336_361758273891907_1565635133_n.jpg 625w, https:\/\/uprzyjaciol.pl\/theatrum\/wp-content\/uploads\/2022\/05\/554336_361758273891907_1565635133_n-300x200.jpg 300w\" sizes=\"(max-width: 625px) 100vw, 625px\" \/><\/figure>\n<\/figure>\n","protected":false},"excerpt":{"rendered":"<p>SCENA KOMEDIOWA \/ SPEKTAKL PLENEROWY PREMIERA: 2 czerwca 2012 roku Czas trwania: 50 minut SPEKTAKL ARCHIWALNY &#8222;Alicja w lustrach&#8221; W scenicznej adaptacji powie\u015bci Lewisa Carrola, \u201eTeatr U Przyjaci\u00f3\u0142\u201d stara si\u0119 prze\u015bledzi\u0107 kolejne oblicza b\u0142\u0105kaj\u0105cej si\u0119 po Krainie Czar\u00f3w Alicji. Bior\u0105c dziewczynk\u0119 w ogie\u0144 krzy\u017cowy luster, chce popuszcza\u0107 z ni\u0105 marcowe zaj\u0105ce, odda\u0107 jej parti\u0119 szach\u00f3w,<\/p>\n<div><a class=\"btn-filled btn\" href=\"https:\/\/uprzyjaciol.pl\/theatrum\/spektakle\/premiery\/alicja-w-lustrach\/\" title=\"Alicja w lustrach\">Dowiedz si\u0119 wi\u0119cej<\/a><\/div>\n","protected":false},"author":3,"featured_media":0,"parent":56,"menu_order":0,"comment_status":"closed","ping_status":"closed","template":"","meta":[],"_links":{"self":[{"href":"https:\/\/uprzyjaciol.pl\/theatrum\/wp-json\/wp\/v2\/pages\/749"}],"collection":[{"href":"https:\/\/uprzyjaciol.pl\/theatrum\/wp-json\/wp\/v2\/pages"}],"about":[{"href":"https:\/\/uprzyjaciol.pl\/theatrum\/wp-json\/wp\/v2\/types\/page"}],"author":[{"embeddable":true,"href":"https:\/\/uprzyjaciol.pl\/theatrum\/wp-json\/wp\/v2\/users\/3"}],"replies":[{"embeddable":true,"href":"https:\/\/uprzyjaciol.pl\/theatrum\/wp-json\/wp\/v2\/comments?post=749"}],"version-history":[{"count":4,"href":"https:\/\/uprzyjaciol.pl\/theatrum\/wp-json\/wp\/v2\/pages\/749\/revisions"}],"predecessor-version":[{"id":1293,"href":"https:\/\/uprzyjaciol.pl\/theatrum\/wp-json\/wp\/v2\/pages\/749\/revisions\/1293"}],"up":[{"embeddable":true,"href":"https:\/\/uprzyjaciol.pl\/theatrum\/wp-json\/wp\/v2\/pages\/56"}],"wp:attachment":[{"href":"https:\/\/uprzyjaciol.pl\/theatrum\/wp-json\/wp\/v2\/media?parent=749"}],"curies":[{"name":"wp","href":"https:\/\/api.w.org\/{rel}","templated":true}]}}