{"id":633,"date":"2021-08-11T11:52:17","date_gmt":"2021-08-11T09:52:17","guid":{"rendered":"https:\/\/uprzyjaciol.pl\/theatrum\/?page_id=633"},"modified":"2021-08-11T11:52:22","modified_gmt":"2021-08-11T09:52:22","slug":"krzysztof-ilasz","status":"publish","type":"page","link":"https:\/\/uprzyjaciol.pl\/theatrum\/teatr\/trupa-teatralna\/krzysztof-ilasz\/","title":{"rendered":"Krzysztof Ilasz"},"content":{"rendered":"\n<figure class=\"wp-block-image size-full\"><img loading=\"lazy\" width=\"438\" height=\"515\" src=\"https:\/\/uprzyjaciol.pl\/theatrum\/wp-content\/uploads\/2021\/08\/krzysztof-ilasz.jpg\" alt=\"\" class=\"wp-image-634\" srcset=\"https:\/\/uprzyjaciol.pl\/theatrum\/wp-content\/uploads\/2021\/08\/krzysztof-ilasz.jpg 438w, https:\/\/uprzyjaciol.pl\/theatrum\/wp-content\/uploads\/2021\/08\/krzysztof-ilasz-255x300.jpg 255w\" sizes=\"(max-width: 438px) 100vw, 438px\" \/><\/figure>\n\n\n\n<p>W Teatrze &#8222;U Przyjaci\u00f3\u0142&#8221; od 2010 do 2013.<\/p>\n\n\n\n<p><strong>Role aktorskie w Teatrze &#8222;U Przyjaci\u00f3\u0142&#8221;:<\/strong><\/p>\n\n\n\n<p>Cie\u0144 \u2013 \u201eLegenda o \u015bw. Patryku\u201d (2011, 2012)<\/p>\n\n\n\n<p>Hynes \u2013 \u201eDzie\u0144 Blooma\u201d (2011 \u2013 2012)<\/p>\n\n\n\n<p>Heines, Malahi Mulligan, Obro\u0144ca \u2013 \u201eBloomsday\u201d (2011, 2012, 2013)<\/p>\n\n\n\n<p>Mnich \u2013 \u201eYMAKRAPE\u201d (2011 \u2013 2012)<\/p>\n\n\n\n<p>Alojzy Oddorski \u2013 \u201eRekrutremy\u201d (2011 \u2013 2013)<\/p>\n\n\n\n<p>Boles\u0142aw Amputny \u2013 \u201eBywalcy Absurdutu\u201d (2011)<\/p>\n\n\n\n<p>Lokaj \u2013 \u201eOpowie\u015bci niesamowite \u2013 kryptyk\u201d (2011)<\/p>\n\n\n\n<p>Ksi\u0119gowy \u2013 \u201eFobie\u201d (2012)<\/p>\n\n\n\n<p>Kr\u00f3l \u2013 \u201eAlicja w lustrach\u201d (2012)<\/p>\n","protected":false},"excerpt":{"rendered":"<p>W Teatrze &#8222;U Przyjaci\u00f3\u0142&#8221; od 2010 do 2013. Role aktorskie w Teatrze &#8222;U Przyjaci\u00f3\u0142&#8221;: Cie\u0144 \u2013 \u201eLegenda o \u015bw. Patryku\u201d (2011, 2012) Hynes \u2013 \u201eDzie\u0144 Blooma\u201d (2011 \u2013 2012) Heines, Malahi Mulligan, Obro\u0144ca \u2013 \u201eBloomsday\u201d (2011, 2012, 2013) Mnich \u2013 \u201eYMAKRAPE\u201d (2011 \u2013 2012) Alojzy Oddorski \u2013 \u201eRekrutremy\u201d (2011 \u2013 2013) Boles\u0142aw Amputny \u2013 \u201eBywalcy<\/p>\n<div><a class=\"btn-filled btn\" href=\"https:\/\/uprzyjaciol.pl\/theatrum\/teatr\/trupa-teatralna\/krzysztof-ilasz\/\" title=\"Krzysztof Ilasz\">Dowiedz si\u0119 wi\u0119cej<\/a><\/div>\n","protected":false},"author":6,"featured_media":0,"parent":26,"menu_order":0,"comment_status":"closed","ping_status":"closed","template":"","meta":[],"_links":{"self":[{"href":"https:\/\/uprzyjaciol.pl\/theatrum\/wp-json\/wp\/v2\/pages\/633"}],"collection":[{"href":"https:\/\/uprzyjaciol.pl\/theatrum\/wp-json\/wp\/v2\/pages"}],"about":[{"href":"https:\/\/uprzyjaciol.pl\/theatrum\/wp-json\/wp\/v2\/types\/page"}],"author":[{"embeddable":true,"href":"https:\/\/uprzyjaciol.pl\/theatrum\/wp-json\/wp\/v2\/users\/6"}],"replies":[{"embeddable":true,"href":"https:\/\/uprzyjaciol.pl\/theatrum\/wp-json\/wp\/v2\/comments?post=633"}],"version-history":[{"count":1,"href":"https:\/\/uprzyjaciol.pl\/theatrum\/wp-json\/wp\/v2\/pages\/633\/revisions"}],"predecessor-version":[{"id":635,"href":"https:\/\/uprzyjaciol.pl\/theatrum\/wp-json\/wp\/v2\/pages\/633\/revisions\/635"}],"up":[{"embeddable":true,"href":"https:\/\/uprzyjaciol.pl\/theatrum\/wp-json\/wp\/v2\/pages\/26"}],"wp:attachment":[{"href":"https:\/\/uprzyjaciol.pl\/theatrum\/wp-json\/wp\/v2\/media?parent=633"}],"curies":[{"name":"wp","href":"https:\/\/api.w.org\/{rel}","templated":true}]}}