{"id":630,"date":"2021-08-11T11:51:10","date_gmt":"2021-08-11T09:51:10","guid":{"rendered":"https:\/\/uprzyjaciol.pl\/theatrum\/?page_id=630"},"modified":"2021-08-11T11:51:17","modified_gmt":"2021-08-11T09:51:17","slug":"jaroslaw-zajcher","status":"publish","type":"page","link":"https:\/\/uprzyjaciol.pl\/theatrum\/teatr\/trupa-teatralna\/jaroslaw-zajcher\/","title":{"rendered":"Jaros\u0142aw Zajcher"},"content":{"rendered":"\n<figure class=\"wp-block-image size-full\"><img loading=\"lazy\" width=\"960\" height=\"639\" src=\"https:\/\/uprzyjaciol.pl\/theatrum\/wp-content\/uploads\/2021\/08\/jaroslaw-zajcher.jpg\" alt=\"\" class=\"wp-image-631\" srcset=\"https:\/\/uprzyjaciol.pl\/theatrum\/wp-content\/uploads\/2021\/08\/jaroslaw-zajcher.jpg 960w, https:\/\/uprzyjaciol.pl\/theatrum\/wp-content\/uploads\/2021\/08\/jaroslaw-zajcher-300x200.jpg 300w, https:\/\/uprzyjaciol.pl\/theatrum\/wp-content\/uploads\/2021\/08\/jaroslaw-zajcher-768x511.jpg 768w\" sizes=\"(max-width: 960px) 100vw, 960px\" \/><\/figure>\n\n\n\n<p>W Teatrze u Przyjaci\u00f3\u0142 od 2003 roku. Aktor, student psychologii na UAM w Poznaniu oraz filologii polskiej na Uniwersytecie Wroc\u0142awskim.<\/p>\n\n\n\n<p><strong>Role aktorskie w Teatrze U Przyjaci\u00f3\u0142:<\/strong><\/p>\n\n\n\n<p>Lokaj \u2013 \u201eJesie\u0144 Witkacego\u201d (2003 \u2013 2004)<\/p>\n\n\n\n<p>Urz\u0119dnik, obs\u0142uga \u015bwiat\u0142a \u2013 \u201eKoncert maszyn\u201d (2004)<\/p>\n\n\n\n<p>Barman, Pracownik redakcji \u201eFreemans Journal\u201d, Stefan Dedalus \u2013 \u201eBloomsday\u201d (2005, 2006, 2007, 2008, 2009)<\/p>\n\n\n\n<p>Hrabia Orunlock \u2013 \u201ePami\u0119tnik\u201d (2007) [film]<\/p>\n\n\n\n<p>Cz\u0142onek orkiestry \u201eM\u0119tny Tryton\u201d \u2013 \u201ePasje i obsesje Teodora Astray\u201d (2007 \u2013 2009)<\/p>\n\n\n\n<p>Mnich \u2013 \u201eYMAKRAPE\u201d (2007 \u2013 2009)<\/p>\n\n\n\n<p>Cz\u0142onek trupy teatralnej \u2013 \u201eLegenda o \u015bw. Patryku\u201d (2008, 2009, 2010)<\/p>\n\n\n\n<p>Dyrektor Lichodiejew \u2013 \u201eSenne \u0142agodne prze\u015bwity\u201d (2008 )<\/p>\n\n\n\n<p>Teodor Astray \u2013 \u201ePasje i obsesje Teodora Astray\u201d (2009)<\/p>\n\n\n\n<p>Dusza napuszona \u2013 \u201eAppendix\u201d (2009 \u2013 2013)<\/p>\n\n\n\n<p>Leopold Bloom\/Stefan Dedalus \u2013 \u201eDzie\u0144 Blooma\u201d (2009)<\/p>\n\n\n\n<p>Benon Beton \u2013 \u201eRekrutremy\u201d (2011 \u2013 2012)<\/p>\n\n\n\n<p>Pan G\u0105sienica \u2013 \u201eAlicja w lustrach\u201d (2012)<\/p>\n\n\n\n<p>Alfred Pleszewski \u2013 \u201eFobie\u201d (2012)<\/p>\n\n\n\n<p>Mnich Marcel \u2013 \u201eNiebostrzyg\u201d (2013)<\/p>\n\n\n\n<p><strong>Realizacja \u015bwiat\u0142a:&nbsp;<\/strong>&#8222;Wiosna Schulza&#8221; (2003)<\/p>\n","protected":false},"excerpt":{"rendered":"<p>W Teatrze u Przyjaci\u00f3\u0142 od 2003 roku. Aktor, student psychologii na UAM w Poznaniu oraz filologii polskiej na Uniwersytecie Wroc\u0142awskim. Role aktorskie w Teatrze U Przyjaci\u00f3\u0142: Lokaj \u2013 \u201eJesie\u0144 Witkacego\u201d (2003 \u2013 2004) Urz\u0119dnik, obs\u0142uga \u015bwiat\u0142a \u2013 \u201eKoncert maszyn\u201d (2004) Barman, Pracownik redakcji \u201eFreemans Journal\u201d, Stefan Dedalus \u2013 \u201eBloomsday\u201d (2005, 2006, 2007, 2008, 2009) Hrabia<\/p>\n<div><a class=\"btn-filled btn\" href=\"https:\/\/uprzyjaciol.pl\/theatrum\/teatr\/trupa-teatralna\/jaroslaw-zajcher\/\" title=\"Jaros\u0142aw Zajcher\">Dowiedz si\u0119 wi\u0119cej<\/a><\/div>\n","protected":false},"author":6,"featured_media":0,"parent":26,"menu_order":0,"comment_status":"closed","ping_status":"closed","template":"","meta":[],"_links":{"self":[{"href":"https:\/\/uprzyjaciol.pl\/theatrum\/wp-json\/wp\/v2\/pages\/630"}],"collection":[{"href":"https:\/\/uprzyjaciol.pl\/theatrum\/wp-json\/wp\/v2\/pages"}],"about":[{"href":"https:\/\/uprzyjaciol.pl\/theatrum\/wp-json\/wp\/v2\/types\/page"}],"author":[{"embeddable":true,"href":"https:\/\/uprzyjaciol.pl\/theatrum\/wp-json\/wp\/v2\/users\/6"}],"replies":[{"embeddable":true,"href":"https:\/\/uprzyjaciol.pl\/theatrum\/wp-json\/wp\/v2\/comments?post=630"}],"version-history":[{"count":1,"href":"https:\/\/uprzyjaciol.pl\/theatrum\/wp-json\/wp\/v2\/pages\/630\/revisions"}],"predecessor-version":[{"id":632,"href":"https:\/\/uprzyjaciol.pl\/theatrum\/wp-json\/wp\/v2\/pages\/630\/revisions\/632"}],"up":[{"embeddable":true,"href":"https:\/\/uprzyjaciol.pl\/theatrum\/wp-json\/wp\/v2\/pages\/26"}],"wp:attachment":[{"href":"https:\/\/uprzyjaciol.pl\/theatrum\/wp-json\/wp\/v2\/media?parent=630"}],"curies":[{"name":"wp","href":"https:\/\/api.w.org\/{rel}","templated":true}]}}