{"id":625,"date":"2021-08-11T11:49:30","date_gmt":"2021-08-11T09:49:30","guid":{"rendered":"https:\/\/uprzyjaciol.pl\/theatrum\/?page_id=625"},"modified":"2021-08-11T11:49:33","modified_gmt":"2021-08-11T09:49:33","slug":"miriam-namiotko","status":"publish","type":"page","link":"https:\/\/uprzyjaciol.pl\/theatrum\/teatr\/trupa-teatralna\/miriam-namiotko\/","title":{"rendered":"Miriam Namiotko"},"content":{"rendered":"\n<figure class=\"wp-block-image size-full\"><img loading=\"lazy\" width=\"960\" height=\"639\" src=\"https:\/\/uprzyjaciol.pl\/theatrum\/wp-content\/uploads\/2021\/08\/miriam-namiotko.jpg\" alt=\"\" class=\"wp-image-626\" srcset=\"https:\/\/uprzyjaciol.pl\/theatrum\/wp-content\/uploads\/2021\/08\/miriam-namiotko.jpg 960w, https:\/\/uprzyjaciol.pl\/theatrum\/wp-content\/uploads\/2021\/08\/miriam-namiotko-300x200.jpg 300w, https:\/\/uprzyjaciol.pl\/theatrum\/wp-content\/uploads\/2021\/08\/miriam-namiotko-768x511.jpg 768w\" sizes=\"(max-width: 960px) 100vw, 960px\" \/><\/figure>\n\n\n\n<p>W Teatrze &#8222;U Przyjaci\u00f3\u0142&#8221; od 2011 do 2014 roku. Aktorka, studentka Medi\u00f3w Interaktywnych i Widowisk na UAM w Poznaniu.<\/p>\n\n\n\n<p><strong>Role aktorskie w Teatrze &#8222;U Przyjaci\u00f3\u0142&#8221;:<\/strong><\/p>\n\n\n\n<p>Piernicka \u2013 \u201eRekrutremy\u201d (2011 \u2013 2012)<\/p>\n\n\n\n<p>Cz\u0142onek trupy teatralnej \u2013 \u201eLegenda o \u015bw. Patryku\u201d (2012)<\/p>\n\n\n\n<p>Mnich \u2013 \u201eYMAKRAPE\u201d (2012)<\/p>\n\n\n\n<p>Kucharka \u2013 \u201eAlicja w lustrach\u201d (2012)<\/p>\n\n\n\n<p>Maddame DeCapita, Panna Anna \u2013 \u201eNiebostrzyg\u201d (2012 &#8211; 2014)<\/p>\n","protected":false},"excerpt":{"rendered":"<p>W Teatrze &#8222;U Przyjaci\u00f3\u0142&#8221; od 2011 do 2014 roku. Aktorka, studentka Medi\u00f3w Interaktywnych i Widowisk na UAM w Poznaniu. Role aktorskie w Teatrze &#8222;U Przyjaci\u00f3\u0142&#8221;: Piernicka \u2013 \u201eRekrutremy\u201d (2011 \u2013 2012) Cz\u0142onek trupy teatralnej \u2013 \u201eLegenda o \u015bw. Patryku\u201d (2012) Mnich \u2013 \u201eYMAKRAPE\u201d (2012) Kucharka \u2013 \u201eAlicja w lustrach\u201d (2012) Maddame DeCapita, Panna Anna \u2013<\/p>\n<div><a class=\"btn-filled btn\" href=\"https:\/\/uprzyjaciol.pl\/theatrum\/teatr\/trupa-teatralna\/miriam-namiotko\/\" title=\"Miriam Namiotko\">Dowiedz si\u0119 wi\u0119cej<\/a><\/div>\n","protected":false},"author":6,"featured_media":0,"parent":26,"menu_order":0,"comment_status":"closed","ping_status":"closed","template":"","meta":[],"_links":{"self":[{"href":"https:\/\/uprzyjaciol.pl\/theatrum\/wp-json\/wp\/v2\/pages\/625"}],"collection":[{"href":"https:\/\/uprzyjaciol.pl\/theatrum\/wp-json\/wp\/v2\/pages"}],"about":[{"href":"https:\/\/uprzyjaciol.pl\/theatrum\/wp-json\/wp\/v2\/types\/page"}],"author":[{"embeddable":true,"href":"https:\/\/uprzyjaciol.pl\/theatrum\/wp-json\/wp\/v2\/users\/6"}],"replies":[{"embeddable":true,"href":"https:\/\/uprzyjaciol.pl\/theatrum\/wp-json\/wp\/v2\/comments?post=625"}],"version-history":[{"count":1,"href":"https:\/\/uprzyjaciol.pl\/theatrum\/wp-json\/wp\/v2\/pages\/625\/revisions"}],"predecessor-version":[{"id":627,"href":"https:\/\/uprzyjaciol.pl\/theatrum\/wp-json\/wp\/v2\/pages\/625\/revisions\/627"}],"up":[{"embeddable":true,"href":"https:\/\/uprzyjaciol.pl\/theatrum\/wp-json\/wp\/v2\/pages\/26"}],"wp:attachment":[{"href":"https:\/\/uprzyjaciol.pl\/theatrum\/wp-json\/wp\/v2\/media?parent=625"}],"curies":[{"name":"wp","href":"https:\/\/api.w.org\/{rel}","templated":true}]}}