{"id":62,"date":"2021-02-11T12:44:22","date_gmt":"2021-02-11T11:44:22","guid":{"rendered":"https:\/\/uprzyjaciol.pl\/theatrum\/?page_id=62"},"modified":"2025-09-20T08:47:51","modified_gmt":"2025-09-20T06:47:51","slug":"lekcje","status":"publish","type":"page","link":"https:\/\/uprzyjaciol.pl\/theatrum\/lekcje\/","title":{"rendered":"TUP LEKCJE"},"content":{"rendered":"\n<p><strong>Zapraszamy grupy mi\u0142o\u015bnik\u00f3w teatralnych ze szk\u00f3\u0142 \u015brednich\/dom\u00f3w kultury i innych o\u015brodk\u00f3w do wzi\u0119cia udzia\u0142u w projekcie &#8222;Lekcje U Przyjaci\u00f3\u0142: teatr&#8221;.<\/strong><\/p>\n\n\n\n<figure class=\"wp-block-image size-large\"><img loading=\"lazy\" width=\"1024\" height=\"550\" src=\"https:\/\/uprzyjaciol.pl\/theatrum\/wp-content\/uploads\/2022\/05\/123658278_395108074861830_8200047582147536786_n-1024x550.jpg\" alt=\"\" class=\"wp-image-817\" srcset=\"https:\/\/uprzyjaciol.pl\/theatrum\/wp-content\/uploads\/2022\/05\/123658278_395108074861830_8200047582147536786_n-1024x550.jpg 1024w, https:\/\/uprzyjaciol.pl\/theatrum\/wp-content\/uploads\/2022\/05\/123658278_395108074861830_8200047582147536786_n-300x161.jpg 300w, https:\/\/uprzyjaciol.pl\/theatrum\/wp-content\/uploads\/2022\/05\/123658278_395108074861830_8200047582147536786_n-768x413.jpg 768w, https:\/\/uprzyjaciol.pl\/theatrum\/wp-content\/uploads\/2022\/05\/123658278_395108074861830_8200047582147536786_n-1536x825.jpg 1536w, https:\/\/uprzyjaciol.pl\/theatrum\/wp-content\/uploads\/2022\/05\/123658278_395108074861830_8200047582147536786_n.jpg 2048w\" sizes=\"(max-width: 1024px) 100vw, 1024px\" \/><\/figure>\n\n\n\n<p>Za\u0142o\u017cenia projektu:<\/p>\n\n\n\n<p>Zaproszone do projektu grupy b\u0119d\u0105 mia\u0142y okazj\u0119 zapozna\u0107 si\u0119 z r\u00f3\u017cnymi formami teatru dramatycznego: monodramem, spektaklem eksperymentalnym, spektaklem biograficznym, spektaklem inspirowanym literatur\u0105 wsp\u00f3\u0142czesn\u0105.&nbsp;Proponujemy tytu\u0142y, kt\u00f3re zach\u0119c\u0105 do dyskusji i pog\u0142\u0119bienia tematu poruszanego w spektaklu.<\/p>\n\n\n\n<p><strong>Opiekunowie grup b\u0119d\u0105 mogli wybra\u0107 spektakle spo\u015br\u00f3d tytu\u0142\u00f3w:<\/strong><br><a href=\"https:\/\/uprzyjaciol.pl\/theatrum\/spektakle\/premiery\/oddychaj\/\" data-type=\"URL\" data-id=\"https:\/\/uprzyjaciol.pl\/theatrum\/spektakle\/premiery\/oddychaj\/\">Oddychaj<\/a><br><a href=\"https:\/\/uprzyjaciol.pl\/teatr\/index.php\/spektakle\/78-uprzyjaciol\/156-dzisiaj-wyjezdzam\" data-type=\"URL\" data-id=\"https:\/\/uprzyjaciol.pl\/teatr\/index.php\/spektakle\/78-uprzyjaciol\/156-dzisiaj-wyjezdzam\">Dzisiaj wyje\u017cd\u017cam<\/a><br><a href=\"https:\/\/uprzyjaciol.pl\/teatr\/index.php\/spektakle\/78-uprzyjaciol\/144-wariat-i-zakonnica-dementia-preacox\" data-type=\"URL\" data-id=\"https:\/\/uprzyjaciol.pl\/teatr\/index.php\/spektakle\/78-uprzyjaciol\/144-wariat-i-zakonnica-dementia-preacox\">Wariat i zakonnica<\/a><br><a href=\"https:\/\/uprzyjaciol.pl\/teatr\/index.php\/spektakle\/78-uprzyjaciol\/76-vitcatius\" data-type=\"URL\" data-id=\"https:\/\/uprzyjaciol.pl\/teatr\/index.php\/spektakle\/78-uprzyjaciol\/76-vitcatius\">WitKacy<\/a><br><\/p>\n\n\n\n<p>Ka\u017cdy tytu\u0142 reprezentuje inn\u0105 form\u0119 teatru dramatycznego, ka\u017cdy oparty jest na literaturze polskiej i wymaga od odbiorcy przygotowania. Celowo wybrali\u015bmy tytu\u0142y &#8222;trudne&#8221;, by da\u0107 odbiorcom narz\u0119dzia do &#8222;oswojenia&#8221; ich. Prezentacja spektaklu stanowi\u0107 b\u0119dzie wst\u0119p do otwartej rozmowy tw\u00f3rc\u00f3w i uczestnik\u00f3w po przedstawieniu. Wierzymy, \u017ce kameralna sala Teatru &#8222;U Przyjaci\u00f3\u0142&#8221; stworzy atmosfer\u0119 przyjazn\u0105 i zach\u0119caj\u0105c\u0105 do spontanicznego odbioru oraz swobodnej dyskusji.&nbsp;<\/p>\n\n\n\n<p>Proponowany projekt edukacyjny to wyj\u0105tkowa okazja do pog\u0142\u0119bienia wiedzy na temat teatru dramatycznego, a tak\u017ce do doskonalenia umiej\u0119tno\u015bci tw\u00f3rczego odbioru sztuki inspirowanej wa\u017cnymi tekstami literackimi. Zaanga\u017cowanie wykraczaj\u0105ce poza praktyk\u0119 przewidzian\u0105 w podstawowym trybie kszta\u0142cenia polonistycznego stanowi te\u017c jeden ze sposob\u00f3w anga\u017cowania m\u0142odych ludzi w kultur\u0119 regionu, przybli\u017ca specyfik\u0119 przestrzeni kulturalnej charakterystycznej dla miasta akademickiego, jak r\u00f3wnie\u017c przygotowuje do krytycznego uczestnictwa w \u017cyciu spo\u0142ecznym.&nbsp;<br><br>Zapraszamy opiekun\u00f3w grup do kontaktu telefonicznego\/mailowego w sprawie szczeg\u00f3\u0142\u00f3w uczestnictwa.<\/p>\n\n\n\n<p>&#8212;<\/p>\n\n\n\n<p>Tomasz Zajcher<\/p>\n\n\n\n<p>M:&nbsp;<a href=\"mailto:teatr@uprzyjaciol.pl\">teatr@uprzyjaciol.pl<\/a><\/p>\n\n\n\n<p>T: +48 797 021 028<\/p>\n\n\n\n<p><br><\/p>\n","protected":false},"excerpt":{"rendered":"<p>Zapraszamy grupy mi\u0142o\u015bnik\u00f3w teatralnych ze szk\u00f3\u0142 \u015brednich\/dom\u00f3w kultury i innych o\u015brodk\u00f3w do wzi\u0119cia udzia\u0142u w projekcie &#8222;Lekcje U Przyjaci\u00f3\u0142: teatr&#8221;. Za\u0142o\u017cenia projektu: Zaproszone do projektu grupy b\u0119d\u0105 mia\u0142y okazj\u0119 zapozna\u0107 si\u0119 z r\u00f3\u017cnymi formami teatru dramatycznego: monodramem, spektaklem eksperymentalnym, spektaklem biograficznym, spektaklem inspirowanym literatur\u0105 wsp\u00f3\u0142czesn\u0105.&nbsp;Proponujemy tytu\u0142y, kt\u00f3re zach\u0119c\u0105 do dyskusji i pog\u0142\u0119bienia tematu poruszanego w<\/p>\n<div><a class=\"btn-filled btn\" href=\"https:\/\/uprzyjaciol.pl\/theatrum\/lekcje\/\" title=\"TUP LEKCJE\">Dowiedz si\u0119 wi\u0119cej<\/a><\/div>\n","protected":false},"author":6,"featured_media":0,"parent":0,"menu_order":6,"comment_status":"closed","ping_status":"closed","template":"","meta":[],"_links":{"self":[{"href":"https:\/\/uprzyjaciol.pl\/theatrum\/wp-json\/wp\/v2\/pages\/62"}],"collection":[{"href":"https:\/\/uprzyjaciol.pl\/theatrum\/wp-json\/wp\/v2\/pages"}],"about":[{"href":"https:\/\/uprzyjaciol.pl\/theatrum\/wp-json\/wp\/v2\/types\/page"}],"author":[{"embeddable":true,"href":"https:\/\/uprzyjaciol.pl\/theatrum\/wp-json\/wp\/v2\/users\/6"}],"replies":[{"embeddable":true,"href":"https:\/\/uprzyjaciol.pl\/theatrum\/wp-json\/wp\/v2\/comments?post=62"}],"version-history":[{"count":10,"href":"https:\/\/uprzyjaciol.pl\/theatrum\/wp-json\/wp\/v2\/pages\/62\/revisions"}],"predecessor-version":[{"id":2375,"href":"https:\/\/uprzyjaciol.pl\/theatrum\/wp-json\/wp\/v2\/pages\/62\/revisions\/2375"}],"wp:attachment":[{"href":"https:\/\/uprzyjaciol.pl\/theatrum\/wp-json\/wp\/v2\/media?parent=62"}],"curies":[{"name":"wp","href":"https:\/\/api.w.org\/{rel}","templated":true}]}}