{"id":618,"date":"2021-08-11T11:44:27","date_gmt":"2021-08-11T09:44:27","guid":{"rendered":"https:\/\/uprzyjaciol.pl\/theatrum\/?page_id=618"},"modified":"2023-04-14T13:41:57","modified_gmt":"2023-04-14T11:41:57","slug":"anna-kowalska","status":"publish","type":"page","link":"https:\/\/uprzyjaciol.pl\/theatrum\/teatr\/trupa-teatralna\/anna-kowalska\/","title":{"rendered":"Anna Kowalska"},"content":{"rendered":"\n<figure class=\"wp-block-image\"><img alt=\"\"\/><\/figure>\n\n\n\n<p><strong>W Teatrze &#8222;U Przyjaci\u00f3\u0142&#8221; od 2012 roku.<\/strong><\/p>\n\n\n\n<p><strong>Role aktorskie w Teatrze U Przyjaci\u00f3\u0142:<\/strong><\/p>\n\n\n\n<p>Dziuralska &#8211; &#8222;Rekrutremy&#8221; (2012)<\/p>\n\n\n\n<p>Cie\u0144 &#8211; &#8222;Legenda o \u015bwi\u0119tym Patryku&#8221; (2012)<\/p>\n\n\n\n<p>Panna Anna &#8211; &#8222;Niebostrzyg&#8221; (2014)<br><\/p>\n\n\n\n<p><\/p>\n","protected":false},"excerpt":{"rendered":"<p>W Teatrze &#8222;U Przyjaci\u00f3\u0142&#8221; od 2012 roku. Role aktorskie w Teatrze U Przyjaci\u00f3\u0142: Dziuralska &#8211; &#8222;Rekrutremy&#8221; (2012) Cie\u0144 &#8211; &#8222;Legenda o \u015bwi\u0119tym Patryku&#8221; (2012) Panna Anna &#8211; &#8222;Niebostrzyg&#8221; (2014)<\/p>\n","protected":false},"author":6,"featured_media":0,"parent":26,"menu_order":0,"comment_status":"closed","ping_status":"closed","template":"","meta":[],"_links":{"self":[{"href":"https:\/\/uprzyjaciol.pl\/theatrum\/wp-json\/wp\/v2\/pages\/618"}],"collection":[{"href":"https:\/\/uprzyjaciol.pl\/theatrum\/wp-json\/wp\/v2\/pages"}],"about":[{"href":"https:\/\/uprzyjaciol.pl\/theatrum\/wp-json\/wp\/v2\/types\/page"}],"author":[{"embeddable":true,"href":"https:\/\/uprzyjaciol.pl\/theatrum\/wp-json\/wp\/v2\/users\/6"}],"replies":[{"embeddable":true,"href":"https:\/\/uprzyjaciol.pl\/theatrum\/wp-json\/wp\/v2\/comments?post=618"}],"version-history":[{"count":2,"href":"https:\/\/uprzyjaciol.pl\/theatrum\/wp-json\/wp\/v2\/pages\/618\/revisions"}],"predecessor-version":[{"id":1668,"href":"https:\/\/uprzyjaciol.pl\/theatrum\/wp-json\/wp\/v2\/pages\/618\/revisions\/1668"}],"up":[{"embeddable":true,"href":"https:\/\/uprzyjaciol.pl\/theatrum\/wp-json\/wp\/v2\/pages\/26"}],"wp:attachment":[{"href":"https:\/\/uprzyjaciol.pl\/theatrum\/wp-json\/wp\/v2\/media?parent=618"}],"curies":[{"name":"wp","href":"https:\/\/api.w.org\/{rel}","templated":true}]}}