{"id":614,"date":"2021-08-11T11:41:02","date_gmt":"2021-08-11T09:41:02","guid":{"rendered":"https:\/\/uprzyjaciol.pl\/theatrum\/?page_id=614"},"modified":"2021-08-11T11:41:27","modified_gmt":"2021-08-11T09:41:27","slug":"kacper-koteras","status":"publish","type":"page","link":"https:\/\/uprzyjaciol.pl\/theatrum\/teatr\/trupa-teatralna\/kacper-koteras\/","title":{"rendered":"Kacper Koteras"},"content":{"rendered":"\n<figure class=\"wp-block-image\"><img alt=\"\"\/><\/figure>\n\n\n\n<p>W Teatrze &#8222;U Przyjaci\u00f3\u0142&#8221; od 2015 roku.<\/p>\n\n\n\n<p><br>Aktor, realizator \u015bwiat\u0142a-d\u017awi\u0119ku, student chemii.<\/p>\n\n\n\n<p><strong>Role aktorskie w Teatrze &#8222;U Przyjaci\u00f3\u0142&#8221;:<\/strong><br>&#8222;Pasje i obsesje Teodora Astray&#8221; &#8211; M\u0119tny Tryton (tr\u0105bka)<\/p>\n\n\n\n<p>&#8222;Lysis&#8221; &#8211; Nios\u0105cy\u015awiat\u0142o<\/p>\n\n\n\n<p><strong>Realizator w Teatrze &#8222;U Przyjaci\u00f3\u0142&#8221;:<\/strong><\/p>\n\n\n\n<p>&#8222;Vitcatius&#8221;<\/p>\n\n\n\n<p>&#8222;IP_Istnienia Poszczeg\u00f3lne&#8221;<\/p>\n","protected":false},"excerpt":{"rendered":"<p>W Teatrze &#8222;U Przyjaci\u00f3\u0142&#8221; od 2015 roku. Aktor, realizator \u015bwiat\u0142a-d\u017awi\u0119ku, student chemii. Role aktorskie w Teatrze &#8222;U Przyjaci\u00f3\u0142&#8221;:&#8222;Pasje i obsesje Teodora Astray&#8221; &#8211; M\u0119tny Tryton (tr\u0105bka) &#8222;Lysis&#8221; &#8211; Nios\u0105cy\u015awiat\u0142o Realizator w Teatrze &#8222;U Przyjaci\u00f3\u0142&#8221;: &#8222;Vitcatius&#8221; &#8222;IP_Istnienia Poszczeg\u00f3lne&#8221;<\/p>\n","protected":false},"author":6,"featured_media":0,"parent":26,"menu_order":0,"comment_status":"closed","ping_status":"closed","template":"","meta":[],"_links":{"self":[{"href":"https:\/\/uprzyjaciol.pl\/theatrum\/wp-json\/wp\/v2\/pages\/614"}],"collection":[{"href":"https:\/\/uprzyjaciol.pl\/theatrum\/wp-json\/wp\/v2\/pages"}],"about":[{"href":"https:\/\/uprzyjaciol.pl\/theatrum\/wp-json\/wp\/v2\/types\/page"}],"author":[{"embeddable":true,"href":"https:\/\/uprzyjaciol.pl\/theatrum\/wp-json\/wp\/v2\/users\/6"}],"replies":[{"embeddable":true,"href":"https:\/\/uprzyjaciol.pl\/theatrum\/wp-json\/wp\/v2\/comments?post=614"}],"version-history":[{"count":2,"href":"https:\/\/uprzyjaciol.pl\/theatrum\/wp-json\/wp\/v2\/pages\/614\/revisions"}],"predecessor-version":[{"id":617,"href":"https:\/\/uprzyjaciol.pl\/theatrum\/wp-json\/wp\/v2\/pages\/614\/revisions\/617"}],"up":[{"embeddable":true,"href":"https:\/\/uprzyjaciol.pl\/theatrum\/wp-json\/wp\/v2\/pages\/26"}],"wp:attachment":[{"href":"https:\/\/uprzyjaciol.pl\/theatrum\/wp-json\/wp\/v2\/media?parent=614"}],"curies":[{"name":"wp","href":"https:\/\/api.w.org\/{rel}","templated":true}]}}