{"id":60,"date":"2021-02-11T12:43:04","date_gmt":"2021-02-11T11:43:04","guid":{"rendered":"https:\/\/uprzyjaciol.pl\/theatrum\/?page_id=60"},"modified":"2023-11-03T14:58:21","modified_gmt":"2023-11-03T13:58:21","slug":"kontakt","status":"publish","type":"page","link":"https:\/\/uprzyjaciol.pl\/theatrum\/kontakt\/","title":{"rendered":"Kontakt"},"content":{"rendered":"\n<p><strong>U PRZYJACI\u00d3\u0141 KAWIARNIA KLUB TEATR<\/strong><\/p>\n\n\n\n<p>ul. Miel\u017cy\u0144skiego 27\/29<\/p>\n\n\n\n<p>61-725 Pozna\u0144<\/p>\n\n\n\n<p>tel. 618516795 (kawiarnia)<\/p>\n\n\n\n<p>tel. 797 021 028 (teatr: rezerwacja bilet\u00f3w SMS)<\/p>\n\n\n\n<p><\/p>\n\n\n\n<p><a><\/a><a href=\"mailto:teatr@uprzyjaciol.pl\">teatr@uprzyjaciol.pl<\/a><\/p>\n\n\n\n<p>CHCESZ DO NAS DO\u0141\u0104CZY\u0106? napisz:&nbsp;<a href=\"mailto:teatr@uprzyjaciol.pl\">teatr@uprzyjaciol.pl<\/a><\/p>\n\n\n\n<p><strong><a href=\"https:\/\/uprzyjaciol.pl\/theatrum\/wspieraj\/\">CHCESZ WESPRZE\u0106 NASZ\u0104 DZIA\u0141ALNO\u015a\u0106?<\/a><\/strong><\/p>\n\n\n\n<p><strong>O\u015aWIADCZENIE:<\/strong><\/p>\n\n\n\n<p>Teatr U Przyjaci\u00f3\u0142 ma charakter spo\u0142eczny, czyli cierpi na permanentny brak wsparcia finansowego. Dlatego, wybieraj\u0105c si\u0119 na nasze spektakle, nale\u017cy liczy\u0107 si\u0119 z wszelkimi niewygodami. Dzi\u0119ki temu o\u015bwiadczeniu chcemy powstrzyma\u0107 widza przed pochopnym wydaniem pieni\u0119dzy, kt\u00f3rych na pewno nie inwestujemy w komplet wygodnych foteli i wind\u0119. Inwestujemy wy\u0142\u0105cznie w realizacj\u0119 kolejnych spektakli.<\/p>\n","protected":false},"excerpt":{"rendered":"<p>U PRZYJACI\u00d3\u0141 KAWIARNIA KLUB TEATR ul. Miel\u017cy\u0144skiego 27\/29 61-725 Pozna\u0144 tel. 618516795 (kawiarnia) tel. 797 021 028 (teatr: rezerwacja bilet\u00f3w SMS) teatr@uprzyjaciol.pl CHCESZ DO NAS DO\u0141\u0104CZY\u0106? napisz:&nbsp;teatr@uprzyjaciol.pl CHCESZ WESPRZE\u0106 NASZ\u0104 DZIA\u0141ALNO\u015a\u0106? O\u015aWIADCZENIE: Teatr U Przyjaci\u00f3\u0142 ma charakter spo\u0142eczny, czyli cierpi na permanentny brak wsparcia finansowego. Dlatego, wybieraj\u0105c si\u0119 na nasze spektakle, nale\u017cy liczy\u0107 si\u0119 z<\/p>\n<div><a class=\"btn-filled btn\" href=\"https:\/\/uprzyjaciol.pl\/theatrum\/kontakt\/\" title=\"Kontakt\">Dowiedz si\u0119 wi\u0119cej<\/a><\/div>\n","protected":false},"author":6,"featured_media":0,"parent":0,"menu_order":5,"comment_status":"closed","ping_status":"closed","template":"","meta":[],"_links":{"self":[{"href":"https:\/\/uprzyjaciol.pl\/theatrum\/wp-json\/wp\/v2\/pages\/60"}],"collection":[{"href":"https:\/\/uprzyjaciol.pl\/theatrum\/wp-json\/wp\/v2\/pages"}],"about":[{"href":"https:\/\/uprzyjaciol.pl\/theatrum\/wp-json\/wp\/v2\/types\/page"}],"author":[{"embeddable":true,"href":"https:\/\/uprzyjaciol.pl\/theatrum\/wp-json\/wp\/v2\/users\/6"}],"replies":[{"embeddable":true,"href":"https:\/\/uprzyjaciol.pl\/theatrum\/wp-json\/wp\/v2\/comments?post=60"}],"version-history":[{"count":7,"href":"https:\/\/uprzyjaciol.pl\/theatrum\/wp-json\/wp\/v2\/pages\/60\/revisions"}],"predecessor-version":[{"id":1956,"href":"https:\/\/uprzyjaciol.pl\/theatrum\/wp-json\/wp\/v2\/pages\/60\/revisions\/1956"}],"wp:attachment":[{"href":"https:\/\/uprzyjaciol.pl\/theatrum\/wp-json\/wp\/v2\/media?parent=60"}],"curies":[{"name":"wp","href":"https:\/\/api.w.org\/{rel}","templated":true}]}}