{"id":58,"date":"2021-02-11T12:41:25","date_gmt":"2021-02-11T11:41:25","guid":{"rendered":"https:\/\/uprzyjaciol.pl\/theatrum\/?page_id=58"},"modified":"2026-03-09T16:06:41","modified_gmt":"2026-03-09T15:06:41","slug":"bilety","status":"publish","type":"page","link":"https:\/\/uprzyjaciol.pl\/theatrum\/bilety\/","title":{"rendered":"Bilety"},"content":{"rendered":"\n<p><\/p>\n\n\n\n<figure class=\"wp-block-table is-style-stripes\"><table  class=\" table table-hover\" ><tbody><tr><td>40 z\u0142<\/td><td class=\"has-text-align-center\" data-align=\"center\"><a href=\"https:\/\/uprzyjaciol.pl\/theatrum\/spektakle\/premiery\/wariat-i-zakonnica\" data-type=\"URL\" data-id=\"https:\/\/uprzyjaciol.pl\/theatrum\/spektakle\/premiery\/wariat-i-zakonnica\">Wariat i zakonnica<br><\/a><a href=\"http:\/\/www.uprzyjaciol.pl\/teatr\/index.php\/bilety\/78-uprzyjaciol\/144-wariat-i-zakonnica-dementia-preacox\"><\/a>(dementia praecox)<\/td><td><img loading=\"lazy\" width=\"585\" height=\"191\" class=\"wp-image-385\" style=\"width: 400px;\" src=\"https:\/\/uprzyjaciol.pl\/theatrum\/wp-content\/uploads\/2021\/07\/dementia2020_bilet.png\" alt=\"\" srcset=\"https:\/\/uprzyjaciol.pl\/theatrum\/wp-content\/uploads\/2021\/07\/dementia2020_bilet.png 585w, https:\/\/uprzyjaciol.pl\/theatrum\/wp-content\/uploads\/2021\/07\/dementia2020_bilet-300x98.png 300w\" sizes=\"(max-width: 585px) 100vw, 585px\" \/><a href=\"http:\/\/www.uprzyjaciol.pl\/teatr\/index.php\/bilety\/78-uprzyjaciol\/144-wariat-i-zakonnica-dementia-preacox\"><\/a><\/td><\/tr><tr><td>40 z\u0142<\/td><td class=\"has-text-align-center\" data-align=\"center\"><a href=\"https:\/\/uprzyjaciol.pl\/theatrum\/spektakle\/premiery\/dzisiaj-wyjezdzam\" data-type=\"URL\" data-id=\"https:\/\/uprzyjaciol.pl\/theatrum\/spektakle\/premiery\/dzisiaj-wyjezdzam\">Dzisiaj wyje\u017cd\u017cam<\/a><\/td><td><img loading=\"lazy\" width=\"1772\" height=\"591\" class=\"wp-image-386\" style=\"width: 400px;\" src=\"https:\/\/uprzyjaciol.pl\/theatrum\/wp-content\/uploads\/2021\/07\/jas_bilet.jpg\" alt=\"\" srcset=\"https:\/\/uprzyjaciol.pl\/theatrum\/wp-content\/uploads\/2021\/07\/jas_bilet.jpg 1772w, https:\/\/uprzyjaciol.pl\/theatrum\/wp-content\/uploads\/2021\/07\/jas_bilet-300x100.jpg 300w, https:\/\/uprzyjaciol.pl\/theatrum\/wp-content\/uploads\/2021\/07\/jas_bilet-1024x342.jpg 1024w, https:\/\/uprzyjaciol.pl\/theatrum\/wp-content\/uploads\/2021\/07\/jas_bilet-768x256.jpg 768w, https:\/\/uprzyjaciol.pl\/theatrum\/wp-content\/uploads\/2021\/07\/jas_bilet-1536x512.jpg 1536w\" sizes=\"(max-width: 1772px) 100vw, 1772px\" \/><a href=\"http:\/\/www.uprzyjaciol.pl\/teatr\/index.php\/bilety\/78-uprzyjaciol\/156-dzisiaj-wyjezdzam-poezokoncert-pozegnalny\"><\/a><\/td><\/tr><tr><td>40 z\u0142<\/td><td class=\"has-text-align-center\" data-align=\"center\"><a href=\"https:\/\/uprzyjaciol.pl\/theatrum\/spektakle\/premiery\/elektra\" data-type=\"URL\" data-id=\"https:\/\/uprzyjaciol.pl\/theatrum\/spektakle\/premiery\/elektra\">Elektra<\/a><\/td><td><img loading=\"lazy\" width=\"883\" height=\"294\" class=\"wp-image-387\" style=\"width: 400px;\" src=\"https:\/\/uprzyjaciol.pl\/theatrum\/wp-content\/uploads\/2021\/07\/elektra2020_bilet.png\" alt=\"\" srcset=\"https:\/\/uprzyjaciol.pl\/theatrum\/wp-content\/uploads\/2021\/07\/elektra2020_bilet.png 883w, https:\/\/uprzyjaciol.pl\/theatrum\/wp-content\/uploads\/2021\/07\/elektra2020_bilet-300x100.png 300w, https:\/\/uprzyjaciol.pl\/theatrum\/wp-content\/uploads\/2021\/07\/elektra2020_bilet-768x256.png 768w\" sizes=\"(max-width: 883px) 100vw, 883px\" \/><\/td><\/tr><tr><td>40 z\u0142<\/td><td class=\"has-text-align-center\" data-align=\"center\"><a href=\"https:\/\/uprzyjaciol.pl\/theatrum\/spektakle\/premiery\/frankenstein\" data-type=\"URL\" data-id=\"https:\/\/uprzyjaciol.pl\/theatrum\/spektakle\/premiery\/frankenstein\">Frankenstein<\/a><\/td><td><img loading=\"lazy\" width=\"880\" height=\"293\" class=\"wp-image-391\" style=\"width: 400px;\" src=\"https:\/\/uprzyjaciol.pl\/theatrum\/wp-content\/uploads\/2021\/07\/frank_bilet2021.png\" alt=\"\" srcset=\"https:\/\/uprzyjaciol.pl\/theatrum\/wp-content\/uploads\/2021\/07\/frank_bilet2021.png 880w, https:\/\/uprzyjaciol.pl\/theatrum\/wp-content\/uploads\/2021\/07\/frank_bilet2021-300x100.png 300w, https:\/\/uprzyjaciol.pl\/theatrum\/wp-content\/uploads\/2021\/07\/frank_bilet2021-768x256.png 768w\" sizes=\"(max-width: 880px) 100vw, 880px\" \/><a href=\"http:\/\/www.uprzyjaciol.pl\/teatr\/index.php\/bilety\/78-uprzyjaciol\/163-frankenstein\"><\/a><\/td><\/tr><tr><td>40 z\u0142<\/td><td class=\"has-text-align-center\" data-align=\"center\"><a href=\"https:\/\/uprzyjaciol.pl\/theatrum\/spektakle\/premiery\/ip_istnienia-poszczegolne\" data-type=\"URL\" data-id=\"https:\/\/uprzyjaciol.pl\/theatrum\/spektakle\/premiery\/ip_istnienia-poszczegolne\">IP_<br>Istnienia Poszczeg\u00f3lne&nbsp;<\/a><\/td><td><img loading=\"lazy\" width=\"600\" height=\"200\" class=\"wp-image-392\" style=\"width: 400px;\" src=\"https:\/\/uprzyjaciol.pl\/theatrum\/wp-content\/uploads\/2021\/07\/IP_bilet_nowy.jpg\" alt=\"\" srcset=\"https:\/\/uprzyjaciol.pl\/theatrum\/wp-content\/uploads\/2021\/07\/IP_bilet_nowy.jpg 600w, https:\/\/uprzyjaciol.pl\/theatrum\/wp-content\/uploads\/2021\/07\/IP_bilet_nowy-300x100.jpg 300w\" sizes=\"(max-width: 600px) 100vw, 600px\" \/><a href=\"http:\/\/www.uprzyjaciol.pl\/teatr\/index.php\/bilety\/78-uprzyjaciol\/134-ip-istnienia-poszczegolne\"><\/a><\/td><\/tr><tr><td>40 z\u0142<\/td><td class=\"has-text-align-center\" data-align=\"center\"><a href=\"https:\/\/uprzyjaciol.pl\/theatrum\/spektakle\/premiery\/kabaret-u-przyjaciol-wiezienie\" data-type=\"URL\" data-id=\"https:\/\/uprzyjaciol.pl\/theatrum\/spektakle\/premiery\/kabaret-u-przyjaciol-wiezienie\">Kabaret U Przyjaci\u00f3\u0142<\/a><\/td><td><img loading=\"lazy\" width=\"1772\" height=\"591\" class=\"wp-image-1178\" style=\"width: 400px;\" src=\"https:\/\/uprzyjaciol.pl\/theatrum\/wp-content\/uploads\/2022\/05\/Kabaret_bilet_na_strone_11zon.jpg\" alt=\"\" srcset=\"https:\/\/uprzyjaciol.pl\/theatrum\/wp-content\/uploads\/2022\/05\/Kabaret_bilet_na_strone_11zon.jpg 1772w, https:\/\/uprzyjaciol.pl\/theatrum\/wp-content\/uploads\/2022\/05\/Kabaret_bilet_na_strone_11zon-300x100.jpg 300w, https:\/\/uprzyjaciol.pl\/theatrum\/wp-content\/uploads\/2022\/05\/Kabaret_bilet_na_strone_11zon-1024x342.jpg 1024w, https:\/\/uprzyjaciol.pl\/theatrum\/wp-content\/uploads\/2022\/05\/Kabaret_bilet_na_strone_11zon-768x256.jpg 768w, https:\/\/uprzyjaciol.pl\/theatrum\/wp-content\/uploads\/2022\/05\/Kabaret_bilet_na_strone_11zon-1536x512.jpg 1536w\" sizes=\"(max-width: 1772px) 100vw, 1772px\" \/><\/td><\/tr><tr><td>40 z\u0142<\/td><td class=\"has-text-align-center\" data-align=\"center\"><a href=\"https:\/\/uprzyjaciol.pl\/theatrum\/spektakle\/premiery\/kafka\/\">Kafka<\/a><\/td><td><a href=\"https:\/\/uprzyjaciol.pl\/theatrum\/spektakle\/premiery\/kafka\/\"><img loading=\"lazy\" width=\"1606\" height=\"543\" class=\"wp-image-2510\" style=\"width: 400px;\" src=\"https:\/\/uprzyjaciol.pl\/theatrum\/wp-content\/uploads\/2026\/03\/kafka-1.jpg\" alt=\"\" srcset=\"https:\/\/uprzyjaciol.pl\/theatrum\/wp-content\/uploads\/2026\/03\/kafka-1.jpg 1606w, https:\/\/uprzyjaciol.pl\/theatrum\/wp-content\/uploads\/2026\/03\/kafka-1-300x101.jpg 300w, https:\/\/uprzyjaciol.pl\/theatrum\/wp-content\/uploads\/2026\/03\/kafka-1-1024x346.jpg 1024w, https:\/\/uprzyjaciol.pl\/theatrum\/wp-content\/uploads\/2026\/03\/kafka-1-768x260.jpg 768w, https:\/\/uprzyjaciol.pl\/theatrum\/wp-content\/uploads\/2026\/03\/kafka-1-1536x519.jpg 1536w\" sizes=\"(max-width: 1606px) 100vw, 1606px\" \/><\/a><\/td><\/tr><tr><td>40 z\u0142<\/td><td class=\"has-text-align-center\" data-align=\"center\"><a href=\"https:\/\/uprzyjaciol.pl\/theatrum\/nie-zapomnisz\/\">Nie zapomnisz<\/a><\/td><td><a href=\"https:\/\/uprzyjaciol.pl\/theatrum\/nie-zapomnisz\/\"><img loading=\"lazy\" width=\"1772\" height=\"591\" class=\"wp-image-2114\" style=\"width: 400px;\" src=\"https:\/\/uprzyjaciol.pl\/theatrum\/wp-content\/uploads\/2024\/04\/bilet_przod.jpg\" alt=\"\" srcset=\"https:\/\/uprzyjaciol.pl\/theatrum\/wp-content\/uploads\/2024\/04\/bilet_przod.jpg 1772w, https:\/\/uprzyjaciol.pl\/theatrum\/wp-content\/uploads\/2024\/04\/bilet_przod-300x100.jpg 300w, https:\/\/uprzyjaciol.pl\/theatrum\/wp-content\/uploads\/2024\/04\/bilet_przod-1024x342.jpg 1024w, https:\/\/uprzyjaciol.pl\/theatrum\/wp-content\/uploads\/2024\/04\/bilet_przod-768x256.jpg 768w, https:\/\/uprzyjaciol.pl\/theatrum\/wp-content\/uploads\/2024\/04\/bilet_przod-1536x512.jpg 1536w\" sizes=\"(max-width: 1772px) 100vw, 1772px\" \/><\/a><\/td><\/tr><tr><td>40 z\u0142<\/td><td class=\"has-text-align-center\" data-align=\"center\"><a href=\"https:\/\/uprzyjaciol.pl\/theatrum\/spektakle\/premiery\/oddychaj\" data-type=\"URL\" data-id=\"https:\/\/uprzyjaciol.pl\/theatrum\/spektakle\/premiery\/oddychaj\">Oddychaj<\/a><\/td><td><img loading=\"lazy\" width=\"1772\" height=\"591\" class=\"wp-image-1179\" style=\"width: 400px;\" src=\"https:\/\/uprzyjaciol.pl\/theatrum\/wp-content\/uploads\/2022\/05\/oddychaj.bilet_.jpg\" alt=\"\" srcset=\"https:\/\/uprzyjaciol.pl\/theatrum\/wp-content\/uploads\/2022\/05\/oddychaj.bilet_.jpg 1772w, https:\/\/uprzyjaciol.pl\/theatrum\/wp-content\/uploads\/2022\/05\/oddychaj.bilet_-300x100.jpg 300w, https:\/\/uprzyjaciol.pl\/theatrum\/wp-content\/uploads\/2022\/05\/oddychaj.bilet_-1024x342.jpg 1024w, https:\/\/uprzyjaciol.pl\/theatrum\/wp-content\/uploads\/2022\/05\/oddychaj.bilet_-768x256.jpg 768w, https:\/\/uprzyjaciol.pl\/theatrum\/wp-content\/uploads\/2022\/05\/oddychaj.bilet_-1536x512.jpg 1536w\" sizes=\"(max-width: 1772px) 100vw, 1772px\" \/><\/td><\/tr><tr><td>40 z\u0142<\/td><td class=\"has-text-align-center\" data-align=\"center\"><a href=\"https:\/\/uprzyjaciol.pl\/theatrum\/spektakle\/premiery\/senne-lagodne-przeswity\" data-type=\"URL\" data-id=\"https:\/\/uprzyjaciol.pl\/theatrum\/spektakle\/premiery\/senne-lagodne-przeswity\">Portret DorianaWilde&#8217;a<\/a>&nbsp;<\/td><td><img loading=\"lazy\" width=\"1772\" height=\"591\" class=\"wp-image-396\" style=\"width: 400px;\" src=\"https:\/\/uprzyjaciol.pl\/theatrum\/wp-content\/uploads\/2021\/07\/portret_bilet.jpg\" alt=\"\" srcset=\"https:\/\/uprzyjaciol.pl\/theatrum\/wp-content\/uploads\/2021\/07\/portret_bilet.jpg 1772w, https:\/\/uprzyjaciol.pl\/theatrum\/wp-content\/uploads\/2021\/07\/portret_bilet-300x100.jpg 300w, https:\/\/uprzyjaciol.pl\/theatrum\/wp-content\/uploads\/2021\/07\/portret_bilet-1024x342.jpg 1024w, https:\/\/uprzyjaciol.pl\/theatrum\/wp-content\/uploads\/2021\/07\/portret_bilet-768x256.jpg 768w, https:\/\/uprzyjaciol.pl\/theatrum\/wp-content\/uploads\/2021\/07\/portret_bilet-1536x512.jpg 1536w\" sizes=\"(max-width: 1772px) 100vw, 1772px\" \/><a href=\"http:\/\/www.uprzyjaciol.pl\/teatr\/index.php\/bilety\/78-uprzyjaciol\/159-portret-doriana\"><\/a><\/td><\/tr><tr><td>40 z\u0142<\/td><td class=\"has-text-align-center\" data-align=\"center\"><a href=\"https:\/\/uprzyjaciol.pl\/theatrum\/spektakle\/premiery\/senne-lagodne-przeswity\/\">Senne \u0142agodne prze\u015bwity<\/a><\/td><td><img loading=\"lazy\" width=\"1772\" height=\"591\" class=\"wp-image-1643\" style=\"width: 400px;\" src=\"https:\/\/uprzyjaciol.pl\/theatrum\/wp-content\/uploads\/2023\/04\/322460852_1461214317620807_8653733971970418582_n.jpg\" alt=\"\" srcset=\"https:\/\/uprzyjaciol.pl\/theatrum\/wp-content\/uploads\/2023\/04\/322460852_1461214317620807_8653733971970418582_n.jpg 1772w, https:\/\/uprzyjaciol.pl\/theatrum\/wp-content\/uploads\/2023\/04\/322460852_1461214317620807_8653733971970418582_n-300x100.jpg 300w, https:\/\/uprzyjaciol.pl\/theatrum\/wp-content\/uploads\/2023\/04\/322460852_1461214317620807_8653733971970418582_n-1024x342.jpg 1024w, https:\/\/uprzyjaciol.pl\/theatrum\/wp-content\/uploads\/2023\/04\/322460852_1461214317620807_8653733971970418582_n-768x256.jpg 768w, https:\/\/uprzyjaciol.pl\/theatrum\/wp-content\/uploads\/2023\/04\/322460852_1461214317620807_8653733971970418582_n-1536x512.jpg 1536w\" sizes=\"(max-width: 1772px) 100vw, 1772px\" \/><a href=\"http:\/\/www.uprzyjaciol.pl\/teatr\/index.php\/bilety\/78-uprzyjaciol\/80-senne-lagodne-przeswity\"><\/a><\/td><\/tr><tr><td>40 z\u0142<\/td><td class=\"has-text-align-center\" data-align=\"center\"><a href=\"https:\/\/uprzyjaciol.pl\/theatrum\/spektakle\/premiery\/sherlock-holmes\" data-type=\"URL\" data-id=\"https:\/\/uprzyjaciol.pl\/theatrum\/spektakle\/premiery\/sherlock-holmes\">Sherlock Holmes<\/a><\/td><td><img loading=\"lazy\" width=\"800\" height=\"267\" class=\"wp-image-398\" style=\"width: 400px;\" src=\"https:\/\/uprzyjaciol.pl\/theatrum\/wp-content\/uploads\/2021\/07\/holmes2019_2.jpg\" alt=\"\" srcset=\"https:\/\/uprzyjaciol.pl\/theatrum\/wp-content\/uploads\/2021\/07\/holmes2019_2.jpg 800w, https:\/\/uprzyjaciol.pl\/theatrum\/wp-content\/uploads\/2021\/07\/holmes2019_2-300x100.jpg 300w, https:\/\/uprzyjaciol.pl\/theatrum\/wp-content\/uploads\/2021\/07\/holmes2019_2-768x256.jpg 768w\" sizes=\"(max-width: 800px) 100vw, 800px\" \/><a href=\"http:\/\/www.uprzyjaciol.pl\/teatr\/index.php\/bilety\/78-uprzyjaciol\/162-sherlockholmes\"><\/a><\/td><\/tr><tr><td>40 z\u0142<\/td><td class=\"has-text-align-center\" data-align=\"center\"><a href=\"https:\/\/uprzyjaciol.pl\/theatrum\/spektakle\/premiery\/witkacy\" data-type=\"URL\" data-id=\"https:\/\/uprzyjaciol.pl\/theatrum\/spektakle\/premiery\/witkacy\">WitKacy<\/a><\/td><td><img loading=\"lazy\" width=\"1772\" height=\"591\" class=\"wp-image-1646\" style=\"width: 400px;\" src=\"https:\/\/uprzyjaciol.pl\/theatrum\/wp-content\/uploads\/2023\/04\/298024327_1216878985774552_5633853034310049087_n.jpg\" alt=\"\" srcset=\"https:\/\/uprzyjaciol.pl\/theatrum\/wp-content\/uploads\/2023\/04\/298024327_1216878985774552_5633853034310049087_n.jpg 1772w, https:\/\/uprzyjaciol.pl\/theatrum\/wp-content\/uploads\/2023\/04\/298024327_1216878985774552_5633853034310049087_n-300x100.jpg 300w, https:\/\/uprzyjaciol.pl\/theatrum\/wp-content\/uploads\/2023\/04\/298024327_1216878985774552_5633853034310049087_n-1024x342.jpg 1024w, https:\/\/uprzyjaciol.pl\/theatrum\/wp-content\/uploads\/2023\/04\/298024327_1216878985774552_5633853034310049087_n-768x256.jpg 768w, https:\/\/uprzyjaciol.pl\/theatrum\/wp-content\/uploads\/2023\/04\/298024327_1216878985774552_5633853034310049087_n-1536x512.jpg 1536w\" sizes=\"(max-width: 1772px) 100vw, 1772px\" \/><a href=\"http:\/\/www.uprzyjaciol.pl\/teatr\/index.php\/bilety\/78-uprzyjaciol\/76-vitcatius\"><\/a><\/td><\/tr><tr><td>40 z\u0142<\/td><td class=\"has-text-align-center\" data-align=\"center\">Witkacy-Variete<\/td><td><a href=\"https:\/\/uprzyjaciol.pl\/theatrum\/witkacy-variete\/\"><img loading=\"lazy\" width=\"1630\" height=\"544\" class=\"wp-image-2311\" style=\"width: 400px;\" src=\"https:\/\/uprzyjaciol.pl\/theatrum\/wp-content\/uploads\/2025\/07\/515864066_1376451043462380_3411946956073532509_n.jpg\" alt=\"\" srcset=\"https:\/\/uprzyjaciol.pl\/theatrum\/wp-content\/uploads\/2025\/07\/515864066_1376451043462380_3411946956073532509_n.jpg 1630w, https:\/\/uprzyjaciol.pl\/theatrum\/wp-content\/uploads\/2025\/07\/515864066_1376451043462380_3411946956073532509_n-300x100.jpg 300w, https:\/\/uprzyjaciol.pl\/theatrum\/wp-content\/uploads\/2025\/07\/515864066_1376451043462380_3411946956073532509_n-1024x342.jpg 1024w, https:\/\/uprzyjaciol.pl\/theatrum\/wp-content\/uploads\/2025\/07\/515864066_1376451043462380_3411946956073532509_n-768x256.jpg 768w, https:\/\/uprzyjaciol.pl\/theatrum\/wp-content\/uploads\/2025\/07\/515864066_1376451043462380_3411946956073532509_n-1536x513.jpg 1536w\" sizes=\"(max-width: 1630px) 100vw, 1630px\" \/><\/a><\/td><\/tr><\/tbody><\/table><\/figure>\n\n\n\n<p><strong>REZERWACJE BILET\u00d3W:<\/strong><\/p>\n\n\n\n<p>1. mailowo:&nbsp;<a href=\"mailto:teatr@uprzyjaciol.pl\">teatr@uprzyjaciol.pl<\/a><br>2. wysy\u0142aj\u0105c SMS: 797021028 (pon-pt godz. 10:00 -18:00)<\/p>\n\n\n\n<p><strong>P\u0141ATNO\u015a\u0106 ZA BILETY W KAWIARNI MO\u017bLIWA TYLKO GOT\u00d3WK\u0104.<\/strong><\/p>\n\n\n\n<p>Zwrotu lub wymiany bilet\u00f3w na odwo\u0142ane spektakle prosimy dokonywa\u0107 przez kontakt mailowy: <a href=\"mailto:teatr@uprzyjaciol.pl\">teatr@uprzyjaciol.pl<\/a><\/p>\n\n\n\n<p><strong><a href=\"https:\/\/uprzyjaciol.pl\/theatrum\/wp-content\/uploads\/2024\/01\/regulamin-TUP.2024-7.pdf\">Regulamin uczestnictwa w spektaklach Teatru \u201cU Przyjaci<\/a><a href=\"https:\/\/uprzyjaciol.pl\/theatrum\/wp-content\/uploads\/2023\/03\/regulaminTUP.pdf\">\u00f3\u0142\u201d<\/a><\/strong><\/p>\n\n\n\n<p><strong>O\u015aWIADCZENIE:<\/strong><\/p>\n\n\n\n<p>Teatr &#8222;U Przyjaci\u00f3\u0142&#8221; ma charakter spo\u0142eczny, czyli cierpi na permanentny brak wsparcia finansowego. Dlatego, wybieraj\u0105c si\u0119 na nasze spektakle, nale\u017cy liczy\u0107 si\u0119 z wszelkimi niewygodami. Dzi\u0119ki temu o\u015bwiadczeniu chcemy powstrzyma\u0107 widza przed pochopnym wydaniem pieni\u0119dzy, kt\u00f3rych na pewno nie inwestujemy w komplet wygodnych foteli czy wind\u0119. Inwestujemy wy\u0142\u0105cznie w realizacj\u0119 kolejnych spektakli.<\/p>\n","protected":false},"excerpt":{"rendered":"<p>40 z\u0142 Wariat i zakonnica(dementia praecox) 40 z\u0142 Dzisiaj wyje\u017cd\u017cam 40 z\u0142 Elektra 40 z\u0142 Frankenstein 40 z\u0142 IP_Istnienia Poszczeg\u00f3lne&nbsp; 40 z\u0142 Kabaret U Przyjaci\u00f3\u0142 40 z\u0142 Kafka 40 z\u0142 Nie zapomnisz 40 z\u0142 Oddychaj 40 z\u0142 Portret DorianaWilde&#8217;a&nbsp; 40 z\u0142 Senne \u0142agodne prze\u015bwity 40 z\u0142 Sherlock Holmes 40 z\u0142 WitKacy 40 z\u0142 Witkacy-Variete REZERWACJE<\/p>\n<div><a class=\"btn-filled btn\" href=\"https:\/\/uprzyjaciol.pl\/theatrum\/bilety\/\" title=\"Bilety\">Dowiedz si\u0119 wi\u0119cej<\/a><\/div>\n","protected":false},"author":6,"featured_media":0,"parent":0,"menu_order":5,"comment_status":"closed","ping_status":"closed","template":"","meta":[],"_links":{"self":[{"href":"https:\/\/uprzyjaciol.pl\/theatrum\/wp-json\/wp\/v2\/pages\/58"}],"collection":[{"href":"https:\/\/uprzyjaciol.pl\/theatrum\/wp-json\/wp\/v2\/pages"}],"about":[{"href":"https:\/\/uprzyjaciol.pl\/theatrum\/wp-json\/wp\/v2\/types\/page"}],"author":[{"embeddable":true,"href":"https:\/\/uprzyjaciol.pl\/theatrum\/wp-json\/wp\/v2\/users\/6"}],"replies":[{"embeddable":true,"href":"https:\/\/uprzyjaciol.pl\/theatrum\/wp-json\/wp\/v2\/comments?post=58"}],"version-history":[{"count":29,"href":"https:\/\/uprzyjaciol.pl\/theatrum\/wp-json\/wp\/v2\/pages\/58\/revisions"}],"predecessor-version":[{"id":2512,"href":"https:\/\/uprzyjaciol.pl\/theatrum\/wp-json\/wp\/v2\/pages\/58\/revisions\/2512"}],"wp:attachment":[{"href":"https:\/\/uprzyjaciol.pl\/theatrum\/wp-json\/wp\/v2\/media?parent=58"}],"curies":[{"name":"wp","href":"https:\/\/api.w.org\/{rel}","templated":true}]}}