{"id":56,"date":"2021-02-11T12:39:41","date_gmt":"2021-02-11T11:39:41","guid":{"rendered":"https:\/\/uprzyjaciol.pl\/theatrum\/?page_id=56"},"modified":"2026-02-10T10:04:24","modified_gmt":"2026-02-10T09:04:24","slug":"premiery","status":"publish","type":"page","link":"https:\/\/uprzyjaciol.pl\/theatrum\/spektakle\/premiery\/","title":{"rendered":"Premiery"},"content":{"rendered":"\n<p><\/p>\n\n\n\n<figure class=\"wp-block-table is-style-stripes\"><table  class=\" table table-hover\" ><tbody><tr><td><a href=\"https:\/\/uprzyjaciol.pl\/theatrum\/spektakle\/premiery\/kafka\/\">Kafka (42)<\/a><br>(premiera 20 marca 2026)<\/td><\/tr><tr><td><a href=\"https:\/\/uprzyjaciol.pl\/theatrum\/witkacy-variete\/\">Witkacy-Variete (41)<\/a><br>(premiera 18 wrze\u015bnia 2025)<br><br><a href=\"https:\/\/uprzyjaciol.pl\/theatrum\/nie-zapomnisz\/\">Nie zapomnisz (40)<\/a><br>(premiera 25 maja 2024)<\/td><\/tr><tr><td><strong><a href=\"https:\/\/uprzyjaciol.pl\/theatrum\/spektakle\/premiery\/kabaret-u-przyjaciol-wiezienie\" data-type=\"URL\" data-id=\"https:\/\/uprzyjaciol.pl\/theatrum\/spektakle\/premiery\/kabaret-u-przyjaciol-wiezienie\">Kabaret U Przyjaci\u00f3\u0142&nbsp;(39)<\/a><\/strong><\/td><\/tr><tr><td>(premiera 10 grudnia 2021)<\/td><\/tr><tr><td><strong><a href=\"https:\/\/uprzyjaciol.pl\/theatrum\/spektakle\/premiery\/oddychaj\" data-type=\"URL\" data-id=\"https:\/\/uprzyjaciol.pl\/theatrum\/spektakle\/premiery\/oddychaj\">Oddychaj&nbsp;(38)<\/a><\/strong><\/td><\/tr><tr><td>(premiera 18 wrze\u015bnia 2021)<\/td><\/tr><tr><td><strong><a href=\"https:\/\/uprzyjaciol.pl\/theatrum\/spektakle\/premiery\/frankenstein\" data-type=\"URL\" data-id=\"https:\/\/uprzyjaciol.pl\/theatrum\/spektakle\/premiery\/frankenstein\">Frankenstein&nbsp;(37)<\/a><\/strong><\/td><\/tr><tr><td>(premiera 31 maja 2021)<\/td><\/tr><tr><td><strong><a href=\"https:\/\/uprzyjaciol.pl\/theatrum\/spektakle\/premiery\/portret-doriana-wildea\" data-type=\"URL\" data-id=\"https:\/\/uprzyjaciol.pl\/theatrum\/spektakle\/premiery\/portret-doriana-wildea\">Portret Doriana Wilde&#8217;a (36)<\/a><\/strong><\/td><\/tr><tr><td>(premiera 15 maja 2019)<\/td><\/tr><tr><td><strong><a href=\"https:\/\/uprzyjaciol.pl\/theatrum\/spektakle\/premiery\/dzisiaj-wyjezdzam\/\" data-type=\"URL\" data-id=\"https:\/\/uprzyjaciol.pl\/theatrum\/spektakle\/premiery\/dzisiaj-wyjezdzam\/\">Dzisiaj wyje\u017cd\u017cam.(35)<\/a><\/strong><\/td><\/tr><tr><td>(premiera 25 pa\u017adziernika 2018)<\/td><\/tr><tr><td><strong><a href=\"https:\/\/uprzyjaciol.pl\/theatrum\/spektakle\/premiery\/ulisses\" data-type=\"URL\" data-id=\"https:\/\/uprzyjaciol.pl\/theatrum\/spektakle\/premiery\/ulisses\">Ulisses (34)<\/a><\/strong><\/td><\/tr><tr><td>(premiera 16 czerwca 2018)<\/td><\/tr><tr><td><strong><a href=\"https:\/\/uprzyjaciol.pl\/theatrum\/spektakle\/premiery\/elektra\" data-type=\"URL\" data-id=\"https:\/\/uprzyjaciol.pl\/theatrum\/spektakle\/premiery\/elektra\">Elektra&nbsp;(33)<\/a><\/strong><\/td><\/tr><tr><td>(premiera 20 kwietnia 2018)<\/td><\/tr><tr><td><strong><a href=\"https:\/\/uprzyjaciol.pl\/theatrum\/spektakle\/premiery\/sherlock-holmes\" data-type=\"URL\" data-id=\"https:\/\/uprzyjaciol.pl\/theatrum\/spektakle\/premiery\/sherlock-holmes\">Sherlock Holmes (32)<\/a><\/strong><\/td><\/tr><tr><td>(premiera 22 marca 2018)<\/td><\/tr><tr><td><strong><a href=\"https:\/\/uprzyjaciol.pl\/theatrum\/spektakle\/premiery\/wariat-i-zakonnica\" data-type=\"URL\" data-id=\"https:\/\/uprzyjaciol.pl\/theatrum\/spektakle\/premiery\/wariat-i-zakonnica\">Wariat i zakonnica (dementia praecox)&nbsp;(31)<\/a><\/strong><\/td><\/tr><tr><td>(premiera 21 pa\u017adziernika 2017)<\/td><\/tr><tr><td><strong><a href=\"https:\/\/uprzyjaciol.pl\/theatrum\/spektakle\/premiery\/horla-przypadek-rodziny-sable\" data-type=\"URL\" data-id=\"https:\/\/uprzyjaciol.pl\/theatrum\/spektakle\/premiery\/horla-przypadek-rodziny-sable\">Horla. Przypadek rodziny Sabl\u00e9&nbsp;(30)<\/a><\/strong><\/td><\/tr><tr><td>(premiera 23 marca 2017)<\/td><\/tr><tr><td><strong><a href=\"https:\/\/uprzyjaciol.pl\/theatrum\/spektakle\/premiery\/ip_istnienia-poszczegolne\" data-type=\"URL\" data-id=\"https:\/\/uprzyjaciol.pl\/theatrum\/spektakle\/premiery\/ip_istnienia-poszczegolne\">IP_ISTNIENIA POSZCZEG\u00d3LNE&nbsp;(29)<\/a><\/strong><\/td><\/tr><tr><td>(premiera 28 pa\u017adziernika 2016)<\/td><\/tr><tr><td><strong><a href=\"https:\/\/uprzyjaciol.pl\/theatrum\/spektakle\/premiery\/ascendium\" data-type=\"URL\" data-id=\"https:\/\/uprzyjaciol.pl\/theatrum\/spektakle\/premiery\/ascendium\">ASCENDIUM&nbsp;(28)<\/a><\/strong><\/td><\/tr><tr><td>(premiera 7 pa\u017adziernika 2016)<\/td><\/tr><tr><td><strong><a href=\"https:\/\/uprzyjaciol.pl\/theatrum\/spektakle\/premiery\/kafka\" data-type=\"URL\" data-id=\"https:\/\/uprzyjaciol.pl\/theatrum\/spektakle\/premiery\/kafka\">Kafka&nbsp;(27)<\/a><\/strong><\/td><\/tr><tr><td>(premiera 3 czerwca 2015)<\/td><\/tr><tr><td><strong><a href=\"https:\/\/uprzyjaciol.pl\/theatrum\/spektakle\/premiery\/gomber\" data-type=\"URL\" data-id=\"https:\/\/uprzyjaciol.pl\/theatrum\/spektakle\/premiery\/gomber\">GOMBER&nbsp;(26<\/a><\/strong><a href=\"https:\/\/uprzyjaciol.pl\/teatr\/index.php\/spektakle\/premiery\/78-uprzyjaciol\/73-gomber\"><strong>)<\/strong><\/a><\/td><\/tr><tr><td>(premiera 23 maja 2013)<\/td><\/tr><tr><td><strong><a href=\"https:\/\/uprzyjaciol.pl\/theatrum\/spektakle\/premiery\/ostatnia-ucieczka-brunona-schulza\" data-type=\"URL\" data-id=\"https:\/\/uprzyjaciol.pl\/theatrum\/spektakle\/premiery\/ostatnia-ucieczka-brunona-schulza\">OSTATNIA UCIECZKA BRUNONA SCHULZA&nbsp;(25)<\/a><\/strong><\/td><\/tr><tr><td>(premiera 19 listopada 2012)<\/td><\/tr><tr><td><strong><a href=\"https:\/\/uprzyjaciol.pl\/theatrum\/spektakle\/premiery\/niebostrzyg\" data-type=\"URL\" data-id=\"https:\/\/uprzyjaciol.pl\/theatrum\/spektakle\/premiery\/niebostrzyg\">NIEBOSTRZYG&nbsp;(24)<\/a><\/strong><\/td><\/tr><tr><td>(premiera 31 pa\u017adziernika 2012)<\/td><\/tr><tr><td><strong><a href=\"https:\/\/uprzyjaciol.pl\/theatrum\/spektakle\/premiery\/witkacy\" data-type=\"URL\" data-id=\"https:\/\/uprzyjaciol.pl\/theatrum\/spektakle\/premiery\/witkacy\">WitKacy (23)<\/a><\/strong><\/td><\/tr><tr><td>(premiera 18 wrze\u015bnia 2012)<\/td><\/tr><tr><td><strong><a href=\"https:\/\/uprzyjaciol.pl\/theatrum\/spektakle\/premiery\/alicja-w-lustrach\" data-type=\"URL\" data-id=\"https:\/\/uprzyjaciol.pl\/theatrum\/spektakle\/premiery\/alicja-w-lustrach\">ALICJA W LUSTRACH&nbsp;(22)<\/a><\/strong><\/td><\/tr><tr><td>(premiera 2 czerwca 2012)<\/td><\/tr><tr><td><strong><a href=\"https:\/\/uprzyjaciol.pl\/theatrum\/spektakle\/premiery\/fobie\" data-type=\"URL\" data-id=\"https:\/\/uprzyjaciol.pl\/theatrum\/spektakle\/premiery\/fobie\">FOBIE&nbsp;(21)<\/a><\/strong><\/td><\/tr><tr><td>(premiera 17 maja 2012)<\/td><\/tr><tr><td><strong><a href=\"https:\/\/uprzyjaciol.pl\/theatrum\/spektakle\/premiery\/bywalcy-absurdutu\" data-type=\"URL\" data-id=\"https:\/\/uprzyjaciol.pl\/theatrum\/spektakle\/premiery\/bywalcy-absurdutu\">BYWALCY ABSURDUTU&nbsp;(20)<\/a><\/strong><\/td><\/tr><tr><td>(premiera 14 maja 2011)<\/td><\/tr><tr><td><strong><a href=\"https:\/\/uprzyjaciol.pl\/theatrum\/spektakle\/premiery\/rekrutremy\" data-type=\"URL\" data-id=\"https:\/\/uprzyjaciol.pl\/theatrum\/spektakle\/premiery\/rekrutremy\">REKRUTREMY&nbsp;(19)<\/a><\/strong><\/td><\/tr><tr><td>(premiera 7 kwietnia 2011)<\/td><\/tr><tr><td><strong>MAGISTRYTON (18)<\/strong><\/td><\/tr><tr><td>(premiera 20 maja 2010)<\/td><\/tr><tr><td><strong><a href=\"https:\/\/uprzyjaciol.pl\/theatrum\/spektakle\/premiery\/teatroza\" data-type=\"URL\" data-id=\"https:\/\/uprzyjaciol.pl\/theatrum\/spektakle\/premiery\/teatroza\">TEATROZA&nbsp;(17)<\/a><\/strong><\/td><\/tr><tr><td>(premiera 11 marca 2010)<\/td><\/tr><tr><td><strong>DZIE\u0143 BLOOMA (16)<\/strong><\/td><\/tr><tr><td>(premiera 15 pa\u017adziernika 2009)<\/td><\/tr><tr><td><strong><a href=\"https:\/\/uprzyjaciol.pl\/theatrum\/spektakle\/premiery\/senne-lagodne-przeswity\" data-type=\"URL\" data-id=\"https:\/\/uprzyjaciol.pl\/theatrum\/spektakle\/premiery\/senne-lagodne-przeswity\">SENNE \u0141AGODNE PRZE\u015aWITY&nbsp;(15)<\/a><\/strong><\/td><\/tr><tr><td>(premiera 2 pa\u017adziernika 2008)<\/td><\/tr><tr><td><strong><a href=\"https:\/\/uprzyjaciol.pl\/theatrum\/spektakle\/premiery\/appendix\" data-type=\"URL\" data-id=\"https:\/\/uprzyjaciol.pl\/theatrum\/spektakle\/premiery\/appendix\">APPENDIX&nbsp;(14)<\/a><\/strong><\/td><\/tr><tr><td>(premiera 15 maja 2008)<\/td><\/tr><tr><td><strong><a href=\"https:\/\/uprzyjaciol.pl\/theatrum\/spektakle\/premiery\/pasje-i-obsesje-teodora-astray\" data-type=\"URL\" data-id=\"https:\/\/uprzyjaciol.pl\/theatrum\/spektakle\/premiery\/pasje-i-obsesje-teodora-astray\">PASJE I OBSESJE TEODORA ASTRAY (13)<\/a><\/strong><\/td><\/tr><tr><td>(premiera 20 maja 2007)<\/td><\/tr><tr><td><strong>OPOWIE\u015aCI NIESAMOWITE-KRYPTYK (12)<\/strong><\/td><\/tr><tr><td>(premiera 29 czwerwca 2007)<\/td><\/tr><tr><td><strong>PAMI\u0118TNIK (11)<\/strong><\/td><\/tr><tr><td>(premiera filmu 25 stycznia 2007)<\/td><\/tr><tr><td><strong>YMAKRAPE liborete Biblioteka (10)<\/strong><\/td><\/tr><tr><td>(premiera 21 maja 2006)<\/td><\/tr><tr><td><strong><a href=\"https:\/\/uprzyjaciol.pl\/theatrum\/spektakle\/premiery\/przedwczesny-pogrzeb\" data-type=\"URL\" data-id=\"https:\/\/uprzyjaciol.pl\/theatrum\/spektakle\/premiery\/przedwczesny-pogrzeb\">PRZEDWCZESNY POGRZEB (9)<\/a><\/strong><\/td><\/tr><tr><td>(premiera 24 marca 2006)<\/td><\/tr><tr><td><strong>PRAWDZIWY OPIS PRZYPADKU PANA WALDEMARA (8)<\/strong><\/td><\/tr><tr><td>(premiera 4 luty 2006)<\/td><\/tr><tr><td><strong>OPOWIE\u015aCI NIESAMOWITE (7)<\/strong><\/td><\/tr><tr><td>(premiera 10 grudnia 2005)<\/td><\/tr><tr><td><strong>BIBLIOTEKA (6)<\/strong><\/td><\/tr><tr><td>(premiera 14 pa\u017adziernika 2005)<\/td><\/tr><tr><td><strong><a href=\"https:\/\/uprzyjaciol.pl\/theatrum\/spektakle\/premiery\/legenda-o-swietym-patryku\" data-type=\"URL\" data-id=\"https:\/\/uprzyjaciol.pl\/theatrum\/spektakle\/premiery\/legenda-o-swietym-patryku\">LEGENDA O \u015aWI\u0118TYM PATRYKU&nbsp;(5)<\/a><\/strong><\/td><\/tr><tr><td>(premiera 17 marca 2005)<\/td><\/tr><tr><td><strong>KONCERT MASZYN (4)<\/strong><\/td><\/tr><tr><td>(premiera 23 wrze\u015bnia 2004)<\/td><\/tr><tr><td><strong>BLOOMSDAY&nbsp;(3)<\/strong><\/td><\/tr><tr><td>(premiera 16 czerwca 2004)<\/td><\/tr><tr><td><strong>JESIE\u0143 WITKACEGO (2)<\/strong><\/td><\/tr><tr><td>(premiera 11 pa\u017adziernika 2003)<\/td><\/tr><tr><td><strong>WIOSNA SCHULZA (1)<\/strong><\/td><\/tr><tr><td>(premiera 22 maja 2003)<\/td><\/tr><\/tbody><\/table><\/figure>\n","protected":false},"excerpt":{"rendered":"<p>Kafka (42)(premiera 20 marca 2026) Witkacy-Variete (41)(premiera 18 wrze\u015bnia 2025) Nie zapomnisz (40)(premiera 25 maja 2024) Kabaret U Przyjaci\u00f3\u0142&nbsp;(39) (premiera 10 grudnia 2021) Oddychaj&nbsp;(38) (premiera 18 wrze\u015bnia 2021) Frankenstein&nbsp;(37) (premiera 31 maja 2021) Portret Doriana Wilde&#8217;a (36) (premiera 15 maja 2019) Dzisiaj wyje\u017cd\u017cam.(35) (premiera 25 pa\u017adziernika 2018) Ulisses (34) (premiera 16 czerwca 2018) Elektra&nbsp;(33) (premiera<\/p>\n<div><a class=\"btn-filled btn\" href=\"https:\/\/uprzyjaciol.pl\/theatrum\/spektakle\/premiery\/\" title=\"Premiery\">Dowiedz si\u0119 wi\u0119cej<\/a><\/div>\n","protected":false},"author":6,"featured_media":0,"parent":52,"menu_order":2,"comment_status":"closed","ping_status":"closed","template":"","meta":[],"_links":{"self":[{"href":"https:\/\/uprzyjaciol.pl\/theatrum\/wp-json\/wp\/v2\/pages\/56"}],"collection":[{"href":"https:\/\/uprzyjaciol.pl\/theatrum\/wp-json\/wp\/v2\/pages"}],"about":[{"href":"https:\/\/uprzyjaciol.pl\/theatrum\/wp-json\/wp\/v2\/types\/page"}],"author":[{"embeddable":true,"href":"https:\/\/uprzyjaciol.pl\/theatrum\/wp-json\/wp\/v2\/users\/6"}],"replies":[{"embeddable":true,"href":"https:\/\/uprzyjaciol.pl\/theatrum\/wp-json\/wp\/v2\/comments?post=56"}],"version-history":[{"count":13,"href":"https:\/\/uprzyjaciol.pl\/theatrum\/wp-json\/wp\/v2\/pages\/56\/revisions"}],"predecessor-version":[{"id":2500,"href":"https:\/\/uprzyjaciol.pl\/theatrum\/wp-json\/wp\/v2\/pages\/56\/revisions\/2500"}],"up":[{"embeddable":true,"href":"https:\/\/uprzyjaciol.pl\/theatrum\/wp-json\/wp\/v2\/pages\/52"}],"wp:attachment":[{"href":"https:\/\/uprzyjaciol.pl\/theatrum\/wp-json\/wp\/v2\/media?parent=56"}],"curies":[{"name":"wp","href":"https:\/\/api.w.org\/{rel}","templated":true}]}}