{"id":546,"date":"2021-08-06T12:46:20","date_gmt":"2021-08-06T10:46:20","guid":{"rendered":"https:\/\/uprzyjaciol.pl\/theatrum\/?page_id=546"},"modified":"2021-08-06T12:46:25","modified_gmt":"2021-08-06T10:46:25","slug":"kuba-ignasiak","status":"publish","type":"page","link":"https:\/\/uprzyjaciol.pl\/theatrum\/teatr\/trupa-teatralna\/kuba-ignasiak\/","title":{"rendered":"Kuba Ignasiak"},"content":{"rendered":"\n<figure class=\"wp-block-image size-full\"><img loading=\"lazy\" width=\"759\" height=\"960\" src=\"https:\/\/uprzyjaciol.pl\/theatrum\/wp-content\/uploads\/2021\/08\/kuba-ignasiak.jpg\" alt=\"\" class=\"wp-image-547\" srcset=\"https:\/\/uprzyjaciol.pl\/theatrum\/wp-content\/uploads\/2021\/08\/kuba-ignasiak.jpg 759w, https:\/\/uprzyjaciol.pl\/theatrum\/wp-content\/uploads\/2021\/08\/kuba-ignasiak-237x300.jpg 237w\" sizes=\"(max-width: 759px) 100vw, 759px\" \/><\/figure>\n\n\n\n<p>W Zespole Teatru &#8222;U Przyjaci\u00f3\u0142&#8221; w 2018 roku.<\/p>\n\n\n\n<p><strong>Role aktorskie:<\/strong><br>Cie\u0144 mnicha Palladyna\/Druid\u00f3w\/i innych &#8211; &#8222;Legenda o \u015bwi\u0119tym Patryku&#8221; (2018)<br>Mulligan\/o. Truman\/D\u0142ugacz\/M&#8217;Coy&nbsp;&#8211; &#8222;Ulisses. Odczytania&#8221; (2018)<\/p>\n","protected":false},"excerpt":{"rendered":"<p>W Zespole Teatru &#8222;U Przyjaci\u00f3\u0142&#8221; w 2018 roku. Role aktorskie:Cie\u0144 mnicha Palladyna\/Druid\u00f3w\/i innych &#8211; &#8222;Legenda o \u015bwi\u0119tym Patryku&#8221; (2018)Mulligan\/o. Truman\/D\u0142ugacz\/M&#8217;Coy&nbsp;&#8211; &#8222;Ulisses. Odczytania&#8221; (2018)<\/p>\n","protected":false},"author":6,"featured_media":0,"parent":26,"menu_order":0,"comment_status":"closed","ping_status":"closed","template":"","meta":[],"_links":{"self":[{"href":"https:\/\/uprzyjaciol.pl\/theatrum\/wp-json\/wp\/v2\/pages\/546"}],"collection":[{"href":"https:\/\/uprzyjaciol.pl\/theatrum\/wp-json\/wp\/v2\/pages"}],"about":[{"href":"https:\/\/uprzyjaciol.pl\/theatrum\/wp-json\/wp\/v2\/types\/page"}],"author":[{"embeddable":true,"href":"https:\/\/uprzyjaciol.pl\/theatrum\/wp-json\/wp\/v2\/users\/6"}],"replies":[{"embeddable":true,"href":"https:\/\/uprzyjaciol.pl\/theatrum\/wp-json\/wp\/v2\/comments?post=546"}],"version-history":[{"count":1,"href":"https:\/\/uprzyjaciol.pl\/theatrum\/wp-json\/wp\/v2\/pages\/546\/revisions"}],"predecessor-version":[{"id":548,"href":"https:\/\/uprzyjaciol.pl\/theatrum\/wp-json\/wp\/v2\/pages\/546\/revisions\/548"}],"up":[{"embeddable":true,"href":"https:\/\/uprzyjaciol.pl\/theatrum\/wp-json\/wp\/v2\/pages\/26"}],"wp:attachment":[{"href":"https:\/\/uprzyjaciol.pl\/theatrum\/wp-json\/wp\/v2\/media?parent=546"}],"curies":[{"name":"wp","href":"https:\/\/api.w.org\/{rel}","templated":true}]}}