{"id":538,"date":"2021-08-06T12:43:12","date_gmt":"2021-08-06T10:43:12","guid":{"rendered":"https:\/\/uprzyjaciol.pl\/theatrum\/?page_id=538"},"modified":"2021-08-06T12:43:16","modified_gmt":"2021-08-06T10:43:16","slug":"katarzyna-safian","status":"publish","type":"page","link":"https:\/\/uprzyjaciol.pl\/theatrum\/teatr\/trupa-teatralna\/katarzyna-safian\/","title":{"rendered":"Katarzyna Safian"},"content":{"rendered":"\n<p>W Teatrze &#8222;U Przyjaci\u00f3\u0142&#8221; od 2016 roku do 2019 roku.<\/p>\n\n\n\n<p><strong>Role aktorskie w Teatrze &#8222;U Przyjaci\u00f3\u0142&#8221;:<\/strong><\/p>\n\n\n\n<p>Nieliczny Ucze\u0144 &#8211; Legenda o \u015bwi\u0119tym Patryku (2018)<\/p>\n\n\n\n<p>Amalia Bazbaryton &#8211; Teatroza vel Rekrutremy (2018 )<\/p>\n\n\n\n<p>ONA &#8211; Dementia praecox (2017)<\/p>\n\n\n\n<p>Lizawieta (siostra Gribojedowa) &#8211; Senne \u0142agodne prze\u015bwity (2017)<\/p>\n\n\n\n<p>JA &#8211; Gomber (2018)<\/p>\n","protected":false},"excerpt":{"rendered":"<p>W Teatrze &#8222;U Przyjaci\u00f3\u0142&#8221; od 2016 roku do 2019 roku. Role aktorskie w Teatrze &#8222;U Przyjaci\u00f3\u0142&#8221;: Nieliczny Ucze\u0144 &#8211; Legenda o \u015bwi\u0119tym Patryku (2018) Amalia Bazbaryton &#8211; Teatroza vel Rekrutremy (2018 ) ONA &#8211; Dementia praecox (2017) Lizawieta (siostra Gribojedowa) &#8211; Senne \u0142agodne prze\u015bwity (2017) JA &#8211; Gomber (2018)<\/p>\n","protected":false},"author":6,"featured_media":0,"parent":26,"menu_order":0,"comment_status":"closed","ping_status":"closed","template":"","meta":[],"_links":{"self":[{"href":"https:\/\/uprzyjaciol.pl\/theatrum\/wp-json\/wp\/v2\/pages\/538"}],"collection":[{"href":"https:\/\/uprzyjaciol.pl\/theatrum\/wp-json\/wp\/v2\/pages"}],"about":[{"href":"https:\/\/uprzyjaciol.pl\/theatrum\/wp-json\/wp\/v2\/types\/page"}],"author":[{"embeddable":true,"href":"https:\/\/uprzyjaciol.pl\/theatrum\/wp-json\/wp\/v2\/users\/6"}],"replies":[{"embeddable":true,"href":"https:\/\/uprzyjaciol.pl\/theatrum\/wp-json\/wp\/v2\/comments?post=538"}],"version-history":[{"count":1,"href":"https:\/\/uprzyjaciol.pl\/theatrum\/wp-json\/wp\/v2\/pages\/538\/revisions"}],"predecessor-version":[{"id":539,"href":"https:\/\/uprzyjaciol.pl\/theatrum\/wp-json\/wp\/v2\/pages\/538\/revisions\/539"}],"up":[{"embeddable":true,"href":"https:\/\/uprzyjaciol.pl\/theatrum\/wp-json\/wp\/v2\/pages\/26"}],"wp:attachment":[{"href":"https:\/\/uprzyjaciol.pl\/theatrum\/wp-json\/wp\/v2\/media?parent=538"}],"curies":[{"name":"wp","href":"https:\/\/api.w.org\/{rel}","templated":true}]}}