{"id":536,"date":"2021-08-06T12:42:11","date_gmt":"2021-08-06T10:42:11","guid":{"rendered":"https:\/\/uprzyjaciol.pl\/theatrum\/?page_id=536"},"modified":"2022-10-28T13:46:25","modified_gmt":"2022-10-28T11:46:25","slug":"mateusz-paszkiewicz","status":"publish","type":"page","link":"https:\/\/uprzyjaciol.pl\/theatrum\/teatr\/trupa-teatralna\/mateusz-paszkiewicz\/","title":{"rendered":"Mateusz Paszkiewicz"},"content":{"rendered":"\n<p>W Teatrze &#8222;U Przyjaci\u00f3\u0142&#8221; od 2016 roku do 2019. Aktor.<\/p>\n\n\n\n<p><strong>Role aktorskie w Teatrze &#8222;U Przyjaci\u00f3\u0142&#8221;:<\/strong><\/p>\n\n\n\n<p>&#8222;Ascendium&#8221; &#8211; Cz\u0142owiek Lazarus Beta<br>&#8222;Horla. Przypadek rodziny Sabl\u00e9&#8221; &#8211; Jan, s\u0142u\u017c\u0105cy<br>&#8222;Senne \u0142agodne prze\u015bwity&#8221; &#8211; Ivan (ON)<br>&#8222;Bloomsday&#8221; (2017) &#8211; Dedalus<br>&#8222;Legenda o \u015bwi\u0119tym Patryku&#8221; (2018) &#8211; Narrator<br>&#8222;Sherlock Holmes &#8211; Dolina strachu&#8221; (2018) &#8211; dr John H. Watson<br>&#8222;Bywalcy Absurdutu&#8221; (2018-2019) &#8211; Skrobol Alojzy &#8211; kelner totalny (tacmistrz)<br>&#8222;Elektra&#8221; (2018) &#8211; Orestes<br>&#8222;Ulisses&#8221; (2018) &#8211; Leopold Bloom<br>&#8222;Dzisiaj wyje\u017cd\u017cam. (2018) &#8211; Bruno Jasie\u0144ski<br>&#8222;Portret Doriana Wilde&#8217;a&#8221; (2019) &#8211; Dorian Gray<\/p>\n\n\n\n<p><strong>Re\u017cyseria \/ Scenariusz:<\/strong><br>Sherlock Holmes &#8211; Dolina strachu&#8221; (2018)<\/p>\n","protected":false},"excerpt":{"rendered":"<p>W Teatrze &#8222;U Przyjaci\u00f3\u0142&#8221; od 2016 roku do 2019. Aktor. Role aktorskie w Teatrze &#8222;U Przyjaci\u00f3\u0142&#8221;: &#8222;Ascendium&#8221; &#8211; Cz\u0142owiek Lazarus Beta&#8222;Horla. Przypadek rodziny Sabl\u00e9&#8221; &#8211; Jan, s\u0142u\u017c\u0105cy&#8222;Senne \u0142agodne prze\u015bwity&#8221; &#8211; Ivan (ON)&#8222;Bloomsday&#8221; (2017) &#8211; Dedalus&#8222;Legenda o \u015bwi\u0119tym Patryku&#8221; (2018) &#8211; Narrator&#8222;Sherlock Holmes &#8211; Dolina strachu&#8221; (2018) &#8211; dr John H. Watson&#8222;Bywalcy Absurdutu&#8221; (2018-2019) &#8211; Skrobol<\/p>\n<div><a class=\"btn-filled btn\" href=\"https:\/\/uprzyjaciol.pl\/theatrum\/teatr\/trupa-teatralna\/mateusz-paszkiewicz\/\" title=\"Mateusz Paszkiewicz\">Dowiedz si\u0119 wi\u0119cej<\/a><\/div>\n","protected":false},"author":6,"featured_media":0,"parent":26,"menu_order":0,"comment_status":"closed","ping_status":"closed","template":"","meta":[],"_links":{"self":[{"href":"https:\/\/uprzyjaciol.pl\/theatrum\/wp-json\/wp\/v2\/pages\/536"}],"collection":[{"href":"https:\/\/uprzyjaciol.pl\/theatrum\/wp-json\/wp\/v2\/pages"}],"about":[{"href":"https:\/\/uprzyjaciol.pl\/theatrum\/wp-json\/wp\/v2\/types\/page"}],"author":[{"embeddable":true,"href":"https:\/\/uprzyjaciol.pl\/theatrum\/wp-json\/wp\/v2\/users\/6"}],"replies":[{"embeddable":true,"href":"https:\/\/uprzyjaciol.pl\/theatrum\/wp-json\/wp\/v2\/comments?post=536"}],"version-history":[{"count":2,"href":"https:\/\/uprzyjaciol.pl\/theatrum\/wp-json\/wp\/v2\/pages\/536\/revisions"}],"predecessor-version":[{"id":1462,"href":"https:\/\/uprzyjaciol.pl\/theatrum\/wp-json\/wp\/v2\/pages\/536\/revisions\/1462"}],"up":[{"embeddable":true,"href":"https:\/\/uprzyjaciol.pl\/theatrum\/wp-json\/wp\/v2\/pages\/26"}],"wp:attachment":[{"href":"https:\/\/uprzyjaciol.pl\/theatrum\/wp-json\/wp\/v2\/media?parent=536"}],"curies":[{"name":"wp","href":"https:\/\/api.w.org\/{rel}","templated":true}]}}