{"id":534,"date":"2021-08-06T12:37:40","date_gmt":"2021-08-06T10:37:40","guid":{"rendered":"https:\/\/uprzyjaciol.pl\/theatrum\/?page_id=534"},"modified":"2021-08-06T12:37:45","modified_gmt":"2021-08-06T10:37:45","slug":"hanna-babicka","status":"publish","type":"page","link":"https:\/\/uprzyjaciol.pl\/theatrum\/teatr\/trupa-teatralna\/hanna-babicka\/","title":{"rendered":"Hanna Babicka"},"content":{"rendered":"\n<p>W Zespole Teatru &#8222;U Przyjaci\u00f3\u0142&#8221; od 2017 roku.<\/p>\n\n\n\n<p><strong>Role aktorskie w Teatrze &#8222;U Przyjaci\u00f3\u0142&#8221;:<\/strong><\/p>\n\n\n\n<p>Mania Grotewska &#8211; Teatroza vel Rekrutremy (2018)<br>Chrysothemis\/Siostra &#8211; Elektra (2018)<\/p>\n","protected":false},"excerpt":{"rendered":"<p>W Zespole Teatru &#8222;U Przyjaci\u00f3\u0142&#8221; od 2017 roku. Role aktorskie w Teatrze &#8222;U Przyjaci\u00f3\u0142&#8221;: Mania Grotewska &#8211; Teatroza vel Rekrutremy (2018)Chrysothemis\/Siostra &#8211; Elektra (2018)<\/p>\n","protected":false},"author":6,"featured_media":0,"parent":26,"menu_order":0,"comment_status":"closed","ping_status":"closed","template":"","meta":[],"_links":{"self":[{"href":"https:\/\/uprzyjaciol.pl\/theatrum\/wp-json\/wp\/v2\/pages\/534"}],"collection":[{"href":"https:\/\/uprzyjaciol.pl\/theatrum\/wp-json\/wp\/v2\/pages"}],"about":[{"href":"https:\/\/uprzyjaciol.pl\/theatrum\/wp-json\/wp\/v2\/types\/page"}],"author":[{"embeddable":true,"href":"https:\/\/uprzyjaciol.pl\/theatrum\/wp-json\/wp\/v2\/users\/6"}],"replies":[{"embeddable":true,"href":"https:\/\/uprzyjaciol.pl\/theatrum\/wp-json\/wp\/v2\/comments?post=534"}],"version-history":[{"count":1,"href":"https:\/\/uprzyjaciol.pl\/theatrum\/wp-json\/wp\/v2\/pages\/534\/revisions"}],"predecessor-version":[{"id":535,"href":"https:\/\/uprzyjaciol.pl\/theatrum\/wp-json\/wp\/v2\/pages\/534\/revisions\/535"}],"up":[{"embeddable":true,"href":"https:\/\/uprzyjaciol.pl\/theatrum\/wp-json\/wp\/v2\/pages\/26"}],"wp:attachment":[{"href":"https:\/\/uprzyjaciol.pl\/theatrum\/wp-json\/wp\/v2\/media?parent=534"}],"curies":[{"name":"wp","href":"https:\/\/api.w.org\/{rel}","templated":true}]}}