{"id":528,"date":"2021-08-05T15:15:59","date_gmt":"2021-08-05T13:15:59","guid":{"rendered":"https:\/\/uprzyjaciol.pl\/theatrum\/?page_id=528"},"modified":"2021-08-05T15:16:04","modified_gmt":"2021-08-05T13:16:04","slug":"sylwia-achu","status":"publish","type":"page","link":"https:\/\/uprzyjaciol.pl\/theatrum\/teatr\/trupa-teatralna\/sylwia-achu\/","title":{"rendered":"Sylwia Achu"},"content":{"rendered":"\n<figure class=\"wp-block-image size-full\"><img loading=\"lazy\" width=\"799\" height=\"547\" src=\"https:\/\/uprzyjaciol.pl\/theatrum\/wp-content\/uploads\/2021\/08\/sylwia-achu.jpg\" alt=\"\" class=\"wp-image-529\" srcset=\"https:\/\/uprzyjaciol.pl\/theatrum\/wp-content\/uploads\/2021\/08\/sylwia-achu.jpg 799w, https:\/\/uprzyjaciol.pl\/theatrum\/wp-content\/uploads\/2021\/08\/sylwia-achu-300x205.jpg 300w, https:\/\/uprzyjaciol.pl\/theatrum\/wp-content\/uploads\/2021\/08\/sylwia-achu-768x526.jpg 768w\" sizes=\"(max-width: 799px) 100vw, 799px\" \/><\/figure>\n\n\n\n<p><em>&#8222;Szumu s\u0142ucha, szare ogr\u0105da, wszystkiemu si\u0119 przypatruje co nie ma formy jeszcze&#8230;&#8221;<\/em><strong><\/strong><\/p>\n\n\n\n<p>W Teatrze &#8222;U Przyjaci\u00f3\u0142&#8221; od 2014 do 2018 roku.<\/p>\n\n\n\n<p><strong>Role aktorskie w Teatrze &#8222;U Przyjaci\u00f3\u0142&#8221;<\/strong>:<\/p>\n\n\n\n<p>Elektra &#8211;&nbsp;<a href=\"https:\/\/uprzyjaciol.pl\/teatr\/index.php\/teatr\/zespol-teatru\/78-uprzyjaciol\/148-elektra\">Elektra<\/a>&nbsp;(2018 )<br>Amalia Bazbaryton &#8211;&nbsp;<a href=\"https:\/\/uprzyjaciol.pl\/teatr\/index.php\/teatr\/zespol-teatru\/78-uprzyjaciol\/90-rekrutremy\">Rekrutremy&nbsp;<\/a>(2018)<br>Lizawieta (siostra Gribojedowa) &#8211;&nbsp;<a href=\"https:\/\/uprzyjaciol.pl\/teatr\/index.php\/teatr\/zespol-teatru\/78-uprzyjaciol\/80-senne-lagodne-przeswity\">Senne \u0142agodne prze\u015bwity<\/a>&nbsp;(2017)<br>Wyszminkowana &#8211;&nbsp;<a href=\"https:\/\/uprzyjaciol.pl\/teatr\/index.php\/teatr\/zespol-teatru\/78-uprzyjaciol\/75-appendix\">Appendix (<\/a>2014)<br>Wera\/Maria z Bz\u00f3wka &#8211;&nbsp;<a href=\"https:\/\/uprzyjaciol.pl\/teatr\/index.php\/teatr\/zespol-teatru\/78-uprzyjaciol\/75-appendix\">Niebostrzyg<\/a>&nbsp;(2015)<\/p>\n\n\n\n<p><br><strong>Aktualnie gra w spektaklach: &#8222;Elektra&#8221;<\/strong><\/p>\n","protected":false},"excerpt":{"rendered":"<p>&#8222;Szumu s\u0142ucha, szare ogr\u0105da, wszystkiemu si\u0119 przypatruje co nie ma formy jeszcze&#8230;&#8221; W Teatrze &#8222;U Przyjaci\u00f3\u0142&#8221; od 2014 do 2018 roku. Role aktorskie w Teatrze &#8222;U Przyjaci\u00f3\u0142&#8221;: Elektra &#8211;&nbsp;Elektra&nbsp;(2018 )Amalia Bazbaryton &#8211;&nbsp;Rekrutremy&nbsp;(2018)Lizawieta (siostra Gribojedowa) &#8211;&nbsp;Senne \u0142agodne prze\u015bwity&nbsp;(2017)Wyszminkowana &#8211;&nbsp;Appendix (2014)Wera\/Maria z Bz\u00f3wka &#8211;&nbsp;Niebostrzyg&nbsp;(2015) Aktualnie gra w spektaklach: &#8222;Elektra&#8221;<\/p>\n","protected":false},"author":6,"featured_media":0,"parent":26,"menu_order":0,"comment_status":"closed","ping_status":"closed","template":"","meta":[],"_links":{"self":[{"href":"https:\/\/uprzyjaciol.pl\/theatrum\/wp-json\/wp\/v2\/pages\/528"}],"collection":[{"href":"https:\/\/uprzyjaciol.pl\/theatrum\/wp-json\/wp\/v2\/pages"}],"about":[{"href":"https:\/\/uprzyjaciol.pl\/theatrum\/wp-json\/wp\/v2\/types\/page"}],"author":[{"embeddable":true,"href":"https:\/\/uprzyjaciol.pl\/theatrum\/wp-json\/wp\/v2\/users\/6"}],"replies":[{"embeddable":true,"href":"https:\/\/uprzyjaciol.pl\/theatrum\/wp-json\/wp\/v2\/comments?post=528"}],"version-history":[{"count":1,"href":"https:\/\/uprzyjaciol.pl\/theatrum\/wp-json\/wp\/v2\/pages\/528\/revisions"}],"predecessor-version":[{"id":530,"href":"https:\/\/uprzyjaciol.pl\/theatrum\/wp-json\/wp\/v2\/pages\/528\/revisions\/530"}],"up":[{"embeddable":true,"href":"https:\/\/uprzyjaciol.pl\/theatrum\/wp-json\/wp\/v2\/pages\/26"}],"wp:attachment":[{"href":"https:\/\/uprzyjaciol.pl\/theatrum\/wp-json\/wp\/v2\/media?parent=528"}],"curies":[{"name":"wp","href":"https:\/\/api.w.org\/{rel}","templated":true}]}}