{"id":520,"date":"2021-08-05T15:13:46","date_gmt":"2021-08-05T13:13:46","guid":{"rendered":"https:\/\/uprzyjaciol.pl\/theatrum\/?page_id=520"},"modified":"2021-08-05T15:13:49","modified_gmt":"2021-08-05T13:13:49","slug":"wawrzyniec-dabrowski","status":"publish","type":"page","link":"https:\/\/uprzyjaciol.pl\/theatrum\/teatr\/trupa-teatralna\/wawrzyniec-dabrowski\/","title":{"rendered":"Wawrzyniec D\u0105browski"},"content":{"rendered":"\n<figure class=\"wp-block-image size-large\"><img loading=\"lazy\" width=\"759\" height=\"1024\" src=\"https:\/\/uprzyjaciol.pl\/theatrum\/wp-content\/uploads\/2021\/08\/wawrzyniec-dabrowski-759x1024.jpg\" alt=\"\" class=\"wp-image-521\" srcset=\"https:\/\/uprzyjaciol.pl\/theatrum\/wp-content\/uploads\/2021\/08\/wawrzyniec-dabrowski-759x1024.jpg 759w, https:\/\/uprzyjaciol.pl\/theatrum\/wp-content\/uploads\/2021\/08\/wawrzyniec-dabrowski-222x300.jpg 222w, https:\/\/uprzyjaciol.pl\/theatrum\/wp-content\/uploads\/2021\/08\/wawrzyniec-dabrowski-768x1036.jpg 768w, https:\/\/uprzyjaciol.pl\/theatrum\/wp-content\/uploads\/2021\/08\/wawrzyniec-dabrowski-1139x1536.jpg 1139w, https:\/\/uprzyjaciol.pl\/theatrum\/wp-content\/uploads\/2021\/08\/wawrzyniec-dabrowski.jpg 1518w\" sizes=\"(max-width: 759px) 100vw, 759px\" \/><\/figure>\n\n\n\n<p>W zespole Teatru &#8222;U Przyjaci\u00f3\u0142&#8221; od 2012 do 2018 roku.<\/p>\n\n\n\n<p><strong>Role aktorskie:<\/strong><\/p>\n\n\n\n<p>Pracownik redakcji \u201eFreemans Journal\u201d \u2013 \u201eBloomsday\u201d (2012, 2013)<br>Cz\u0142onek trupy teatralnej, wios\u0142o, ksi\u0119\u017cyc \u2013 \u201eLegenda o \u015bw. Patryku\u201d (2013, 2014, 2015)<br>Atleta &#8211; &#8222;Wiosna Schultza&#8221; (2013)<br>Papiak &#8211; z\u0142ota r\u0105czka \u2013 \u201eRekrutremy\u201d (2013)<br>Sokrates &#8211; &#8222;Sokrates ta\u0144cz\u0105cy&#8221; &#8211; (2013)<br>Wo\u017any Foyer \u2013 \u201eTeatroza\u201d (2015)<br>Prymarny Wies\u0142aw &#8211; portier Absurdutu (2014), Huczny Kryspin &#8211; przyschni\u0119ty do kredensu (2015) \u2013 \u201eBywalcy Absurdutu\u201d<br>Fiszman, Wiktor \u2013 \u201eFobie\u201d (2015)<br>Mnich Marcel, Kamerdyner Czerstwy \u2013 \u201eNiebostrzyg\u201d (2012)<br>Mr Truch\u0142o &#8211; &#8222;Przedwczesny pogrzeb&#8221; (2014)<br>Kr\u00f3l &#8211; &#8222;Lysis&#8221; (2016)<br>Dyrektor Lichodiejew &#8211; Senne \u0142agodne prze\u015bwity (2017)<\/p>\n\n\n\n<p><br><strong>Aktualnie gra w spektaklach:<\/strong>&nbsp; &#8222;Senne \u0142agodne prze\u015bwity&#8221;<\/p>\n","protected":false},"excerpt":{"rendered":"<p>W zespole Teatru &#8222;U Przyjaci\u00f3\u0142&#8221; od 2012 do 2018 roku. Role aktorskie: Pracownik redakcji \u201eFreemans Journal\u201d \u2013 \u201eBloomsday\u201d (2012, 2013)Cz\u0142onek trupy teatralnej, wios\u0142o, ksi\u0119\u017cyc \u2013 \u201eLegenda o \u015bw. Patryku\u201d (2013, 2014, 2015)Atleta &#8211; &#8222;Wiosna Schultza&#8221; (2013)Papiak &#8211; z\u0142ota r\u0105czka \u2013 \u201eRekrutremy\u201d (2013)Sokrates &#8211; &#8222;Sokrates ta\u0144cz\u0105cy&#8221; &#8211; (2013)Wo\u017any Foyer \u2013 \u201eTeatroza\u201d (2015)Prymarny Wies\u0142aw &#8211; portier Absurdutu<\/p>\n<div><a class=\"btn-filled btn\" href=\"https:\/\/uprzyjaciol.pl\/theatrum\/teatr\/trupa-teatralna\/wawrzyniec-dabrowski\/\" title=\"Wawrzyniec D\u0105browski\">Dowiedz si\u0119 wi\u0119cej<\/a><\/div>\n","protected":false},"author":6,"featured_media":0,"parent":26,"menu_order":0,"comment_status":"closed","ping_status":"closed","template":"","meta":[],"_links":{"self":[{"href":"https:\/\/uprzyjaciol.pl\/theatrum\/wp-json\/wp\/v2\/pages\/520"}],"collection":[{"href":"https:\/\/uprzyjaciol.pl\/theatrum\/wp-json\/wp\/v2\/pages"}],"about":[{"href":"https:\/\/uprzyjaciol.pl\/theatrum\/wp-json\/wp\/v2\/types\/page"}],"author":[{"embeddable":true,"href":"https:\/\/uprzyjaciol.pl\/theatrum\/wp-json\/wp\/v2\/users\/6"}],"replies":[{"embeddable":true,"href":"https:\/\/uprzyjaciol.pl\/theatrum\/wp-json\/wp\/v2\/comments?post=520"}],"version-history":[{"count":1,"href":"https:\/\/uprzyjaciol.pl\/theatrum\/wp-json\/wp\/v2\/pages\/520\/revisions"}],"predecessor-version":[{"id":522,"href":"https:\/\/uprzyjaciol.pl\/theatrum\/wp-json\/wp\/v2\/pages\/520\/revisions\/522"}],"up":[{"embeddable":true,"href":"https:\/\/uprzyjaciol.pl\/theatrum\/wp-json\/wp\/v2\/pages\/26"}],"wp:attachment":[{"href":"https:\/\/uprzyjaciol.pl\/theatrum\/wp-json\/wp\/v2\/media?parent=520"}],"curies":[{"name":"wp","href":"https:\/\/api.w.org\/{rel}","templated":true}]}}