{"id":517,"date":"2021-08-05T15:12:53","date_gmt":"2021-08-05T13:12:53","guid":{"rendered":"https:\/\/uprzyjaciol.pl\/theatrum\/?page_id=517"},"modified":"2021-08-05T15:12:56","modified_gmt":"2021-08-05T13:12:56","slug":"pawel-sakowski","status":"publish","type":"page","link":"https:\/\/uprzyjaciol.pl\/theatrum\/teatr\/trupa-teatralna\/pawel-sakowski\/","title":{"rendered":"Pawe\u0142 Sakowski"},"content":{"rendered":"\n<figure class=\"wp-block-image size-full\"><img loading=\"lazy\" width=\"655\" height=\"960\" src=\"https:\/\/uprzyjaciol.pl\/theatrum\/wp-content\/uploads\/2021\/08\/pawel-sakowski.jpg\" alt=\"\" class=\"wp-image-518\" srcset=\"https:\/\/uprzyjaciol.pl\/theatrum\/wp-content\/uploads\/2021\/08\/pawel-sakowski.jpg 655w, https:\/\/uprzyjaciol.pl\/theatrum\/wp-content\/uploads\/2021\/08\/pawel-sakowski-205x300.jpg 205w\" sizes=\"(max-width: 655px) 100vw, 655px\" \/><\/figure>\n\n\n\n<p><em>Problemem artysty rzadko bywa alkohol. Problemem bywa brak motywacji i melancholia.<\/em><\/p>\n\n\n\n<p>W Teatrze &#8222;U Przyjaci\u00f3\u0142&#8221; od 2012 roku. Aktor, t\u0142umacz, absolwent filologii angielskiej na UAM w Poznaniu. Duchowy artysta z wyboru.<\/p>\n\n\n\n<p><strong>Role aktorskie w Teatrze u Przyjaci\u00f3\u0142:<\/strong><\/p>\n\n\n\n<p>Martwy D\u017centelmen Pierwszy \u2013 \u201eNiebostrzyg\u201d (2012)<\/p>\n\n\n\n<p>Ojciec \u2013 \u201eOstatnia ucieczka Brunona Schulza\u201d (2012)<\/p>\n\n\n\n<p>Lampe &#8211; &#8222;Fobie&#8221; (2016 )<\/p>\n\n\n\n<p>Doktor Parent &#8211; &#8222;Horla. Przypadek rodziny Sabl\u00e9&#8221; (2017)<\/p>\n\n\n\n<p><strong>Aktualnie gra w spektaklach: &#8222;Horla. Przypadek rodziny Sabl\u00e9&#8221;, &#8222;Niebostrzyg&#8221;<\/strong><\/p>\n","protected":false},"excerpt":{"rendered":"<p>Problemem artysty rzadko bywa alkohol. Problemem bywa brak motywacji i melancholia. W Teatrze &#8222;U Przyjaci\u00f3\u0142&#8221; od 2012 roku. Aktor, t\u0142umacz, absolwent filologii angielskiej na UAM w Poznaniu. Duchowy artysta z wyboru. Role aktorskie w Teatrze u Przyjaci\u00f3\u0142: Martwy D\u017centelmen Pierwszy \u2013 \u201eNiebostrzyg\u201d (2012) Ojciec \u2013 \u201eOstatnia ucieczka Brunona Schulza\u201d (2012) Lampe &#8211; &#8222;Fobie&#8221; (2016 )<\/p>\n<div><a class=\"btn-filled btn\" href=\"https:\/\/uprzyjaciol.pl\/theatrum\/teatr\/trupa-teatralna\/pawel-sakowski\/\" title=\"Pawe\u0142 Sakowski\">Dowiedz si\u0119 wi\u0119cej<\/a><\/div>\n","protected":false},"author":6,"featured_media":0,"parent":26,"menu_order":0,"comment_status":"closed","ping_status":"closed","template":"","meta":[],"_links":{"self":[{"href":"https:\/\/uprzyjaciol.pl\/theatrum\/wp-json\/wp\/v2\/pages\/517"}],"collection":[{"href":"https:\/\/uprzyjaciol.pl\/theatrum\/wp-json\/wp\/v2\/pages"}],"about":[{"href":"https:\/\/uprzyjaciol.pl\/theatrum\/wp-json\/wp\/v2\/types\/page"}],"author":[{"embeddable":true,"href":"https:\/\/uprzyjaciol.pl\/theatrum\/wp-json\/wp\/v2\/users\/6"}],"replies":[{"embeddable":true,"href":"https:\/\/uprzyjaciol.pl\/theatrum\/wp-json\/wp\/v2\/comments?post=517"}],"version-history":[{"count":1,"href":"https:\/\/uprzyjaciol.pl\/theatrum\/wp-json\/wp\/v2\/pages\/517\/revisions"}],"predecessor-version":[{"id":519,"href":"https:\/\/uprzyjaciol.pl\/theatrum\/wp-json\/wp\/v2\/pages\/517\/revisions\/519"}],"up":[{"embeddable":true,"href":"https:\/\/uprzyjaciol.pl\/theatrum\/wp-json\/wp\/v2\/pages\/26"}],"wp:attachment":[{"href":"https:\/\/uprzyjaciol.pl\/theatrum\/wp-json\/wp\/v2\/media?parent=517"}],"curies":[{"name":"wp","href":"https:\/\/api.w.org\/{rel}","templated":true}]}}