{"id":494,"date":"2021-07-29T12:12:47","date_gmt":"2021-07-29T10:12:47","guid":{"rendered":"https:\/\/uprzyjaciol.pl\/theatrum\/?page_id=494"},"modified":"2024-05-03T12:48:35","modified_gmt":"2024-05-03T10:48:35","slug":"karolina-wensierska","status":"publish","type":"page","link":"https:\/\/uprzyjaciol.pl\/theatrum\/teatr\/trupa-teatralna\/karolina-wensierska\/","title":{"rendered":"Karolina Wensierska"},"content":{"rendered":"\n<figure class=\"wp-block-image size-full\"><img loading=\"lazy\" width=\"800\" height=\"533\" src=\"https:\/\/uprzyjaciol.pl\/theatrum\/wp-content\/uploads\/2021\/07\/karolina-wensierska.jpg\" alt=\"\" class=\"wp-image-495\" srcset=\"https:\/\/uprzyjaciol.pl\/theatrum\/wp-content\/uploads\/2021\/07\/karolina-wensierska.jpg 800w, https:\/\/uprzyjaciol.pl\/theatrum\/wp-content\/uploads\/2021\/07\/karolina-wensierska-300x200.jpg 300w, https:\/\/uprzyjaciol.pl\/theatrum\/wp-content\/uploads\/2021\/07\/karolina-wensierska-768x512.jpg 768w\" sizes=\"(max-width: 800px) 100vw, 800px\" \/><\/figure>\n\n\n\n<p>&#8222;Rzemios\u0142o bez sztuki, kt\u00f3ra stanowi jego racj\u0119 bytu, jest mechanizmem funkcjonuj\u0105cym w pr\u00f3\u017cni.<br>Sztuka bez rzemios\u0142a, kt\u00f3re daje jej si\u0142\u0119 i trwa\u0142o\u015b\u0107, jest nieuchwytnym widmem.&#8221;<br>\/Jacques Copeau &#8222;Rzemios\u0142o w teatrze&#8221;\/<\/p>\n\n\n\n<p>W Teatrze &#8222;U Przyjaci\u00f3\u0142&#8221; od 2020 roku.<\/p>\n\n\n\n<p><strong>Role aktorskie w Teatrze &#8222;U Przyjaci\u00f3\u0142&#8221;:<\/strong><\/p>\n\n\n\n<p>Siostra &#8211; &#8222;Elektra&#8221; (2020)<br>Molly Bloom &#8211; &#8222;Ulisses&#8221; (2020)<\/p>\n\n\n\n<p><strong>Realizacje:<\/strong><br>&#8222;Nie zapomnisz&#8221; (2024)<\/p>\n","protected":false},"excerpt":{"rendered":"<p>&#8222;Rzemios\u0142o bez sztuki, kt\u00f3ra stanowi jego racj\u0119 bytu, jest mechanizmem funkcjonuj\u0105cym w pr\u00f3\u017cni.Sztuka bez rzemios\u0142a, kt\u00f3re daje jej si\u0142\u0119 i trwa\u0142o\u015b\u0107, jest nieuchwytnym widmem.&#8221;\/Jacques Copeau &#8222;Rzemios\u0142o w teatrze&#8221;\/ W Teatrze &#8222;U Przyjaci\u00f3\u0142&#8221; od 2020 roku. Role aktorskie w Teatrze &#8222;U Przyjaci\u00f3\u0142&#8221;: Siostra &#8211; &#8222;Elektra&#8221; (2020)Molly Bloom &#8211; &#8222;Ulisses&#8221; (2020) Realizacje:&#8222;Nie zapomnisz&#8221; (2024)<\/p>\n","protected":false},"author":6,"featured_media":0,"parent":26,"menu_order":0,"comment_status":"closed","ping_status":"closed","template":"","meta":[],"_links":{"self":[{"href":"https:\/\/uprzyjaciol.pl\/theatrum\/wp-json\/wp\/v2\/pages\/494"}],"collection":[{"href":"https:\/\/uprzyjaciol.pl\/theatrum\/wp-json\/wp\/v2\/pages"}],"about":[{"href":"https:\/\/uprzyjaciol.pl\/theatrum\/wp-json\/wp\/v2\/types\/page"}],"author":[{"embeddable":true,"href":"https:\/\/uprzyjaciol.pl\/theatrum\/wp-json\/wp\/v2\/users\/6"}],"replies":[{"embeddable":true,"href":"https:\/\/uprzyjaciol.pl\/theatrum\/wp-json\/wp\/v2\/comments?post=494"}],"version-history":[{"count":2,"href":"https:\/\/uprzyjaciol.pl\/theatrum\/wp-json\/wp\/v2\/pages\/494\/revisions"}],"predecessor-version":[{"id":2132,"href":"https:\/\/uprzyjaciol.pl\/theatrum\/wp-json\/wp\/v2\/pages\/494\/revisions\/2132"}],"up":[{"embeddable":true,"href":"https:\/\/uprzyjaciol.pl\/theatrum\/wp-json\/wp\/v2\/pages\/26"}],"wp:attachment":[{"href":"https:\/\/uprzyjaciol.pl\/theatrum\/wp-json\/wp\/v2\/media?parent=494"}],"curies":[{"name":"wp","href":"https:\/\/api.w.org\/{rel}","templated":true}]}}