{"id":491,"date":"2021-07-29T12:11:49","date_gmt":"2021-07-29T10:11:49","guid":{"rendered":"https:\/\/uprzyjaciol.pl\/theatrum\/?page_id=491"},"modified":"2021-07-29T12:11:54","modified_gmt":"2021-07-29T10:11:54","slug":"mikolaj-troszczynski","status":"publish","type":"page","link":"https:\/\/uprzyjaciol.pl\/theatrum\/teatr\/trupa-teatralna\/mikolaj-troszczynski\/","title":{"rendered":"Miko\u0142aj Troszczy\u0144ski"},"content":{"rendered":"\n<figure class=\"wp-block-image size-full\"><img loading=\"lazy\" width=\"396\" height=\"619\" src=\"https:\/\/uprzyjaciol.pl\/theatrum\/wp-content\/uploads\/2021\/07\/mikolaj-troszczynski.jpg\" alt=\"\" class=\"wp-image-492\" srcset=\"https:\/\/uprzyjaciol.pl\/theatrum\/wp-content\/uploads\/2021\/07\/mikolaj-troszczynski.jpg 396w, https:\/\/uprzyjaciol.pl\/theatrum\/wp-content\/uploads\/2021\/07\/mikolaj-troszczynski-192x300.jpg 192w\" sizes=\"(max-width: 396px) 100vw, 396px\" \/><\/figure>\n\n\n\n<p>W Teatrze &#8222;U Przyjaci\u00f3\u0142&#8221; od 2011 roku. Asolwent studium aktorskiego ROE (2010), absolwent politologii i stosunk\u00f3w mi\u0119dzynarodowych na UAM w Poznaniu, laureat wielu konkurs\u00f3w recytatorskich.<\/p>\n\n\n\n<p><strong>Role aktorskie w Teatrze &#8222;U Przyjaci\u00f3\u0142&#8221;:<\/strong><\/p>\n\n\n\n<p>Wo\u017any Foyer \u2013 \u201eTeatroza\u201d (2012 \u2013 2013)<\/p>\n\n\n\n<p>Mr Deasy \u2013 \u201eDzie\u0144 Blooma\u201d (2012)<\/p>\n\n\n\n<p>Cie\u0144 \u2013 \u201eLegenda o \u015bw. Patryku\u201d (2012, 2013)<\/p>\n\n\n\n<p>Fiszman, Wiktor \u2013 \u201eFobie\u201d (2012)<\/p>\n\n\n\n<p>Kryspin Chuczny \u2013 \u201eBywalcy Absurdutu\u201d (2012 \u2013 2013)<\/p>\n\n\n\n<p>Tirli Bom, Humpty Dumpty \u2013 \u201eAlicja w lustrach\u201d (2012)<\/p>\n\n\n\n<p>Vladimir \u2013 \u201eNiebostrzyg\u201d (2012)<\/p>\n\n\n\n<p>Rudolf \u2013 \u201eOstatnia ucieczka Brunona Schulza\u201d (2012)<\/p>\n\n\n\n<p>JA \u2013 \u201eGomber\u201d (2013)<\/p>\n\n\n\n<p>Redaktor \u201eFreemans Journal\u201d \u2013 \u201eBloomsday\u201d (2013)<\/p>\n\n\n\n<p>Helliodor Basset &#8211; &#8222;Przedwczesny pogrzeb&#8221; (2015)&nbsp;<\/p>\n\n\n\n<p><strong>Aktualnie gra w spektaklach:&nbsp;<\/strong>\u201eGomber\u201d, \u201eNiebostrzyg\u201d.<\/p>\n","protected":false},"excerpt":{"rendered":"<p>W Teatrze &#8222;U Przyjaci\u00f3\u0142&#8221; od 2011 roku. Asolwent studium aktorskiego ROE (2010), absolwent politologii i stosunk\u00f3w mi\u0119dzynarodowych na UAM w Poznaniu, laureat wielu konkurs\u00f3w recytatorskich. Role aktorskie w Teatrze &#8222;U Przyjaci\u00f3\u0142&#8221;: Wo\u017any Foyer \u2013 \u201eTeatroza\u201d (2012 \u2013 2013) Mr Deasy \u2013 \u201eDzie\u0144 Blooma\u201d (2012) Cie\u0144 \u2013 \u201eLegenda o \u015bw. Patryku\u201d (2012, 2013) Fiszman, Wiktor \u2013<\/p>\n<div><a class=\"btn-filled btn\" href=\"https:\/\/uprzyjaciol.pl\/theatrum\/teatr\/trupa-teatralna\/mikolaj-troszczynski\/\" title=\"Miko\u0142aj Troszczy\u0144ski\">Dowiedz si\u0119 wi\u0119cej<\/a><\/div>\n","protected":false},"author":6,"featured_media":0,"parent":26,"menu_order":0,"comment_status":"closed","ping_status":"closed","template":"","meta":[],"_links":{"self":[{"href":"https:\/\/uprzyjaciol.pl\/theatrum\/wp-json\/wp\/v2\/pages\/491"}],"collection":[{"href":"https:\/\/uprzyjaciol.pl\/theatrum\/wp-json\/wp\/v2\/pages"}],"about":[{"href":"https:\/\/uprzyjaciol.pl\/theatrum\/wp-json\/wp\/v2\/types\/page"}],"author":[{"embeddable":true,"href":"https:\/\/uprzyjaciol.pl\/theatrum\/wp-json\/wp\/v2\/users\/6"}],"replies":[{"embeddable":true,"href":"https:\/\/uprzyjaciol.pl\/theatrum\/wp-json\/wp\/v2\/comments?post=491"}],"version-history":[{"count":1,"href":"https:\/\/uprzyjaciol.pl\/theatrum\/wp-json\/wp\/v2\/pages\/491\/revisions"}],"predecessor-version":[{"id":493,"href":"https:\/\/uprzyjaciol.pl\/theatrum\/wp-json\/wp\/v2\/pages\/491\/revisions\/493"}],"up":[{"embeddable":true,"href":"https:\/\/uprzyjaciol.pl\/theatrum\/wp-json\/wp\/v2\/pages\/26"}],"wp:attachment":[{"href":"https:\/\/uprzyjaciol.pl\/theatrum\/wp-json\/wp\/v2\/media?parent=491"}],"curies":[{"name":"wp","href":"https:\/\/api.w.org\/{rel}","templated":true}]}}