{"id":488,"date":"2021-07-29T12:08:48","date_gmt":"2021-07-29T10:08:48","guid":{"rendered":"https:\/\/uprzyjaciol.pl\/theatrum\/?page_id=488"},"modified":"2021-07-29T12:08:55","modified_gmt":"2021-07-29T10:08:55","slug":"borys-szumanski","status":"publish","type":"page","link":"https:\/\/uprzyjaciol.pl\/theatrum\/teatr\/trupa-teatralna\/borys-szumanski\/","title":{"rendered":"Borys Szuma\u0144ski"},"content":{"rendered":"\n<figure class=\"wp-block-image size-large\"><img loading=\"lazy\" width=\"1024\" height=\"683\" src=\"https:\/\/uprzyjaciol.pl\/theatrum\/wp-content\/uploads\/2021\/07\/borys-szumanski-1024x683.jpg\" alt=\"\" class=\"wp-image-489\" srcset=\"https:\/\/uprzyjaciol.pl\/theatrum\/wp-content\/uploads\/2021\/07\/borys-szumanski-1024x683.jpg 1024w, https:\/\/uprzyjaciol.pl\/theatrum\/wp-content\/uploads\/2021\/07\/borys-szumanski-300x200.jpg 300w, https:\/\/uprzyjaciol.pl\/theatrum\/wp-content\/uploads\/2021\/07\/borys-szumanski-768x512.jpg 768w, https:\/\/uprzyjaciol.pl\/theatrum\/wp-content\/uploads\/2021\/07\/borys-szumanski-1536x1025.jpg 1536w, https:\/\/uprzyjaciol.pl\/theatrum\/wp-content\/uploads\/2021\/07\/borys-szumanski.jpg 2048w\" sizes=\"(max-width: 1024px) 100vw, 1024px\" \/><\/figure>\n\n\n\n<p><em>Kryje si\u0119 co\u015b niedobrego w m\u0119\u017cczyznach, kt\u00f3rzy unikaj\u0105 wina, gier, towarzystwa pi\u0119knych kobiet i ucztowania. Tacy ludzie albo s\u0105 ci\u0119\u017cko chorzy, albo w g\u0142\u0119bi duszy nienawidz\u0105 otoczenia.<\/em><\/p>\n\n\n\n<p>W Teatrze &#8222;U Przyjaci\u00f3\u0142&#8221; od 2009 roku. Aktor, autor scenariuszy teatralnych.&nbsp; Doktorant na Wydziale Filologii Polskiej i Klasycznej UAM w Poznaniu.<\/p>\n\n\n\n<p><strong>Role aktorskie w Teatrze u Przyjaci\u00f3\u0142:<\/strong><\/p>\n\n\n\n<p>Krewny tkwi\u0105cy zawsze w najciemniejszym k\u0105cie pokoju \u2013 \u201eOpowie\u015bci niesamowite \u2013 Kryptyk\u201d (2009, 2011)<\/p>\n\n\n\n<p>Cunningham\/Heines \u2013 \u201eDzie\u0144 Blooma\u201d (2009 \u2013 2012)<\/p>\n\n\n\n<p>Cz\u0142onek trupy teatralnej \u2013 \u201eLegenda o \u015awi\u0119tym Patryku\u201d (2010, 2011)<\/p>\n\n\n\n<p>Urz\u0119dnik \u2013 \u201eMagistryton\u201d (2010 \u2013 2012)<\/p>\n\n\n\n<p>Dusza Napuszona \u2013 \u201eAppendix\u201d (2010 &#8211; obecnie)<\/p>\n\n\n\n<p>Cunningham \u2013 \u201eBloomsday\u201d (2010, 2011, 2012, 2013)<\/p>\n\n\n\n<p>Cunningham \u2013 \u201eDzie\u0144 Blooma\u201d (2010 \u2013 2012)<\/p>\n\n\n\n<p>Mr Truch\u0142o \u2013&nbsp; \u201ePrzedwczesny pogrzeb\u201d (2011)<\/p>\n\n\n\n<p>Mnich \u2013 \u201eYMAKRAPE\u201d (2011 \u2013 2012)<\/p>\n\n\n\n<p>Norbert Klauzurski \u2013 \u201eRekrutremy\u201d (2011 \u2013 2014)<\/p>\n\n\n\n<p>Bywalec nieproszony \u2013 Prytu\u0142ko, Pazuch, B. BKP \u2013 \u201eBywalcy Absurdutu\u201d (2011 &#8211; obecnie)<\/p>\n\n\n\n<p>Zaj\u0105c\/Bia\u0142y kr\u00f3lik \u2013 \u201eAlicja w lustrach\u201d (2012)<\/p>\n\n\n\n<p>Antoni, Klient, S\u0142u\u017c\u0105cy, Baca \u2013 \u201eVitcatius\u201d (2012-2017)<\/p>\n\n\n\n<p>Anastazy\/Mnich Marcel \u2013 \u201eNiebostrzyg\u201d (2012 &#8211; obecnie)<\/p>\n\n\n\n<p>prof. Bohumil Aphront Nieznalsky &#8211; &#8222;Pasje i obsesje Teodora Astray&#8221; (2016)<\/p>\n\n\n\n<p>D\u0142ugacz &#8211; &#8222;Bloomsday&#8221; (2017)<\/p>\n\n\n\n<p><strong>Autor scenariuszy:<\/strong><\/p>\n\n\n\n<p>\u201eAlicja w lustrach\u201d na podst. \u201eAlicji w krainie czar\u00f3w\u201d i \u201ePo drugiej stronie lustra\u201d Lewisa Carrolla (2012)<\/p>\n\n\n\n<p>\u201eNiebostrzyg\u201d (2012)<\/p>\n\n\n\n<p><strong>Aktualnie gra w spektaklach:&nbsp;<\/strong>\u201eAppendix\u201d, \u201eBywalcy Absurdutu\u201d, \u201eNiebostrzyg\u201d.<\/p>\n","protected":false},"excerpt":{"rendered":"<p>Kryje si\u0119 co\u015b niedobrego w m\u0119\u017cczyznach, kt\u00f3rzy unikaj\u0105 wina, gier, towarzystwa pi\u0119knych kobiet i ucztowania. Tacy ludzie albo s\u0105 ci\u0119\u017cko chorzy, albo w g\u0142\u0119bi duszy nienawidz\u0105 otoczenia. W Teatrze &#8222;U Przyjaci\u00f3\u0142&#8221; od 2009 roku. Aktor, autor scenariuszy teatralnych.&nbsp; Doktorant na Wydziale Filologii Polskiej i Klasycznej UAM w Poznaniu. Role aktorskie w Teatrze u Przyjaci\u00f3\u0142: Krewny<\/p>\n<div><a class=\"btn-filled btn\" href=\"https:\/\/uprzyjaciol.pl\/theatrum\/teatr\/trupa-teatralna\/borys-szumanski\/\" title=\"Borys Szuma\u0144ski\">Dowiedz si\u0119 wi\u0119cej<\/a><\/div>\n","protected":false},"author":6,"featured_media":0,"parent":26,"menu_order":0,"comment_status":"closed","ping_status":"closed","template":"","meta":[],"_links":{"self":[{"href":"https:\/\/uprzyjaciol.pl\/theatrum\/wp-json\/wp\/v2\/pages\/488"}],"collection":[{"href":"https:\/\/uprzyjaciol.pl\/theatrum\/wp-json\/wp\/v2\/pages"}],"about":[{"href":"https:\/\/uprzyjaciol.pl\/theatrum\/wp-json\/wp\/v2\/types\/page"}],"author":[{"embeddable":true,"href":"https:\/\/uprzyjaciol.pl\/theatrum\/wp-json\/wp\/v2\/users\/6"}],"replies":[{"embeddable":true,"href":"https:\/\/uprzyjaciol.pl\/theatrum\/wp-json\/wp\/v2\/comments?post=488"}],"version-history":[{"count":1,"href":"https:\/\/uprzyjaciol.pl\/theatrum\/wp-json\/wp\/v2\/pages\/488\/revisions"}],"predecessor-version":[{"id":490,"href":"https:\/\/uprzyjaciol.pl\/theatrum\/wp-json\/wp\/v2\/pages\/488\/revisions\/490"}],"up":[{"embeddable":true,"href":"https:\/\/uprzyjaciol.pl\/theatrum\/wp-json\/wp\/v2\/pages\/26"}],"wp:attachment":[{"href":"https:\/\/uprzyjaciol.pl\/theatrum\/wp-json\/wp\/v2\/media?parent=488"}],"curies":[{"name":"wp","href":"https:\/\/api.w.org\/{rel}","templated":true}]}}