{"id":478,"date":"2021-07-29T12:03:21","date_gmt":"2021-07-29T10:03:21","guid":{"rendered":"https:\/\/uprzyjaciol.pl\/theatrum\/?page_id=478"},"modified":"2021-07-29T12:04:04","modified_gmt":"2021-07-29T10:04:04","slug":"dorota-salamonczyk-szpalik","status":"publish","type":"page","link":"https:\/\/uprzyjaciol.pl\/theatrum\/teatr\/trupa-teatralna\/dorota-salamonczyk-szpalik\/","title":{"rendered":"Dorota Salamo\u0144czyk-Szpalik"},"content":{"rendered":"\n<figure class=\"wp-block-image size-full\"><img loading=\"lazy\" width=\"800\" height=\"365\" src=\"https:\/\/uprzyjaciol.pl\/theatrum\/wp-content\/uploads\/2021\/07\/dorota-salamonczyk-szpalik.jpg\" alt=\"\" class=\"wp-image-479\" srcset=\"https:\/\/uprzyjaciol.pl\/theatrum\/wp-content\/uploads\/2021\/07\/dorota-salamonczyk-szpalik.jpg 800w, https:\/\/uprzyjaciol.pl\/theatrum\/wp-content\/uploads\/2021\/07\/dorota-salamonczyk-szpalik-300x137.jpg 300w, https:\/\/uprzyjaciol.pl\/theatrum\/wp-content\/uploads\/2021\/07\/dorota-salamonczyk-szpalik-768x350.jpg 768w\" sizes=\"(max-width: 800px) 100vw, 800px\" \/><\/figure>\n\n\n\n<p>W Teatrze &#8222;U Przyjaci\u00f3\u0142&#8221; od 2010 roku. Aktorka. Wyst\u0105pi\u0142a w kilku niezale\u017cnych filmach. Psycholog.<\/p>\n\n\n\n<p><strong>Role aktorskie w Teatrze &#8222;U Przyjaci\u00f3\u0142&#8221;:<\/strong><\/p>\n\n\n\n<p>Urz\u0119dniczka \u2013 \u201eMagistryton\u201d (2010 \u2013 2012)<\/p>\n\n\n\n<p>Panna Douce \u2013 \u201eDzie\u0144 Blooma\u201d (2010 \u2013 2011)<\/p>\n\n\n\n<p>Panna Douce \u2013 \u201eBloomsday\u201d (2010, 2011)<\/p>\n\n\n\n<p>Dusza pon\u0119tna \u2013 \u201eAppendix\u201d (2010 \u2013 2012)<\/p>\n\n\n\n<p>Pani Anzelma \u2013 \u201eYMAKRAPE\u201d (2011)<\/p>\n\n\n\n<p>Olga Serdelska-P\u0142ot \u2013 \u201eRekrutremy\u201d (2011 \u2013 2013)<\/p>\n\n\n\n<p>Waleriana Budoir \u2013 \u201eBywalcy Absurdutu\u201d (2011)<\/p>\n\n\n\n<p>Zjawa \u2013 \u201eOpowie\u015bci niesamowite \u2013 kryptyk\u201d (2011)<\/p>\n\n\n\n<p>Nastia \u2013 \u201eSenne \u0142agodne prze\u015bwity\u201d (2011-2013)<\/p>\n\n\n\n<p>Lola, Dziewczna ucz\u0105ca si\u0119 \u2013 \u201eFobie\u201d (2012 )<\/p>\n\n\n\n<p>Alicja \u2013 \u201eAlicja w lustrach\u201d (2012)<\/p>\n\n\n\n<p>Bianka \u2013 \u201eOstatnia ucieczka Brunona Schulza\u201d (2012 )<\/p>\n\n\n\n<p>JA \u2013 \u201eGomber\u201d (2013)<br>Patron Ishar &#8211; &#8222;Ascendium&#8221; (2016)<br>Dr Letalia &#8211; &#8222;Niebostrzyg&#8221; (2018)<\/p>\n\n\n\n<p>Siostra Lizawietta\u2013 \u201eSenne \u0142agodne prze\u015bwity\u201d (2018)<\/p>\n","protected":false},"excerpt":{"rendered":"<p>W Teatrze &#8222;U Przyjaci\u00f3\u0142&#8221; od 2010 roku. Aktorka. Wyst\u0105pi\u0142a w kilku niezale\u017cnych filmach. Psycholog. Role aktorskie w Teatrze &#8222;U Przyjaci\u00f3\u0142&#8221;: Urz\u0119dniczka \u2013 \u201eMagistryton\u201d (2010 \u2013 2012) Panna Douce \u2013 \u201eDzie\u0144 Blooma\u201d (2010 \u2013 2011) Panna Douce \u2013 \u201eBloomsday\u201d (2010, 2011) Dusza pon\u0119tna \u2013 \u201eAppendix\u201d (2010 \u2013 2012) Pani Anzelma \u2013 \u201eYMAKRAPE\u201d (2011) Olga Serdelska-P\u0142ot \u2013<\/p>\n<div><a class=\"btn-filled btn\" href=\"https:\/\/uprzyjaciol.pl\/theatrum\/teatr\/trupa-teatralna\/dorota-salamonczyk-szpalik\/\" title=\"Dorota Salamo\u0144czyk-Szpalik\">Dowiedz si\u0119 wi\u0119cej<\/a><\/div>\n","protected":false},"author":6,"featured_media":0,"parent":26,"menu_order":0,"comment_status":"closed","ping_status":"closed","template":"","meta":[],"_links":{"self":[{"href":"https:\/\/uprzyjaciol.pl\/theatrum\/wp-json\/wp\/v2\/pages\/478"}],"collection":[{"href":"https:\/\/uprzyjaciol.pl\/theatrum\/wp-json\/wp\/v2\/pages"}],"about":[{"href":"https:\/\/uprzyjaciol.pl\/theatrum\/wp-json\/wp\/v2\/types\/page"}],"author":[{"embeddable":true,"href":"https:\/\/uprzyjaciol.pl\/theatrum\/wp-json\/wp\/v2\/users\/6"}],"replies":[{"embeddable":true,"href":"https:\/\/uprzyjaciol.pl\/theatrum\/wp-json\/wp\/v2\/comments?post=478"}],"version-history":[{"count":2,"href":"https:\/\/uprzyjaciol.pl\/theatrum\/wp-json\/wp\/v2\/pages\/478\/revisions"}],"predecessor-version":[{"id":482,"href":"https:\/\/uprzyjaciol.pl\/theatrum\/wp-json\/wp\/v2\/pages\/478\/revisions\/482"}],"up":[{"embeddable":true,"href":"https:\/\/uprzyjaciol.pl\/theatrum\/wp-json\/wp\/v2\/pages\/26"}],"wp:attachment":[{"href":"https:\/\/uprzyjaciol.pl\/theatrum\/wp-json\/wp\/v2\/media?parent=478"}],"curies":[{"name":"wp","href":"https:\/\/api.w.org\/{rel}","templated":true}]}}