{"id":433,"date":"2021-07-28T14:34:44","date_gmt":"2021-07-28T12:34:44","guid":{"rendered":"https:\/\/uprzyjaciol.pl\/theatrum\/?page_id=433"},"modified":"2022-10-28T13:47:35","modified_gmt":"2022-10-28T11:47:35","slug":"stanislaw-przewozny","status":"publish","type":"page","link":"https:\/\/uprzyjaciol.pl\/theatrum\/teatr\/trupa-teatralna\/stanislaw-przewozny\/","title":{"rendered":"Stanis\u0142aw Przewo\u017any"},"content":{"rendered":"\n<figure class=\"wp-block-image size-full\"><img loading=\"lazy\" width=\"759\" height=\"960\" src=\"https:\/\/uprzyjaciol.pl\/theatrum\/wp-content\/uploads\/2021\/07\/stanislaw-przewozny.jpg\" alt=\"\" class=\"wp-image-434\" srcset=\"https:\/\/uprzyjaciol.pl\/theatrum\/wp-content\/uploads\/2021\/07\/stanislaw-przewozny.jpg 759w, https:\/\/uprzyjaciol.pl\/theatrum\/wp-content\/uploads\/2021\/07\/stanislaw-przewozny-237x300.jpg 237w\" sizes=\"(max-width: 759px) 100vw, 759px\" \/><\/figure>\n\n\n\n<p>&#8222;Marzenia jak kwiaty szybuj\u0105 po niebie, jak nie pada, a jak pada to nie szybuj\u0105.&#8221;<br>\/Jan Kaczmarek\/<\/p>\n\n\n\n<p>W Zespole Teatru &#8222;U Przyjaci\u00f3\u0142&#8221; od 2018 roku.<\/p>\n\n\n\n<p><\/p>\n\n\n\n<p><strong>Scenariusz i re\u017cyseria:<\/strong><br>Kabaret U Przyjaci\u00f3\u0142 (2021)<\/p>\n\n\n\n<p><strong>Role aktorskie w Teatrze &#8222;U Przyjaci\u00f3\u0142&#8221;:<\/strong><br>Dedalus &#8211; &#8222;Ulisses&#8221; (2018)<br>Martwy d\u017centelmen drugi &#8211; &#8222;Niebostrzyg&#8221; (2018)<br>Huczny Kryspin &#8211; &#8222;Bywalcy Absurdutu&#8221; (2018)<br>Frank Harris\/chiromanta Podgers\/szanta\u017cysta Allen\/prokurator Carsen &#8211; &#8222;Portret Doriana Wide&#8217;a&#8221; (2019)<br>\u015aled\u017a, Alfons, Ksi\u0119gowy I, Kapral &#8211; &#8222;Fobie&#8221; (2019)<br>Ivan (On) &#8211; &#8222;Senne \u0142agodne prze\u015bwity&#8221; (2019)<br>Skrobol Alojzy &#8211; kelner totalny (tacmistrz) &#8211; &#8222;Bywalcy Absurdutu&#8221; (2019)<br>Dr Watson &#8211; &#8222;Sherlock Holmes&#8221; (2019)<br>Wi\u0119zie\u0144 &#8211; &#8222;Kabaret U Przyjaci\u00f3\u0142 (2021)<br>Gucio, Krytyk, Aktor, Kornel, Antoni, Krytyk &#8211; &#8222;WitKacy&#8221; (2022)<\/p>\n","protected":false},"excerpt":{"rendered":"<p>&#8222;Marzenia jak kwiaty szybuj\u0105 po niebie, jak nie pada, a jak pada to nie szybuj\u0105.&#8221;\/Jan Kaczmarek\/ W Zespole Teatru &#8222;U Przyjaci\u00f3\u0142&#8221; od 2018 roku. Scenariusz i re\u017cyseria:Kabaret U Przyjaci\u00f3\u0142 (2021) Role aktorskie w Teatrze &#8222;U Przyjaci\u00f3\u0142&#8221;:Dedalus &#8211; &#8222;Ulisses&#8221; (2018)Martwy d\u017centelmen drugi &#8211; &#8222;Niebostrzyg&#8221; (2018)Huczny Kryspin &#8211; &#8222;Bywalcy Absurdutu&#8221; (2018)Frank Harris\/chiromanta Podgers\/szanta\u017cysta Allen\/prokurator Carsen &#8211; &#8222;Portret<\/p>\n<div><a class=\"btn-filled btn\" href=\"https:\/\/uprzyjaciol.pl\/theatrum\/teatr\/trupa-teatralna\/stanislaw-przewozny\/\" title=\"Stanis\u0142aw Przewo\u017any\">Dowiedz si\u0119 wi\u0119cej<\/a><\/div>\n","protected":false},"author":6,"featured_media":0,"parent":26,"menu_order":0,"comment_status":"closed","ping_status":"closed","template":"","meta":[],"_links":{"self":[{"href":"https:\/\/uprzyjaciol.pl\/theatrum\/wp-json\/wp\/v2\/pages\/433"}],"collection":[{"href":"https:\/\/uprzyjaciol.pl\/theatrum\/wp-json\/wp\/v2\/pages"}],"about":[{"href":"https:\/\/uprzyjaciol.pl\/theatrum\/wp-json\/wp\/v2\/types\/page"}],"author":[{"embeddable":true,"href":"https:\/\/uprzyjaciol.pl\/theatrum\/wp-json\/wp\/v2\/users\/6"}],"replies":[{"embeddable":true,"href":"https:\/\/uprzyjaciol.pl\/theatrum\/wp-json\/wp\/v2\/comments?post=433"}],"version-history":[{"count":3,"href":"https:\/\/uprzyjaciol.pl\/theatrum\/wp-json\/wp\/v2\/pages\/433\/revisions"}],"predecessor-version":[{"id":1463,"href":"https:\/\/uprzyjaciol.pl\/theatrum\/wp-json\/wp\/v2\/pages\/433\/revisions\/1463"}],"up":[{"embeddable":true,"href":"https:\/\/uprzyjaciol.pl\/theatrum\/wp-json\/wp\/v2\/pages\/26"}],"wp:attachment":[{"href":"https:\/\/uprzyjaciol.pl\/theatrum\/wp-json\/wp\/v2\/media?parent=433"}],"curies":[{"name":"wp","href":"https:\/\/api.w.org\/{rel}","templated":true}]}}