{"id":318,"date":"2021-07-23T13:04:57","date_gmt":"2021-07-23T11:04:57","guid":{"rendered":"https:\/\/uprzyjaciol.pl\/theatrum\/?page_id=318"},"modified":"2022-07-12T12:47:08","modified_gmt":"2022-07-12T10:47:08","slug":"film-i-owo","status":"publish","type":"page","link":"https:\/\/uprzyjaciol.pl\/theatrum\/teatr\/fotoplastikon\/film-i-owo\/","title":{"rendered":"Film i owo"},"content":{"rendered":"\n<figure class=\"wp-block-table is-style-regular\"><table  class=\" table table-hover\" ><tbody><tr><td><img loading=\"lazy\" width=\"300\" height=\"201\" class=\"wp-image-320\" style=\"width: 299px;\" src=\"https:\/\/uprzyjaciol.pl\/theatrum\/wp-content\/uploads\/2021\/07\/pamietnik.jpg\" alt=\"\"><\/td><td class=\"has-text-align-right\" data-align=\"right\"><img loading=\"lazy\" width=\"299\" height=\"204\" class=\"wp-image-321\" style=\"width: 299px;\" src=\"https:\/\/uprzyjaciol.pl\/theatrum\/wp-content\/uploads\/2021\/07\/pamietnik3.jpg\" alt=\"\"><\/td><\/tr><\/tbody><\/table><\/figure>\n\n\n\n<p>Scena Teatru U Przyjaci\u00f3\u0142 stara si\u0119 harmonijnie \u0142\u0105czy\u0107 ze sob\u0105 dwie pozornie oddzielne sztuki: film i teatr. Ta niespotykana &#8222;przyja\u017a\u0144&#8221; obu Muz owocuje nader interesuj\u0105cymi dzie\u0142ami scenicznymi. Zaczynaj\u0105c od ruchomych obraz\u00f3w, jako t\u0142a dla sztuki teatralnej (paradokumentalne filmiki w &#8222;Jesieni Witkacego&#8221; czy opowie\u015bci filmowe z &#8222;Pasji i obsesji Teodora Astray&#8221;), a ko\u0144cz\u0105c na niezale\u017cnych ju\u017c podr\u00f3\u017cach filmowych w mroki ludzkiej pami\u0119ci (&#8222;Pami\u0119tnik&#8221;) lub te\u017c w tajemnicze zakamarki opuszczonego pa\u0142acu rodem z opowiada\u0144 romantycznego pisarza i poety (&#8222;Opowie\u015bci niesamowite&#8221; na podstawie prozy Edgara Allana Poe).<\/p>\n\n\n\n<figure class=\"wp-block-image size-full\"><img loading=\"lazy\" width=\"320\" height=\"438\" src=\"https:\/\/uprzyjaciol.pl\/theatrum\/wp-content\/uploads\/2021\/07\/pamietnik1.jpg\" alt=\"\" class=\"wp-image-322\" srcset=\"https:\/\/uprzyjaciol.pl\/theatrum\/wp-content\/uploads\/2021\/07\/pamietnik1.jpg 320w, https:\/\/uprzyjaciol.pl\/theatrum\/wp-content\/uploads\/2021\/07\/pamietnik1-219x300.jpg 219w\" sizes=\"(max-width: 320px) 100vw, 320px\" \/><\/figure>\n\n\n\n<p><strong>REALIZACJE FILMOWE:<\/strong><\/p>\n\n\n\n<p><strong>&#8222;SONATA SZYMANOWSKIEGO NA DW\u00d3CH WITKACYCH&#8221;<\/strong><br>(Zakopane, sierpie\u0144 2003)<\/p>\n\n\n\n<p><strong>&#8222;To ten wariat Witkacy&#8221;<\/strong><br>(Zakopane, sierpie\u0144 2003)<\/p>\n\n\n\n<p><strong>&#8222;Dokumenty z \u017cycia Witkacego&#8221;<\/strong><br>(Zakopane, sierpie\u0144 2003)<\/p>\n\n\n\n<p><strong>&#8222;Po drugiej stronie szafy&#8221;<\/strong><br>(Wn\u0119trza &#8222;Kawiarni U Przyjaci\u00f3\u0142&#8221;, 7 marca 2004)<\/p>\n\n\n\n<p><strong>&#8222;OPOWIE\u015aCI NIESAMOWITE&#8221;<\/strong><br>(Wn\u0119trza kawiarni U Przyjaci\u00f3\u0142 i Pa\u0142acyk w Zakrzewku, sierpie\u0144 &#8211; wrzesie\u0144 2005)<\/p>\n\n\n<p><iframe loading=\"lazy\" src=\"https:\/\/www.youtube.com\/embed\/_ARyctd9v_s\" title=\"YouTube video player\" allow=\"accelerometer; autoplay; clipboard-write; encrypted-media; gyroscope; picture-in-picture\" allowfullscreen=\"\" width=\"560\" height=\"315\" frameborder=\"0\"><\/iframe><\/p>\n\n\n<figure class=\"wp-block-image size-full\"><img loading=\"lazy\" width=\"640\" height=\"494\" src=\"https:\/\/uprzyjaciol.pl\/theatrum\/wp-content\/uploads\/2021\/07\/poefilm_5.jpg\" alt=\"\" class=\"wp-image-323\" srcset=\"https:\/\/uprzyjaciol.pl\/theatrum\/wp-content\/uploads\/2021\/07\/poefilm_5.jpg 640w, https:\/\/uprzyjaciol.pl\/theatrum\/wp-content\/uploads\/2021\/07\/poefilm_5-300x232.jpg 300w\" sizes=\"(max-width: 640px) 100vw, 640px\" \/><\/figure>\n\n\n\n<p><strong>&#8222;Ymakrape &#8211; tryptyk biblioteczny&#8221;<\/strong><br>(premiera maj 2006)<\/p>\n\n\n<p><iframe loading=\"lazy\" src=\"https:\/\/www.youtube.com\/embed\/ezO9MIXjz6M\" title=\"YouTube video player\" allow=\"accelerometer; autoplay; clipboard-write; encrypted-media; gyroscope; picture-in-picture\" allowfullscreen=\"\" width=\"560\" height=\"315\" frameborder=\"0\"><\/iframe><\/p>\n\n\n<p><a href=\"https:\/\/uprzyjaciol.pl\/upteatr\/kurier19pamietnik.html\"><strong>&#8222;PAMI\u0118TNIK&#8221;<\/strong><\/a><br>(premiera stycze\u0144 2007)<\/p>\n\n\n<p><iframe loading=\"lazy\" src=\"https:\/\/www.youtube.com\/embed\/7Djj3_7pxK4\" title=\"YouTube video player\" allow=\"accelerometer; autoplay; clipboard-write; encrypted-media; gyroscope; picture-in-picture\" allowfullscreen=\"\" width=\"560\" height=\"315\" frameborder=\"0\"><\/iframe><\/p>","protected":false},"excerpt":{"rendered":"<p>Scena Teatru U Przyjaci\u00f3\u0142 stara si\u0119 harmonijnie \u0142\u0105czy\u0107 ze sob\u0105 dwie pozornie oddzielne sztuki: film i teatr. Ta niespotykana &#8222;przyja\u017a\u0144&#8221; obu Muz owocuje nader interesuj\u0105cymi dzie\u0142ami scenicznymi. Zaczynaj\u0105c od ruchomych obraz\u00f3w, jako t\u0142a dla sztuki teatralnej (paradokumentalne filmiki w &#8222;Jesieni Witkacego&#8221; czy opowie\u015bci filmowe z &#8222;Pasji i obsesji Teodora Astray&#8221;), a ko\u0144cz\u0105c na niezale\u017cnych ju\u017c<\/p>\n<div><a class=\"btn-filled btn\" href=\"https:\/\/uprzyjaciol.pl\/theatrum\/teatr\/fotoplastikon\/film-i-owo\/\" title=\"Film i owo\">Dowiedz si\u0119 wi\u0119cej<\/a><\/div>\n","protected":false},"author":6,"featured_media":0,"parent":28,"menu_order":0,"comment_status":"closed","ping_status":"closed","template":"","meta":[],"_links":{"self":[{"href":"https:\/\/uprzyjaciol.pl\/theatrum\/wp-json\/wp\/v2\/pages\/318"}],"collection":[{"href":"https:\/\/uprzyjaciol.pl\/theatrum\/wp-json\/wp\/v2\/pages"}],"about":[{"href":"https:\/\/uprzyjaciol.pl\/theatrum\/wp-json\/wp\/v2\/types\/page"}],"author":[{"embeddable":true,"href":"https:\/\/uprzyjaciol.pl\/theatrum\/wp-json\/wp\/v2\/users\/6"}],"replies":[{"embeddable":true,"href":"https:\/\/uprzyjaciol.pl\/theatrum\/wp-json\/wp\/v2\/comments?post=318"}],"version-history":[{"count":8,"href":"https:\/\/uprzyjaciol.pl\/theatrum\/wp-json\/wp\/v2\/pages\/318\/revisions"}],"predecessor-version":[{"id":1238,"href":"https:\/\/uprzyjaciol.pl\/theatrum\/wp-json\/wp\/v2\/pages\/318\/revisions\/1238"}],"up":[{"embeddable":true,"href":"https:\/\/uprzyjaciol.pl\/theatrum\/wp-json\/wp\/v2\/pages\/28"}],"wp:attachment":[{"href":"https:\/\/uprzyjaciol.pl\/theatrum\/wp-json\/wp\/v2\/media?parent=318"}],"curies":[{"name":"wp","href":"https:\/\/api.w.org\/{rel}","templated":true}]}}