{"id":257,"date":"2021-07-23T12:24:00","date_gmt":"2021-07-23T10:24:00","guid":{"rendered":"https:\/\/uprzyjaciol.pl\/theatrum\/?page_id=257"},"modified":"2025-07-15T13:38:34","modified_gmt":"2025-07-15T11:38:34","slug":"alicja-gotowala","status":"publish","type":"page","link":"https:\/\/uprzyjaciol.pl\/theatrum\/teatr\/trupa-teatralna\/alicja-gotowala\/","title":{"rendered":"Alicja Gotowa\u0142a"},"content":{"rendered":"\n<figure class=\"wp-block-image size-large\"><img loading=\"lazy\" width=\"1024\" height=\"687\" src=\"https:\/\/uprzyjaciol.pl\/theatrum\/wp-content\/uploads\/2021\/07\/alicja-gotowala-1024x687.jpg\" alt=\"\" class=\"wp-image-258\" srcset=\"https:\/\/uprzyjaciol.pl\/theatrum\/wp-content\/uploads\/2021\/07\/alicja-gotowala-1024x687.jpg 1024w, https:\/\/uprzyjaciol.pl\/theatrum\/wp-content\/uploads\/2021\/07\/alicja-gotowala-300x201.jpg 300w, https:\/\/uprzyjaciol.pl\/theatrum\/wp-content\/uploads\/2021\/07\/alicja-gotowala-768x515.jpg 768w, https:\/\/uprzyjaciol.pl\/theatrum\/wp-content\/uploads\/2021\/07\/alicja-gotowala-1536x1031.jpg 1536w, https:\/\/uprzyjaciol.pl\/theatrum\/wp-content\/uploads\/2021\/07\/alicja-gotowala-2048x1374.jpg 2048w\" sizes=\"(max-width: 1024px) 100vw, 1024px\" \/><\/figure>\n\n\n\n<p>W Teatrze &#8222;U Przyjaci\u00f3\u0142&#8221; od 2020 roku.<\/p>\n\n\n\n<p><strong>Role aktorskie w Teatrze &#8222;U Przyjaci\u00f3\u0142&#8221;:<\/strong><br>Molly Bloom &#8211; &#8222;Ulisses&#8221; (2020)<br>SI &#8211; &#8222;Oddychaj&#8221; (2021)<br>Wi\u0119zie\u0144 &#8211; &#8222;Kabaret U Przyjaci\u00f3\u0142&#8221; (2021)<br>Siostra Lizawieta &#8211; &#8222;Senne \u0142agodne prze\u015bwity&#8221; (2023)<br>Ala &#8211; &#8222;Nie zapomnisz&#8221; (2024)<\/p>\n\n\n\n<p>Dusza 1 &#8211; &#8222;Witkacy-Variete&#8221; (20255)<\/p>\n\n\n\n<p><strong>Realizacja \u015bwiat\u0142a\/d\u017awi\u0119ku:<\/strong><br>Elektra (2021)<br>Frankensten (2021)<br>Oddychaj (2021)<br><\/p>\n","protected":false},"excerpt":{"rendered":"<p>W Teatrze &#8222;U Przyjaci\u00f3\u0142&#8221; od 2020 roku. Role aktorskie w Teatrze &#8222;U Przyjaci\u00f3\u0142&#8221;:Molly Bloom &#8211; &#8222;Ulisses&#8221; (2020)SI &#8211; &#8222;Oddychaj&#8221; (2021)Wi\u0119zie\u0144 &#8211; &#8222;Kabaret U Przyjaci\u00f3\u0142&#8221; (2021)Siostra Lizawieta &#8211; &#8222;Senne \u0142agodne prze\u015bwity&#8221; (2023)Ala &#8211; &#8222;Nie zapomnisz&#8221; (2024) Dusza 1 &#8211; &#8222;Witkacy-Variete&#8221; (20255) Realizacja \u015bwiat\u0142a\/d\u017awi\u0119ku:Elektra (2021)Frankensten (2021)Oddychaj (2021)<\/p>\n","protected":false},"author":6,"featured_media":0,"parent":26,"menu_order":0,"comment_status":"closed","ping_status":"closed","template":"","meta":[],"_links":{"self":[{"href":"https:\/\/uprzyjaciol.pl\/theatrum\/wp-json\/wp\/v2\/pages\/257"}],"collection":[{"href":"https:\/\/uprzyjaciol.pl\/theatrum\/wp-json\/wp\/v2\/pages"}],"about":[{"href":"https:\/\/uprzyjaciol.pl\/theatrum\/wp-json\/wp\/v2\/types\/page"}],"author":[{"embeddable":true,"href":"https:\/\/uprzyjaciol.pl\/theatrum\/wp-json\/wp\/v2\/users\/6"}],"replies":[{"embeddable":true,"href":"https:\/\/uprzyjaciol.pl\/theatrum\/wp-json\/wp\/v2\/comments?post=257"}],"version-history":[{"count":5,"href":"https:\/\/uprzyjaciol.pl\/theatrum\/wp-json\/wp\/v2\/pages\/257\/revisions"}],"predecessor-version":[{"id":2321,"href":"https:\/\/uprzyjaciol.pl\/theatrum\/wp-json\/wp\/v2\/pages\/257\/revisions\/2321"}],"up":[{"embeddable":true,"href":"https:\/\/uprzyjaciol.pl\/theatrum\/wp-json\/wp\/v2\/pages\/26"}],"wp:attachment":[{"href":"https:\/\/uprzyjaciol.pl\/theatrum\/wp-json\/wp\/v2\/media?parent=257"}],"curies":[{"name":"wp","href":"https:\/\/api.w.org\/{rel}","templated":true}]}}