{"id":249,"date":"2021-07-23T12:17:23","date_gmt":"2021-07-23T10:17:23","guid":{"rendered":"https:\/\/uprzyjaciol.pl\/theatrum\/?page_id=249"},"modified":"2022-05-24T12:33:48","modified_gmt":"2022-05-24T10:33:48","slug":"filip-borowiak","status":"publish","type":"page","link":"https:\/\/uprzyjaciol.pl\/theatrum\/teatr\/trupa-teatralna\/filip-borowiak\/","title":{"rendered":"Filip Borowiak"},"content":{"rendered":"\n<figure class=\"wp-block-image size-large\"><img loading=\"lazy\" width=\"1024\" height=\"683\" src=\"https:\/\/uprzyjaciol.pl\/theatrum\/wp-content\/uploads\/2021\/07\/filip-borowiak-1024x683.jpg\" alt=\"\" class=\"wp-image-250\" srcset=\"https:\/\/uprzyjaciol.pl\/theatrum\/wp-content\/uploads\/2021\/07\/filip-borowiak-1024x683.jpg 1024w, https:\/\/uprzyjaciol.pl\/theatrum\/wp-content\/uploads\/2021\/07\/filip-borowiak-300x200.jpg 300w, https:\/\/uprzyjaciol.pl\/theatrum\/wp-content\/uploads\/2021\/07\/filip-borowiak-768x512.jpg 768w, https:\/\/uprzyjaciol.pl\/theatrum\/wp-content\/uploads\/2021\/07\/filip-borowiak-1536x1024.jpg 1536w, https:\/\/uprzyjaciol.pl\/theatrum\/wp-content\/uploads\/2021\/07\/filip-borowiak.jpg 2048w\" sizes=\"(max-width: 1024px) 100vw, 1024px\" \/><\/figure>\n\n\n\n<p>Nigdy nie wype\u0142ni\u0142 formularza adepta &#8211; staraj\u0105cego si\u0119, zachodzi wi\u0119c zachodzi obawa, \u017ce jest tu nielegalnie&#8230;<\/p>\n\n\n\n<p>Teatr uczy. &#8222;U Przyjaci\u00f3\u0142&#8221; pozna\u0142 obs\u0142ug\u0119 wiertarki, wyrzynarki, szlifierki oraz technik\u0119 zbijania trumien.<\/p>\n\n\n\n<p>Aktor, autor scenariuszy, realizator \u015bwiat\u0142a i d\u017awi\u0119ku.<br>W Teatrze &#8222;U Przyjaci\u00f3\u0142&#8221; od 2010 roku do 2021 roku.<\/p>\n\n\n\n<p><\/p>\n\n\n\n<p><strong>Role aktorskie w Teatrze &#8222;U Przyjaci\u00f3\u0142&#8221;:<\/strong><\/p>\n\n\n\n<p>Stefan Dedalus \u2013 \u201eBloomsday\u201d (2010, 2011, 2012, 2013)<\/p>\n\n\n\n<p>Stefan Dedalus \u2013 \u201eDzie\u0144 Blooma\u201d (2010 \u2013 2012)<\/p>\n\n\n\n<p>Grabarz &#8211; &#8222;Opowie\u015bci niesamowite&#8221; (2011)<\/p>\n\n\n\n<p>Mnich Paladyn, diabe\u0142, marynarz &#8211; &#8222;Legenda o \u015awi\u0119tym Patryku&#8221; (2011, 2013)<\/p>\n\n\n\n<p>Dusza Antyradiowa \u2013 \u201eAppendix\u201d (2011 \u2013 2012)<\/p>\n\n\n\n<p>Wielki mnich \u2013 \u201eYMAKRAPE\u201d (2011 \u2013 2012)<\/p>\n\n\n\n<p>Kalikst Fr\u0119dzel \u2013 \u201eRekrutremy\u201d (2011 \u2013 2013)<\/p>\n\n\n\n<p>Egon Zgrzebny \u2013 \u201eBywalcy Absurdutu\u201d (2011)<\/p>\n\n\n\n<p>Vladimir, Alfons Przemyski \u2013 \u201eFobie\u201d (2012)<\/p>\n\n\n\n<p>Pan G\u0105sienica, Suse\u0142 \u2013 \u201eAlicja w lustrach\u201d (2012)<\/p>\n\n\n\n<p>Gucio, aktor, Kornel, Karol \u2013 \u201eVitcatius\u201d (2012 &#8211; obecnie)<\/p>\n\n\n\n<p>Egon Zgrzebny \u2013 \u201eNiebostrzyg\u201d (2012)<\/p>\n\n\n\n<p>Anzelm Basset &#8211; &#8222;Przedwczesny pogrzeb&#8221; (2014)<\/p>\n\n\n\n<p>K. &#8211; &#8222;Kafka&#8221; (2015 &#8211; obecnie)<\/p>\n\n\n\n<p>Cel Enlil &#8211; &#8222;Ascendium&#8221; (2016-obecnie)<\/p>\n\n\n\n<p>o. Truman \/ Mulligan &#8211; &#8222;Bloomsday&#8221; (2017)<\/p>\n\n\n\n<p>Tyrezjasz &#8211; &#8222;Elektra&#8221; (2018)<\/p>\n\n\n\n<p>JA &#8211; &#8222;Gomber&#8221; (2018 &#8211; obecnie)<\/p>\n\n\n\n<p>Leopold Bloom &#8211; &#8222;Ulisses&#8221; (2018 &#8211; obecnie)<\/p>\n\n\n\n<p><strong>Re\u017cyseria:<\/strong><\/p>\n\n\n\n<p>&#8222;Portret Doriana Wilde&#8217;a&#8221; (2019)<\/p>\n\n\n\n<p><strong>Autor scenariuszy:<\/strong><\/p>\n\n\n\n<p>&#8222;Portret Doriana Wilde&#8217;a&#8221; (2019)<br>&#8222;Ulisses&#8221; (2018)<br>&#8222;Kafka&#8221; (2015)<br>&#8222;Bloomsday&#8221; (2017)<br>&#8222;Elektra&#8221; (2018)<\/p>\n\n\n\n<p><strong>Realizator \u015bwiat\u0142a\/d\u017awi\u0119ku:<\/strong><\/p>\n\n\n\n<p>&#8222;Elektra&#8221; (218)<\/p>\n\n\n\n<p><\/p>\n","protected":false},"excerpt":{"rendered":"<p>Nigdy nie wype\u0142ni\u0142 formularza adepta &#8211; staraj\u0105cego si\u0119, zachodzi wi\u0119c zachodzi obawa, \u017ce jest tu nielegalnie&#8230; Teatr uczy. &#8222;U Przyjaci\u00f3\u0142&#8221; pozna\u0142 obs\u0142ug\u0119 wiertarki, wyrzynarki, szlifierki oraz technik\u0119 zbijania trumien. Aktor, autor scenariuszy, realizator \u015bwiat\u0142a i d\u017awi\u0119ku.W Teatrze &#8222;U Przyjaci\u00f3\u0142&#8221; od 2010 roku do 2021 roku. Role aktorskie w Teatrze &#8222;U Przyjaci\u00f3\u0142&#8221;: Stefan Dedalus \u2013 \u201eBloomsday\u201d<\/p>\n<div><a class=\"btn-filled btn\" href=\"https:\/\/uprzyjaciol.pl\/theatrum\/teatr\/trupa-teatralna\/filip-borowiak\/\" title=\"Filip Borowiak\">Dowiedz si\u0119 wi\u0119cej<\/a><\/div>\n","protected":false},"author":6,"featured_media":0,"parent":26,"menu_order":0,"comment_status":"closed","ping_status":"closed","template":"","meta":[],"_links":{"self":[{"href":"https:\/\/uprzyjaciol.pl\/theatrum\/wp-json\/wp\/v2\/pages\/249"}],"collection":[{"href":"https:\/\/uprzyjaciol.pl\/theatrum\/wp-json\/wp\/v2\/pages"}],"about":[{"href":"https:\/\/uprzyjaciol.pl\/theatrum\/wp-json\/wp\/v2\/types\/page"}],"author":[{"embeddable":true,"href":"https:\/\/uprzyjaciol.pl\/theatrum\/wp-json\/wp\/v2\/users\/6"}],"replies":[{"embeddable":true,"href":"https:\/\/uprzyjaciol.pl\/theatrum\/wp-json\/wp\/v2\/comments?post=249"}],"version-history":[{"count":3,"href":"https:\/\/uprzyjaciol.pl\/theatrum\/wp-json\/wp\/v2\/pages\/249\/revisions"}],"predecessor-version":[{"id":703,"href":"https:\/\/uprzyjaciol.pl\/theatrum\/wp-json\/wp\/v2\/pages\/249\/revisions\/703"}],"up":[{"embeddable":true,"href":"https:\/\/uprzyjaciol.pl\/theatrum\/wp-json\/wp\/v2\/pages\/26"}],"wp:attachment":[{"href":"https:\/\/uprzyjaciol.pl\/theatrum\/wp-json\/wp\/v2\/media?parent=249"}],"curies":[{"name":"wp","href":"https:\/\/api.w.org\/{rel}","templated":true}]}}