{"id":22,"date":"2021-02-11T11:37:23","date_gmt":"2021-02-11T10:37:23","guid":{"rendered":"https:\/\/uprzyjaciol.pl\/theatrum\/?page_id=22"},"modified":"2022-11-03T10:41:35","modified_gmt":"2022-11-03T09:41:35","slug":"teatr","status":"publish","type":"page","link":"https:\/\/uprzyjaciol.pl\/theatrum\/","title":{"rendered":"TEATR U PRZYJACI\u00d3\u0141"},"content":{"rendered":"\n<p><em><strong>Teatroza &#8211; zesp\u00f3\u0142 chorobowo-sceniczny z przemieszczeniami, nierzadko o przebiegu nieci\u0105g\u0142ym, skokowym; towarzyszy mu zwykle powidok widza i s\u0142uchowy omam oklasku; r\u00f3\u017cne stadia dystansowania si\u0119 do stabilno\u015bci powoduj\u0105, \u017ce z tzw. rozs\u0105dkiem nie ma wiele wsp\u00f3lnego; obfituje w nag\u0142e zwroty grzeczno\u015bciowe wobec pomys\u0142\u00f3w nietuzinkowych oraz chroniczne uniesienie ze wzgl\u0119du na silny afekt teatralny; liczne przemieszczenia powoduj\u0105 niewielkie nadzieje terapeutyczne, cho\u0107 prace nad antidotum koncentruj\u0105 si\u0119 wok\u00f3\u0142 garderoby; rekwizyt wykazuje tu \u015bladowe ilo\u015bci przeciwdzia\u0142ania; skutki uboczne s\u0105 uderzaj\u0105co podobne pod wzgl\u0119dem widowiskowo\u015bci, st\u0105d &#8211; pat diagnostyczny.<\/strong><\/em><\/p>\n\n\n\n<p class=\"has-text-align-right\"><em><\/em><strong>Krzyszto<\/strong><strong>f Skibski<\/strong><em><strong>&nbsp;Teatroza&nbsp;<\/strong><\/em><strong>[premiera&nbsp;<\/strong><strong>11 marca 2010]<\/strong><\/p>\n\n\n\n<p><strong>O\u015aWIADCZENIE:<\/strong><\/p>\n\n\n\n<p>Teatr U Przyjaci\u00f3\u0142 ma charakter spo\u0142eczny, czyli cierpi na permanentny brak wsparcia finansowego. Dlatego, wybieraj\u0105c si\u0119 na nasze spektakle, nale\u017cy liczy\u0107 si\u0119 z wszelkimi niewygodami. Dzi\u0119ki temu o\u015bwiadczeniu chcemy powstrzyma\u0107 widza przed pochopnym wydaniem pieni\u0119dzy, kt\u00f3rych na pewno nie inwestujemy w komplet wygodnych foteli czy wind\u0119. Inwestujemy wy\u0142\u0105cznie w realizacj\u0119 kolejnych spektakli.<\/p>\n\n\n\n<p><strong>OCHRONA DANYCH OSOBOWYCH:<\/strong><\/p>\n\n\n\n<p>W zwi\u0105zku z wej\u015bciem z dniem 25 maja 2018 roku Rozporz\u0105dzenia Parlamentu Europejskiego i Rady (UE) 2016\/679 z dnia 27 kwietnia 2016 r. w sprawie ochrony os\u00f3b fizycznych w zwi\u0105zku z przetwarzaniem danych osobowych i w sprawie swobodnego przep\u0142ywu takich danych oraz uchylenia dyrektywy 95\/46\/WE (og\u00f3lne rozporz\u0105dzenie o ochronie danych) \u201eRODO\u201d informujemy, \u017ce zgodnie z obowi\u0105zuj\u0105cymi przepisami dotycz\u0105cymi ochrony danych osobowych, celem zapewnienia w\u0142a\u015bciwej ochrony danych osobowych, osobie kt\u00f3rej dane dotycz\u0105 nale\u017cy przede wszystkim poda\u0107 informacje dotycz\u0105ce przetwarzania jej danych osobowych okre\u015blone w art. 13 lub 14 RODO \u2013 w zale\u017cno\u015bci od tego, czy zosta\u0142y one pozyskane bezpo\u015brednio od osoby kt\u00f3rej dane dotycz\u0105, czy te\u017c z innych \u017ar\u00f3de\u0142.<br><\/p>\n\n\n\n<p>Administratorem danych osobowych widz\u00f3w i odbiorc\u00f3w Teatru &#8222;U Przyjaci\u00f3\u0142&#8221; jest Stowarzyszenie Teatralne \u201eU Przyjaci\u00f3\u0142&#8221; ul. Miel\u017cy\u0144skiego 27\/29 (NIP: 7781438679). <\/p>\n\n\n\n<p>Dane kontaktowe Teatru: Stowarzyszenie Teatralne &#8222;U Przyjaci\u00f3\u0142&#8221; ul. Miel\u017cy\u0144skiego 27\/29, 61-725 Pozna\u0144, tel. 797 021 028, adres e-mail:\u00a0<a href=\"mailto:teatr@uprzyjaciol.pl\">teatr@uprzyjaciol.pl<\/a><br><\/p>\n\n\n\n<p>Informujemy, \u017ce Pani\/Pana dane osobowe s\u0105 przetwarzane na podstawie art. 6 ust. 1 lit. f RODO, tj. w oparciu o niezb\u0119dno\u015b\u0107 przetwarzania do cel\u00f3w wynikaj\u0105cych z prawnie uzasadnionych interes\u00f3w realizowanych przez Administratora lub przez stron\u0119 trzeci\u0105.<\/p>\n\n\n\n<p>Administrator przetwarza dane osobowe w zakresie, w jakim s\u0105 one udost\u0119pniane przez widza lub odbiorc\u0119 Teatru.<\/p>\n","protected":false},"excerpt":{"rendered":"<p>Teatroza &#8211; zesp\u00f3\u0142 chorobowo-sceniczny z przemieszczeniami, nierzadko o przebiegu nieci\u0105g\u0142ym, skokowym; towarzyszy mu zwykle powidok widza i s\u0142uchowy omam oklasku; r\u00f3\u017cne stadia dystansowania si\u0119 do stabilno\u015bci powoduj\u0105, \u017ce z tzw. rozs\u0105dkiem nie ma wiele wsp\u00f3lnego; obfituje w nag\u0142e zwroty grzeczno\u015bciowe wobec pomys\u0142\u00f3w nietuzinkowych oraz chroniczne uniesienie ze wzgl\u0119du na silny afekt teatralny; liczne przemieszczenia powoduj\u0105<\/p>\n<div><a class=\"btn-filled btn\" href=\"https:\/\/uprzyjaciol.pl\/theatrum\/\" title=\"TEATR U PRZYJACI\u00d3\u0141\">Dowiedz si\u0119 wi\u0119cej<\/a><\/div>\n","protected":false},"author":6,"featured_media":0,"parent":0,"menu_order":1,"comment_status":"closed","ping_status":"closed","template":"","meta":[],"_links":{"self":[{"href":"https:\/\/uprzyjaciol.pl\/theatrum\/wp-json\/wp\/v2\/pages\/22"}],"collection":[{"href":"https:\/\/uprzyjaciol.pl\/theatrum\/wp-json\/wp\/v2\/pages"}],"about":[{"href":"https:\/\/uprzyjaciol.pl\/theatrum\/wp-json\/wp\/v2\/types\/page"}],"author":[{"embeddable":true,"href":"https:\/\/uprzyjaciol.pl\/theatrum\/wp-json\/wp\/v2\/users\/6"}],"replies":[{"embeddable":true,"href":"https:\/\/uprzyjaciol.pl\/theatrum\/wp-json\/wp\/v2\/comments?post=22"}],"version-history":[{"count":7,"href":"https:\/\/uprzyjaciol.pl\/theatrum\/wp-json\/wp\/v2\/pages\/22\/revisions"}],"predecessor-version":[{"id":1469,"href":"https:\/\/uprzyjaciol.pl\/theatrum\/wp-json\/wp\/v2\/pages\/22\/revisions\/1469"}],"wp:attachment":[{"href":"https:\/\/uprzyjaciol.pl\/theatrum\/wp-json\/wp\/v2\/media?parent=22"}],"curies":[{"name":"wp","href":"https:\/\/api.w.org\/{rel}","templated":true}]}}