{"id":2143,"date":"2024-05-23T13:59:46","date_gmt":"2024-05-23T11:59:46","guid":{"rendered":"https:\/\/uprzyjaciol.pl\/theatrum\/?page_id=2143"},"modified":"2025-04-18T12:35:25","modified_gmt":"2025-04-18T10:35:25","slug":"bilet-otwarty","status":"publish","type":"page","link":"https:\/\/uprzyjaciol.pl\/theatrum\/bilet-otwarty\/","title":{"rendered":"Bilet otwarty"},"content":{"rendered":"\n<figure class=\"wp-block-pullquote\"><blockquote><p>BILET OTWARTY &#8211; &#8222;Strawa duchowa&#8221; (80z\u0142) wymienialna na dwa bilety do Teatru U Przyjaci\u00f3\u0142. <\/p><\/blockquote><\/figure>\n\n\n\n<p>Mo\u017cliwa do nabycia w Kawiarni U Przyjaci\u00f3\u0142 (p\u0142atno\u015b\u0107 tyko got\u00f3wk\u0105).<\/p>\n\n\n\n<figure class=\"wp-block-image size-full\"><img loading=\"lazy\" width=\"800\" height=\"624\" src=\"https:\/\/uprzyjaciol.pl\/theatrum\/wp-content\/uploads\/2024\/05\/50122516397_3d8bfdebc9_c.jpg\" alt=\"\" class=\"wp-image-2148\" srcset=\"https:\/\/uprzyjaciol.pl\/theatrum\/wp-content\/uploads\/2024\/05\/50122516397_3d8bfdebc9_c.jpg 800w, https:\/\/uprzyjaciol.pl\/theatrum\/wp-content\/uploads\/2024\/05\/50122516397_3d8bfdebc9_c-300x234.jpg 300w, https:\/\/uprzyjaciol.pl\/theatrum\/wp-content\/uploads\/2024\/05\/50122516397_3d8bfdebc9_c-768x599.jpg 768w\" sizes=\"(max-width: 800px) 100vw, 800px\" \/><\/figure>\n","protected":false},"excerpt":{"rendered":"<p>BILET OTWARTY &#8211; &#8222;Strawa duchowa&#8221; (80z\u0142) wymienialna na dwa bilety do Teatru U Przyjaci\u00f3\u0142. Mo\u017cliwa do nabycia w Kawiarni U Przyjaci\u00f3\u0142 (p\u0142atno\u015b\u0107 tyko got\u00f3wk\u0105).<\/p>\n","protected":false},"author":3,"featured_media":0,"parent":0,"menu_order":0,"comment_status":"closed","ping_status":"closed","template":"","meta":[],"_links":{"self":[{"href":"https:\/\/uprzyjaciol.pl\/theatrum\/wp-json\/wp\/v2\/pages\/2143"}],"collection":[{"href":"https:\/\/uprzyjaciol.pl\/theatrum\/wp-json\/wp\/v2\/pages"}],"about":[{"href":"https:\/\/uprzyjaciol.pl\/theatrum\/wp-json\/wp\/v2\/types\/page"}],"author":[{"embeddable":true,"href":"https:\/\/uprzyjaciol.pl\/theatrum\/wp-json\/wp\/v2\/users\/3"}],"replies":[{"embeddable":true,"href":"https:\/\/uprzyjaciol.pl\/theatrum\/wp-json\/wp\/v2\/comments?post=2143"}],"version-history":[{"count":5,"href":"https:\/\/uprzyjaciol.pl\/theatrum\/wp-json\/wp\/v2\/pages\/2143\/revisions"}],"predecessor-version":[{"id":2267,"href":"https:\/\/uprzyjaciol.pl\/theatrum\/wp-json\/wp\/v2\/pages\/2143\/revisions\/2267"}],"wp:attachment":[{"href":"https:\/\/uprzyjaciol.pl\/theatrum\/wp-json\/wp\/v2\/media?parent=2143"}],"curies":[{"name":"wp","href":"https:\/\/api.w.org\/{rel}","templated":true}]}}