{"id":1421,"date":"2022-10-27T09:48:11","date_gmt":"2022-10-27T07:48:11","guid":{"rendered":"https:\/\/uprzyjaciol.pl\/theatrum\/?page_id=1421"},"modified":"2025-12-01T15:03:30","modified_gmt":"2025-12-01T14:03:30","slug":"sylwester-u-przyjaciol-2025","status":"publish","type":"page","link":"https:\/\/uprzyjaciol.pl\/theatrum\/sylwester-u-przyjaciol-2025\/","title":{"rendered":"Sylwester teatralno-kawiarniany U Przyjaci\u00f3\u0142 2025"},"content":{"rendered":"\n<figure class=\"wp-block-embed is-type-video is-provider-youtube wp-block-embed-youtube wp-embed-aspect-16-9 wp-has-aspect-ratio\"><div class=\"wp-block-embed__wrapper\">\n<iframe loading=\"lazy\" title=\"Witkacy - Variete I Teatr U Przyjaci\u00f3\u0142\" width=\"1140\" height=\"641\" src=\"https:\/\/www.youtube.com\/embed\/JaF6ZFolmVo?feature=oembed\" frameborder=\"0\" allow=\"accelerometer; autoplay; clipboard-write; encrypted-media; gyroscope; picture-in-picture; web-share\" referrerpolicy=\"strict-origin-when-cross-origin\" allowfullscreen><\/iframe>\n<\/div><\/figure>\n\n\n\n<p class=\"has-text-align-center\"><strong>W PROGRAMIE WIECZORU:<\/strong><\/p>\n\n\n\n<p class=\"has-text-align-center\">godz. 20:00 spektakl <a href=\"https:\/\/uprzyjaciol.pl\/theatrum\/witkacy-variete\/\">Witkacy-Variete<\/a><\/p>\n\n\n\n<p class=\"has-text-align-center\">godz. 21:00 do 01:00 wiecz\u00f3r w Kawiarni U Przyjaci\u00f3\u0142<\/p>\n\n\n\n<p class=\"has-text-align-center\">godz. 00:00 kieliszek szampana<\/p>\n\n\n\n<p class=\"has-text-align-center\"><\/p>\n\n\n\n<p class=\"has-text-align-center\">BILET w cenie 200 z\u0142 (od osoby) do nabycia w Kawiarni &#8222;U Przyjaci\u00f3\u0142&#8221;.<\/p>\n\n\n\n<p class=\"has-text-align-center\"><strong>Bilety mo\u017cna rezerwowa\u0107:<\/strong><br>mailowo: kawiarnia@uprzyjaciol.pl<br>lub <br>SMS: 797021028<\/p>\n\n\n\n<figure class=\"wp-container-2 wp-block-gallery-1 wp-block-gallery has-nested-images columns-default is-cropped\">\n<figure class=\"wp-block-image size-large\"><img loading=\"lazy\" width=\"2048\" height=\"1383\" data-id=\"2350\"  src=\"https:\/\/uprzyjaciol.pl\/theatrum\/wp-content\/uploads\/2025\/09\/541233703_1081222104119643_428785754543581442_n.jpg\" alt=\"\" class=\"wp-image-2350\" srcset=\"https:\/\/uprzyjaciol.pl\/theatrum\/wp-content\/uploads\/2025\/09\/541233703_1081222104119643_428785754543581442_n.jpg 2048w, https:\/\/uprzyjaciol.pl\/theatrum\/wp-content\/uploads\/2025\/09\/541233703_1081222104119643_428785754543581442_n-300x203.jpg 300w, https:\/\/uprzyjaciol.pl\/theatrum\/wp-content\/uploads\/2025\/09\/541233703_1081222104119643_428785754543581442_n-1024x692.jpg 1024w, https:\/\/uprzyjaciol.pl\/theatrum\/wp-content\/uploads\/2025\/09\/541233703_1081222104119643_428785754543581442_n-768x519.jpg 768w, https:\/\/uprzyjaciol.pl\/theatrum\/wp-content\/uploads\/2025\/09\/541233703_1081222104119643_428785754543581442_n-1536x1037.jpg 1536w\" sizes=\"(max-width: 2048px) 100vw, 2048px\" \/><\/figure>\n\n\n\n<figure class=\"wp-block-image size-large\"><img loading=\"lazy\" width=\"2048\" height=\"1428\" data-id=\"2349\"  src=\"https:\/\/uprzyjaciol.pl\/theatrum\/wp-content\/uploads\/2025\/09\/541379250_2307036386393953_8817452508685390159_n.jpg\" alt=\"\" class=\"wp-image-2349\" srcset=\"https:\/\/uprzyjaciol.pl\/theatrum\/wp-content\/uploads\/2025\/09\/541379250_2307036386393953_8817452508685390159_n.jpg 2048w, https:\/\/uprzyjaciol.pl\/theatrum\/wp-content\/uploads\/2025\/09\/541379250_2307036386393953_8817452508685390159_n-300x209.jpg 300w, https:\/\/uprzyjaciol.pl\/theatrum\/wp-content\/uploads\/2025\/09\/541379250_2307036386393953_8817452508685390159_n-1024x714.jpg 1024w, https:\/\/uprzyjaciol.pl\/theatrum\/wp-content\/uploads\/2025\/09\/541379250_2307036386393953_8817452508685390159_n-768x536.jpg 768w, https:\/\/uprzyjaciol.pl\/theatrum\/wp-content\/uploads\/2025\/09\/541379250_2307036386393953_8817452508685390159_n-1536x1071.jpg 1536w\" sizes=\"(max-width: 2048px) 100vw, 2048px\" \/><\/figure>\n\n\n\n<figure class=\"wp-block-image size-large\"><img loading=\"lazy\" width=\"957\" height=\"776\" data-id=\"2345\"  src=\"https:\/\/uprzyjaciol.pl\/theatrum\/wp-content\/uploads\/2025\/08\/xPfpJfpQ.jpg\" alt=\"\" class=\"wp-image-2345\" srcset=\"https:\/\/uprzyjaciol.pl\/theatrum\/wp-content\/uploads\/2025\/08\/xPfpJfpQ.jpg 957w, https:\/\/uprzyjaciol.pl\/theatrum\/wp-content\/uploads\/2025\/08\/xPfpJfpQ-300x243.jpg 300w, https:\/\/uprzyjaciol.pl\/theatrum\/wp-content\/uploads\/2025\/08\/xPfpJfpQ-768x623.jpg 768w\" sizes=\"(max-width: 957px) 100vw, 957px\" \/><\/figure>\n<\/figure>\n","protected":false},"excerpt":{"rendered":"<p>W PROGRAMIE WIECZORU: godz. 20:00 spektakl Witkacy-Variete godz. 21:00 do 01:00 wiecz\u00f3r w Kawiarni U Przyjaci\u00f3\u0142 godz. 00:00 kieliszek szampana BILET w cenie 200 z\u0142 (od osoby) do nabycia w Kawiarni &#8222;U Przyjaci\u00f3\u0142&#8221;. Bilety mo\u017cna rezerwowa\u0107:mailowo: kawiarnia@uprzyjaciol.pllub SMS: 797021028<\/p>\n","protected":false},"author":3,"featured_media":0,"parent":0,"menu_order":0,"comment_status":"closed","ping_status":"closed","template":"","meta":[],"_links":{"self":[{"href":"https:\/\/uprzyjaciol.pl\/theatrum\/wp-json\/wp\/v2\/pages\/1421"}],"collection":[{"href":"https:\/\/uprzyjaciol.pl\/theatrum\/wp-json\/wp\/v2\/pages"}],"about":[{"href":"https:\/\/uprzyjaciol.pl\/theatrum\/wp-json\/wp\/v2\/types\/page"}],"author":[{"embeddable":true,"href":"https:\/\/uprzyjaciol.pl\/theatrum\/wp-json\/wp\/v2\/users\/3"}],"replies":[{"embeddable":true,"href":"https:\/\/uprzyjaciol.pl\/theatrum\/wp-json\/wp\/v2\/comments?post=1421"}],"version-history":[{"count":17,"href":"https:\/\/uprzyjaciol.pl\/theatrum\/wp-json\/wp\/v2\/pages\/1421\/revisions"}],"predecessor-version":[{"id":2405,"href":"https:\/\/uprzyjaciol.pl\/theatrum\/wp-json\/wp\/v2\/pages\/1421\/revisions\/2405"}],"wp:attachment":[{"href":"https:\/\/uprzyjaciol.pl\/theatrum\/wp-json\/wp\/v2\/media?parent=1421"}],"curies":[{"name":"wp","href":"https:\/\/api.w.org\/{rel}","templated":true}]}}