{"id":1209,"date":"2022-07-12T11:49:51","date_gmt":"2022-07-12T09:49:51","guid":{"rendered":"https:\/\/uprzyjaciol.pl\/theatrum\/?page_id=1209"},"modified":"2023-02-28T14:31:25","modified_gmt":"2023-02-28T13:31:25","slug":"mikolaj-makowski","status":"publish","type":"page","link":"https:\/\/uprzyjaciol.pl\/theatrum\/teatr\/trupa-teatralna\/mikolaj-makowski\/","title":{"rendered":"Miko\u0142aj Makowski"},"content":{"rendered":"\n<figure class=\"wp-block-image size-large\"><img loading=\"lazy\" width=\"1024\" height=\"592\" src=\"https:\/\/uprzyjaciol.pl\/theatrum\/wp-content\/uploads\/2022\/07\/08-1024x592.jpg\" alt=\"\" class=\"wp-image-1206\" srcset=\"https:\/\/uprzyjaciol.pl\/theatrum\/wp-content\/uploads\/2022\/07\/08-1024x592.jpg 1024w, https:\/\/uprzyjaciol.pl\/theatrum\/wp-content\/uploads\/2022\/07\/08-300x173.jpg 300w, https:\/\/uprzyjaciol.pl\/theatrum\/wp-content\/uploads\/2022\/07\/08-768x444.jpg 768w, https:\/\/uprzyjaciol.pl\/theatrum\/wp-content\/uploads\/2022\/07\/08-1536x888.jpg 1536w, https:\/\/uprzyjaciol.pl\/theatrum\/wp-content\/uploads\/2022\/07\/08.jpg 2048w\" sizes=\"(max-width: 1024px) 100vw, 1024px\" \/><\/figure>\n\n\n\n<p>W Teatrze &#8222;U Przyjaci\u00f3\u0142&#8221; od 2020 roku.<\/p>\n\n\n\n<p><strong>Role aktorskie w Teatrze &#8222;U Przyjaci\u00f3\u0142&#8221;:<\/strong><\/p>\n\n\n\n<p>Kryspin &#8211; &#8222;Bywalcy Absurdutu&#8221; (2021)<\/p>\n\n\n\n<p>Mulligan\/o. Truman\/D\u0142ugacz\/M&#8217;Coy &#8211;\u00a0&#8222;Ulisses&#8221; (od 2021)<\/p>\n\n\n\n<p>dr Frankenstein &#8211; &#8222;Frankenstein&#8221; (od 2023)<\/p>\n","protected":false},"excerpt":{"rendered":"<p>W Teatrze &#8222;U Przyjaci\u00f3\u0142&#8221; od 2020 roku. Role aktorskie w Teatrze &#8222;U Przyjaci\u00f3\u0142&#8221;: Kryspin &#8211; &#8222;Bywalcy Absurdutu&#8221; (2021) Mulligan\/o. Truman\/D\u0142ugacz\/M&#8217;Coy &#8211;\u00a0&#8222;Ulisses&#8221; (od 2021) dr Frankenstein &#8211; &#8222;Frankenstein&#8221; (od 2023)<\/p>\n","protected":false},"author":3,"featured_media":0,"parent":26,"menu_order":0,"comment_status":"closed","ping_status":"closed","template":"","meta":[],"_links":{"self":[{"href":"https:\/\/uprzyjaciol.pl\/theatrum\/wp-json\/wp\/v2\/pages\/1209"}],"collection":[{"href":"https:\/\/uprzyjaciol.pl\/theatrum\/wp-json\/wp\/v2\/pages"}],"about":[{"href":"https:\/\/uprzyjaciol.pl\/theatrum\/wp-json\/wp\/v2\/types\/page"}],"author":[{"embeddable":true,"href":"https:\/\/uprzyjaciol.pl\/theatrum\/wp-json\/wp\/v2\/users\/3"}],"replies":[{"embeddable":true,"href":"https:\/\/uprzyjaciol.pl\/theatrum\/wp-json\/wp\/v2\/comments?post=1209"}],"version-history":[{"count":2,"href":"https:\/\/uprzyjaciol.pl\/theatrum\/wp-json\/wp\/v2\/pages\/1209\/revisions"}],"predecessor-version":[{"id":1541,"href":"https:\/\/uprzyjaciol.pl\/theatrum\/wp-json\/wp\/v2\/pages\/1209\/revisions\/1541"}],"up":[{"embeddable":true,"href":"https:\/\/uprzyjaciol.pl\/theatrum\/wp-json\/wp\/v2\/pages\/26"}],"wp:attachment":[{"href":"https:\/\/uprzyjaciol.pl\/theatrum\/wp-json\/wp\/v2\/media?parent=1209"}],"curies":[{"name":"wp","href":"https:\/\/api.w.org\/{rel}","templated":true}]}}