{"id":1191,"date":"2022-05-31T12:23:39","date_gmt":"2022-05-31T10:23:39","guid":{"rendered":"https:\/\/uprzyjaciol.pl\/theatrum\/?page_id=1191"},"modified":"2025-03-19T15:01:40","modified_gmt":"2025-03-19T14:01:40","slug":"kabaret-u-przyjaciol-wiezienie","status":"publish","type":"page","link":"https:\/\/uprzyjaciol.pl\/theatrum\/kabaret-u-przyjaciol-wiezienie\/","title":{"rendered":"Kabaret U Przyjaci\u00f3\u0142: Wi\u0119zienie"},"content":{"rendered":"\n<p><br>PREMIERA: 10 grudnia 2021 roku<br>Czas trwania: 60 minut<br>Ograniczenia wiekowe: 16+<\/p>\n\n\n\n<p>UWAGA: W SPEKTAKLU U\u017bYWANE S\u0104 \u015aWIAT\u0141A STROBOSKOPOWE<\/p>\n\n\n\n<figure class=\"wp-block-image size-full is-resized\"><img loading=\"lazy\" src=\"https:\/\/uprzyjaciol.pl\/theatrum\/wp-content\/uploads\/2022\/05\/139642290_1113754065723383_8169808127239892427_n.jpg\" alt=\"\" class=\"wp-image-919\" width=\"601\" height=\"601\" srcset=\"https:\/\/uprzyjaciol.pl\/theatrum\/wp-content\/uploads\/2022\/05\/139642290_1113754065723383_8169808127239892427_n.jpg 900w, https:\/\/uprzyjaciol.pl\/theatrum\/wp-content\/uploads\/2022\/05\/139642290_1113754065723383_8169808127239892427_n-300x300.jpg 300w, https:\/\/uprzyjaciol.pl\/theatrum\/wp-content\/uploads\/2022\/05\/139642290_1113754065723383_8169808127239892427_n-150x150.jpg 150w, https:\/\/uprzyjaciol.pl\/theatrum\/wp-content\/uploads\/2022\/05\/139642290_1113754065723383_8169808127239892427_n-768x768.jpg 768w\" sizes=\"(max-width: 601px) 100vw, 601px\" \/><\/figure>\n\n\n\n<p>Szanowni Pa\u0144stwo,<\/p>\n\n\n\n<p>Wiem, \u017ce etykieta nakazuje zwraca\u0107 si\u0119 do siebie per pan, pani. Siedzimy tu jednak razem zamkni\u0119ci\u2026 Nie wiadomo kiedy wyjdziemy. Niekt\u00f3rzy mog\u0105 nie doczeka\u0107 otwarcia tych drzwi. Rozsi\u0105d\u017acie si\u0119 wygodnie, bo to jest to, czym dzi\u015b si\u0119 b\u0119dziemy zajmowa\u0107. B\u0119dziemy siedzie\u0107.<\/p>\n\n\n\n<p>Wszyscy mamy swoje cele. Wi\u0119ksze, mniejsze, zbiorowe, indywidualne. Czasem trudno jest je osi\u0105gn\u0105\u0107. Dlatego jeste\u015bmy w wi\u0119zieniu. Ka\u017cdy siedzi w celi celem siedzenia i wszyscy zadowoleni. No, prawie wszyscy. Zbyszkowi wczoraj urodzi\u0142 si\u0119 syn, mimo \u017ce Zbyszek siedzi ju\u017c od trzech lat. No nie ma szcz\u0119\u015bcia ch\u0142opak. No c\u00f3\u017c\u2026 <strong>Witamy w wi\u0119zieniu!<\/strong><\/p>\n\n\n\n<p><\/p>\n\n\n\n<p>Zamys\u0142 stworzenia programu kabaretowego towarzyszy\u0142 nam od wielu lat. Jako stowarzyszenie teatralne &#8222;U Przyjaci\u00f3\u0142&#8221; zrealizowali\u015bmy&amp;nbsp; spektakle w konwencji teatru absurdu (&#8222;Bywalcy Absurdutu&#8221; premiera 14 maja 2011), czarnego humoru (&#8222;Niebostrzyg&#8221; premiera 31 pa\u017adziernika 2012), czy te\u017c satyry spo\u0142eczno-obyczajowej (&#8222;Fobie&#8221; premiera 17 maja 2012).<\/p>\n\n\n\n<p>Czas lockdownu wp\u0142yn\u0105\u0142 na aktywno\u015b\u0107 scenariuszow\u0105. Pierwszy program Kabaretu U Przyjaci\u00f3\u0142 nazywa si\u0119 &#8222;Wi\u0119zienie&#8221;, w spos\u00f3b metaforyczno-komediowy opisuje sytuacj\u0119 zamkni\u0119cia, izolacji.<\/p>\n\n\n\n<p><strong>DOFINANSOWANO ZE \u015aRODK\u00d3W BUD\u017bETOWYCH MIASTA POZNANIA<\/strong><\/p>\n\n\n\n<figure class=\"wp-block-image size-full\"><img loading=\"lazy\" width=\"891\" height=\"379\" src=\"https:\/\/uprzyjaciol.pl\/theatrum\/wp-content\/uploads\/2022\/05\/LOGO_POZnan_PL_RGB_PNG.png\" alt=\"\" class=\"wp-image-716\" srcset=\"https:\/\/uprzyjaciol.pl\/theatrum\/wp-content\/uploads\/2022\/05\/LOGO_POZnan_PL_RGB_PNG.png 891w, https:\/\/uprzyjaciol.pl\/theatrum\/wp-content\/uploads\/2022\/05\/LOGO_POZnan_PL_RGB_PNG-300x128.png 300w, https:\/\/uprzyjaciol.pl\/theatrum\/wp-content\/uploads\/2022\/05\/LOGO_POZnan_PL_RGB_PNG-768x327.png 768w\" sizes=\"(max-width: 891px) 100vw, 891px\" \/><\/figure>\n\n\n\n<p>OBSADA:<br>Alicja Gotowa\u0142a<br>Stanis\u0142aw Przewo\u017any<br>Mi\u0142osz Loba<br>Tomasz Zajcher<\/p>\n\n\n\n<p><\/p>\n\n\n\n<p>re\u017cyseria: Stanis\u0142aw Przewo\u017any, Tomasz Zajcher<br>scenariusz: Stanis\u0142aw Przewo\u017any<br>muzyka: Stanis\u0142aw Przewo\u017any<br>realizacja \u015bwiat\u0142a\/d\u017awi\u0119ku: Monika Chuda<br>kostiumy: Monika Chuda<br>scenografia: Stanis\u0142aw Przewo\u017any, Tomasz Zajcher<br>produkcja:Teatr \u201eU Przyjaci\u00f3\u0142\u201d<\/p>\n\n\n\n<p><strong>RECENZJE:<\/strong><br><a href=\"http:\/\/www.dziennikteatralny.pl\/artykuly\/witamy-w-wiezieniu.html?fbclid=IwY2xjawJHrPhleHRuA2FlbQIxMAABHQd5Hj_Bd6WKfPB4G0HSi-yHdMIMaQ4xfLNgmvoRUsM0o2GfvlECh9rSPg_aem_ATsMof-IpajWBwXQLMMO_w\">Aleksandra Sierka, Witamy w wi\u0119zieniu<\/a><\/p>\n\n\n<p><iframe loading=\"lazy\" title=\"YouTube video player\" src=\"https:\/\/www.youtube.com\/embed\/ZPWkryAe9hE\" width=\"560\" height=\"315\" frameborder=\"0\" allowfullscreen=\"allowfullscreen\"><\/iframe><\/p>\n<style type=\"text\/css\">\r\n\t#foogallery-gallery-1314 .fg-image {\r\n        width: 200px;\r\n    }\r\n<\/style>\r\n\t\t\t\t<div class=\"foogallery foogallery-container foogallery-default foogallery-lightbox-foobox fg-gutter-10 fg-center fg-default fg-dark fg-border-thin fg-shadow-outline fg-loading-bars fg-loaded-fade-in fg-caption-hover fg-hover-fade fg-hover-zoom fg-ready\" id=\"foogallery-gallery-1314\" data-foogallery=\"{&quot;item&quot;:{&quot;showCaptionTitle&quot;:true,&quot;showCaptionDescription&quot;:true},&quot;lazy&quot;:true}\" >\r\n\t<div class=\"fg-item fg-type-image fg-idle\"><figure class=\"fg-item-inner\"><a href=\"https:\/\/uprzyjaciol.pl\/theatrum\/wp-content\/uploads\/2022\/05\/kabaret.premiera.jpeg\" data-attachment-id=\"924\" class=\"fg-thumb\"><span class=\"fg-image-wrap\"><img width=\"200\" height=\"160\" class=\"skip-lazy fg-image\" data-src-fg=\"https:\/\/uprzyjaciol.pl\/theatrum\/wp-content\/uploads\/cache\/2022\/05\/kabaret_premiera\/2244147127.jpeg\" src=\"data:image\/svg+xml,%3Csvg%20xmlns%3D%22http%3A%2F%2Fwww.w3.org%2F2000%2Fsvg%22%20width%3D%22200%22%20height%3D%22160%22%20viewBox%3D%220%200%20200%20160%22%3E%3C%2Fsvg%3E\" loading=\"eager\"><\/span><span class=\"fg-image-overlay\"><\/span><\/a><figcaption class=\"fg-caption\"><div class=\"fg-caption-inner\"><\/div><\/figcaption><\/figure><div class=\"fg-loader\"><\/div><\/div><div class=\"fg-item fg-type-image fg-idle\"><figure class=\"fg-item-inner\"><a href=\"https:\/\/uprzyjaciol.pl\/theatrum\/wp-content\/uploads\/2022\/05\/kab.04a.jpg\" data-attachment-id=\"923\" class=\"fg-thumb\"><span class=\"fg-image-wrap\"><img width=\"200\" height=\"160\" class=\"skip-lazy fg-image\" data-src-fg=\"https:\/\/uprzyjaciol.pl\/theatrum\/wp-content\/uploads\/cache\/2022\/05\/kab_04a\/2804831465.jpg\" src=\"data:image\/svg+xml,%3Csvg%20xmlns%3D%22http%3A%2F%2Fwww.w3.org%2F2000%2Fsvg%22%20width%3D%22200%22%20height%3D%22160%22%20viewBox%3D%220%200%20200%20160%22%3E%3C%2Fsvg%3E\" loading=\"eager\"><\/span><span class=\"fg-image-overlay\"><\/span><\/a><figcaption class=\"fg-caption\"><div class=\"fg-caption-inner\"><\/div><\/figcaption><\/figure><div class=\"fg-loader\"><\/div><\/div><div class=\"fg-item fg-type-image fg-idle\"><figure class=\"fg-item-inner\"><a href=\"https:\/\/uprzyjaciol.pl\/theatrum\/wp-content\/uploads\/2022\/05\/kab.04.jpg\" data-attachment-id=\"922\" class=\"fg-thumb\"><span class=\"fg-image-wrap\"><img width=\"200\" height=\"160\" class=\"skip-lazy fg-image\" data-src-fg=\"https:\/\/uprzyjaciol.pl\/theatrum\/wp-content\/uploads\/cache\/2022\/05\/kab_04\/3272758222.jpg\" src=\"data:image\/svg+xml,%3Csvg%20xmlns%3D%22http%3A%2F%2Fwww.w3.org%2F2000%2Fsvg%22%20width%3D%22200%22%20height%3D%22160%22%20viewBox%3D%220%200%20200%20160%22%3E%3C%2Fsvg%3E\" loading=\"eager\"><\/span><span class=\"fg-image-overlay\"><\/span><\/a><figcaption class=\"fg-caption\"><div class=\"fg-caption-inner\"><\/div><\/figcaption><\/figure><div class=\"fg-loader\"><\/div><\/div><div class=\"fg-item fg-type-image fg-idle\"><figure class=\"fg-item-inner\"><a href=\"https:\/\/uprzyjaciol.pl\/theatrum\/wp-content\/uploads\/2022\/05\/kab.05.jpg\" data-attachment-id=\"921\" class=\"fg-thumb\"><span class=\"fg-image-wrap\"><img width=\"200\" height=\"160\" class=\"skip-lazy fg-image\" data-src-fg=\"https:\/\/uprzyjaciol.pl\/theatrum\/wp-content\/uploads\/cache\/2022\/05\/kab_05\/755603538.jpg\" src=\"data:image\/svg+xml,%3Csvg%20xmlns%3D%22http%3A%2F%2Fwww.w3.org%2F2000%2Fsvg%22%20width%3D%22200%22%20height%3D%22160%22%20viewBox%3D%220%200%20200%20160%22%3E%3C%2Fsvg%3E\" loading=\"eager\"><\/span><span class=\"fg-image-overlay\"><\/span><\/a><figcaption class=\"fg-caption\"><div class=\"fg-caption-inner\"><\/div><\/figcaption><\/figure><div class=\"fg-loader\"><\/div><\/div><div class=\"fg-item fg-type-image fg-idle\"><figure class=\"fg-item-inner\"><a href=\"https:\/\/uprzyjaciol.pl\/theatrum\/wp-content\/uploads\/2022\/05\/kab.03-1.jpg\" data-attachment-id=\"920\" class=\"fg-thumb\"><span class=\"fg-image-wrap\"><img width=\"200\" height=\"160\" class=\"skip-lazy fg-image\" data-src-fg=\"https:\/\/uprzyjaciol.pl\/theatrum\/wp-content\/uploads\/cache\/2022\/05\/kab_03-1\/3501204839.jpg\" src=\"data:image\/svg+xml,%3Csvg%20xmlns%3D%22http%3A%2F%2Fwww.w3.org%2F2000%2Fsvg%22%20width%3D%22200%22%20height%3D%22160%22%20viewBox%3D%220%200%20200%20160%22%3E%3C%2Fsvg%3E\" loading=\"eager\"><\/span><span class=\"fg-image-overlay\"><\/span><\/a><figcaption class=\"fg-caption\"><div class=\"fg-caption-inner\"><\/div><\/figcaption><\/figure><div class=\"fg-loader\"><\/div><\/div><div class=\"fg-item fg-type-image fg-idle\"><figure class=\"fg-item-inner\"><a href=\"https:\/\/uprzyjaciol.pl\/theatrum\/wp-content\/uploads\/2022\/05\/kab.02.jpg\" data-attachment-id=\"918\" class=\"fg-thumb\"><span class=\"fg-image-wrap\"><img width=\"200\" height=\"160\" class=\"skip-lazy fg-image\" data-src-fg=\"https:\/\/uprzyjaciol.pl\/theatrum\/wp-content\/uploads\/cache\/2022\/05\/kab_02\/620048546.jpg\" src=\"data:image\/svg+xml,%3Csvg%20xmlns%3D%22http%3A%2F%2Fwww.w3.org%2F2000%2Fsvg%22%20width%3D%22200%22%20height%3D%22160%22%20viewBox%3D%220%200%20200%20160%22%3E%3C%2Fsvg%3E\" loading=\"eager\"><\/span><span class=\"fg-image-overlay\"><\/span><\/a><figcaption class=\"fg-caption\"><div class=\"fg-caption-inner\"><\/div><\/figcaption><\/figure><div class=\"fg-loader\"><\/div><\/div><div class=\"fg-item fg-type-image fg-idle\"><figure class=\"fg-item-inner\"><a href=\"https:\/\/uprzyjaciol.pl\/theatrum\/wp-content\/uploads\/2022\/07\/51727822155_5a2660114e_c.jpg\" data-attachment-id=\"1317\" class=\"fg-thumb\"><span class=\"fg-image-wrap\"><img width=\"200\" height=\"160\" class=\"skip-lazy fg-image\" data-src-fg=\"https:\/\/uprzyjaciol.pl\/theatrum\/wp-content\/uploads\/cache\/2022\/07\/51727822155_5a2660114e_c\/3554792119.jpg\" src=\"data:image\/svg+xml,%3Csvg%20xmlns%3D%22http%3A%2F%2Fwww.w3.org%2F2000%2Fsvg%22%20width%3D%22200%22%20height%3D%22160%22%20viewBox%3D%220%200%20200%20160%22%3E%3C%2Fsvg%3E\" loading=\"eager\"><\/span><span class=\"fg-image-overlay\"><\/span><\/a><figcaption class=\"fg-caption\"><div class=\"fg-caption-inner\"><\/div><\/figcaption><\/figure><div class=\"fg-loader\"><\/div><\/div><div class=\"fg-item fg-type-image fg-idle\"><figure class=\"fg-item-inner\"><a href=\"https:\/\/uprzyjaciol.pl\/theatrum\/wp-content\/uploads\/2022\/07\/51726939311_387e667997_c.jpg\" data-attachment-id=\"1318\" class=\"fg-thumb\"><span class=\"fg-image-wrap\"><img width=\"200\" height=\"160\" class=\"skip-lazy fg-image\" data-src-fg=\"https:\/\/uprzyjaciol.pl\/theatrum\/wp-content\/uploads\/cache\/2022\/07\/51726939311_387e667997_c\/1693746605.jpg\" src=\"data:image\/svg+xml,%3Csvg%20xmlns%3D%22http%3A%2F%2Fwww.w3.org%2F2000%2Fsvg%22%20width%3D%22200%22%20height%3D%22160%22%20viewBox%3D%220%200%20200%20160%22%3E%3C%2Fsvg%3E\" loading=\"eager\"><\/span><span class=\"fg-image-overlay\"><\/span><\/a><figcaption class=\"fg-caption\"><div class=\"fg-caption-inner\"><\/div><\/figcaption><\/figure><div class=\"fg-loader\"><\/div><\/div><div class=\"fg-item fg-type-image fg-idle\"><figure class=\"fg-item-inner\"><a href=\"https:\/\/uprzyjaciol.pl\/theatrum\/wp-content\/uploads\/2022\/07\/51745178943_3e3338020d_c.jpg\" data-attachment-id=\"1319\" class=\"fg-thumb\"><span class=\"fg-image-wrap\"><img width=\"200\" height=\"160\" class=\"skip-lazy fg-image\" data-src-fg=\"https:\/\/uprzyjaciol.pl\/theatrum\/wp-content\/uploads\/cache\/2022\/07\/51745178943_3e3338020d_c\/2000630342.jpg\" src=\"data:image\/svg+xml,%3Csvg%20xmlns%3D%22http%3A%2F%2Fwww.w3.org%2F2000%2Fsvg%22%20width%3D%22200%22%20height%3D%22160%22%20viewBox%3D%220%200%20200%20160%22%3E%3C%2Fsvg%3E\" loading=\"eager\"><\/span><span class=\"fg-image-overlay\"><\/span><\/a><figcaption class=\"fg-caption\"><div class=\"fg-caption-inner\"><\/div><\/figcaption><\/figure><div class=\"fg-loader\"><\/div><\/div><\/div>\r\n","protected":false},"excerpt":{"rendered":"<p>PREMIERA: 10 grudnia 2021 rokuCzas trwania: 60 minutOgraniczenia wiekowe: 16+ UWAGA: W SPEKTAKLU U\u017bYWANE S\u0104 \u015aWIAT\u0141A STROBOSKOPOWE Szanowni Pa\u0144stwo, Wiem, \u017ce etykieta nakazuje zwraca\u0107 si\u0119 do siebie per pan, pani. Siedzimy tu jednak razem zamkni\u0119ci\u2026 Nie wiadomo kiedy wyjdziemy. Niekt\u00f3rzy mog\u0105 nie doczeka\u0107 otwarcia tych drzwi. Rozsi\u0105d\u017acie si\u0119 wygodnie, bo to jest to, czym dzi\u015b<\/p>\n<div><a class=\"btn-filled btn\" href=\"https:\/\/uprzyjaciol.pl\/theatrum\/kabaret-u-przyjaciol-wiezienie\/\" title=\"Kabaret U Przyjaci\u00f3\u0142: Wi\u0119zienie\">Dowiedz si\u0119 wi\u0119cej<\/a><\/div>\n","protected":false},"author":3,"featured_media":0,"parent":0,"menu_order":0,"comment_status":"closed","ping_status":"closed","template":"","meta":[],"_links":{"self":[{"href":"https:\/\/uprzyjaciol.pl\/theatrum\/wp-json\/wp\/v2\/pages\/1191"}],"collection":[{"href":"https:\/\/uprzyjaciol.pl\/theatrum\/wp-json\/wp\/v2\/pages"}],"about":[{"href":"https:\/\/uprzyjaciol.pl\/theatrum\/wp-json\/wp\/v2\/types\/page"}],"author":[{"embeddable":true,"href":"https:\/\/uprzyjaciol.pl\/theatrum\/wp-json\/wp\/v2\/users\/3"}],"replies":[{"embeddable":true,"href":"https:\/\/uprzyjaciol.pl\/theatrum\/wp-json\/wp\/v2\/comments?post=1191"}],"version-history":[{"count":12,"href":"https:\/\/uprzyjaciol.pl\/theatrum\/wp-json\/wp\/v2\/pages\/1191\/revisions"}],"predecessor-version":[{"id":2260,"href":"https:\/\/uprzyjaciol.pl\/theatrum\/wp-json\/wp\/v2\/pages\/1191\/revisions\/2260"}],"wp:attachment":[{"href":"https:\/\/uprzyjaciol.pl\/theatrum\/wp-json\/wp\/v2\/media?parent=1191"}],"curies":[{"name":"wp","href":"https:\/\/api.w.org\/{rel}","templated":true}]}}