{"id":1073,"date":"2022-05-25T17:34:36","date_gmt":"2022-05-25T15:34:36","guid":{"rendered":"https:\/\/uprzyjaciol.pl\/theatrum\/?page_id=1073"},"modified":"2022-07-12T14:51:04","modified_gmt":"2022-07-12T12:51:04","slug":"ulisses","status":"publish","type":"page","link":"https:\/\/uprzyjaciol.pl\/theatrum\/spektakle\/premiery\/ulisses\/","title":{"rendered":"Ulisses"},"content":{"rendered":"\n<p><strong>SCENA KOMEDIODRAMATYCZNA<\/strong><\/p>\n\n\n\n<p>PREMIERA: 16 czerwca 2018 roku<\/p>\n\n\n\n<p>Czas trwania: 50 minut<\/p>\n\n\n\n<p>SPEKTAKL W STA\u0141YM REPERTUARZE<\/p>\n\n\n\n<p>Ograniczenia wiekowe: 16+ <\/p>\n\n\n<p><iframe loading=\"lazy\" src=\"https:\/\/www.youtube.com\/embed\/JinLJrBqIHs\" title=\"YouTube video player\" allow=\"accelerometer; autoplay; clipboard-write; encrypted-media; gyroscope; picture-in-picture\" allowfullscreen=\"\" width=\"560\" height=\"315\" frameborder=\"0\"><\/iframe><\/p>\n\n\n<p><strong>Teatr &#8222;U Przyjaci\u00f3\u0142&#8221; wraz z<a href=\"http:\/\/www.fki.home.pl\/\" target=\"_blank\" rel=\"noreferrer noopener\"> Fundacj\u0105 Kultury Irlandzkiej<\/a> zapraszaj\u0105 na w\u0119dr\u00f3wk\u0119 \u015bladami Leopolda Blooma.<\/strong><em><\/em><\/p>\n\n\n\n<p><em><br>Wsta\u0142em lew\u0105 nog\u0105&#8230; co tam&#8230; inni maj\u0105 gorzej.<\/em><\/p>\n\n\n\n<p>Wszystko zaczyna si\u0119 zawsze od przebudzenia. Ka\u017cdy kolejny dzie\u0144 ma tutaj sw\u00f3j pocz\u0105tek i koniec &#8211; w \u0142\u00f3\u017cku. Z tego ciep\u0142ego i wygodnego schronienia wyruszamy w podr\u00f3\u017c do innych ludzi i miejsc. Kogo spotkamy na naszej drodze, co zobaczymy, dok\u0105d zajdziemy, nie zawsze zale\u017cy od nas. Kolorowa masa ludzkich twarzy &#8211; mijamy je. Przep\u0142ywaj\u0105 przed naszymi oczami, bez celu, oboj\u0119tne, zas\u0142uchane w sw\u00f3j wewn\u0119trzny g\u0142os&#8230;<\/p>\n\n\n\n<p><em>Pocz\u0105tek zapomnienia. Co z oczu, to i z serca.<\/em><\/p>\n\n\n\n<p>Oto historia, kt\u00f3ra powtarza si\u0119 nieprzerwanie od dnia 16 czerwca 1904 roku. Leopold Bloom rozpoczyna sw\u0105 w\u0119dr\u00f3wk\u0119 uliczkami i zakamarkami Dublina. Na jego drodze stan\u0105 postaci, kt\u00f3re on jedynie b\u0119dzie mija\u0142, zas\u0142uchany w g\u0142os swych w\u0142asnych my\u015bli. Cel jego podr\u00f3\u017cy &#8211; niejeden, wci\u0105\u017c zmienny, migotliwy i nieuchwytny.<\/p>\n\n\n\n<p><em>Znu\u017cony m\u0105\u017cdziecko, dzieckom\u0105\u017c &#8211; w \u0142onie wypoczywa\u0142, w\u0119drowa\u0142.<\/em><\/p>\n\n\n\n<p><em>By\u0142 Sindbadem \u017beglarzem i Tinbadem Tr\u0105bkarzemi i Dzinbadem Dziwkarzem.<\/em><\/p>\n\n\n\n<p>Spektakl po wielu peregrynacjach happeningowych wraca na scen\u0119 Teatru \u201eU Przyjaci\u00f3\u0142\u201d i od dnia 16 czerwca 2018 roku wchodzi do sta\u0142ego repertuaru.<\/p>\n\n\n\n<p>OBSADA:<br>Leopold Bloom: Tomasz Zajcher<br>Molly Bloom: Karolina Wensierska<br>Molly Bloom: Alicja Gotowa\u0142a<br>Molly Bloom: Sylwia Pietrowiak<br>Dedalus: Stanis\u0142aw Przewo\u017any<br>Mulligan\/o. Truman\/D\u0142ugacz\/M&#8217;Coy: Miko\u0142aj Makowski<\/p>\n\n\n\n<p>scenariusz (na podstawie Ulissesa Jamesa Joyce&#8217;a): Monika Chuda, Filip Borowiak<\/p>\n\n\n\n<p>re\u017cyseria: Monika Chuda<\/p>\n\n\n\n<p>kostiumy: Monika Chuda<\/p>\n\n\n\n<p>scenografia: Sylwia Pietrowiak, Tomasz Zajcher<\/p>\n\n\n\n<p>muzyka: Bartek Krywczuk<\/p>\n\n\n\n<p>zdj\u0119cia: Tomasz Zajcher<\/p>\n\n\n\n<p>realizacja \u015bwiat\u0142a\/d\u017awi\u0119ku: Mi\u0142osz Loba<\/p>\n\n\n\n<p>produkcja i realizacja: Teatr &#8222;U Przyjaci\u00f3\u0142&#8221;<\/p>\n\n\n<style type=\"text\/css\">\r\n\t#foogallery-gallery-1331 .fg-image {\r\n        width: 200px;\r\n    }\r\n<\/style>\r\n\t\t\t\t<div class=\"foogallery foogallery-container foogallery-default foogallery-lightbox-foobox fg-gutter-10 fg-center fg-default fg-dark fg-border-thin fg-shadow-outline fg-loading-bars fg-loaded-fade-in fg-caption-hover fg-hover-fade fg-hover-zoom fg-ready\" id=\"foogallery-gallery-1331\" data-foogallery=\"{&quot;item&quot;:{&quot;showCaptionTitle&quot;:true,&quot;showCaptionDescription&quot;:true},&quot;lazy&quot;:true}\" >\r\n\t<div class=\"fg-item fg-type-image fg-idle\"><figure class=\"fg-item-inner\"><a href=\"https:\/\/uprzyjaciol.pl\/theatrum\/wp-content\/uploads\/2022\/05\/ul_10.jpg\" data-attachment-id=\"1095\" class=\"fg-thumb\"><span class=\"fg-image-wrap\"><img width=\"200\" height=\"160\" class=\"skip-lazy fg-image\" data-src-fg=\"https:\/\/uprzyjaciol.pl\/theatrum\/wp-content\/uploads\/cache\/2022\/05\/ul_10\/269948608.jpg\" src=\"data:image\/svg+xml,%3Csvg%20xmlns%3D%22http%3A%2F%2Fwww.w3.org%2F2000%2Fsvg%22%20width%3D%22200%22%20height%3D%22160%22%20viewBox%3D%220%200%20200%20160%22%3E%3C%2Fsvg%3E\" loading=\"eager\"><\/span><span class=\"fg-image-overlay\"><\/span><\/a><figcaption class=\"fg-caption\"><div class=\"fg-caption-inner\"><\/div><\/figcaption><\/figure><div class=\"fg-loader\"><\/div><\/div><div class=\"fg-item fg-type-image fg-idle\"><figure class=\"fg-item-inner\"><a href=\"https:\/\/uprzyjaciol.pl\/theatrum\/wp-content\/uploads\/2022\/05\/u06.jpg\" data-attachment-id=\"1091\" class=\"fg-thumb\"><span class=\"fg-image-wrap\"><img width=\"200\" height=\"160\" class=\"skip-lazy fg-image\" data-src-fg=\"https:\/\/uprzyjaciol.pl\/theatrum\/wp-content\/uploads\/cache\/2022\/05\/u06\/4260032382.jpg\" src=\"data:image\/svg+xml,%3Csvg%20xmlns%3D%22http%3A%2F%2Fwww.w3.org%2F2000%2Fsvg%22%20width%3D%22200%22%20height%3D%22160%22%20viewBox%3D%220%200%20200%20160%22%3E%3C%2Fsvg%3E\" loading=\"eager\"><\/span><span class=\"fg-image-overlay\"><\/span><\/a><figcaption class=\"fg-caption\"><div class=\"fg-caption-inner\"><\/div><\/figcaption><\/figure><div class=\"fg-loader\"><\/div><\/div><div class=\"fg-item fg-type-image fg-idle\"><figure class=\"fg-item-inner\"><a href=\"https:\/\/uprzyjaciol.pl\/theatrum\/wp-content\/uploads\/2022\/05\/u04.jpg\" data-attachment-id=\"1089\" class=\"fg-thumb\"><span class=\"fg-image-wrap\"><img width=\"200\" height=\"160\" class=\"skip-lazy fg-image\" data-src-fg=\"https:\/\/uprzyjaciol.pl\/theatrum\/wp-content\/uploads\/cache\/2022\/05\/u04\/2303271408.jpg\" src=\"data:image\/svg+xml,%3Csvg%20xmlns%3D%22http%3A%2F%2Fwww.w3.org%2F2000%2Fsvg%22%20width%3D%22200%22%20height%3D%22160%22%20viewBox%3D%220%200%20200%20160%22%3E%3C%2Fsvg%3E\" loading=\"eager\"><\/span><span class=\"fg-image-overlay\"><\/span><\/a><figcaption class=\"fg-caption\"><div class=\"fg-caption-inner\"><\/div><\/figcaption><\/figure><div class=\"fg-loader\"><\/div><\/div><div class=\"fg-item fg-type-image fg-idle\"><figure class=\"fg-item-inner\"><a href=\"https:\/\/uprzyjaciol.pl\/theatrum\/wp-content\/uploads\/2022\/05\/u05.jpg\" data-attachment-id=\"1090\" class=\"fg-thumb\"><span class=\"fg-image-wrap\"><img width=\"200\" height=\"160\" class=\"skip-lazy fg-image\" data-src-fg=\"https:\/\/uprzyjaciol.pl\/theatrum\/wp-content\/uploads\/cache\/2022\/05\/u05\/2214575153.jpg\" src=\"data:image\/svg+xml,%3Csvg%20xmlns%3D%22http%3A%2F%2Fwww.w3.org%2F2000%2Fsvg%22%20width%3D%22200%22%20height%3D%22160%22%20viewBox%3D%220%200%20200%20160%22%3E%3C%2Fsvg%3E\" loading=\"eager\"><\/span><span class=\"fg-image-overlay\"><\/span><\/a><figcaption class=\"fg-caption\"><div class=\"fg-caption-inner\"><\/div><\/figcaption><\/figure><div class=\"fg-loader\"><\/div><\/div><div class=\"fg-item fg-type-image fg-idle\"><figure class=\"fg-item-inner\"><a href=\"https:\/\/uprzyjaciol.pl\/theatrum\/wp-content\/uploads\/2022\/05\/u02.jpg\" data-attachment-id=\"1087\" class=\"fg-thumb\"><span class=\"fg-image-wrap\"><img width=\"200\" height=\"160\" class=\"skip-lazy fg-image\" data-src-fg=\"https:\/\/uprzyjaciol.pl\/theatrum\/wp-content\/uploads\/cache\/2022\/05\/u02\/3908986168.jpg\" src=\"data:image\/svg+xml,%3Csvg%20xmlns%3D%22http%3A%2F%2Fwww.w3.org%2F2000%2Fsvg%22%20width%3D%22200%22%20height%3D%22160%22%20viewBox%3D%220%200%20200%20160%22%3E%3C%2Fsvg%3E\" loading=\"eager\"><\/span><span class=\"fg-image-overlay\"><\/span><\/a><figcaption class=\"fg-caption\"><div class=\"fg-caption-inner\"><\/div><\/figcaption><\/figure><div class=\"fg-loader\"><\/div><\/div><div class=\"fg-item fg-type-image fg-idle\"><figure class=\"fg-item-inner\"><a href=\"https:\/\/uprzyjaciol.pl\/theatrum\/wp-content\/uploads\/2022\/05\/51257117908_1961839e2f_c.jpg\" data-attachment-id=\"1084\" class=\"fg-thumb\"><span class=\"fg-image-wrap\"><img width=\"200\" height=\"160\" class=\"skip-lazy fg-image\" data-src-fg=\"https:\/\/uprzyjaciol.pl\/theatrum\/wp-content\/uploads\/cache\/2022\/05\/51257117908_1961839e2f_c\/746982437.jpg\" src=\"data:image\/svg+xml,%3Csvg%20xmlns%3D%22http%3A%2F%2Fwww.w3.org%2F2000%2Fsvg%22%20width%3D%22200%22%20height%3D%22160%22%20viewBox%3D%220%200%20200%20160%22%3E%3C%2Fsvg%3E\" loading=\"eager\"><\/span><span class=\"fg-image-overlay\"><\/span><\/a><figcaption class=\"fg-caption\"><div class=\"fg-caption-inner\"><\/div><\/figcaption><\/figure><div class=\"fg-loader\"><\/div><\/div><div class=\"fg-item fg-type-image fg-idle\"><figure class=\"fg-item-inner\"><a href=\"https:\/\/uprzyjaciol.pl\/theatrum\/wp-content\/uploads\/2022\/05\/51257589509_0e3316a7a4_c.jpg\" data-attachment-id=\"1083\" class=\"fg-thumb\"><span class=\"fg-image-wrap\"><img width=\"200\" height=\"160\" class=\"skip-lazy fg-image\" data-src-fg=\"https:\/\/uprzyjaciol.pl\/theatrum\/wp-content\/uploads\/cache\/2022\/05\/51257589509_0e3316a7a4_c\/22097852.jpg\" src=\"data:image\/svg+xml,%3Csvg%20xmlns%3D%22http%3A%2F%2Fwww.w3.org%2F2000%2Fsvg%22%20width%3D%22200%22%20height%3D%22160%22%20viewBox%3D%220%200%20200%20160%22%3E%3C%2Fsvg%3E\" loading=\"eager\"><\/span><span class=\"fg-image-overlay\"><\/span><\/a><figcaption class=\"fg-caption\"><div class=\"fg-caption-inner\"><\/div><\/figcaption><\/figure><div class=\"fg-loader\"><\/div><\/div><div class=\"fg-item fg-type-image fg-idle\"><figure class=\"fg-item-inner\"><a href=\"https:\/\/uprzyjaciol.pl\/theatrum\/wp-content\/uploads\/2022\/05\/51256115497_df433c4c9d_c.jpg\" data-attachment-id=\"1082\" class=\"fg-thumb\"><span class=\"fg-image-wrap\"><img width=\"200\" height=\"160\" class=\"skip-lazy fg-image\" data-src-fg=\"https:\/\/uprzyjaciol.pl\/theatrum\/wp-content\/uploads\/cache\/2022\/05\/51256115497_df433c4c9d_c\/760891476.jpg\" src=\"data:image\/svg+xml,%3Csvg%20xmlns%3D%22http%3A%2F%2Fwww.w3.org%2F2000%2Fsvg%22%20width%3D%22200%22%20height%3D%22160%22%20viewBox%3D%220%200%20200%20160%22%3E%3C%2Fsvg%3E\" loading=\"eager\"><\/span><span class=\"fg-image-overlay\"><\/span><\/a><figcaption class=\"fg-caption\"><div class=\"fg-caption-inner\"><\/div><\/figcaption><\/figure><div class=\"fg-loader\"><\/div><\/div><div class=\"fg-item fg-type-image fg-idle\"><figure class=\"fg-item-inner\"><a href=\"https:\/\/uprzyjaciol.pl\/theatrum\/wp-content\/uploads\/2022\/05\/51254913225_7c99637734_c.jpg\" data-attachment-id=\"1081\" class=\"fg-thumb\"><span class=\"fg-image-wrap\"><img width=\"200\" height=\"160\" class=\"skip-lazy fg-image\" data-src-fg=\"https:\/\/uprzyjaciol.pl\/theatrum\/wp-content\/uploads\/cache\/2022\/05\/51254913225_7c99637734_c\/3662811460.jpg\" src=\"data:image\/svg+xml,%3Csvg%20xmlns%3D%22http%3A%2F%2Fwww.w3.org%2F2000%2Fsvg%22%20width%3D%22200%22%20height%3D%22160%22%20viewBox%3D%220%200%20200%20160%22%3E%3C%2Fsvg%3E\" loading=\"eager\"><\/span><span class=\"fg-image-overlay\"><\/span><\/a><figcaption class=\"fg-caption\"><div class=\"fg-caption-inner\"><\/div><\/figcaption><\/figure><div class=\"fg-loader\"><\/div><\/div><div class=\"fg-item fg-type-image fg-idle\"><figure class=\"fg-item-inner\"><a href=\"https:\/\/uprzyjaciol.pl\/theatrum\/wp-content\/uploads\/2022\/05\/201963910_3950001055098717_2350375879972691331_n-scaled.jpg\" data-attachment-id=\"1080\" class=\"fg-thumb\"><span class=\"fg-image-wrap\"><img width=\"200\" height=\"160\" class=\"skip-lazy fg-image\" data-src-fg=\"https:\/\/uprzyjaciol.pl\/theatrum\/wp-content\/uploads\/cache\/2022\/05\/201963910_3950001055098717_2350375879972691331_n-scaled\/3899966446.jpg\" src=\"data:image\/svg+xml,%3Csvg%20xmlns%3D%22http%3A%2F%2Fwww.w3.org%2F2000%2Fsvg%22%20width%3D%22200%22%20height%3D%22160%22%20viewBox%3D%220%200%20200%20160%22%3E%3C%2Fsvg%3E\" loading=\"eager\"><\/span><span class=\"fg-image-overlay\"><\/span><\/a><figcaption class=\"fg-caption\"><div class=\"fg-caption-inner\"><\/div><\/figcaption><\/figure><div class=\"fg-loader\"><\/div><\/div><div class=\"fg-item fg-type-image fg-idle\"><figure class=\"fg-item-inner\"><a href=\"https:\/\/uprzyjaciol.pl\/theatrum\/wp-content\/uploads\/2022\/05\/04-3.jpg\" data-attachment-id=\"1079\" class=\"fg-thumb\"><span class=\"fg-image-wrap\"><img width=\"200\" height=\"160\" class=\"skip-lazy fg-image\" data-src-fg=\"https:\/\/uprzyjaciol.pl\/theatrum\/wp-content\/uploads\/cache\/2022\/05\/04-3\/28016631.jpg\" src=\"data:image\/svg+xml,%3Csvg%20xmlns%3D%22http%3A%2F%2Fwww.w3.org%2F2000%2Fsvg%22%20width%3D%22200%22%20height%3D%22160%22%20viewBox%3D%220%200%20200%20160%22%3E%3C%2Fsvg%3E\" loading=\"eager\"><\/span><span class=\"fg-image-overlay\"><\/span><\/a><figcaption class=\"fg-caption\"><div class=\"fg-caption-inner\"><\/div><\/figcaption><\/figure><div class=\"fg-loader\"><\/div><\/div><div class=\"fg-item fg-type-image fg-idle\"><figure class=\"fg-item-inner\"><a href=\"https:\/\/uprzyjaciol.pl\/theatrum\/wp-content\/uploads\/2022\/05\/08-2.jpg\" data-attachment-id=\"1077\" class=\"fg-thumb\"><span class=\"fg-image-wrap\"><img width=\"200\" height=\"160\" class=\"skip-lazy fg-image\" data-src-fg=\"https:\/\/uprzyjaciol.pl\/theatrum\/wp-content\/uploads\/cache\/2022\/05\/08-2\/838409131.jpg\" src=\"data:image\/svg+xml,%3Csvg%20xmlns%3D%22http%3A%2F%2Fwww.w3.org%2F2000%2Fsvg%22%20width%3D%22200%22%20height%3D%22160%22%20viewBox%3D%220%200%20200%20160%22%3E%3C%2Fsvg%3E\" loading=\"eager\"><\/span><span class=\"fg-image-overlay\"><\/span><\/a><figcaption class=\"fg-caption\"><div class=\"fg-caption-inner\"><\/div><\/figcaption><\/figure><div class=\"fg-loader\"><\/div><\/div><div class=\"fg-item fg-type-image fg-idle\"><figure class=\"fg-item-inner\"><a href=\"https:\/\/uprzyjaciol.pl\/theatrum\/wp-content\/uploads\/2022\/05\/06-3.jpg\" data-attachment-id=\"1076\" class=\"fg-thumb\"><span class=\"fg-image-wrap\"><img width=\"200\" height=\"160\" class=\"skip-lazy fg-image\" data-src-fg=\"https:\/\/uprzyjaciol.pl\/theatrum\/wp-content\/uploads\/cache\/2022\/05\/06-3\/1007312401.jpg\" src=\"data:image\/svg+xml,%3Csvg%20xmlns%3D%22http%3A%2F%2Fwww.w3.org%2F2000%2Fsvg%22%20width%3D%22200%22%20height%3D%22160%22%20viewBox%3D%220%200%20200%20160%22%3E%3C%2Fsvg%3E\" loading=\"eager\"><\/span><span class=\"fg-image-overlay\"><\/span><\/a><figcaption class=\"fg-caption\"><div class=\"fg-caption-inner\"><\/div><\/figcaption><\/figure><div class=\"fg-loader\"><\/div><\/div><div class=\"fg-item fg-type-image fg-idle\"><figure class=\"fg-item-inner\"><a href=\"https:\/\/uprzyjaciol.pl\/theatrum\/wp-content\/uploads\/2022\/05\/05-4.jpg\" data-attachment-id=\"1075\" class=\"fg-thumb\"><span class=\"fg-image-wrap\"><img width=\"200\" height=\"160\" class=\"skip-lazy fg-image\" data-src-fg=\"https:\/\/uprzyjaciol.pl\/theatrum\/wp-content\/uploads\/cache\/2022\/05\/05-4\/1715041523.jpg\" src=\"data:image\/svg+xml,%3Csvg%20xmlns%3D%22http%3A%2F%2Fwww.w3.org%2F2000%2Fsvg%22%20width%3D%22200%22%20height%3D%22160%22%20viewBox%3D%220%200%20200%20160%22%3E%3C%2Fsvg%3E\" loading=\"eager\"><\/span><span class=\"fg-image-overlay\"><\/span><\/a><figcaption class=\"fg-caption\"><div class=\"fg-caption-inner\"><\/div><\/figcaption><\/figure><div class=\"fg-loader\"><\/div><\/div><div class=\"fg-item fg-type-image fg-idle\"><figure class=\"fg-item-inner\"><a href=\"https:\/\/uprzyjaciol.pl\/theatrum\/wp-content\/uploads\/2022\/07\/290075978_2919383525019834_1613366351924416360_n.jpg\" data-attachment-id=\"1335\" class=\"fg-thumb\"><span class=\"fg-image-wrap\"><img width=\"200\" height=\"160\" class=\"skip-lazy fg-image\" data-src-fg=\"https:\/\/uprzyjaciol.pl\/theatrum\/wp-content\/uploads\/cache\/2022\/07\/290075978_2919383525019834_1613366351924416360_n\/102815834.jpg\" src=\"data:image\/svg+xml,%3Csvg%20xmlns%3D%22http%3A%2F%2Fwww.w3.org%2F2000%2Fsvg%22%20width%3D%22200%22%20height%3D%22160%22%20viewBox%3D%220%200%20200%20160%22%3E%3C%2Fsvg%3E\" loading=\"eager\"><\/span><span class=\"fg-image-overlay\"><\/span><\/a><figcaption class=\"fg-caption\"><div class=\"fg-caption-inner\"><\/div><\/figcaption><\/figure><div class=\"fg-loader\"><\/div><\/div><\/div>\r\n","protected":false},"excerpt":{"rendered":"<p>SCENA KOMEDIODRAMATYCZNA PREMIERA: 16 czerwca 2018 roku Czas trwania: 50 minut SPEKTAKL W STA\u0141YM REPERTUARZE Ograniczenia wiekowe: 16+ Teatr &#8222;U Przyjaci\u00f3\u0142&#8221; wraz z Fundacj\u0105 Kultury Irlandzkiej zapraszaj\u0105 na w\u0119dr\u00f3wk\u0119 \u015bladami Leopolda Blooma. Wsta\u0142em lew\u0105 nog\u0105&#8230; co tam&#8230; inni maj\u0105 gorzej. Wszystko zaczyna si\u0119 zawsze od przebudzenia. Ka\u017cdy kolejny dzie\u0144 ma tutaj sw\u00f3j pocz\u0105tek i koniec<\/p>\n<div><a class=\"btn-filled btn\" href=\"https:\/\/uprzyjaciol.pl\/theatrum\/spektakle\/premiery\/ulisses\/\" title=\"Ulisses\">Dowiedz si\u0119 wi\u0119cej<\/a><\/div>\n","protected":false},"author":3,"featured_media":0,"parent":56,"menu_order":0,"comment_status":"closed","ping_status":"closed","template":"","meta":[],"_links":{"self":[{"href":"https:\/\/uprzyjaciol.pl\/theatrum\/wp-json\/wp\/v2\/pages\/1073"}],"collection":[{"href":"https:\/\/uprzyjaciol.pl\/theatrum\/wp-json\/wp\/v2\/pages"}],"about":[{"href":"https:\/\/uprzyjaciol.pl\/theatrum\/wp-json\/wp\/v2\/types\/page"}],"author":[{"embeddable":true,"href":"https:\/\/uprzyjaciol.pl\/theatrum\/wp-json\/wp\/v2\/users\/3"}],"replies":[{"embeddable":true,"href":"https:\/\/uprzyjaciol.pl\/theatrum\/wp-json\/wp\/v2\/comments?post=1073"}],"version-history":[{"count":4,"href":"https:\/\/uprzyjaciol.pl\/theatrum\/wp-json\/wp\/v2\/pages\/1073\/revisions"}],"predecessor-version":[{"id":1333,"href":"https:\/\/uprzyjaciol.pl\/theatrum\/wp-json\/wp\/v2\/pages\/1073\/revisions\/1333"}],"up":[{"embeddable":true,"href":"https:\/\/uprzyjaciol.pl\/theatrum\/wp-json\/wp\/v2\/pages\/56"}],"wp:attachment":[{"href":"https:\/\/uprzyjaciol.pl\/theatrum\/wp-json\/wp\/v2\/media?parent=1073"}],"curies":[{"name":"wp","href":"https:\/\/api.w.org\/{rel}","templated":true}]}}