{"id":1047,"date":"2022-05-25T17:24:18","date_gmt":"2022-05-25T15:24:18","guid":{"rendered":"https:\/\/uprzyjaciol.pl\/theatrum\/?page_id=1047"},"modified":"2022-07-12T12:53:53","modified_gmt":"2022-07-12T10:53:53","slug":"teatroza","status":"publish","type":"page","link":"https:\/\/uprzyjaciol.pl\/theatrum\/spektakle\/premiery\/teatroza\/","title":{"rendered":"Teatroza"},"content":{"rendered":"\n<p><strong>SCENA KOMEDIOWA<\/strong><\/p>\n\n\n\n<p>PREMIERA: 11 marca 2010 roku<\/p>\n\n\n\n<p>WZNOWIENIE TYTU\u0141U: 25 stycznia 2018 roku<\/p>\n\n\n\n<p>Czas trwania: 50 minut <\/p>\n\n\n\n<p>SPEKTAKL ARCHIWALNY<\/p>\n\n\n<p><iframe loading=\"lazy\" src=\"https:\/\/www.youtube.com\/embed\/JgNp0KEoEbE\" title=\"YouTube video player\" allow=\"accelerometer; autoplay; clipboard-write; encrypted-media; gyroscope; picture-in-picture\" allowfullscreen=\"\" width=\"560\" height=\"315\" frameborder=\"0\"><\/iframe><\/p>\n\n\n<p><strong>Teatroza<\/strong> &#8211; zesp\u00f3\u0142 chorobowo-sceniczny z przemieszczeniami, nierzadko o przebiegu nieci\u0105g\u0142ym, skokowym; towarzyszy mu zwykle powidok widza i s\u0142uchowy omam oklasku; r\u00f3\u017cne stadia dystansowania si\u0119 do stabilno\u015bci powoduj\u0105, \u017ce z tzw. rozs\u0105dkiem nie ma wiele wsp\u00f3lnego; obfituje w nag\u0142e zwroty grzeczno\u015bciowe wobec pomys\u0142\u00f3w nietuzinkowych oraz chroniczne uniesienie ze wzgl\u0119du na silny afekt teatralny; liczne przemieszczenia powoduj\u0105 niewielkie nadzieje terapeutyczne, cho\u0107 prace nad antidotum koncentruj\u0105 si\u0119 wok\u00f3\u0142 garderoby; rekwizyt wykazuje tu \u015bladowe ilo\u015bci przeciwdzia\u0142ania; skutki uboczne s\u0105 uderzaj\u0105co podobne pod wzgl\u0119dem widowiskowo\u015bci, st\u0105d &#8211; pat diagnostyczny.<\/p>\n\n\n\n<p>&#8222;Wystawi\u0107 mo\u017cna absolutnie wszystko, bo te\u017c wszystko powinno zachodzi\u0107 w g\u0142ow\u0119 widza. Zawsze chcia\u0142, \u017ceby \u017cycie go poddusza\u0142o w teatrze, ale tylko na tyle, na ile kupi\u0142 bilet. Potem mia\u0142o by\u0107 ju\u017c zgodnie z jego wersj\u0105. A tu mo\u017cna to odwr\u00f3ci\u0107. Niech si\u0119 nie orientuje, gdzie on siedzi, a gdzie si\u0119 sztuka dzieje. Niech sobie nie my\u015bli, \u017ce raz kupiwszy bilet ma zapewniony spok\u00f3j konesera. Niech si\u0119 spr\u00f3buje poczu\u0107 odpowiedzialny. Niech si\u0119 sam wystawi.<\/p>\n\n\n\n<p>Eustachy &#8222;Presja&#8221; de Sorbet &#8211; producent, re\u017cyser, aktor, orygina\u0142 &#8211; odziedziczy\u0142 podobno fortun\u0119, kt\u00f3r\u0105 jednak skrz\u0119tnie ukrywa; nie ukrywa natomiast niepo\u015bledniego talentu do kalkulacji w zakresie sztuk wszelakich, \u017cy\u0142k\u0119 ma do produkcji, zmys\u0142 osobliwy do ujmowania w konkret wizji ulotnych ale nad wyraz sugestywnych; choleryk, bo nie chce traci\u0107 czasu na trwonienie talentu; despota &#8211; wymaga od interlokutora zdyscyplinowania intelektualnego; nerwy jak p ostronki; meloman; mi\u0142o\u015bnik winogron i kobiet eterycznych, do kt\u00f3rych chy\u0142kiem wzdycha na stronie; politycznie niezaanga\u017cowany, idealista, ale skrz\u0119tnie zakamuflowany; st\u0105pa po ziemi, kt\u00f3ra pali mu si\u0119 pod nogami; literatur\u0119 zna o tyle, o ile.<\/p>\n\n\n\n<p>Ksawery Opio-Lira &#8211; scenarzysta, pisarz, literat, aktor, ekscentryk &#8211; chronicznie nieobecny, cho\u0107 potrafi\u0105cy si\u0119 koncentrowa\u0107 na tyle, \u017ce si\u0119 prawie materializuje; miewa wizje, z kt\u00f3rymi czasami radzi sobie niezgorzej &#8211; przek\u0142ada je umiej\u0119tnie na subtelne idealizacje; marzy o widowisku totalnym, kt\u00f3re dowiedzie harmonii wszystkiego, co bliskie cz\u0142owiekowi; scenariusze potrafi wywo\u0142ywa\u0107 niemal jak duchy, kt\u00f3re go potem strasz\u0105, drocz\u0105c si\u0119, nie daj\u0105 mu spokoju; meloman dyskretny &#8211; raczej introwertyk, tam te\u017c (w sobie) s\u0142ucha koncert\u00f3w na olbrzymie orkiestry i ch\u00f3ry; nie jest bystry, cho\u0107 bywa inteligentny, ale tylko gdy gra &#8211; poza tym, poni\u017cej przeci\u0119tnej, czym wywo\u0142uje reakcje skrajne; teksty rozsypane po g\u0142owie powoduj\u0105 katar sienny cytat\u00f3w.<\/p>\n\n\n\n<p><strong>OBSADA<\/strong>:<\/p>\n\n\n\n<p><strong>Madam Foyer<\/strong> &#8211; Sylwia Pietrowiak<\/p>\n\n\n\n<p><strong>Eustachy &#8222;Presja&#8221; de Sorbet<\/strong> &#8211; Tomasz Zajcher<\/p>\n\n\n\n<p><strong>Ksawery Opio-Lira<\/strong> &#8211; Krzysztof Skibski<\/p>\n\n\n\n<p><strong>Koncept: <\/strong>Krzysztof Skibski \/ Tomasz Zajcher<\/p>\n\n\n\n<p><strong>Scenariusz: <\/strong>Krzysztof Skibski<\/p>\n\n\n\n<p><strong>Re\u017cyseria:<\/strong> Krzysztof Skibski \/ Tomasz Zajcher<\/p>\n\n\n\n<p><strong>Scenografia:<\/strong> Sylwia Pietrowiak \/ Tomasz Zajcher<\/p>\n\n\n\n<p><strong>Charakteryzacja: <\/strong>Sylwia Pietrowiak<\/p>\n\n\n\n<p><strong>Muzyka: <\/strong>Bartosz Krywczuk<\/p>\n\n\n\n<figure class=\"wp-container-2 wp-block-gallery-1 wp-block-gallery has-nested-images columns-default is-cropped\">\n<figure class=\"wp-block-image size-large\"><img loading=\"lazy\" width=\"800\" height=\"492\" data-id=\"1051\"  src=\"https:\/\/uprzyjaciol.pl\/theatrum\/wp-content\/uploads\/2022\/05\/tr_08.jpg\" alt=\"\" class=\"wp-image-1051\" srcset=\"https:\/\/uprzyjaciol.pl\/theatrum\/wp-content\/uploads\/2022\/05\/tr_08.jpg 800w, https:\/\/uprzyjaciol.pl\/theatrum\/wp-content\/uploads\/2022\/05\/tr_08-300x185.jpg 300w, https:\/\/uprzyjaciol.pl\/theatrum\/wp-content\/uploads\/2022\/05\/tr_08-768x472.jpg 768w\" sizes=\"(max-width: 800px) 100vw, 800px\" \/><\/figure>\n\n\n\n<figure class=\"wp-block-image size-large\"><img loading=\"lazy\" width=\"687\" height=\"1024\" data-id=\"1049\"  src=\"https:\/\/uprzyjaciol.pl\/theatrum\/wp-content\/uploads\/2022\/05\/tr_09-687x1024.jpg\" alt=\"\" class=\"wp-image-1049\" srcset=\"https:\/\/uprzyjaciol.pl\/theatrum\/wp-content\/uploads\/2022\/05\/tr_09-687x1024.jpg 687w, https:\/\/uprzyjaciol.pl\/theatrum\/wp-content\/uploads\/2022\/05\/tr_09-201x300.jpg 201w, https:\/\/uprzyjaciol.pl\/theatrum\/wp-content\/uploads\/2022\/05\/tr_09-768x1145.jpg 768w, https:\/\/uprzyjaciol.pl\/theatrum\/wp-content\/uploads\/2022\/05\/tr_09.jpg 800w\" sizes=\"(max-width: 687px) 100vw, 687px\" \/><\/figure>\n\n\n\n<figure class=\"wp-block-image size-large\"><img loading=\"lazy\" width=\"800\" height=\"716\" data-id=\"1052\"  src=\"https:\/\/uprzyjaciol.pl\/theatrum\/wp-content\/uploads\/2022\/05\/tr_10.jpg\" alt=\"\" class=\"wp-image-1052\" srcset=\"https:\/\/uprzyjaciol.pl\/theatrum\/wp-content\/uploads\/2022\/05\/tr_10.jpg 800w, https:\/\/uprzyjaciol.pl\/theatrum\/wp-content\/uploads\/2022\/05\/tr_10-300x269.jpg 300w, https:\/\/uprzyjaciol.pl\/theatrum\/wp-content\/uploads\/2022\/05\/tr_10-768x687.jpg 768w\" sizes=\"(max-width: 800px) 100vw, 800px\" \/><\/figure>\n\n\n\n<figure class=\"wp-block-image size-large\"><img loading=\"lazy\" width=\"800\" height=\"672\" data-id=\"1050\"  src=\"https:\/\/uprzyjaciol.pl\/theatrum\/wp-content\/uploads\/2022\/05\/tr_11.jpg\" alt=\"\" class=\"wp-image-1050\" srcset=\"https:\/\/uprzyjaciol.pl\/theatrum\/wp-content\/uploads\/2022\/05\/tr_11.jpg 800w, https:\/\/uprzyjaciol.pl\/theatrum\/wp-content\/uploads\/2022\/05\/tr_11-300x252.jpg 300w, https:\/\/uprzyjaciol.pl\/theatrum\/wp-content\/uploads\/2022\/05\/tr_11-768x645.jpg 768w\" sizes=\"(max-width: 800px) 100vw, 800px\" \/><\/figure>\n\n\n\n<figure class=\"wp-block-image size-large\"><img loading=\"lazy\" width=\"797\" height=\"960\" data-id=\"1053\"  src=\"https:\/\/uprzyjaciol.pl\/theatrum\/wp-content\/uploads\/2022\/05\/tr_13.jpg\" alt=\"\" class=\"wp-image-1053\" srcset=\"https:\/\/uprzyjaciol.pl\/theatrum\/wp-content\/uploads\/2022\/05\/tr_13.jpg 797w, https:\/\/uprzyjaciol.pl\/theatrum\/wp-content\/uploads\/2022\/05\/tr_13-249x300.jpg 249w, https:\/\/uprzyjaciol.pl\/theatrum\/wp-content\/uploads\/2022\/05\/tr_13-768x925.jpg 768w\" sizes=\"(max-width: 797px) 100vw, 797px\" \/><\/figure>\n<\/figure>\n","protected":false},"excerpt":{"rendered":"<p>SCENA KOMEDIOWA PREMIERA: 11 marca 2010 roku WZNOWIENIE TYTU\u0141U: 25 stycznia 2018 roku Czas trwania: 50 minut SPEKTAKL ARCHIWALNY Teatroza &#8211; zesp\u00f3\u0142 chorobowo-sceniczny z przemieszczeniami, nierzadko o przebiegu nieci\u0105g\u0142ym, skokowym; towarzyszy mu zwykle powidok widza i s\u0142uchowy omam oklasku; r\u00f3\u017cne stadia dystansowania si\u0119 do stabilno\u015bci powoduj\u0105, \u017ce z tzw. rozs\u0105dkiem nie ma wiele wsp\u00f3lnego; obfituje<\/p>\n<div><a class=\"btn-filled btn\" href=\"https:\/\/uprzyjaciol.pl\/theatrum\/spektakle\/premiery\/teatroza\/\" title=\"Teatroza\">Dowiedz si\u0119 wi\u0119cej<\/a><\/div>\n","protected":false},"author":3,"featured_media":0,"parent":56,"menu_order":0,"comment_status":"closed","ping_status":"closed","template":"","meta":[],"_links":{"self":[{"href":"https:\/\/uprzyjaciol.pl\/theatrum\/wp-json\/wp\/v2\/pages\/1047"}],"collection":[{"href":"https:\/\/uprzyjaciol.pl\/theatrum\/wp-json\/wp\/v2\/pages"}],"about":[{"href":"https:\/\/uprzyjaciol.pl\/theatrum\/wp-json\/wp\/v2\/types\/page"}],"author":[{"embeddable":true,"href":"https:\/\/uprzyjaciol.pl\/theatrum\/wp-json\/wp\/v2\/users\/3"}],"replies":[{"embeddable":true,"href":"https:\/\/uprzyjaciol.pl\/theatrum\/wp-json\/wp\/v2\/comments?post=1047"}],"version-history":[{"count":5,"href":"https:\/\/uprzyjaciol.pl\/theatrum\/wp-json\/wp\/v2\/pages\/1047\/revisions"}],"predecessor-version":[{"id":1248,"href":"https:\/\/uprzyjaciol.pl\/theatrum\/wp-json\/wp\/v2\/pages\/1047\/revisions\/1248"}],"up":[{"embeddable":true,"href":"https:\/\/uprzyjaciol.pl\/theatrum\/wp-json\/wp\/v2\/pages\/56"}],"wp:attachment":[{"href":"https:\/\/uprzyjaciol.pl\/theatrum\/wp-json\/wp\/v2\/media?parent=1047"}],"curies":[{"name":"wp","href":"https:\/\/api.w.org\/{rel}","templated":true}]}}