{"id":1010,"date":"2022-05-25T17:20:09","date_gmt":"2022-05-25T15:20:09","guid":{"rendered":"https:\/\/uprzyjaciol.pl\/theatrum\/?page_id=1010"},"modified":"2026-01-19T09:54:21","modified_gmt":"2026-01-19T08:54:21","slug":"senne-lagodne-przeswity","status":"publish","type":"page","link":"https:\/\/uprzyjaciol.pl\/theatrum\/spektakle\/premiery\/senne-lagodne-przeswity\/","title":{"rendered":"Senne \u0142agodne prze\u015bwity"},"content":{"rendered":"\n<p><strong>SCENA KOMEDIODRAMATYCZNA<\/strong><br>PREMIERA: 2 pa\u017adziernika 2008 roku<br>WZNOWIENIE TYTU\u0141U: 25 lutego 2023 roku<br>Czas trwania: 70 minut<br>Ograniczenia wiekowe: 16+<\/p>\n\n\n\n<p><strong>UWAGA: W SPEKTAKLU U\u017bYWANE S\u0104 \u015aWIAT\u0141A STROBOSKOPOWE<\/strong> <br><\/p>\n\n\n\n<p> <\/p>\n\n\n<p><iframe loading=\"lazy\" title=\"YouTube video player\" src=\"https:\/\/www.youtube.com\/embed\/wn0_BPc3Gtk\" width=\"560\" height=\"315\" frameborder=\"0\" allowfullscreen=\"allowfullscreen\"><\/iframe><\/p>\n\n\n<p>Spektakl inspirowany &#8222;Mistrzem i Ma\u0142gorzat\u0105&#8221; Michai\u0142a Bu\u0142hakowa oraz &#8222;Bia\u0142ymi nocami&#8221; Fiodora Dostojewskiego, zabiera nas w przestrze\u0144 Sanatorium Gribojedowa, w kt\u00f3rej b\u0142\u0105dz\u0105 pensjonariusze poddawani s\u0105 terapii literatur\u0105. Kim s\u0105? Dlaczego si\u0119 tu znale\u017ali? W miejscu, gdzie  literatura droczy si\u0119 z tekstami nigdy nienapisanymi, gdzie fikcja jest prawdopodobnie jedn\u0105 z pensjonariuszek, a spotkanie kochank\u00f3w jest skazane na tekst. <\/p>\n\n\n\n<p>W\u015br\u00f3d operowych arii, powidok\u00f3w \u017cycia (w\u0142asnego czy wymy\u015blonego?) spotkamy samego Dyrektora Lichodiejewa, dyrektora artystycznego teatru Varietes z Moskwy, kt\u00f3ry g\u0142owi si\u0119 nad wystawieniem nowej sztuki autorstwa Mistrza. Nie zabraknie te\u017c samego Messera, a i \u0142aciaty kot przemknie przez scen\u0119. <\/p>\n\n\n\n<p>Wszystko sko\u0144czy si\u0119 wraz ze \u015bwitaniem, gdy pensjonariusze pow\u0119druj\u0105 do swoich \u0142\u00f3\u017cek nuc\u0105c melodie z oper&#8230;<\/p>\n\n\n\n<p><\/p>\n\n\n\n<p><strong>SANATORIUM GRIBOJEDOWA:<\/strong><\/p>\n\n\n\n<p><strong>Gribojedow<\/strong> &#8211; odziedziczy\u0142 bibliotek\u0119, a poniewa\u017c mia\u0142 sw\u00f3j pogl\u0105d na literatur\u0119 &#8211; za\u0142o\u017cy\u0142 sanatorium dla (w jego mniemaniu) bohater\u00f3w poczytnych powie\u015bci. W istocie przebywaj\u0105 u niego biedni czytelnicy i literaci, kt\u00f3rzy w osobliwej terapii pok\u0142adali nadziej\u0119 na poj\u0119cie swoich odej\u015b\u0107 od rzeczywisto\u015bci; wszyscy pensjonariusze Gribojedowa ceni\u0105 go za wyrozumia\u0142o\u015b\u0107, kt\u00f3ra jest w\u0142a\u015bciwie wyrachowan\u0105 lektur\u0105.<\/p>\n\n\n\n<p><strong>Lizawieta (siostra Gribojedowa)<\/strong> &#8211; poczciwa i gospodarna, cho\u0107 cierpi na rozdwojenie ja\u017ani (mo\u017ce nawet jest ju\u017c dwoma postaciami)<\/p>\n\n\n\n<p><strong>MIESZKA\u0143CY SANATORIUM:<\/strong><\/p>\n\n\n\n<p><strong>Michai\u0142 (literat)<\/strong> &#8211; autor powie\u015bci-sztuki, nie pasuje do bohater\u00f3w, cho\u0107 zawsze chcia\u0142 by\u0107 jednym z nich; zabiega o inscenizacj\u0119 swojego niesko\u0144czonego wci\u0105\u017c dzie\u0142a (gotowy na konszachty).<\/p>\n\n\n\n<p><strong>Dyrektor Lichodiejew<\/strong> (w m\u0142odo\u015bci kapelmistrz orkiestry stra\u017cackiej)- zna si\u0119 na literaturze jak nikt, mi\u0142o\u015bnik opery, kt\u00f3r\u0105 uwa\u017ca za \u017ar\u00f3d\u0142o spe\u0142nienia.<\/p>\n\n\n\n<p><strong>Ivan (On)<\/strong> &#8211; pozna\u0142 pewnego dnia kobiet\u0119, kt\u00f3ra na niego nie czeka\u0142a &#8211; by\u0142a podobna do Ma\u0142gorzaty (co p\u00f3\u017aniej wypomnia\u0142o jego alter ego &#8211; sk\u0105din\u0105d nieludzkie).<\/p>\n\n\n\n<p><strong>Nastia (Ona)<\/strong> &#8211; rozmi\u0142owana (w kim\u015b, kto musia\u0142 wyjecha\u0107, ale obieca\u0142, \u017ce wr\u00f3ci); poniewa\u017c oczekuje od dawna, \u017cadne uczucie nie jest jej obce (bywa, \u017ce pragnienia s\u0105 silniejsze od pami\u0119ci); gdyby nie libretta &#8211; ju\u017c dawno popad\u0142aby w apati\u0119.<\/p>\n\n\n\n<p><strong>Laurowicz (On)<\/strong> &#8211; rozmi\u0142owany w niej (cho\u0107 nie ma pewno\u015bci, \u017ce ta na niego czeka); jego podobie\u0144stwo do bohatera literackiego jest uderzaj\u0105ce.<\/p>\n\n\n\n<p><strong>OBSADA:<\/strong><\/p>\n\n\n\n<p>Lizawieta (siostra Gribojedowa) &#8211; Sylwia Pietrowiak, Alicja Gotowa\u0142a<br>Michai\u0142 (literat) \/ Laurowicz (On) &#8211; Tomasz Zajcher <br>Dyrektor Lichodiejew &#8211; Pawe\u0142 Kolasa<br>Ivan (On) &#8211; Stanis\u0142aw Przewo\u017any <br>Nastia (Ona) &#8211; Monika Chuda<\/p>\n\n\n\n<p><strong>scenariusz:<\/strong> Krzysztof Skibski<\/p>\n\n\n\n<p><strong>re\u017cyseria:<\/strong> Tomasz Zajcher<\/p>\n\n\n\n<p><strong>dramaturgia:<\/strong> Monika Chuda \/ Tomasz Zajcher<\/p>\n\n\n\n<p><strong>re\u017cyseria \u015bwiate\u0142:<\/strong> Tomasz Zajcher<\/p>\n\n\n\n<p><strong>realizacja \u015bwiat\u0142a,d\u017awi\u0119ku:<\/strong> Mi\u0142osz Loba<\/p>\n\n\n\n<p><strong>scenografia: <\/strong>Sylwia Pietrowiak \/ Tomasz Zajcher<\/p>\n\n\n\n<p><strong>kostiumy: <\/strong>Monika Chuda<\/p>\n\n\n\n<p><strong>muzyka:<\/strong> Bartek Krywczuk \/ Fismoll<\/p>\n\n\n\n<p><strong>produkcja i realizacja:<\/strong> Teatr &#8222;U Przyjaci\u00f3\u0142&#8221;<\/p>\n\n\n<style type=\"text\/css\">\r\n\t#foogallery-gallery-1341 .fg-image {\r\n        width: 200px;\r\n    }\r\n<\/style>\r\n\t\t\t\t<div class=\"foogallery foogallery-container foogallery-default foogallery-lightbox-foobox fg-gutter-10 fg-center fg-default fg-dark fg-border-thin fg-shadow-outline fg-loading-bars fg-loaded-fade-in fg-caption-hover fg-hover-fade fg-hover-zoom fg-ready\" id=\"foogallery-gallery-1341\" data-foogallery=\"{&quot;item&quot;:{&quot;showCaptionTitle&quot;:true,&quot;showCaptionDescription&quot;:true},&quot;lazy&quot;:true}\" >\r\n\t<div class=\"fg-item fg-type-image fg-idle\"><figure class=\"fg-item-inner\"><a href=\"https:\/\/uprzyjaciol.pl\/theatrum\/wp-content\/uploads\/2022\/05\/s_03.jpg\" data-attachment-id=\"1020\" class=\"fg-thumb\"><span class=\"fg-image-wrap\"><img width=\"200\" height=\"160\" class=\"skip-lazy fg-image\" data-src-fg=\"https:\/\/uprzyjaciol.pl\/theatrum\/wp-content\/uploads\/cache\/2022\/05\/s_03\/1406385894.jpg\" src=\"data:image\/svg+xml,%3Csvg%20xmlns%3D%22http%3A%2F%2Fwww.w3.org%2F2000%2Fsvg%22%20width%3D%22200%22%20height%3D%22160%22%20viewBox%3D%220%200%20200%20160%22%3E%3C%2Fsvg%3E\" loading=\"eager\"><\/span><span class=\"fg-image-overlay\"><\/span><\/a><figcaption class=\"fg-caption\"><div class=\"fg-caption-inner\"><\/div><\/figcaption><\/figure><div class=\"fg-loader\"><\/div><\/div><div class=\"fg-item fg-type-image fg-idle\"><figure class=\"fg-item-inner\"><a href=\"https:\/\/uprzyjaciol.pl\/theatrum\/wp-content\/uploads\/2022\/05\/s_10.jpg\" data-attachment-id=\"1025\" class=\"fg-thumb\"><span class=\"fg-image-wrap\"><img width=\"200\" height=\"160\" class=\"skip-lazy fg-image\" data-src-fg=\"https:\/\/uprzyjaciol.pl\/theatrum\/wp-content\/uploads\/cache\/2022\/05\/s_10\/3709075983.jpg\" src=\"data:image\/svg+xml,%3Csvg%20xmlns%3D%22http%3A%2F%2Fwww.w3.org%2F2000%2Fsvg%22%20width%3D%22200%22%20height%3D%22160%22%20viewBox%3D%220%200%20200%20160%22%3E%3C%2Fsvg%3E\" loading=\"eager\"><\/span><span class=\"fg-image-overlay\"><\/span><\/a><figcaption class=\"fg-caption\"><div class=\"fg-caption-inner\"><\/div><\/figcaption><\/figure><div class=\"fg-loader\"><\/div><\/div><div class=\"fg-item fg-type-image fg-idle\"><figure class=\"fg-item-inner\"><a href=\"https:\/\/uprzyjaciol.pl\/theatrum\/wp-content\/uploads\/2022\/05\/s_05.jpg\" data-attachment-id=\"1023\" class=\"fg-thumb\"><span class=\"fg-image-wrap\"><img width=\"200\" height=\"160\" class=\"skip-lazy fg-image\" data-src-fg=\"https:\/\/uprzyjaciol.pl\/theatrum\/wp-content\/uploads\/cache\/2022\/05\/s_05\/779956121.jpg\" src=\"data:image\/svg+xml,%3Csvg%20xmlns%3D%22http%3A%2F%2Fwww.w3.org%2F2000%2Fsvg%22%20width%3D%22200%22%20height%3D%22160%22%20viewBox%3D%220%200%20200%20160%22%3E%3C%2Fsvg%3E\" loading=\"eager\"><\/span><span class=\"fg-image-overlay\"><\/span><\/a><figcaption class=\"fg-caption\"><div class=\"fg-caption-inner\"><\/div><\/figcaption><\/figure><div class=\"fg-loader\"><\/div><\/div><div class=\"fg-item fg-type-image fg-idle\"><figure class=\"fg-item-inner\"><a href=\"https:\/\/uprzyjaciol.pl\/theatrum\/wp-content\/uploads\/2022\/05\/s_04.jpg\" data-attachment-id=\"1022\" class=\"fg-thumb\"><span class=\"fg-image-wrap\"><img width=\"200\" height=\"160\" class=\"skip-lazy fg-image\" data-src-fg=\"https:\/\/uprzyjaciol.pl\/theatrum\/wp-content\/uploads\/cache\/2022\/05\/s_04\/1028086416.jpg\" src=\"data:image\/svg+xml,%3Csvg%20xmlns%3D%22http%3A%2F%2Fwww.w3.org%2F2000%2Fsvg%22%20width%3D%22200%22%20height%3D%22160%22%20viewBox%3D%220%200%20200%20160%22%3E%3C%2Fsvg%3E\" loading=\"eager\"><\/span><span class=\"fg-image-overlay\"><\/span><\/a><figcaption class=\"fg-caption\"><div class=\"fg-caption-inner\"><\/div><\/figcaption><\/figure><div class=\"fg-loader\"><\/div><\/div><div class=\"fg-item fg-type-image fg-idle\"><figure class=\"fg-item-inner\"><a href=\"https:\/\/uprzyjaciol.pl\/theatrum\/wp-content\/uploads\/2022\/05\/7.jpg\" data-attachment-id=\"1018\" class=\"fg-thumb\"><span class=\"fg-image-wrap\"><img width=\"200\" height=\"160\" class=\"skip-lazy fg-image\" data-src-fg=\"https:\/\/uprzyjaciol.pl\/theatrum\/wp-content\/uploads\/cache\/2022\/05\/7\/2942957579.jpg\" src=\"data:image\/svg+xml,%3Csvg%20xmlns%3D%22http%3A%2F%2Fwww.w3.org%2F2000%2Fsvg%22%20width%3D%22200%22%20height%3D%22160%22%20viewBox%3D%220%200%20200%20160%22%3E%3C%2Fsvg%3E\" loading=\"eager\"><\/span><span class=\"fg-image-overlay\"><\/span><\/a><figcaption class=\"fg-caption\"><div class=\"fg-caption-inner\"><\/div><\/figcaption><\/figure><div class=\"fg-loader\"><\/div><\/div><div class=\"fg-item fg-type-image fg-idle\"><figure class=\"fg-item-inner\"><a href=\"https:\/\/uprzyjaciol.pl\/theatrum\/wp-content\/uploads\/2022\/05\/02-3.jpg\" data-attachment-id=\"1017\" class=\"fg-thumb\"><span class=\"fg-image-wrap\"><img width=\"200\" height=\"160\" class=\"skip-lazy fg-image\" data-src-fg=\"https:\/\/uprzyjaciol.pl\/theatrum\/wp-content\/uploads\/cache\/2022\/05\/02-3\/2773488254.jpg\" src=\"data:image\/svg+xml,%3Csvg%20xmlns%3D%22http%3A%2F%2Fwww.w3.org%2F2000%2Fsvg%22%20width%3D%22200%22%20height%3D%22160%22%20viewBox%3D%220%200%20200%20160%22%3E%3C%2Fsvg%3E\" loading=\"eager\"><\/span><span class=\"fg-image-overlay\"><\/span><\/a><figcaption class=\"fg-caption\"><div class=\"fg-caption-inner\"><\/div><\/figcaption><\/figure><div class=\"fg-loader\"><\/div><\/div><div class=\"fg-item fg-type-image fg-idle\"><figure class=\"fg-item-inner\"><a href=\"https:\/\/uprzyjaciol.pl\/theatrum\/wp-content\/uploads\/2022\/05\/03-2.jpg\" data-attachment-id=\"1016\" class=\"fg-thumb\"><span class=\"fg-image-wrap\"><img width=\"200\" height=\"160\" class=\"skip-lazy fg-image\" data-src-fg=\"https:\/\/uprzyjaciol.pl\/theatrum\/wp-content\/uploads\/cache\/2022\/05\/03-2\/1504185417.jpg\" src=\"data:image\/svg+xml,%3Csvg%20xmlns%3D%22http%3A%2F%2Fwww.w3.org%2F2000%2Fsvg%22%20width%3D%22200%22%20height%3D%22160%22%20viewBox%3D%220%200%20200%20160%22%3E%3C%2Fsvg%3E\" loading=\"eager\"><\/span><span class=\"fg-image-overlay\"><\/span><\/a><figcaption class=\"fg-caption\"><div class=\"fg-caption-inner\"><\/div><\/figcaption><\/figure><div class=\"fg-loader\"><\/div><\/div><div class=\"fg-item fg-type-image fg-idle\"><figure class=\"fg-item-inner\"><a href=\"https:\/\/uprzyjaciol.pl\/theatrum\/wp-content\/uploads\/2022\/05\/senn.01.jpg\" data-attachment-id=\"1027\" class=\"fg-thumb\"><span class=\"fg-image-wrap\"><img width=\"200\" height=\"160\" class=\"skip-lazy fg-image\" data-src-fg=\"https:\/\/uprzyjaciol.pl\/theatrum\/wp-content\/uploads\/cache\/2022\/05\/senn_01\/1424299780.jpg\" src=\"data:image\/svg+xml,%3Csvg%20xmlns%3D%22http%3A%2F%2Fwww.w3.org%2F2000%2Fsvg%22%20width%3D%22200%22%20height%3D%22160%22%20viewBox%3D%220%200%20200%20160%22%3E%3C%2Fsvg%3E\" loading=\"eager\"><\/span><span class=\"fg-image-overlay\"><\/span><\/a><figcaption class=\"fg-caption\"><div class=\"fg-caption-inner\"><\/div><\/figcaption><\/figure><div class=\"fg-loader\"><\/div><\/div><div class=\"fg-item fg-type-image fg-idle\"><figure class=\"fg-item-inner\"><a href=\"https:\/\/uprzyjaciol.pl\/theatrum\/wp-content\/uploads\/2022\/05\/01-1.jpg\" data-attachment-id=\"1013\" class=\"fg-thumb\"><span class=\"fg-image-wrap\"><img width=\"200\" height=\"160\" class=\"skip-lazy fg-image\" data-src-fg=\"https:\/\/uprzyjaciol.pl\/theatrum\/wp-content\/uploads\/cache\/2022\/05\/01-1\/3303109854.jpg\" src=\"data:image\/svg+xml,%3Csvg%20xmlns%3D%22http%3A%2F%2Fwww.w3.org%2F2000%2Fsvg%22%20width%3D%22200%22%20height%3D%22160%22%20viewBox%3D%220%200%20200%20160%22%3E%3C%2Fsvg%3E\" loading=\"eager\"><\/span><span class=\"fg-image-overlay\"><\/span><\/a><figcaption class=\"fg-caption\"><div class=\"fg-caption-inner\"><\/div><\/figcaption><\/figure><div class=\"fg-loader\"><\/div><\/div><div class=\"fg-item fg-type-image fg-idle\"><figure class=\"fg-item-inner\"><a href=\"https:\/\/uprzyjaciol.pl\/theatrum\/wp-content\/uploads\/2022\/07\/senne_20.jpg\" data-attachment-id=\"2419\" class=\"fg-thumb\"><span class=\"fg-image-wrap\"><img width=\"200\" height=\"160\" class=\"skip-lazy fg-image\" data-src-fg=\"https:\/\/uprzyjaciol.pl\/theatrum\/wp-content\/uploads\/cache\/2022\/07\/senne_20\/3418388115.jpg\" src=\"data:image\/svg+xml,%3Csvg%20xmlns%3D%22http%3A%2F%2Fwww.w3.org%2F2000%2Fsvg%22%20width%3D%22200%22%20height%3D%22160%22%20viewBox%3D%220%200%20200%20160%22%3E%3C%2Fsvg%3E\" loading=\"eager\"><\/span><span class=\"fg-image-overlay\"><\/span><\/a><figcaption class=\"fg-caption\"><div class=\"fg-caption-inner\"><\/div><\/figcaption><\/figure><div class=\"fg-loader\"><\/div><\/div><div class=\"fg-item fg-type-image fg-idle\"><figure class=\"fg-item-inner\"><a href=\"https:\/\/uprzyjaciol.pl\/theatrum\/wp-content\/uploads\/2022\/07\/senne_21.jpg\" data-attachment-id=\"2420\" class=\"fg-thumb\"><span class=\"fg-image-wrap\"><img width=\"200\" height=\"160\" class=\"skip-lazy fg-image\" data-src-fg=\"https:\/\/uprzyjaciol.pl\/theatrum\/wp-content\/uploads\/cache\/2022\/07\/senne_21\/688369391.jpg\" src=\"data:image\/svg+xml,%3Csvg%20xmlns%3D%22http%3A%2F%2Fwww.w3.org%2F2000%2Fsvg%22%20width%3D%22200%22%20height%3D%22160%22%20viewBox%3D%220%200%20200%20160%22%3E%3C%2Fsvg%3E\" loading=\"eager\"><\/span><span class=\"fg-image-overlay\"><\/span><\/a><figcaption class=\"fg-caption\"><div class=\"fg-caption-inner\"><\/div><\/figcaption><\/figure><div class=\"fg-loader\"><\/div><\/div><div class=\"fg-item fg-type-image fg-idle\"><figure class=\"fg-item-inner\"><a href=\"https:\/\/uprzyjaciol.pl\/theatrum\/wp-content\/uploads\/2022\/07\/senne_22.jpg\" data-attachment-id=\"2421\" class=\"fg-thumb\"><span class=\"fg-image-wrap\"><img width=\"200\" height=\"160\" class=\"skip-lazy fg-image\" data-src-fg=\"https:\/\/uprzyjaciol.pl\/theatrum\/wp-content\/uploads\/cache\/2022\/07\/senne_22\/2986909685.jpg\" src=\"data:image\/svg+xml,%3Csvg%20xmlns%3D%22http%3A%2F%2Fwww.w3.org%2F2000%2Fsvg%22%20width%3D%22200%22%20height%3D%22160%22%20viewBox%3D%220%200%20200%20160%22%3E%3C%2Fsvg%3E\" loading=\"eager\"><\/span><span class=\"fg-image-overlay\"><\/span><\/a><figcaption class=\"fg-caption\"><div class=\"fg-caption-inner\"><\/div><\/figcaption><\/figure><div class=\"fg-loader\"><\/div><\/div><div class=\"fg-item fg-type-image fg-idle\"><figure class=\"fg-item-inner\"><a href=\"https:\/\/uprzyjaciol.pl\/theatrum\/wp-content\/uploads\/2022\/07\/senne_23.jpg\" data-attachment-id=\"2422\" class=\"fg-thumb\"><span class=\"fg-image-wrap\"><img width=\"200\" height=\"160\" class=\"skip-lazy fg-image\" data-src-fg=\"https:\/\/uprzyjaciol.pl\/theatrum\/wp-content\/uploads\/cache\/2022\/07\/senne_23\/1076020320.jpg\" src=\"data:image\/svg+xml,%3Csvg%20xmlns%3D%22http%3A%2F%2Fwww.w3.org%2F2000%2Fsvg%22%20width%3D%22200%22%20height%3D%22160%22%20viewBox%3D%220%200%20200%20160%22%3E%3C%2Fsvg%3E\" loading=\"eager\"><\/span><span class=\"fg-image-overlay\"><\/span><\/a><figcaption class=\"fg-caption\"><div class=\"fg-caption-inner\"><\/div><\/figcaption><\/figure><div class=\"fg-loader\"><\/div><\/div><div class=\"fg-item fg-type-image fg-idle\"><figure class=\"fg-item-inner\"><a href=\"https:\/\/uprzyjaciol.pl\/theatrum\/wp-content\/uploads\/2022\/07\/senne_24.jpg\" data-attachment-id=\"2423\" class=\"fg-thumb\"><span class=\"fg-image-wrap\"><img width=\"200\" height=\"160\" class=\"skip-lazy fg-image\" data-src-fg=\"https:\/\/uprzyjaciol.pl\/theatrum\/wp-content\/uploads\/cache\/2022\/07\/senne_24\/1600650112.jpg\" src=\"data:image\/svg+xml,%3Csvg%20xmlns%3D%22http%3A%2F%2Fwww.w3.org%2F2000%2Fsvg%22%20width%3D%22200%22%20height%3D%22160%22%20viewBox%3D%220%200%20200%20160%22%3E%3C%2Fsvg%3E\" loading=\"eager\"><\/span><span class=\"fg-image-overlay\"><\/span><\/a><figcaption class=\"fg-caption\"><div class=\"fg-caption-inner\"><\/div><\/figcaption><\/figure><div class=\"fg-loader\"><\/div><\/div><div class=\"fg-item fg-type-image fg-idle\"><figure class=\"fg-item-inner\"><a href=\"https:\/\/uprzyjaciol.pl\/theatrum\/wp-content\/uploads\/2022\/05\/s_08.jpg\" data-attachment-id=\"1026\" class=\"fg-thumb\"><span class=\"fg-image-wrap\"><img width=\"200\" height=\"160\" class=\"skip-lazy fg-image\" data-src-fg=\"https:\/\/uprzyjaciol.pl\/theatrum\/wp-content\/uploads\/cache\/2022\/05\/s_08\/2722862337.jpg\" src=\"data:image\/svg+xml,%3Csvg%20xmlns%3D%22http%3A%2F%2Fwww.w3.org%2F2000%2Fsvg%22%20width%3D%22200%22%20height%3D%22160%22%20viewBox%3D%220%200%20200%20160%22%3E%3C%2Fsvg%3E\" loading=\"eager\"><\/span><span class=\"fg-image-overlay\"><\/span><\/a><figcaption class=\"fg-caption\"><div class=\"fg-caption-inner\"><\/div><\/figcaption><\/figure><div class=\"fg-loader\"><\/div><\/div><div class=\"fg-item fg-type-image fg-idle\"><figure class=\"fg-item-inner\"><a href=\"https:\/\/uprzyjaciol.pl\/theatrum\/wp-content\/uploads\/2022\/07\/senne_25.jpg\" data-attachment-id=\"2424\" class=\"fg-thumb\"><span class=\"fg-image-wrap\"><img width=\"200\" height=\"160\" class=\"skip-lazy fg-image\" data-src-fg=\"https:\/\/uprzyjaciol.pl\/theatrum\/wp-content\/uploads\/cache\/2022\/07\/senne_25\/4216159217.jpg\" src=\"data:image\/svg+xml,%3Csvg%20xmlns%3D%22http%3A%2F%2Fwww.w3.org%2F2000%2Fsvg%22%20width%3D%22200%22%20height%3D%22160%22%20viewBox%3D%220%200%20200%20160%22%3E%3C%2Fsvg%3E\" loading=\"eager\"><\/span><span class=\"fg-image-overlay\"><\/span><\/a><figcaption class=\"fg-caption\"><div class=\"fg-caption-inner\"><\/div><\/figcaption><\/figure><div class=\"fg-loader\"><\/div><\/div><\/div>\r\n","protected":false},"excerpt":{"rendered":"<p>SCENA KOMEDIODRAMATYCZNAPREMIERA: 2 pa\u017adziernika 2008 rokuWZNOWIENIE TYTU\u0141U: 25 lutego 2023 rokuCzas trwania: 70 minutOgraniczenia wiekowe: 16+ UWAGA: W SPEKTAKLU U\u017bYWANE S\u0104 \u015aWIAT\u0141A STROBOSKOPOWE Spektakl inspirowany &#8222;Mistrzem i Ma\u0142gorzat\u0105&#8221; Michai\u0142a Bu\u0142hakowa oraz &#8222;Bia\u0142ymi nocami&#8221; Fiodora Dostojewskiego, zabiera nas w przestrze\u0144 Sanatorium Gribojedowa, w kt\u00f3rej b\u0142\u0105dz\u0105 pensjonariusze poddawani s\u0105 terapii literatur\u0105. Kim s\u0105? Dlaczego si\u0119 tu znale\u017ali?<\/p>\n<div><a class=\"btn-filled btn\" href=\"https:\/\/uprzyjaciol.pl\/theatrum\/spektakle\/premiery\/senne-lagodne-przeswity\/\" title=\"Senne \u0142agodne prze\u015bwity\">Dowiedz si\u0119 wi\u0119cej<\/a><\/div>\n","protected":false},"author":3,"featured_media":0,"parent":56,"menu_order":0,"comment_status":"closed","ping_status":"closed","template":"","meta":[],"_links":{"self":[{"href":"https:\/\/uprzyjaciol.pl\/theatrum\/wp-json\/wp\/v2\/pages\/1010"}],"collection":[{"href":"https:\/\/uprzyjaciol.pl\/theatrum\/wp-json\/wp\/v2\/pages"}],"about":[{"href":"https:\/\/uprzyjaciol.pl\/theatrum\/wp-json\/wp\/v2\/types\/page"}],"author":[{"embeddable":true,"href":"https:\/\/uprzyjaciol.pl\/theatrum\/wp-json\/wp\/v2\/users\/3"}],"replies":[{"embeddable":true,"href":"https:\/\/uprzyjaciol.pl\/theatrum\/wp-json\/wp\/v2\/comments?post=1010"}],"version-history":[{"count":15,"href":"https:\/\/uprzyjaciol.pl\/theatrum\/wp-json\/wp\/v2\/pages\/1010\/revisions"}],"predecessor-version":[{"id":2418,"href":"https:\/\/uprzyjaciol.pl\/theatrum\/wp-json\/wp\/v2\/pages\/1010\/revisions\/2418"}],"up":[{"embeddable":true,"href":"https:\/\/uprzyjaciol.pl\/theatrum\/wp-json\/wp\/v2\/pages\/56"}],"wp:attachment":[{"href":"https:\/\/uprzyjaciol.pl\/theatrum\/wp-json\/wp\/v2\/media?parent=1010"}],"curies":[{"name":"wp","href":"https:\/\/api.w.org\/{rel}","templated":true}]}}